{"id":136,"date":"2022-04-19T16:03:32","date_gmt":"2022-04-19T16:03:32","guid":{"rendered":"https:\/\/master.us.es\/bioestadistica\/?page_id=136"},"modified":"2022-09-01T10:57:28","modified_gmt":"2022-09-01T10:57:28","slug":"aviso-legal","status":"publish","type":"page","link":"https:\/\/master.us.es\/bioestadistica\/index.php\/aviso-legal\/","title":{"rendered":"Aviso Legal"},"content":{"rendered":"<p>[et_pb_section fb_built=\u00bb1&#8243; admin_label=\u00bbHero section\u00bb _builder_version=\u00bb4.14.7&#8243; use_background_color_gradient=\u00bbon\u00bb background_color_gradient_start=\u00bbrgba(150,105,97,0.67)\u00bb background_color_gradient_end=\u00bbrgba(2,0,76,0.84)\u00bb background_color_gradient_overlays_image=\u00bbon\u00bb background_image=\u00bbhttps:\/\/master.us.es\/bioestadistica\/wp-content\/uploads\/2022\/06\/bioestadistica-1.jpg\u00bb background_position=\u00bbbottom_center\u00bb custom_padding=\u00bb10%||8%|||\u00bb locked=\u00bboff\u00bb global_colors_info=\u00bb{}\u00bb][et_pb_row use_custom_gutter=\u00bbon\u00bb gutter_width=\u00bb1&#8243; _builder_version=\u00bb4.14.7&#8243; _module_preset=\u00bbdefault\u00bb width=\u00bb100%\u00bb width_tablet=\u00bb70%\u00bb width_phone=\u00bb70%\u00bb width_last_edited=\u00bbon|desktop\u00bb max_width=\u00bb100%\u00bb max_width_tablet=\u00bb70%\u00bb max_width_phone=\u00bb70%\u00bb max_width_last_edited=\u00bbon|desktop\u00bb custom_margin=\u00bb-5%||40px||false|false\u00bb custom_margin_tablet=\u00bb||2%||false|false\u00bb custom_margin_phone=\u00bb||12%||false|false\u00bb custom_margin_last_edited=\u00bbon|phone\u00bb custom_css_main_element=\u00bbdisplay: flex;||flex-wrap: wrap;||align-content: center;\u00bb global_colors_info=\u00bb{}\u00bb][et_pb_column type=\u00bb4_4&#8243; _builder_version=\u00bb4.14.7&#8243; _module_preset=\u00bbdefault\u00bb global_colors_info=\u00bb{}\u00bb][et_pb_text _builder_version=\u00bb4.14.7&#8243; _module_preset=\u00bbdefault\u00bb text_font=\u00bbLato|900|||||||\u00bb text_text_color=\u00bb#FFFFFF\u00bb text_font_size=\u00bb35px\u00bb text_letter_spacing=\u00bb1px\u00bb text_line_height=\u00bb1.8em\u00bb header_font=\u00bbLato|900|||||||\u00bb header_font_size=\u00bb80px\u00bb header_letter_spacing=\u00bb2px\u00bb header_line_height=\u00bb1.2em\u00bb text_orientation=\u00bbcenter\u00bb background_layout=\u00bbdark\u00bb animation_style=\u00bbfold\u00bb text_font_size_tablet=\u00bb30px\u00bb text_font_size_phone=\u00bb20px\u00bb text_font_size_last_edited=\u00bbon|tablet\u00bb header_font_size_tablet=\u00bb46px\u00bb header_font_size_phone=\u00bb46px\u00bb header_font_size_last_edited=\u00bbon|tablet\u00bb text_text_shadow_style=\u00bbpreset2&#8243; locked=\u00bboff\u00bb global_colors_info=\u00bb{}\u00bb]<\/p>\n<p>Aviso Legal<\/p>\n<p>[\/et_pb_text][\/et_pb_column][\/et_pb_row][\/et_pb_section][et_pb_section fb_built=\u00bb1&#8243; _builder_version=\u00bb4.14.7&#8243; background_color=\u00bb#8D0739&#8243; background_image=\u00bbhttps:\/\/master.us.es\/bioestadistica\/wp-content\/uploads\/2022\/06\/US_3.png\u00bb background_blend=\u00bbmultiply\u00bb custom_padding=\u00bb55px||210px||false|false\u00bb hover_enabled=\u00bb0&#8243; locked=\u00bboff\u00bb global_colors_info=\u00bb{}\u00bb background_last_edited=\u00bbon|phone\u00bb sticky_enabled=\u00bb0&#8243; background_enable_image_phone=\u00bboff\u00bb][et_pb_row use_custom_gutter=\u00bbon\u00bb gutter_width=\u00bb1&#8243; custom_padding_last_edited=\u00bbon|desktop\u00bb _builder_version=\u00bb4.14.7&#8243; background_color=\u00bb#ffffff\u00bb background_size=\u00bbinitial\u00bb background_position=\u00bbtop_left\u00bb background_repeat=\u00bbrepeat\u00bb max_width=\u00bb1440px\u00bb custom_margin=\u00bb-13%||||false|false\u00bb custom_margin_tablet=\u00bb-15%||||false|false\u00bb custom_margin_phone=\u00bb-30%||||false|false\u00bb custom_margin_last_edited=\u00bbon|phone\u00bb custom_padding=\u00bb40px|0px|40px|0px|true|false\u00bb custom_padding_tablet=\u00bb40px||40px||true|false\u00bb custom_padding_phone=\u00bb40px|0px|40px|0px|true|false\u00bb animation_style=\u00bbslide\u00bb animation_direction=\u00bbbottom\u00bb animation_intensity_slide=\u00bb6%\u00bb animation_starting_opacity=\u00bb100%\u00bb hover_enabled=\u00bb0&#8243; border_radii=\u00bbon|15px|15px|15px|15px\u00bb border_color_all=\u00bb#8D0739&#8243; border_width_top=\u00bb18px\u00bb box_shadow_style=\u00bbpreset1&#8243; box_shadow_blur=\u00bb10px\u00bb box_shadow_color=\u00bbrgba(0,0,0,0.1)\u00bb use_custom_width=\u00bbon\u00bb custom_width_px=\u00bb1440px\u00bb global_colors_info=\u00bb{}\u00bb box_shadow_spread=\u00bb10px\u00bb sticky_enabled=\u00bb0&#8243;][et_pb_column type=\u00bb4_4&#8243; _builder_version=\u00bb3.25&#8243; custom_padding=\u00bb|40px||40px\u00bb global_colors_info=\u00bb{}\u00bb custom_padding__hover=\u00bb|||\u00bb][et_pb_text _builder_version=\u00bb4.14.7&#8243; _module_preset=\u00bbdefault\u00bb text_font=\u00bb|600|||||||\u00bb text_text_color=\u00bb#8D0739&#8243; text_font_size=\u00bb13px\u00bb link_text_color=\u00bb#055169&#8243; custom_margin=\u00bb||30px||false|false\u00bb locked=\u00bboff\u00bb global_colors_info=\u00bb{}\u00bb]<\/p>\n<p><a href=\"https:\/\/master.us.es\/bioestadistica\/\">Inicio<\/a>\u00a0<svg xmlns=\"http:\/\/www.w3.org\/2000\/svg\" viewbox=\"-11 -2 30 17\" width=\"15\" fill=\"currentColor\"><path d=\"M5.314 7.071l-4.95-4.95A1 1 0 0 1 1.778.707l5.657 5.657a1 1 0 0 1 0 1.414l-5.657 5.657a1 1 0 0 1-1.414-1.414l4.95-4.95z\"><\/path><\/svg> Aviso Legal<\/p>\n<p>[\/et_pb_text][et_pb_text _builder_version=\u00bb4.14.7&#8243; _module_preset=\u00bbdefault\u00bb text_text_color=\u00bb#3F3F3E\u00bb text_orientation=\u00bbjustified\u00bb global_colors_info=\u00bb{}\u00bb]<\/p>\n<p>Esta p\u00e1gina web tiene como objetivo facilitar la comunicaci\u00f3n del Centro de Formaci\u00f3n Permanente de la Universidad de Sevilla (en adelante Centro de Formaci\u00f3n Permanente) con la comunidad universitaria, a trav\u00e9s de la difusi\u00f3n de las actividades que realiza, de las pol\u00edticas de calidad y eficiencias seguidas, de los logros alcanzados, y de todo lo relacionado o que pueda ser de inter\u00e9s para el colectivo universitario.<\/p>\n<p>El responsable de esta web es el Centro de Formaci\u00f3n Permanente, con sede en el Pabell\u00f3n de M\u00e9xico, Avenida de la Palmera s\/n, 41013 Sevilla, con email\u00a0<a href=\"mailto:cfp@us.es\" target=\"_blank\" rel=\"noopener\">cfp@us.es<\/a>.<\/p>\n<p>Aunque el Vicerrectorado de Postgrado y Doctorado pone el m\u00e1ximo cuidado en los contenidos de esta p\u00e1gina, no se responsabiliza de los da\u00f1os o perjuicios que puedan derivarse del acceso, uso, o mala utilizaci\u00f3n de la web.<\/p>\n<p>[\/et_pb_text][\/et_pb_column][\/et_pb_row][et_pb_row use_custom_gutter=\u00bbon\u00bb gutter_width=\u00bb1&#8243; _builder_version=\u00bb4.14.7&#8243; _module_preset=\u00bbdefault\u00bb width=\u00bb100%\u00bb width_tablet=\u00bb70%\u00bb width_phone=\u00bb70%\u00bb width_last_edited=\u00bbon|desktop\u00bb max_width=\u00bb100%\u00bb max_width_tablet=\u00bb70%\u00bb max_width_phone=\u00bb70%\u00bb max_width_last_edited=\u00bbon|desktop\u00bb custom_margin=\u00bb5%||40px||false|false\u00bb custom_margin_tablet=\u00bb||20%||false|false\u00bb custom_margin_phone=\u00bb||35%||false|false\u00bb custom_margin_last_edited=\u00bbon|phone\u00bb custom_css_main_element=\u00bbdisplay: flex;||flex-wrap: wrap;||align-content: center;\u00bb global_colors_info=\u00bb{}\u00bb][et_pb_column type=\u00bb4_4&#8243; _builder_version=\u00bb4.14.7&#8243; _module_preset=\u00bbdefault\u00bb global_colors_info=\u00bb{}\u00bb][et_pb_text _builder_version=\u00bb4.14.7&#8243; _module_preset=\u00bbdefault\u00bb text_font=\u00bbLato|900|||||||\u00bb text_text_color=\u00bb#FFFFFF\u00bb text_font_size=\u00bb35px\u00bb text_letter_spacing=\u00bb1px\u00bb text_line_height=\u00bb1.8em\u00bb header_font=\u00bbLato|900|||||||\u00bb header_font_size=\u00bb80px\u00bb header_letter_spacing=\u00bb2px\u00bb header_line_height=\u00bb1.2em\u00bb text_orientation=\u00bbcenter\u00bb background_layout=\u00bbdark\u00bb animation_style=\u00bbfold\u00bb text_font_size_tablet=\u00bb30px\u00bb text_font_size_phone=\u00bb20px\u00bb text_font_size_last_edited=\u00bbon|tablet\u00bb header_font_size_tablet=\u00bb46px\u00bb header_font_size_phone=\u00bb46px\u00bb header_font_size_last_edited=\u00bbon|tablet\u00bb text_text_shadow_style=\u00bbpreset2&#8243; text_text_shadow_horizontal_length=\u00bb0.05em\u00bb text_text_shadow_vertical_length=\u00bb0.05em\u00bb text_text_shadow_blur_strength=\u00bb0.1em\u00bb locked=\u00bboff\u00bb global_colors_info=\u00bb{}\u00bb]<\/p>\n<p>Propriedad Industrial e Intelectual<\/p>\n<p>[\/et_pb_text][\/et_pb_column][\/et_pb_row][et_pb_row use_custom_gutter=\u00bbon\u00bb gutter_width=\u00bb1&#8243; custom_padding_last_edited=\u00bbon|desktop\u00bb _builder_version=\u00bb4.14.7&#8243; background_color=\u00bb#ffffff\u00bb background_size=\u00bbinitial\u00bb background_position=\u00bbtop_left\u00bb background_repeat=\u00bbrepeat\u00bb max_width=\u00bb1440px\u00bb custom_margin=\u00bb3%||||false|false\u00bb custom_margin_tablet=\u00bb-15%||||false|false\u00bb custom_margin_phone=\u00bb-30%||||false|false\u00bb custom_margin_last_edited=\u00bbon|phone\u00bb custom_padding=\u00bb40px|0px|40px|0px|true|false\u00bb custom_padding_tablet=\u00bb40px||40px||true|false\u00bb custom_padding_phone=\u00bb40px|0px|40px|0px|true|false\u00bb animation_style=\u00bbslide\u00bb animation_direction=\u00bbbottom\u00bb animation_intensity_slide=\u00bb6%\u00bb animation_starting_opacity=\u00bb100%\u00bb hover_enabled=\u00bb0&#8243; border_radii=\u00bbon|15px|15px|15px|15px\u00bb border_color_all=\u00bb#8D0739&#8243; border_width_top=\u00bb18px\u00bb box_shadow_style=\u00bbpreset1&#8243; box_shadow_blur=\u00bb10px\u00bb box_shadow_color=\u00bbrgba(0,0,0,0.1)\u00bb use_custom_width=\u00bbon\u00bb custom_width_px=\u00bb1440px\u00bb global_colors_info=\u00bb{}\u00bb box_shadow_spread=\u00bb10px\u00bb sticky_enabled=\u00bb0&#8243;][et_pb_column type=\u00bb4_4&#8243; _builder_version=\u00bb3.25&#8243; custom_padding=\u00bb|40px||40px\u00bb global_colors_info=\u00bb{}\u00bb custom_padding__hover=\u00bb|||\u00bb][et_pb_text _builder_version=\u00bb4.14.7&#8243; _module_preset=\u00bbdefault\u00bb text_text_color=\u00bb#3F3F3E\u00bb text_orientation=\u00bbjustified\u00bb global_colors_info=\u00bb{}\u00bb]<\/p>\n<p>En general, el Centro de Formaci\u00f3n Permanente es titular de los derechos de Propiedad Industrial e Intelectual de todos los contenidos de la p\u00e1gina web (incluyendo logotipos, im\u00e1genes, textos, software y dem\u00e1s elementos), no pudiendo ser objeto de explotaci\u00f3n, reproducci\u00f3n, modificaci\u00f3n, distribuci\u00f3n, comunicaci\u00f3n p\u00fablica, cesi\u00f3n o transformaci\u00f3n sin autorizaci\u00f3n previa expresa y por escrito del Centro de Formaci\u00f3n Permanente.<\/p>\n<p>En casos concretos, es posible la existencia de contenido cuyos derechos de Propiedad Industrial e Intelectual pertenezcan a terceros, y para los cuales el Centro de Formaci\u00f3n Permanente tiene la autorizaci\u00f3n para la publicaci\u00f3n de los mismos. Para este caso, se debe solicitar autorizaci\u00f3n previa y expresa a los autores de dichos contenidos.<\/p>\n<p><a href=\"https:\/\/lordicon.com\/\">Animated icons by Lordicon.com<\/a><\/p>\n<p>[\/et_pb_text][\/et_pb_column][\/et_pb_row][et_pb_row use_custom_gutter=\u00bbon\u00bb gutter_width=\u00bb1&#8243; _builder_version=\u00bb4.14.7&#8243; _module_preset=\u00bbdefault\u00bb width=\u00bb100%\u00bb width_tablet=\u00bb70%\u00bb width_phone=\u00bb70%\u00bb width_last_edited=\u00bbon|desktop\u00bb max_width=\u00bb100%\u00bb max_width_tablet=\u00bb70%\u00bb max_width_phone=\u00bb70%\u00bb max_width_last_edited=\u00bbon|desktop\u00bb custom_margin=\u00bb5%||40px||false|false\u00bb custom_margin_tablet=\u00bb||20%||false|false\u00bb custom_margin_phone=\u00bb||35%||false|false\u00bb custom_margin_last_edited=\u00bbon|phone\u00bb custom_css_main_element=\u00bbdisplay: flex;||flex-wrap: wrap;||align-content: center;\u00bb global_colors_info=\u00bb{}\u00bb][et_pb_column type=\u00bb4_4&#8243; _builder_version=\u00bb4.14.7&#8243; _module_preset=\u00bbdefault\u00bb global_colors_info=\u00bb{}\u00bb][et_pb_text _builder_version=\u00bb4.14.7&#8243; _module_preset=\u00bbdefault\u00bb text_font=\u00bbLato|900|||||||\u00bb text_text_color=\u00bb#FFFFFF\u00bb text_font_size=\u00bb35px\u00bb text_letter_spacing=\u00bb1px\u00bb text_line_height=\u00bb1.8em\u00bb header_font=\u00bbLato|900|||||||\u00bb header_font_size=\u00bb80px\u00bb header_letter_spacing=\u00bb2px\u00bb header_line_height=\u00bb1.2em\u00bb text_orientation=\u00bbcenter\u00bb background_layout=\u00bbdark\u00bb animation_style=\u00bbfold\u00bb text_font_size_tablet=\u00bb30px\u00bb text_font_size_phone=\u00bb20px\u00bb text_font_size_last_edited=\u00bbon|tablet\u00bb header_font_size_tablet=\u00bb46px\u00bb header_font_size_phone=\u00bb46px\u00bb header_font_size_last_edited=\u00bbon|tablet\u00bb text_text_shadow_style=\u00bbpreset2&#8243; text_text_shadow_horizontal_length=\u00bb0.05em\u00bb text_text_shadow_vertical_length=\u00bb0.05em\u00bb text_text_shadow_blur_strength=\u00bb0.1em\u00bb locked=\u00bboff\u00bb global_colors_info=\u00bb{}\u00bb]<\/p>\n<p>Pol\u00edtica de Protecci\u00f3n de Datos de Car\u00e1cter Personal<\/p>\n<p>[\/et_pb_text][\/et_pb_column][\/et_pb_row][et_pb_row use_custom_gutter=\u00bbon\u00bb gutter_width=\u00bb1&#8243; custom_padding_last_edited=\u00bbon|desktop\u00bb _builder_version=\u00bb4.14.7&#8243; background_color=\u00bb#ffffff\u00bb background_size=\u00bbinitial\u00bb background_position=\u00bbtop_left\u00bb background_repeat=\u00bbrepeat\u00bb max_width=\u00bb1440px\u00bb custom_margin=\u00bb3%||||false|false\u00bb custom_margin_tablet=\u00bb-15%||||false|false\u00bb custom_margin_phone=\u00bb-30%||||false|false\u00bb custom_margin_last_edited=\u00bbon|phone\u00bb custom_padding=\u00bb40px|0px|40px|0px|true|false\u00bb custom_padding_tablet=\u00bb40px||40px||true|false\u00bb custom_padding_phone=\u00bb40px|0px|40px|0px|true|false\u00bb animation_style=\u00bbslide\u00bb animation_direction=\u00bbbottom\u00bb animation_intensity_slide=\u00bb6%\u00bb animation_starting_opacity=\u00bb100%\u00bb hover_enabled=\u00bb0&#8243; border_radii=\u00bbon|15px|15px|15px|15px\u00bb border_color_all=\u00bb#8D0739&#8243; border_width_top=\u00bb18px\u00bb box_shadow_style=\u00bbpreset1&#8243; box_shadow_blur=\u00bb10px\u00bb box_shadow_color=\u00bbrgba(0,0,0,0.1)\u00bb use_custom_width=\u00bbon\u00bb custom_width_px=\u00bb1440px\u00bb global_colors_info=\u00bb{}\u00bb box_shadow_spread=\u00bb10px\u00bb sticky_enabled=\u00bb0&#8243;][et_pb_column type=\u00bb4_4&#8243; _builder_version=\u00bb3.25&#8243; custom_padding=\u00bb|40px||40px\u00bb global_colors_info=\u00bb{}\u00bb custom_padding__hover=\u00bb|||\u00bb][et_pb_text _builder_version=\u00bb4.14.7&#8243; _module_preset=\u00bbdefault\u00bb text_text_color=\u00bb#3F3F3E\u00bb text_orientation=\u00bbjustified\u00bb global_colors_info=\u00bb{}\u00bb]<\/p>\n<p><span>Los datos recogidos ser\u00e1n incorporados y tratados en el fichero de datos del Centro de Formaci\u00f3n Permanente, cuya finalidad es gesti\u00f3n de los estudios de T\u00edtulos Propios y Formaci\u00f3n Continua, inscrito en el Registro de Ficheros de Datos Personales de la Agencia de Protecci\u00f3n de Datos y podr\u00e1n ser cedidos a los organizadores de los estudios, adem\u00e1s de otras cesiones prevista en la Ley.El \u00f3rgano responsable del fichero es la Universidad de Sevilla, y la direcci\u00f3n donde el interesado podr\u00e1 ejercer los derechos de acceso, rectificaci\u00f3n, cancelaci\u00f3n y oposici\u00f3n ante el mismo es el Gabinete Jur\u00eddico, en C\/ San Fernando, 4, todo lo cual se informa en cumplimiento del art\u00edculo 5 de la Ley Org\u00e1nica 15\/1999, de 13 de diciembre, de Protecci\u00f3n de Datos de Car\u00e1cter Personal.<\/span><\/p>\n<p>[\/et_pb_text][\/et_pb_column][\/et_pb_row][\/et_pb_section]<\/p>\n","protected":false},"excerpt":{"rendered":"<p>Aviso LegalInicio\u00a0 Aviso LegalEsta p\u00e1gina web tiene como objetivo facilitar la comunicaci\u00f3n del Centro de Formaci\u00f3n Permanente de la Universidad de Sevilla (en adelante Centro de Formaci\u00f3n Permanente) con la comunidad universitaria, a trav\u00e9s de la difusi\u00f3n de las actividades que realiza, de las pol\u00edticas de calidad y eficiencias seguidas, de los logros alcanzados, y [&hellip;]<\/p>\n","protected":false},"author":1,"featured_media":0,"parent":0,"menu_order":0,"comment_status":"closed","ping_status":"closed","template":"","meta":{"_et_pb_use_builder":"on","_et_pb_old_content":"","_et_gb_content_width":"","footnotes":""},"class_list":["post-136","page","type-page","status-publish","hentry"],"_links":{"self":[{"href":"https:\/\/master.us.es\/bioestadistica\/index.php\/wp-json\/wp\/v2\/pages\/136","targetHints":{"allow":["GET"]}}],"collection":[{"href":"https:\/\/master.us.es\/bioestadistica\/index.php\/wp-json\/wp\/v2\/pages"}],"about":[{"href":"https:\/\/master.us.es\/bioestadistica\/index.php\/wp-json\/wp\/v2\/types\/page"}],"author":[{"embeddable":true,"href":"https:\/\/master.us.es\/bioestadistica\/index.php\/wp-json\/wp\/v2\/users\/1"}],"replies":[{"embeddable":true,"href":"https:\/\/master.us.es\/bioestadistica\/index.php\/wp-json\/wp\/v2\/comments?post=136"}],"version-history":[{"count":12,"href":"https:\/\/master.us.es\/bioestadistica\/index.php\/wp-json\/wp\/v2\/pages\/136\/revisions"}],"predecessor-version":[{"id":413,"href":"https:\/\/master.us.es\/bioestadistica\/index.php\/wp-json\/wp\/v2\/pages\/136\/revisions\/413"}],"wp:attachment":[{"href":"https:\/\/master.us.es\/bioestadistica\/index.php\/wp-json\/wp\/v2\/media?parent=136"}],"curies":[{"name":"wp","href":"https:\/\/api.w.org\/{rel}","templated":true}]}}