{"id":296,"date":"2022-06-08T17:11:00","date_gmt":"2022-06-08T17:11:00","guid":{"rendered":"https:\/\/master.us.es\/bioestadistica\/?page_id=296"},"modified":"2024-05-14T11:31:49","modified_gmt":"2024-05-14T11:31:49","slug":"anuncios","status":"publish","type":"page","link":"https:\/\/master.us.es\/bioestadistica\/index.php\/anuncios\/","title":{"rendered":"Anuncios"},"content":{"rendered":"<p>[et_pb_section fb_built=\u00bb1&#8243; admin_label=\u00bbHero section\u00bb _builder_version=\u00bb4.14.7&#8243; use_background_color_gradient=\u00bbon\u00bb background_color_gradient_start=\u00bbrgba(150,105,97,0.67)\u00bb background_color_gradient_end=\u00bbrgba(2,0,76,0.84)\u00bb background_color_gradient_overlays_image=\u00bbon\u00bb background_image=\u00bbhttps:\/\/master.us.es\/bioestadistica\/wp-content\/uploads\/2022\/06\/bioestadistica-1.jpg\u00bb background_position=\u00bbbottom_center\u00bb custom_padding=\u00bb10%||8%|||\u00bb locked=\u00bboff\u00bb global_colors_info=\u00bb{}\u00bb][et_pb_row use_custom_gutter=\u00bbon\u00bb gutter_width=\u00bb1&#8243; _builder_version=\u00bb4.14.7&#8243; _module_preset=\u00bbdefault\u00bb width=\u00bb100%\u00bb width_tablet=\u00bb70%\u00bb width_phone=\u00bb70%\u00bb width_last_edited=\u00bbon|desktop\u00bb max_width=\u00bb100%\u00bb max_width_tablet=\u00bb70%\u00bb max_width_phone=\u00bb70%\u00bb max_width_last_edited=\u00bbon|desktop\u00bb custom_margin=\u00bb-5%||40px||false|false\u00bb custom_margin_tablet=\u00bb||2%||false|false\u00bb custom_margin_phone=\u00bb||12%||false|false\u00bb custom_margin_last_edited=\u00bbon|phone\u00bb custom_css_main_element=\u00bbdisplay: flex;||flex-wrap: wrap;||align-content: center;\u00bb global_colors_info=\u00bb{}\u00bb][et_pb_column type=\u00bb4_4&#8243; _builder_version=\u00bb4.14.7&#8243; _module_preset=\u00bbdefault\u00bb global_colors_info=\u00bb{}\u00bb][et_pb_text _builder_version=\u00bb4.14.7&#8243; _module_preset=\u00bbdefault\u00bb text_font=\u00bbLato|900|||||||\u00bb text_text_color=\u00bb#FFFFFF\u00bb text_font_size=\u00bb35px\u00bb text_letter_spacing=\u00bb1px\u00bb text_line_height=\u00bb1.8em\u00bb header_font=\u00bbLato|900|||||||\u00bb header_font_size=\u00bb80px\u00bb header_letter_spacing=\u00bb2px\u00bb header_line_height=\u00bb1.2em\u00bb text_orientation=\u00bbcenter\u00bb background_layout=\u00bbdark\u00bb animation_style=\u00bbfold\u00bb text_font_size_tablet=\u00bb30px\u00bb text_font_size_phone=\u00bb20px\u00bb text_font_size_last_edited=\u00bbon|tablet\u00bb header_font_size_tablet=\u00bb46px\u00bb header_font_size_phone=\u00bb46px\u00bb header_font_size_last_edited=\u00bbon|tablet\u00bb text_text_shadow_style=\u00bbpreset2&#8243; locked=\u00bboff\u00bb global_colors_info=\u00bb{}\u00bb]<\/p>\n<p>Anuncios<\/p>\n<p>[\/et_pb_text][\/et_pb_column][\/et_pb_row][\/et_pb_section][et_pb_section fb_built=\u00bb1&#8243; _builder_version=\u00bb4.14.7&#8243; background_color=\u00bb#8D0739&#8243; background_image=\u00bbhttps:\/\/master.us.es\/bioestadistica\/wp-content\/uploads\/2022\/06\/US_3.png\u00bb background_blend=\u00bbmultiply\u00bb custom_padding=\u00bb210px||210px||true|false\u00bb background_last_edited=\u00bbon|phone\u00bb background_enable_image_phone=\u00bboff\u00bb locked=\u00bboff\u00bb global_colors_info=\u00bb{}\u00bb][et_pb_row use_custom_gutter=\u00bbon\u00bb gutter_width=\u00bb1&#8243; custom_padding_last_edited=\u00bbon|desktop\u00bb _builder_version=\u00bb4.14.7&#8243; background_color=\u00bb#ffffff\u00bb background_size=\u00bbinitial\u00bb background_position=\u00bbtop_left\u00bb background_repeat=\u00bbrepeat\u00bb max_width=\u00bb1440px\u00bb custom_margin=\u00bb-13%||||false|false\u00bb custom_margin_tablet=\u00bb-15%||||false|false\u00bb custom_margin_phone=\u00bb-30%||||false|false\u00bb custom_margin_last_edited=\u00bbon|phone\u00bb custom_padding=\u00bb40px|0px|40px|0px|true|false\u00bb custom_padding_tablet=\u00bb40px||40px||true|false\u00bb custom_padding_phone=\u00bb40px|0px|40px|0px|true|false\u00bb animation_style=\u00bbslide\u00bb animation_direction=\u00bbbottom\u00bb animation_intensity_slide=\u00bb6%\u00bb animation_starting_opacity=\u00bb100%\u00bb border_radii=\u00bbon|15px|15px|15px|15px\u00bb border_color_all=\u00bb#8D0739&#8243; border_width_top=\u00bb18px\u00bb box_shadow_style=\u00bbpreset1&#8243; box_shadow_blur=\u00bb10px\u00bb box_shadow_spread=\u00bb10px\u00bb box_shadow_color=\u00bbrgba(0,0,0,0.1)\u00bb use_custom_width=\u00bbon\u00bb custom_width_px=\u00bb1440px\u00bb global_colors_info=\u00bb{}\u00bb][et_pb_column type=\u00bb4_4&#8243; _builder_version=\u00bb3.25&#8243; custom_padding=\u00bb|40px||40px\u00bb global_colors_info=\u00bb{}\u00bb custom_padding__hover=\u00bb|||\u00bb][et_pb_text _builder_version=\u00bb4.14.7&#8243; _module_preset=\u00bbdefault\u00bb text_font=\u00bb|600|||||||\u00bb text_text_color=\u00bb#8D0739&#8243; text_font_size=\u00bb13px\u00bb link_text_color=\u00bb#055169&#8243; custom_margin=\u00bb||30px||false|false\u00bb locked=\u00bboff\u00bb global_colors_info=\u00bb{}\u00bb]<\/p>\n<p><a href=\"https:\/\/master.us.es\/bioestadistica\/\">Inicio<\/a>\u00a0<svg xmlns=\"http:\/\/www.w3.org\/2000\/svg\" viewbox=\"-11 -2 30 17\" width=\"15\" fill=\"currentColor\"><path d=\"M5.314 7.071l-4.95-4.95A1 1 0 0 1 1.778.707l5.657 5.657a1 1 0 0 1 0 1.414l-5.657 5.657a1 1 0 0 1-1.414-1.414l4.95-4.95z\"><\/path><\/svg> Anuncios<\/p>\n<p>[\/et_pb_text][et_pb_text content_tablet=\u00bb<\/p>\n<div class=%22anuncios-fecha%22>\n<ul>\n<li>Mi\u00e9rcoles, 22 de junio de 2022<\/li>\n<\/ul>\n<div class=%22anuncios-titulo%22>AMPLIACION DEL PLAZO DE PREINSCRIPCION Y MATRICULA HASTA EL 10 DE SEPTIEMBRE<\/div>\n<div class=%22anuncios-descripcion%22>El plazo para preisncripci\u00f3n y matr\u00edcula se ha ampliado hasta el 10 de Septiembre.<\/div>\n<\/p>\n<ul>\n<li class=%22anuncios-fecha%22>Lunes, 09 de mayo de 2022<\/li>\n<\/ul>\n<p>ABIERTO PLAZO DE PREINSCRIPCI\u00d3N Y MATR\u00cdCULA<\/p>\n<div class=%22anuncios-descripcion%22>\n<p>Se encuentra abierto el per\u00edodo de preinscripci\u00f3n y matr\u00edcula hasta el dia 20 de Junio. La admisi\u00f3n ser\u00e1 por orden de preinscripci\u00f3n.<\/p>\n<\/p>\n<\/div>\n<div class=%22anuncios-readmore%22><\/div>\n<div class=%22anuncios-editar%22><\/div>\n<ul>\n<li class=%22anuncios-fecha%22>S\u00e1bado, 02 de abril de 2022<\/li>\n<\/ul>\n<div class=%22anundios-imagen%22><\/div>\n<div class=%22anuncios-titulo%22>Fechas de las Sesiones Presenciales de la XI Edici\u00f3n:<\/div>\n<\/div>\n<p>\u00bb content_phone=\u00bb<\/p>\n<div class=%22anuncios-fecha%22>\n<ul>\n<li>Mi\u00e9rcoles, 22 de junio de 2022<\/li>\n<\/ul>\n<div class=%22anuncios-titulo%22>AMPLIACION DEL PLAZO DE PREINSCRIPCION Y MATRICULA HASTA EL 10 DE SEPTIEMBRE<\/div>\n<div class=%22anuncios-descripcion%22>El plazo para preisncripci\u00f3n y matr\u00edcula se ha ampliado hasta el 10 de Septiembre.<\/div>\n<\/p>\n<ul>\n<li class=%22anuncios-fecha%22>Lunes, 09 de mayo de 2022<\/li>\n<\/ul>\n<p>ABIERTO PLAZO DE PREINSCRIPCI\u00d3N Y MATR\u00cdCULA<\/p>\n<div class=%22anuncios-descripcion%22>\n<p>Se encuentra abierto el per\u00edodo de preinscripci\u00f3n y matr\u00edcula hasta el dia 20 de Junio. La admisi\u00f3n ser\u00e1 por orden de preinscripci\u00f3n.<\/p>\n<\/p>\n<\/div>\n<div class=%22anuncios-readmore%22><\/div>\n<div class=%22anuncios-editar%22><\/div>\n<ul>\n<li class=%22anuncios-fecha%22>S\u00e1bado, 02 de abril de 2022<\/li>\n<\/ul>\n<div class=%22anundios-imagen%22><\/div>\n<div class=%22anuncios-titulo%22>Fechas de las Sesiones Presenciales de la XI Edici\u00f3n:<\/div>\n<\/div>\n<p>\u00bb content_last_edited=\u00bbon|phone\u00bb _builder_version=\u00bb4.14.7&#8243; _module_preset=\u00bbdefault\u00bb text_text_color=\u00bb#3F3F3E\u00bb text_orientation=\u00bbjustified\u00bb locked=\u00bboff\u00bb global_colors_info=\u00bb{}\u00bb]<\/p>\n<div class=\"anuncios-fecha\">\n<div class=\"anuncios-readmore\"><\/div>\n<div class=\"anuncios-editar\">i\u00a1<\/div>\n<ul>\n<li class=\"anuncios-fecha\">Ya est\u00e1 abierta la preinscripcion del curso hasta el 20 de Julio. Las fechas de matr\u00edcula son entre el 1 de Junio y el 20 de Junio de 2024 EDICION ONLINE<\/li>\n<\/ul>\n<div class=\"anundios-imagen\"><\/div>\n<div class=\"anuncios-titulo\">Fechas\u00a0 de la XIII Edici\u00f3n ONLINE a trav\u00e9s de la Plataforma Vrtual de la US:<\/div>\n<\/div>\n<p>[\/et_pb_text][\/et_pb_column][\/et_pb_row][et_pb_row use_custom_gutter=\u00bbon\u00bb gutter_width=\u00bb1&#8243; custom_padding_last_edited=\u00bbon|desktop\u00bb _builder_version=\u00bb4.14.7&#8243; background_color=\u00bb#ffffff\u00bb background_size=\u00bbinitial\u00bb background_position=\u00bbtop_left\u00bb background_repeat=\u00bbrepeat\u00bb max_width=\u00bb1440px\u00bb custom_margin=\u00bb-13%||||false|false\u00bb custom_margin_tablet=\u00bb-15%||||false|false\u00bb custom_margin_phone=\u00bb-30%||||false|false\u00bb custom_margin_last_edited=\u00bbon|phone\u00bb custom_padding=\u00bb40px|0px|40px|0px|true|false\u00bb custom_padding_tablet=\u00bb40px||40px||true|false\u00bb custom_padding_phone=\u00bb40px|0px|40px|0px|true|false\u00bb animation_style=\u00bbslide\u00bb animation_direction=\u00bbbottom\u00bb animation_intensity_slide=\u00bb6%\u00bb animation_starting_opacity=\u00bb100%\u00bb border_radii=\u00bbon|15px|15px|15px|15px\u00bb border_color_all=\u00bb#8D0739&#8243; border_width_top=\u00bb18px\u00bb box_shadow_style=\u00bbpreset1&#8243; box_shadow_blur=\u00bb10px\u00bb box_shadow_spread=\u00bb10px\u00bb box_shadow_color=\u00bbrgba(0,0,0,0.1)\u00bb use_custom_width=\u00bbon\u00bb custom_width_px=\u00bb1440px\u00bb global_colors_info=\u00bb{}\u00bb][et_pb_column type=\u00bb4_4&#8243; _builder_version=\u00bb3.25&#8243; custom_padding=\u00bb|40px||40px\u00bb global_colors_info=\u00bb{}\u00bb custom_padding__hover=\u00bb|||\u00bb][et_pb_text _builder_version=\u00bb4.14.7&#8243; _module_preset=\u00bbdefault\u00bb text_font=\u00bb|600|||||||\u00bb text_text_color=\u00bb#8D0739&#8243; text_font_size=\u00bb13px\u00bb link_text_color=\u00bb#055169&#8243; custom_margin=\u00bb||30px||false|false\u00bb locked=\u00bboff\u00bb global_colors_info=\u00bb{}\u00bb]<\/p>\n<p><a href=\"https:\/\/master.us.es\/bioestadistica\/\">Inicio<\/a>\u00a0<svg xmlns=\"http:\/\/www.w3.org\/2000\/svg\" viewbox=\"-11 -2 30 17\" width=\"15\" fill=\"currentColor\"><path d=\"M5.314 7.071l-4.95-4.95A1 1 0 0 1 1.778.707l5.657 5.657a1 1 0 0 1 0 1.414l-5.657 5.657a1 1 0 0 1-1.414-1.414l4.95-4.95z\"><\/path><\/svg> Anuncios<\/p>\n<p>[\/et_pb_text][\/et_pb_column][\/et_pb_row][\/et_pb_section]<\/p>\n","protected":false},"excerpt":{"rendered":"<p>AnunciosInicio\u00a0 Anuncios i\u00a1 Ya est\u00e1 abierta la preinscripcion del curso hasta el 20 de Julio. Las fechas de matr\u00edcula son entre el 1 de Junio y el 20 de Junio de 2024 EDICION ONLINE Fechas\u00a0 de la XIII Edici\u00f3n ONLINE a trav\u00e9s de la Plataforma Vrtual de la US: Inicio\u00a0 Anuncios<\/p>\n","protected":false},"author":1,"featured_media":0,"parent":0,"menu_order":0,"comment_status":"closed","ping_status":"closed","template":"","meta":{"_et_pb_use_builder":"on","_et_pb_old_content":"<!-- wp:divi\/placeholder \/-->","_et_gb_content_width":"","footnotes":""},"class_list":["post-296","page","type-page","status-publish","hentry"],"_links":{"self":[{"href":"https:\/\/master.us.es\/bioestadistica\/index.php\/wp-json\/wp\/v2\/pages\/296","targetHints":{"allow":["GET"]}}],"collection":[{"href":"https:\/\/master.us.es\/bioestadistica\/index.php\/wp-json\/wp\/v2\/pages"}],"about":[{"href":"https:\/\/master.us.es\/bioestadistica\/index.php\/wp-json\/wp\/v2\/types\/page"}],"author":[{"embeddable":true,"href":"https:\/\/master.us.es\/bioestadistica\/index.php\/wp-json\/wp\/v2\/users\/1"}],"replies":[{"embeddable":true,"href":"https:\/\/master.us.es\/bioestadistica\/index.php\/wp-json\/wp\/v2\/comments?post=296"}],"version-history":[{"count":26,"href":"https:\/\/master.us.es\/bioestadistica\/index.php\/wp-json\/wp\/v2\/pages\/296\/revisions"}],"predecessor-version":[{"id":491,"href":"https:\/\/master.us.es\/bioestadistica\/index.php\/wp-json\/wp\/v2\/pages\/296\/revisions\/491"}],"wp:attachment":[{"href":"https:\/\/master.us.es\/bioestadistica\/index.php\/wp-json\/wp\/v2\/media?parent=296"}],"curies":[{"name":"wp","href":"https:\/\/api.w.org\/{rel}","templated":true}]}}