{"id":48,"date":"2022-04-18T11:12:50","date_gmt":"2022-04-18T11:12:50","guid":{"rendered":"https:\/\/master.us.es\/bioestadistica\/?page_id=48"},"modified":"2022-09-01T10:32:39","modified_gmt":"2022-09-01T10:32:39","slug":"claustro","status":"publish","type":"page","link":"https:\/\/master.us.es\/bioestadistica\/index.php\/claustro\/","title":{"rendered":"Claustro"},"content":{"rendered":"<p>[et_pb_section fb_built=\u00bb1&#8243; admin_label=\u00bbHero section\u00bb _builder_version=\u00bb4.14.7&#8243; use_background_color_gradient=\u00bbon\u00bb background_color_gradient_start=\u00bbrgba(150,105,97,0.67)\u00bb background_color_gradient_end=\u00bbrgba(2,0,76,0.84)\u00bb background_color_gradient_overlays_image=\u00bbon\u00bb background_image=\u00bbhttps:\/\/master.us.es\/bioestadistica\/wp-content\/uploads\/2022\/06\/bioestadistica-1.jpg\u00bb background_position=\u00bbbottom_center\u00bb custom_padding=\u00bb10%||8%|||\u00bb locked=\u00bboff\u00bb global_colors_info=\u00bb{}\u00bb][et_pb_row use_custom_gutter=\u00bbon\u00bb gutter_width=\u00bb1&#8243; _builder_version=\u00bb4.14.7&#8243; _module_preset=\u00bbdefault\u00bb width=\u00bb100%\u00bb width_tablet=\u00bb70%\u00bb width_phone=\u00bb70%\u00bb width_last_edited=\u00bbon|desktop\u00bb max_width=\u00bb100%\u00bb max_width_tablet=\u00bb70%\u00bb max_width_phone=\u00bb70%\u00bb max_width_last_edited=\u00bbon|desktop\u00bb custom_margin=\u00bb-5%||40px||false|false\u00bb custom_margin_tablet=\u00bb||2%||false|false\u00bb custom_margin_phone=\u00bb||12%||false|false\u00bb custom_margin_last_edited=\u00bbon|phone\u00bb custom_css_main_element=\u00bbdisplay: flex;||flex-wrap: wrap;||align-content: center;\u00bb global_colors_info=\u00bb{}\u00bb][et_pb_column type=\u00bb4_4&#8243; _builder_version=\u00bb4.14.7&#8243; _module_preset=\u00bbdefault\u00bb global_colors_info=\u00bb{}\u00bb][et_pb_text _builder_version=\u00bb4.14.7&#8243; _module_preset=\u00bbdefault\u00bb text_font=\u00bbLato|900|||||||\u00bb text_text_color=\u00bb#FFFFFF\u00bb text_font_size=\u00bb35px\u00bb text_letter_spacing=\u00bb1px\u00bb text_line_height=\u00bb1.8em\u00bb header_font=\u00bbLato|900|||||||\u00bb header_font_size=\u00bb80px\u00bb header_letter_spacing=\u00bb2px\u00bb header_line_height=\u00bb1.2em\u00bb text_orientation=\u00bbcenter\u00bb background_layout=\u00bbdark\u00bb animation_style=\u00bbfold\u00bb text_font_size_tablet=\u00bb30px\u00bb text_font_size_phone=\u00bb20px\u00bb text_font_size_last_edited=\u00bbon|tablet\u00bb header_font_size_tablet=\u00bb46px\u00bb header_font_size_phone=\u00bb46px\u00bb header_font_size_last_edited=\u00bbon|tablet\u00bb text_text_shadow_style=\u00bbpreset2&#8243; locked=\u00bboff\u00bb global_colors_info=\u00bb{}\u00bb]<\/p>\n<p>Direcci\u00f3n<\/p>\n<p>[\/et_pb_text][\/et_pb_column][\/et_pb_row][\/et_pb_section][et_pb_section fb_built=\u00bb1&#8243; _builder_version=\u00bb4.14.7&#8243; background_color=\u00bb#8D0739&#8243; background_image=\u00bbhttps:\/\/master.us.es\/bioestadistica\/wp-content\/uploads\/2022\/06\/US_3.png\u00bb background_blend=\u00bbmultiply\u00bb custom_padding=\u00bb55px||210px||false|false\u00bb hover_enabled=\u00bb0&#8243; locked=\u00bboff\u00bb global_colors_info=\u00bb{}\u00bb background_last_edited=\u00bbon|phone\u00bb sticky_enabled=\u00bb0&#8243; background_enable_image_phone=\u00bboff\u00bb][et_pb_row use_custom_gutter=\u00bbon\u00bb gutter_width=\u00bb1&#8243; custom_padding_last_edited=\u00bbon|desktop\u00bb _builder_version=\u00bb4.14.7&#8243; background_color=\u00bb#ffffff\u00bb background_size=\u00bbinitial\u00bb background_position=\u00bbtop_left\u00bb background_repeat=\u00bbrepeat\u00bb max_width=\u00bb1440px\u00bb custom_margin=\u00bb-13%||||false|false\u00bb custom_margin_tablet=\u00bb-15%||||false|false\u00bb custom_margin_phone=\u00bb-30%||||false|false\u00bb custom_margin_last_edited=\u00bbon|phone\u00bb custom_padding=\u00bb40px|0px|40px|0px|true|false\u00bb custom_padding_tablet=\u00bb40px||40px||true|false\u00bb custom_padding_phone=\u00bb40px|0px|40px|0px|true|false\u00bb animation_style=\u00bbslide\u00bb animation_direction=\u00bbbottom\u00bb animation_intensity_slide=\u00bb6%\u00bb animation_starting_opacity=\u00bb100%\u00bb hover_enabled=\u00bb0&#8243; border_radii=\u00bbon|15px|15px|15px|15px\u00bb border_color_all=\u00bb#8D0739&#8243; border_width_top=\u00bb18px\u00bb box_shadow_style=\u00bbpreset1&#8243; box_shadow_blur=\u00bb10px\u00bb box_shadow_color=\u00bbrgba(0,0,0,0.1)\u00bb use_custom_width=\u00bbon\u00bb custom_width_px=\u00bb1440px\u00bb global_colors_info=\u00bb{}\u00bb box_shadow_spread=\u00bb10px\u00bb sticky_enabled=\u00bb0&#8243;][et_pb_column type=\u00bb4_4&#8243; _builder_version=\u00bb3.25&#8243; custom_padding=\u00bb|40px||40px\u00bb global_colors_info=\u00bb{}\u00bb custom_padding__hover=\u00bb|||\u00bb][et_pb_text _builder_version=\u00bb4.14.7&#8243; _module_preset=\u00bbdefault\u00bb text_font=\u00bb|600|||||||\u00bb text_text_color=\u00bb#8D0739&#8243; text_font_size=\u00bb13px\u00bb link_text_color=\u00bb#055169&#8243; custom_margin=\u00bb||30px||false|false\u00bb locked=\u00bboff\u00bb global_colors_info=\u00bb{}\u00bb]<\/p>\n<p><a href=\"https:\/\/master.us.es\/bioestadistica\/\">Inicio<\/a>\u00a0<svg xmlns=\"http:\/\/www.w3.org\/2000\/svg\" viewbox=\"-11 -2 30 17\" width=\"15\" fill=\"currentColor\"><path d=\"M5.314 7.071l-4.95-4.95A1 1 0 0 1 1.778.707l5.657 5.657a1 1 0 0 1 0 1.414l-5.657 5.657a1 1 0 0 1-1.414-1.414l4.95-4.95z\"><\/path><\/svg> Claustro<\/p>\n<p>[\/et_pb_text][et_pb_text _builder_version=\u00bb4.14.7&#8243; _module_preset=\u00bbdefault\u00bb text_text_color=\u00bb#3F3F3E\u00bb text_orientation=\u00bbjustified\u00bb global_colors_info=\u00bb{}\u00bb]<strong>D. Juan Polo Padillo<\/strong>[\/et_pb_text][\/et_pb_column][\/et_pb_row][et_pb_row use_custom_gutter=\u00bbon\u00bb gutter_width=\u00bb1&#8243; _builder_version=\u00bb4.14.7&#8243; _module_preset=\u00bbdefault\u00bb width=\u00bb100%\u00bb width_tablet=\u00bb70%\u00bb width_phone=\u00bb70%\u00bb width_last_edited=\u00bbon|desktop\u00bb max_width=\u00bb100%\u00bb max_width_tablet=\u00bb70%\u00bb max_width_phone=\u00bb70%\u00bb max_width_last_edited=\u00bbon|desktop\u00bb custom_margin=\u00bb5%||40px||false|false\u00bb custom_margin_tablet=\u00bb||20%||false|false\u00bb custom_margin_phone=\u00bb||35%||false|false\u00bb custom_margin_last_edited=\u00bbon|phone\u00bb custom_css_main_element=\u00bbdisplay: flex;||flex-wrap: wrap;||align-content: center;\u00bb global_colors_info=\u00bb{}\u00bb][et_pb_column type=\u00bb4_4&#8243; _builder_version=\u00bb4.14.7&#8243; _module_preset=\u00bbdefault\u00bb global_colors_info=\u00bb{}\u00bb][et_pb_text _builder_version=\u00bb4.14.7&#8243; _module_preset=\u00bbdefault\u00bb text_font=\u00bbLato|900|||||||\u00bb text_text_color=\u00bb#FFFFFF\u00bb text_font_size=\u00bb35px\u00bb text_letter_spacing=\u00bb1px\u00bb text_line_height=\u00bb1.8em\u00bb header_font=\u00bbLato|900|||||||\u00bb header_font_size=\u00bb80px\u00bb header_letter_spacing=\u00bb2px\u00bb header_line_height=\u00bb1.2em\u00bb text_orientation=\u00bbcenter\u00bb background_layout=\u00bbdark\u00bb animation_style=\u00bbfold\u00bb text_font_size_tablet=\u00bb30px\u00bb text_font_size_phone=\u00bb20px\u00bb text_font_size_last_edited=\u00bbon|tablet\u00bb header_font_size_tablet=\u00bb46px\u00bb header_font_size_phone=\u00bb46px\u00bb header_font_size_last_edited=\u00bbon|tablet\u00bb text_text_shadow_style=\u00bbpreset2&#8243; text_text_shadow_horizontal_length=\u00bb0.05em\u00bb text_text_shadow_vertical_length=\u00bb0.05em\u00bb text_text_shadow_blur_strength=\u00bb0.1em\u00bb locked=\u00bboff\u00bb global_colors_info=\u00bb{}\u00bb]<\/p>\n<p>Comisi\u00f3n Acad\u00e9mica<\/p>\n<p>[\/et_pb_text][\/et_pb_column][\/et_pb_row][et_pb_row use_custom_gutter=\u00bbon\u00bb gutter_width=\u00bb1&#8243; custom_padding_last_edited=\u00bbon|desktop\u00bb _builder_version=\u00bb4.14.7&#8243; background_color=\u00bb#ffffff\u00bb background_size=\u00bbinitial\u00bb background_position=\u00bbtop_left\u00bb background_repeat=\u00bbrepeat\u00bb max_width=\u00bb1440px\u00bb custom_margin=\u00bb3%||||false|false\u00bb custom_margin_tablet=\u00bb-15%||||false|false\u00bb custom_margin_phone=\u00bb-30%||||false|false\u00bb custom_margin_last_edited=\u00bbon|phone\u00bb custom_padding=\u00bb40px|0px|40px|0px|true|false\u00bb custom_padding_tablet=\u00bb40px||40px||true|false\u00bb custom_padding_phone=\u00bb40px|0px|40px|0px|true|false\u00bb animation_style=\u00bbslide\u00bb animation_direction=\u00bbbottom\u00bb animation_intensity_slide=\u00bb6%\u00bb animation_starting_opacity=\u00bb100%\u00bb hover_enabled=\u00bb0&#8243; border_radii=\u00bbon|15px|15px|15px|15px\u00bb border_color_all=\u00bb#8D0739&#8243; border_width_top=\u00bb18px\u00bb box_shadow_style=\u00bbpreset1&#8243; box_shadow_blur=\u00bb10px\u00bb box_shadow_color=\u00bbrgba(0,0,0,0.1)\u00bb use_custom_width=\u00bbon\u00bb custom_width_px=\u00bb1440px\u00bb global_colors_info=\u00bb{}\u00bb box_shadow_spread=\u00bb10px\u00bb sticky_enabled=\u00bb0&#8243;][et_pb_column type=\u00bb4_4&#8243; _builder_version=\u00bb3.25&#8243; custom_padding=\u00bb|40px||40px\u00bb global_colors_info=\u00bb{}\u00bb custom_padding__hover=\u00bb|||\u00bb][et_pb_text _builder_version=\u00bb4.14.7&#8243; _module_preset=\u00bbdefault\u00bb text_text_color=\u00bb#3F3F3E\u00bb text_orientation=\u00bbjustified\u00bb global_colors_info=\u00bb{}\u00bb]<\/p>\n<p><span>D\u00aa. Encarnaci\u00f3n Bernal Borrego. Universidad de Sevilla &#8211; Psiquiatr\u00eda<\/span><br aria-hidden=\"true\" \/><span>D\u00aa. Ana Fern\u00e1ndez Palac\u00edn. Universidad de Sevilla &#8211; Medicina Preventiva y Salud P\u00fablica<\/span><br aria-hidden=\"true\" \/><span>D. Juan Ram\u00f3n Lacalle Remigio. Universidad de Sevilla &#8211; Medicina Preventiva y Salud P\u00fablica<\/span><br aria-hidden=\"true\" \/><span>D. Juan Polo Padillo. Universidad de Sevilla &#8211; Medicina Preventiva y Salud P\u00fablica<\/span><br aria-hidden=\"true\" \/><span>D. \u00c1ngel Vilches Arenas. Universidad de Sevilla &#8211; Medicina Preventiva y Salud P\u00fablica<\/span><\/p>\n<p>[\/et_pb_text][\/et_pb_column][\/et_pb_row][\/et_pb_section]<\/p>\n","protected":false},"excerpt":{"rendered":"<p>Direcci\u00f3nInicio\u00a0 ClaustroD. Juan Polo PadilloComisi\u00f3n Acad\u00e9micaD\u00aa. Encarnaci\u00f3n Bernal Borrego. Universidad de Sevilla &#8211; Psiquiatr\u00edaD\u00aa. Ana Fern\u00e1ndez Palac\u00edn. Universidad de Sevilla &#8211; Medicina Preventiva y Salud P\u00fablicaD. Juan Ram\u00f3n Lacalle Remigio. Universidad de Sevilla &#8211; Medicina Preventiva y Salud P\u00fablicaD. Juan Polo Padillo. Universidad de Sevilla &#8211; Medicina Preventiva y Salud P\u00fablicaD. \u00c1ngel Vilches Arenas. Universidad [&hellip;]<\/p>\n","protected":false},"author":1,"featured_media":0,"parent":0,"menu_order":0,"comment_status":"closed","ping_status":"closed","template":"","meta":{"_et_pb_use_builder":"on","_et_pb_old_content":"","_et_gb_content_width":"","footnotes":""},"class_list":["post-48","page","type-page","status-publish","hentry"],"_links":{"self":[{"href":"https:\/\/master.us.es\/bioestadistica\/index.php\/wp-json\/wp\/v2\/pages\/48","targetHints":{"allow":["GET"]}}],"collection":[{"href":"https:\/\/master.us.es\/bioestadistica\/index.php\/wp-json\/wp\/v2\/pages"}],"about":[{"href":"https:\/\/master.us.es\/bioestadistica\/index.php\/wp-json\/wp\/v2\/types\/page"}],"author":[{"embeddable":true,"href":"https:\/\/master.us.es\/bioestadistica\/index.php\/wp-json\/wp\/v2\/users\/1"}],"replies":[{"embeddable":true,"href":"https:\/\/master.us.es\/bioestadistica\/index.php\/wp-json\/wp\/v2\/comments?post=48"}],"version-history":[{"count":12,"href":"https:\/\/master.us.es\/bioestadistica\/index.php\/wp-json\/wp\/v2\/pages\/48\/revisions"}],"predecessor-version":[{"id":396,"href":"https:\/\/master.us.es\/bioestadistica\/index.php\/wp-json\/wp\/v2\/pages\/48\/revisions\/396"}],"wp:attachment":[{"href":"https:\/\/master.us.es\/bioestadistica\/index.php\/wp-json\/wp\/v2\/media?parent=48"}],"curies":[{"name":"wp","href":"https:\/\/api.w.org\/{rel}","templated":true}]}}