{"id":100,"date":"2022-04-19T14:37:58","date_gmt":"2022-04-19T14:37:58","guid":{"rendered":"https:\/\/master.us.es\/bioetica\/?page_id=100"},"modified":"2022-09-01T10:18:36","modified_gmt":"2022-09-01T10:18:36","slug":"modulo-2","status":"publish","type":"page","link":"https:\/\/master.us.es\/bioetica\/index.php\/modulo-2\/","title":{"rendered":"M\u00f3dulo 2"},"content":{"rendered":"<p>[et_pb_section fb_built=\u00bb1&#8243; admin_label=\u00bbHero section\u00bb _builder_version=\u00bb4.14.7&#8243; use_background_color_gradient=\u00bbon\u00bb background_color_gradient_start=\u00bbrgba(150,105,97,0.67)\u00bb background_color_gradient_end=\u00bbrgba(2,0,76,0.84)\u00bb background_color_gradient_overlays_image=\u00bbon\u00bb background_image=\u00bbhttps:\/\/master.us.es\/bioetica\/wp-content\/uploads\/2022\/06\/bioetica_y_humanizacion1.jpg\u00bb custom_padding=\u00bb10%||8%|||\u00bb locked=\u00bboff\u00bb global_colors_info=\u00bb{}\u00bb][et_pb_row use_custom_gutter=\u00bbon\u00bb gutter_width=\u00bb1&#8243; _builder_version=\u00bb4.14.7&#8243; _module_preset=\u00bbdefault\u00bb width=\u00bb100%\u00bb width_tablet=\u00bb70%\u00bb width_phone=\u00bb70%\u00bb width_last_edited=\u00bbon|desktop\u00bb max_width=\u00bb100%\u00bb max_width_tablet=\u00bb70%\u00bb max_width_phone=\u00bb70%\u00bb max_width_last_edited=\u00bbon|desktop\u00bb custom_margin=\u00bb-5%||40px||false|false\u00bb custom_margin_tablet=\u00bb||2%||false|false\u00bb custom_margin_phone=\u00bb||12%||false|false\u00bb custom_margin_last_edited=\u00bbon|phone\u00bb custom_css_main_element=\u00bbdisplay: flex;||flex-wrap: wrap;||align-content: center;\u00bb global_colors_info=\u00bb{}\u00bb][et_pb_column type=\u00bb4_4&#8243; _builder_version=\u00bb4.14.7&#8243; _module_preset=\u00bbdefault\u00bb global_colors_info=\u00bb{}\u00bb][et_pb_text _builder_version=\u00bb4.14.7&#8243; _module_preset=\u00bbdefault\u00bb text_font=\u00bbLato|900|||||||\u00bb text_text_color=\u00bb#FFFFFF\u00bb text_font_size=\u00bb35px\u00bb text_letter_spacing=\u00bb1px\u00bb text_line_height=\u00bb1.8em\u00bb header_font=\u00bbLato|900|||||||\u00bb header_font_size=\u00bb80px\u00bb header_letter_spacing=\u00bb2px\u00bb header_line_height=\u00bb1.2em\u00bb text_orientation=\u00bbcenter\u00bb background_layout=\u00bbdark\u00bb animation_style=\u00bbfold\u00bb text_font_size_tablet=\u00bb30px\u00bb text_font_size_phone=\u00bb20px\u00bb text_font_size_last_edited=\u00bbon|tablet\u00bb header_font_size_tablet=\u00bb46px\u00bb header_font_size_phone=\u00bb46px\u00bb header_font_size_last_edited=\u00bbon|tablet\u00bb text_text_shadow_style=\u00bbpreset2&#8243; locked=\u00bboff\u00bb global_colors_info=\u00bb{}\u00bb]<\/p>\n<p>M\u00f3dulo 2: Fundamentaci\u00f3n de la Bio\u00e9tica<\/p>\n<p>[\/et_pb_text][\/et_pb_column][\/et_pb_row][\/et_pb_section][et_pb_section fb_built=\u00bb1&#8243; _builder_version=\u00bb4.14.7&#8243; background_color=\u00bb#8D0739&#8243; background_image=\u00bbhttps:\/\/master.us.es\/bioetica\/wp-content\/uploads\/2022\/06\/Maese-Rodrigo-fundador-de-la-Universidad-de-Sevilla.png\u00bb background_blend=\u00bbmultiply\u00bb custom_padding=\u00bb55px||170px||false|false\u00bb hover_enabled=\u00bb0&#8243; locked=\u00bboff\u00bb global_colors_info=\u00bb{}\u00bb background_last_edited=\u00bbon|phone\u00bb sticky_enabled=\u00bb0&#8243; background_enable_image_phone=\u00bboff\u00bb][et_pb_row use_custom_gutter=\u00bbon\u00bb gutter_width=\u00bb1&#8243; custom_padding_last_edited=\u00bbon|desktop\u00bb _builder_version=\u00bb4.14.7&#8243; background_color=\u00bb#ffffff\u00bb background_size=\u00bbinitial\u00bb background_position=\u00bbtop_left\u00bb background_repeat=\u00bbrepeat\u00bb max_width=\u00bb1440px\u00bb custom_margin=\u00bb-13%||||false|false\u00bb custom_margin_tablet=\u00bb-15%||||false|false\u00bb custom_margin_phone=\u00bb-30%||||false|false\u00bb custom_margin_last_edited=\u00bbon|phone\u00bb custom_padding=\u00bb40px|0px|40px|0px|true|false\u00bb custom_padding_tablet=\u00bb40px||40px||true|false\u00bb custom_padding_phone=\u00bb40px|0px|40px|0px|true|false\u00bb animation_style=\u00bbslide\u00bb animation_direction=\u00bbbottom\u00bb animation_intensity_slide=\u00bb6%\u00bb animation_starting_opacity=\u00bb100%\u00bb border_radii=\u00bbon|15px|15px|15px|15px\u00bb border_color_all=\u00bb#8D0739&#8243; border_width_top=\u00bb18px\u00bb box_shadow_style=\u00bbpreset1&#8243; box_shadow_blur=\u00bb10px\u00bb box_shadow_spread=\u00bb10px\u00bb box_shadow_color=\u00bbrgba(0,0,0,0.1)\u00bb use_custom_width=\u00bbon\u00bb custom_width_px=\u00bb1440px\u00bb global_colors_info=\u00bb{}\u00bb][et_pb_column type=\u00bb4_4&#8243; _builder_version=\u00bb3.25&#8243; custom_padding=\u00bb|40px||40px\u00bb global_colors_info=\u00bb{}\u00bb custom_padding__hover=\u00bb|||\u00bb][et_pb_text _builder_version=\u00bb4.14.7&#8243; _module_preset=\u00bbdefault\u00bb text_font=\u00bb|600|||||||\u00bb text_text_color=\u00bb#8D0739&#8243; text_font_size=\u00bb13px\u00bb link_text_color=\u00bb#055169&#8243; custom_margin=\u00bb||30px||false|false\u00bb locked=\u00bboff\u00bb global_colors_info=\u00bb{}\u00bb]<\/p>\n<p><a href=\"https:\/\/master.us.es\/bioetica\/\">Inicio<\/a>\u00a0<svg xmlns=\"http:\/\/www.w3.org\/2000\/svg\" viewbox=\"-11 -2 30 17\" width=\"15\" fill=\"currentColor\"><path d=\"M5.314 7.071l-4.95-4.95A1 1 0 0 1 1.778.707l5.657 5.657a1 1 0 0 1 0 1.414l-5.657 5.657a1 1 0 0 1-1.414-1.414l4.95-4.95z\"><\/path><\/svg> M\u00f3dulo 2<\/p>\n<p>[\/et_pb_text][et_pb_text _builder_version=\u00bb4.14.7&#8243; _module_preset=\u00bbdefault\u00bb text_text_color=\u00bb#3F3F3E\u00bb text_orientation=\u00bbjustified\u00bb text_orientation_tablet=\u00bbjustified\u00bb text_orientation_phone=\u00bbleft\u00bb text_orientation_last_edited=\u00bbon|tablet\u00bb inline_fonts=\u00bbABeeZee\u00bb global_colors_info=\u00bb{}\u00bb]<\/p>\n<p><strong>N\u00famero de cr\u00e9ditos:<\/strong><span>\u00a012,00\u00a0ECTS<\/span><br \/><strong>Modalidad de impartici\u00f3n:<\/strong><span> <\/span><span>A distancia<\/span><br \/><strong>Fechas de inicio-fin:<\/strong><span>\u00a009\/02\/2023 &#8211; 15\/07\/2023<\/span><br \/><strong>Horario:<\/strong><span>\u00a0Estudios a distancia, M\u00f3dulo\/Asignatura sin horario<\/span><\/p>\n<p>[\/et_pb_text][\/et_pb_column][\/et_pb_row][et_pb_row column_structure=\u00bb1_4,1_4,1_4,1_4&#8243; use_custom_gutter=\u00bbon\u00bb gutter_width=\u00bb1&#8243; make_equal=\u00bbon\u00bb _builder_version=\u00bb4.14.7&#8243; background_color=\u00bb#ffffff\u00bb background_size=\u00bbinitial\u00bb background_position=\u00bbtop_left\u00bb background_repeat=\u00bbrepeat\u00bb max_width=\u00bb1440px\u00bb custom_margin=\u00bb5%||||false|false\u00bb custom_padding=\u00bb40px|0px|40px|0px|true|false\u00bb animation_style=\u00bbslide\u00bb animation_direction=\u00bbbottom\u00bb animation_intensity_slide=\u00bb6%\u00bb animation_starting_opacity=\u00bb100%\u00bb border_radii=\u00bbon|15px|15px|15px|15px\u00bb border_color_all=\u00bb#8D0739&#8243; border_width_top=\u00bb18px\u00bb box_shadow_style=\u00bbpreset1&#8243; box_shadow_blur=\u00bb10px\u00bb box_shadow_spread=\u00bb10px\u00bb box_shadow_color=\u00bbrgba(0,0,0,0.1)\u00bb use_custom_width=\u00bbon\u00bb custom_width_px=\u00bb1440px\u00bb locked=\u00bboff\u00bb global_colors_info=\u00bb{}\u00bb][et_pb_column type=\u00bb1_4&#8243; _builder_version=\u00bb4.14.7&#8243; custom_padding=\u00bb|40px||40px\u00bb border_color_right=\u00bb#C4C4C4&#8243; global_colors_info=\u00bb{}\u00bb custom_padding__hover=\u00bb|||\u00bb][et_pb_text _builder_version=\u00bb4.14.7&#8243; _module_preset=\u00bbdefault\u00bb text_font=\u00bb|600|||on||||\u00bb text_text_color=\u00bb#8D0739&#8243; text_line_height=\u00bb0.7em\u00bb custom_margin=\u00bb10px||5px||false|false\u00bb global_colors_info=\u00bb{}\u00bb]<\/p>\n<p>\u00c9TICA FILOS\u00d3FICA<\/p>\n<p>Y \u00c9TICA SOCIAL<\/p>\n<p>[\/et_pb_text][et_pb_text _builder_version=\u00bb4.14.7&#8243; _module_preset=\u00bbdefault\u00bb text_font=\u00bb|600|||on||||\u00bb text_text_color=\u00bb#8D0739&#8243; custom_margin=\u00bb10px||5px||false|false\u00bb global_colors_info=\u00bb{}\u00bb]<\/p>\n<p>Objetivos:<\/p>\n<p>[\/et_pb_text][et_pb_text _builder_version=\u00bb4.14.7&#8243; _module_preset=\u00bbdefault\u00bb text_font=\u00bbArial|||||||#3F3F3E|\u00bb text_text_color=\u00bb#3F3F3E\u00bb text_orientation=\u00bbjustified\u00bb global_colors_info=\u00bb{}\u00bb]<\/p>\n<ul>\n<li>Presentar los conceptos fundamentales de la Antropolog\u00eda.<\/li>\n<li>Iniciar al estudio del las teor\u00edas \u00e9ticas, autores y escuelas e introducir la reflexi\u00f3n sobre los problemas \u00e9ticos.<\/li>\n<li>Analizar los conceptos filos\u00f3ficos implicados en los debates \u00e9ticos.<\/li>\n<li>Desarrollar una actitud razonable, cr\u00edtica y responsable, ante los conflictos valorativos y los problemas morales de la vida humana.<\/li>\n<li>Lograr la exposici\u00f3n y defensa razonada de las propias ideas mediante el empleo de terminolog\u00eda filos\u00f3fica b\u00e1sica.<\/li>\n<li>Facilitar un an\u00e1lisis de la \u00e9tica del Voluntariado Social.<\/li>\n<\/ul>\n<p>[\/et_pb_text][et_pb_text _builder_version=\u00bb4.14.7&#8243; _module_preset=\u00bbdefault\u00bb text_font=\u00bb|600|||on||||\u00bb text_text_color=\u00bb#8D0739&#8243; custom_margin=\u00bb10px||5px||false|false\u00bb global_colors_info=\u00bb{}\u00bb]<\/p>\n<p>Contenidos:<\/p>\n<p>[\/et_pb_text][et_pb_text _builder_version=\u00bb4.14.7&#8243; _module_preset=\u00bbdefault\u00bb text_font=\u00bb||||||||\u00bb text_text_color=\u00bb#8D0739&#8243; custom_margin=\u00bb10px||5px||false|false\u00bb global_colors_info=\u00bb{}\u00bb]<\/p>\n<p>Introducci\u00f3n a la Antropolog\u00eda<\/p>\n<p>[\/et_pb_text][et_pb_text _builder_version=\u00bb4.14.7&#8243; _module_preset=\u00bbdefault\u00bb text_font=\u00bbArial|||||||#3F3F3E|\u00bb text_text_color=\u00bb#3F3F3E\u00bb text_orientation=\u00bbjustified\u00bb global_colors_info=\u00bb{}\u00bb]<\/p>\n<ul>\n<li>Antropolog\u00eda y Bio\u00e9tica.<\/li>\n<li>Dignidad humana. La persona, su salud, enfermedad y sufrimiento humanos.<\/li>\n<li>Antropolog\u00edas de la procreaci\u00f3n. Antropolog\u00edas del cuidar. Antropolog\u00edas del morir.<\/li>\n<\/ul>\n<p>[\/et_pb_text][et_pb_text _builder_version=\u00bb4.14.7&#8243; _module_preset=\u00bbdefault\u00bb text_font=\u00bb||||||||\u00bb text_text_color=\u00bb#8D0739&#8243; custom_margin=\u00bb10px||5px||false|false\u00bb global_colors_info=\u00bb{}\u00bb]<\/p>\n<p>Fundamentos Psicol\u00f3gicos<\/p>\n<p>[\/et_pb_text][et_pb_text _builder_version=\u00bb4.14.7&#8243; _module_preset=\u00bbdefault\u00bb text_font=\u00bbArial|||||||#3F3F3E|\u00bb text_text_color=\u00bb#3F3F3E\u00bb text_orientation=\u00bbjustified\u00bb global_colors_info=\u00bb{}\u00bb]<\/p>\n<ul>\n<li>Qu\u00e9 es la \u00e9tica. delimitaci\u00f3n del campo: la \u00e9tica como filosof\u00eda moral: La acci\u00f3n humana y la acci\u00f3n moral. \u00c9tica y moral: La \u00e9tica como reflexi\u00f3n sobre la conducta moral del ser humano. Valoraci\u00f3n y juicio moral. La posibilidad de fundamentaci\u00f3n de los juicios morales. \u00c9tica y derecho. \u00c9tica y religi\u00f3n. \u00c9tica aplicada: la \u00e9tica en el mundo actual.<\/li>\n<li>El desarrollo moral de los individuos y las comunidades: El desarrollo de la conciencia moral. La vida social: construcci\u00f3n de la sociedad civil y valores compartidos.<\/li>\n<li>La necesidad de la fundamentaci\u00f3n: Modelos y paradigmas. La argumentaci\u00f3n ra-cional como v\u00eda para la tolerancia. El problema de los absolutos morales. Consenso y disenso. Universalismo y relativismo. \u00c9tica de m\u00e1ximos y de m\u00ednimos. \u00c9tica c\u00edvica.<\/li>\n<li>Modelos de fundamentaci\u00f3n de la \u00e9tica: Clasificaciones \u00e9ticas. Arist\u00f3teles: \u00e9tica eudemonista. Kant: \u00e9tica deontol\u00f3gica. El utilitarismo. El debate entre comunitarismo y liberalismo. La \u00e9tica del cuidado. \u00c9tica de la virtud.<\/li>\n<li>Procedimientos de toma de decisiones: Fundamentaci\u00f3n y procedimiento. La deliberaci\u00f3n. Tipos de racionalidad. Principialismo y casuismo en bio\u00e9tica.<\/li>\n<li>Convicci\u00f3n y responsabilidad: \u00c9tica de la convicci\u00f3n y \u00e9tica de la responsabilidad. C\u00f3digos \u00e9ticos y c\u00f3digos deontol\u00f3gicos.<\/li>\n<\/ul>\n<p>[\/et_pb_text][et_pb_text _builder_version=\u00bb4.14.7&#8243; _module_preset=\u00bbdefault\u00bb text_font=\u00bb||||||||\u00bb text_text_color=\u00bb#8D0739&#8243; custom_margin=\u00bb10px||5px||false|false\u00bb global_colors_info=\u00bb{}\u00bb]<\/p>\n<p>Fundamentos de \u00c9tica Social<\/p>\n<p>[\/et_pb_text][et_pb_text _builder_version=\u00bb4.14.7&#8243; _module_preset=\u00bbdefault\u00bb text_font=\u00bbArial|||||||#3F3F3E|\u00bb text_text_color=\u00bb#3F3F3E\u00bb text_orientation=\u00bbjustified\u00bb global_colors_info=\u00bb{}\u00bb]<\/p>\n<ul>\n<li>Principios y principales debates en la \u00c9tica Social.<\/li>\n<li>\u00c9tica del voluntariado: Caracter\u00edsticas del Voluntariado Social. C\u00f3digos \u00e9ticos del voluntariado. Principales cuestiones \u00e9ticas de la acci\u00f3n voluntaria.<\/li>\n<\/ul>\n<p>[\/et_pb_text][\/et_pb_column][et_pb_column type=\u00bb1_4&#8243; _builder_version=\u00bb4.14.7&#8243; custom_padding=\u00bb|40px||40px\u00bb border_color_right=\u00bb#C4C4C4&#8243; border_width_left=\u00bb2px\u00bb border_color_left=\u00bb#C4C4C4&#8243; border_width_left_tablet=\u00bb0px\u00bb border_width_left_phone=\u00bb0px\u00bb border_width_left_last_edited=\u00bbon|desktop\u00bb global_colors_info=\u00bb{}\u00bb custom_padding__hover=\u00bb|||\u00bb][et_pb_text _builder_version=\u00bb4.14.7&#8243; _module_preset=\u00bbdefault\u00bb text_font=\u00bb|600|||on||||\u00bb text_text_color=\u00bb#8D0739&#8243; custom_margin=\u00bb10px||5px||false|false\u00bb global_colors_info=\u00bb{}\u00bb]<\/p>\n<p>BIOJUR\u00cdDICA<\/p>\n<p>[\/et_pb_text][et_pb_text _builder_version=\u00bb4.14.7&#8243; _module_preset=\u00bbdefault\u00bb text_font=\u00bb|600|||on||||\u00bb text_text_color=\u00bb#8D0739&#8243; custom_margin=\u00bb10px||5px||false|false\u00bb global_colors_info=\u00bb{}\u00bb]<\/p>\n<p>Objetivos:<\/p>\n<p>[\/et_pb_text][et_pb_text _builder_version=\u00bb4.14.7&#8243; _module_preset=\u00bbdefault\u00bb text_font=\u00bbArial|||||||#3F3F3E|\u00bb text_text_color=\u00bb#3F3F3E\u00bb text_orientation=\u00bbjustified\u00bb global_colors_info=\u00bb{}\u00bb]<\/p>\n<ul>\n<li>Dar a conocer la historia de los Derechos Humanos y su relaci\u00f3n con los Derechos del Enfermo.<\/li>\n<li>Proporcionar conocimientos sobre las fuentes del Derecho y su procedimiento as\u00ed como presentar el Derecho a la Salud.<\/li>\n<\/ul>\n<p>[\/et_pb_text][et_pb_text _builder_version=\u00bb4.14.7&#8243; _module_preset=\u00bbdefault\u00bb text_font=\u00bb|600|||on||||\u00bb text_text_color=\u00bb#8D0739&#8243; custom_margin=\u00bb10px||5px||false|false\u00bb global_colors_info=\u00bb{}\u00bb]<\/p>\n<p>Contenidos:<\/p>\n<p>[\/et_pb_text][et_pb_text _builder_version=\u00bb4.14.7&#8243; _module_preset=\u00bbdefault\u00bb text_font=\u00bbArial|||||||#3F3F3E|\u00bb text_text_color=\u00bb#3F3F3E\u00bb text_orientation=\u00bbjustified\u00bb global_colors_info=\u00bb{}\u00bb]<\/p>\n<ul>\n<li>Derechos Humanos y Bio\u00e9tica.<\/li>\n<li>Historia de los Derechos Humanos y su relaci\u00f3n con la Bio\u00e9tica.<\/li>\n<li>Declaraciones internacionales sobre Bio\u00e9tica y Derechos Humanos.<\/li>\n<li>La Salud y el Derecho. El derecho constitucional en cuestiones sociales y de salud. Los derechos del enfermo: fundamentos \u00e9ticos y regulaci\u00f3n jur\u00eddica. Carta de dere-chos de enfermos vulnerables: salud mental, enfermos en situaci\u00f3n terminal, enfermedades raras, etc.<\/li>\n<li>Las fuentes del Derecho y su procedimiento.<\/li>\n<li>Las fuentes del derecho y su jerarqu\u00eda. La constituci\u00f3n. Las leyes. Clases de leyes: leyes org\u00e1nicas y leyes ordinarias. Normas equiparadas al rango de ley: reales decretos-leyes y reales decretos legislativos. Leyes de las comunidades aut\u00f3nomas. Normativas de la Uni\u00f3n Europea: reglamentos y directivas. Otras disposiciones administrativas: reglamentos, decretos, \u00f3rdenes, instrucciones y circulares.<\/li>\n<li>Derecho a la protecci\u00f3n de la salud: normativa nacional e internacional. Competencias del estado y de las Comunidades Aut\u00f3nomas en materia sanitaria. Competencias del Estado y de las Comunidades Aut\u00f3nomas en materia de Seguridad Social. Ley Org\u00e1nica de medidas especiales en materia de salud p\u00fablica.<\/li>\n<li>Derecho a la libertad a la integridad personal y derecho a la intimidad. Derecho a la libertad de conciencia y de creencias. Agere l\u00edcere.<\/li>\n<\/ul>\n<p>[\/et_pb_text][\/et_pb_column][et_pb_column type=\u00bb1_4&#8243; _builder_version=\u00bb4.14.7&#8243; custom_padding=\u00bb|40px||40px\u00bb border_color_right=\u00bb#C4C4C4&#8243; border_width_left=\u00bb2px\u00bb border_color_left=\u00bb#C4C4C4&#8243; border_width_left_tablet=\u00bb0px\u00bb border_width_left_phone=\u00bb0px\u00bb border_width_left_last_edited=\u00bbon|desktop\u00bb global_colors_info=\u00bb{}\u00bb custom_padding__hover=\u00bb|||\u00bb][et_pb_text _builder_version=\u00bb4.14.7&#8243; _module_preset=\u00bbdefault\u00bb text_font=\u00bb|600|||on||||\u00bb text_text_color=\u00bb#8D0739&#8243; custom_margin=\u00bb10px||5px||false|false\u00bb global_colors_info=\u00bb{}\u00bb]<\/p>\n<p>\u00c9TICA TE\u00d3NOMA Y \u00c9TICA DE LA HOSPITALIDAD<\/p>\n<p>[\/et_pb_text][et_pb_text _builder_version=\u00bb4.14.7&#8243; _module_preset=\u00bbdefault\u00bb text_font=\u00bb|600|||on||||\u00bb text_text_color=\u00bb#8D0739&#8243; custom_margin=\u00bb10px||5px||false|false\u00bb global_colors_info=\u00bb{}\u00bb]<\/p>\n<p>Objetivos:<\/p>\n<p>[\/et_pb_text][et_pb_text _builder_version=\u00bb4.14.7&#8243; _module_preset=\u00bbdefault\u00bb text_font=\u00bbArial|||||||#3F3F3E|\u00bb text_text_color=\u00bb#3F3F3E\u00bb text_orientation=\u00bbjustified\u00bb global_colors_info=\u00bb{}\u00bb]<\/p>\n<ul>\n<li>Proporcionar los fundamentos de la \u00c9tica Teol\u00f3gica.<\/li>\n<li>Analizar las relaciones entre la \u00c9tica Teol\u00f3gicas y la \u00c9tica Filos\u00f3fica.<\/li>\n<li>Proporcionar los conocimientos sobre la \u00c9tica de la Hospitalidad desarrollada por la Orden Hospitalaria de San Juan de Dios.<\/li>\n<\/ul>\n<p>[\/et_pb_text][et_pb_text _builder_version=\u00bb4.14.7&#8243; _module_preset=\u00bbdefault\u00bb text_font=\u00bb|600|||on||||\u00bb text_text_color=\u00bb#8D0739&#8243; custom_margin=\u00bb10px||5px||false|false\u00bb global_colors_info=\u00bb{}\u00bb]<\/p>\n<p>Contenidos:<\/p>\n<p>[\/et_pb_text][et_pb_text _builder_version=\u00bb4.14.7&#8243; _module_preset=\u00bbdefault\u00bb text_font=\u00bb||||||||\u00bb text_text_color=\u00bb#8D0739&#8243; custom_margin=\u00bb10px||5px||false|false\u00bb global_colors_info=\u00bb{}\u00bb]<\/p>\n<p>\u00c9tica Teol\u00f3gica<\/p>\n<p>[\/et_pb_text][et_pb_text _builder_version=\u00bb4.14.7&#8243; _module_preset=\u00bbdefault\u00bb text_font=\u00bbArial|||||||#3F3F3E|\u00bb text_text_color=\u00bb#3F3F3E\u00bb text_orientation=\u00bbjustified\u00bb global_colors_info=\u00bb{}\u00bb]<\/p>\n<ul>\n<li>El ser humano como ser moral. \u00c9tica, Moral, Derecho y Religi\u00f3n.<\/li>\n<li>Metodolog\u00eda para una fundamentaci\u00f3n teol\u00f3gica de la moral.<\/li>\n<li>Heteronom\u00eda y autonom\u00eda moral. La \u00e9tica normativa y la \u00e9tica personal. Funci\u00f3n moral de la conciencia. Libertad y discernimiento.<\/li>\n<li>\u00c9tica social cristiana y mundo de la salud.<\/li>\n<li>Religiones, \u00e9tica civil y tolerancia.<\/li>\n<li>Posici\u00f3n de las diversas religiones en los debates \u00e9ticos sobre la vida y la salud.<\/li>\n<\/ul>\n<p>[\/et_pb_text][et_pb_text _builder_version=\u00bb4.14.7&#8243; _module_preset=\u00bbdefault\u00bb text_font=\u00bb||||||||\u00bb text_text_color=\u00bb#8D0739&#8243; custom_margin=\u00bb10px||5px||false|false\u00bb global_colors_info=\u00bb{}\u00bb]<\/p>\n<p>\u00c9tica de la Hospitalidad<\/p>\n<p>[\/et_pb_text][et_pb_text _builder_version=\u00bb4.14.7&#8243; _module_preset=\u00bbdefault\u00bb text_font=\u00bbArial|||||||#3F3F3E|\u00bb text_text_color=\u00bb#3F3F3E\u00bb text_orientation=\u00bbjustified\u00bb global_colors_info=\u00bb{}\u00bb]<\/p>\n<ul>\n<li>San Juan de Dios, generador de un modelo asistencial humanizado.<\/li>\n<li>Principios filos\u00f3ficos de la Orden Hospitalaria de San Juan de Dios.<\/li>\n<li>La Bio\u00e9tica en la Orden Hospitalaria de San Juan de Dios.<\/li>\n<\/ul>\n<p>[\/et_pb_text][\/et_pb_column][et_pb_column type=\u00bb1_4&#8243; _builder_version=\u00bb4.14.7&#8243; custom_padding=\u00bb|40px||40px\u00bb border_color_right=\u00bb#C4C4C4&#8243; border_width_left=\u00bb2px\u00bb border_color_left=\u00bb#C4C4C4&#8243; border_width_left_tablet=\u00bb0px\u00bb border_width_left_phone=\u00bb0px\u00bb border_width_left_last_edited=\u00bbon|desktop\u00bb global_colors_info=\u00bb{}\u00bb custom_padding__hover=\u00bb|||\u00bb][et_pb_text _builder_version=\u00bb4.14.7&#8243; _module_preset=\u00bbdefault\u00bb text_font=\u00bb|600|||on||||\u00bb text_text_color=\u00bb#8D0739&#8243; custom_margin=\u00bb10px||5px||false|false\u00bb global_colors_info=\u00bb{}\u00bb]<\/p>\n<p>\u00c9TICA Y DEONTOLOG\u00cdA DE LAS PROFESIONES<\/p>\n<p>[\/et_pb_text][et_pb_text _builder_version=\u00bb4.14.7&#8243; _module_preset=\u00bbdefault\u00bb text_font=\u00bb|600|||on||||\u00bb text_text_color=\u00bb#8D0739&#8243; custom_margin=\u00bb10px||5px||false|false\u00bb global_colors_info=\u00bb{}\u00bb]<\/p>\n<p>Objetivos:<\/p>\n<p>[\/et_pb_text][et_pb_text _builder_version=\u00bb4.14.7&#8243; _module_preset=\u00bbdefault\u00bb text_font=\u00bbArial|||||||#3F3F3E|\u00bb text_text_color=\u00bb#3F3F3E\u00bb text_orientation=\u00bbjustified\u00bb global_colors_info=\u00bb{}\u00bb]<\/p>\n<ul>\n<li>Proporcionar los conocimientos sobre los fundamentos que constituyen las profesiones sanitarias y su regulaci\u00f3n deontol\u00f3gica.<\/li>\n<\/ul>\n<p>[\/et_pb_text][et_pb_text _builder_version=\u00bb4.14.7&#8243; _module_preset=\u00bbdefault\u00bb text_font=\u00bb|600|||on||||\u00bb text_text_color=\u00bb#8D0739&#8243; custom_margin=\u00bb10px||5px||false|false\u00bb global_colors_info=\u00bb{}\u00bb]<\/p>\n<p>Contenidos:<\/p>\n<p>[\/et_pb_text][et_pb_text _builder_version=\u00bb4.14.7&#8243; _module_preset=\u00bbdefault\u00bb text_font=\u00bbArial|||||||#3F3F3E|\u00bb text_text_color=\u00bb#3F3F3E\u00bb text_orientation=\u00bbjustified\u00bb global_colors_info=\u00bb{}\u00bb]<\/p>\n<ul>\n<li>\u00c9tica y Deontolog\u00eda de las profesiones.<\/li>\n<li>\u00c9tica de las profesiones: Definici\u00f3n de profesi\u00f3n y excelencia profesional. Profesionalismo.<\/li>\n<li>La \u00e9tica en la historia de las profesiones. \u00c9tica com\u00fan y \u00e9tica del rol. \u00c9tica y Ethos profesional. \u00c9tica, Deontolog\u00eda y Bio\u00e9tica.<\/li>\n<li>La responsabilidad deontol\u00f3gica.<\/li>\n<li>C\u00f3digos deontol\u00f3gicos nacionales e internacionales. C\u00f3digo M\u00e9dico, de Enfermer\u00eda, Farmac\u00e9utico, de Psicolog\u00eda, de Trabajo Social. Principales elementos e interconexi\u00f3n. Aplicaci\u00f3n de la deontolog\u00eda a la pr\u00e1ctica cl\u00ednica. Comisiones deontol\u00f3gicas.<\/li>\n<\/ul>\n<p>[\/et_pb_text][\/et_pb_column][\/et_pb_row][et_pb_row use_custom_gutter=\u00bbon\u00bb gutter_width=\u00bb1&#8243; _builder_version=\u00bb4.14.7&#8243; background_color=\u00bb#ffffff\u00bb background_size=\u00bbinitial\u00bb background_position=\u00bbtop_left\u00bb background_repeat=\u00bbrepeat\u00bb max_width=\u00bb1440px\u00bb custom_margin=\u00bb5%||||false|false\u00bb custom_padding=\u00bb40px|0px|40px|0px|true|false\u00bb animation_style=\u00bbslide\u00bb animation_direction=\u00bbbottom\u00bb animation_intensity_slide=\u00bb6%\u00bb animation_starting_opacity=\u00bb100%\u00bb border_radii=\u00bbon|15px|15px|15px|15px\u00bb border_color_all=\u00bb#8D0739&#8243; border_width_top=\u00bb18px\u00bb box_shadow_style=\u00bbpreset1&#8243; box_shadow_blur=\u00bb10px\u00bb box_shadow_spread=\u00bb10px\u00bb box_shadow_color=\u00bbrgba(0,0,0,0.1)\u00bb use_custom_width=\u00bbon\u00bb custom_width_px=\u00bb1440px\u00bb global_colors_info=\u00bb{}\u00bb][et_pb_column type=\u00bb4_4&#8243; _builder_version=\u00bb3.25&#8243; custom_padding=\u00bb|40px||40px\u00bb global_colors_info=\u00bb{}\u00bb custom_padding__hover=\u00bb|||\u00bb][et_pb_text _builder_version=\u00bb4.14.7&#8243; _module_preset=\u00bbdefault\u00bb text_text_color=\u00bb#3F3F3E\u00bb text_orientation=\u00bbjustified\u00bb text_orientation_tablet=\u00bbjustified\u00bb text_orientation_phone=\u00bbleft\u00bb text_orientation_last_edited=\u00bbon|phone\u00bb inline_fonts=\u00bbABeeZee\u00bb global_colors_info=\u00bb{}\u00bb]<\/p>\n<p><strong>Descripci\u00f3n de las asignaturas del m\u00f3dulo:<\/strong><\/p>\n<ul>\n<li>\u00c9tica Filos\u00f3fica y \u00c9tica Social (4 cr\u00e9ditos)<\/li>\n<li>Biojur\u00eddica (2 cr\u00e9ditos)<\/li>\n<li>\u00c9tica Te\u00f3noma y \u00c9tica de la Hospitalidad (4 cr\u00e9ditos)<\/li>\n<li>\u00c9tica y deontolog\u00eda profesional (2 cr\u00e9ditos)<\/li>\n<\/ul>\n<p>[\/et_pb_text][\/et_pb_column][\/et_pb_row][\/et_pb_section]<\/p>\n","protected":false},"excerpt":{"rendered":"<p>M\u00f3dulo 2: Fundamentaci\u00f3n de la Bio\u00e9ticaInicio\u00a0 M\u00f3dulo 2N\u00famero de cr\u00e9ditos:\u00a012,00\u00a0ECTSModalidad de impartici\u00f3n: A distanciaFechas de inicio-fin:\u00a009\/02\/2023 &#8211; 15\/07\/2023Horario:\u00a0Estudios a distancia, M\u00f3dulo\/Asignatura sin horario\u00c9TICA FILOS\u00d3FICA Y \u00c9TICA SOCIALObjetivos: Presentar los conceptos fundamentales de la Antropolog\u00eda. Iniciar al estudio del las teor\u00edas \u00e9ticas, autores y escuelas e introducir la reflexi\u00f3n sobre los problemas \u00e9ticos. Analizar los conceptos [&hellip;]<\/p>\n","protected":false},"author":1,"featured_media":0,"parent":0,"menu_order":0,"comment_status":"closed","ping_status":"closed","template":"","meta":{"_et_pb_use_builder":"on","_et_pb_old_content":"<!-- wp:divi\/placeholder \/-->","_et_gb_content_width":"","footnotes":""},"class_list":["post-100","page","type-page","status-publish","hentry"],"_links":{"self":[{"href":"https:\/\/master.us.es\/bioetica\/index.php\/wp-json\/wp\/v2\/pages\/100","targetHints":{"allow":["GET"]}}],"collection":[{"href":"https:\/\/master.us.es\/bioetica\/index.php\/wp-json\/wp\/v2\/pages"}],"about":[{"href":"https:\/\/master.us.es\/bioetica\/index.php\/wp-json\/wp\/v2\/types\/page"}],"author":[{"embeddable":true,"href":"https:\/\/master.us.es\/bioetica\/index.php\/wp-json\/wp\/v2\/users\/1"}],"replies":[{"embeddable":true,"href":"https:\/\/master.us.es\/bioetica\/index.php\/wp-json\/wp\/v2\/comments?post=100"}],"version-history":[{"count":11,"href":"https:\/\/master.us.es\/bioetica\/index.php\/wp-json\/wp\/v2\/pages\/100\/revisions"}],"predecessor-version":[{"id":353,"href":"https:\/\/master.us.es\/bioetica\/index.php\/wp-json\/wp\/v2\/pages\/100\/revisions\/353"}],"wp:attachment":[{"href":"https:\/\/master.us.es\/bioetica\/index.php\/wp-json\/wp\/v2\/media?parent=100"}],"curies":[{"name":"wp","href":"https:\/\/api.w.org\/{rel}","templated":true}]}}