{"id":17,"date":"2022-04-18T09:18:11","date_gmt":"2022-04-18T09:18:11","guid":{"rendered":"https:\/\/master.us.es\/bioetica\/?page_id=17"},"modified":"2022-09-01T10:00:13","modified_gmt":"2022-09-01T10:00:13","slug":"inicio","status":"publish","type":"page","link":"https:\/\/master.us.es\/bioetica\/","title":{"rendered":"Inicio"},"content":{"rendered":"<p>[et_pb_section fb_built=\u00bb1&#8243; admin_label=\u00bbHero section\u00bb _builder_version=\u00bb4.14.7&#8243; use_background_color_gradient=\u00bbon\u00bb background_color_gradient_start=\u00bbrgba(150,105,97,0.67)\u00bb background_color_gradient_end=\u00bbrgba(2,0,76,0.84)\u00bb background_color_gradient_overlays_image=\u00bbon\u00bb background_image=\u00bbhttps:\/\/master.us.es\/bioetica\/wp-content\/uploads\/2022\/06\/bioetica_y_humanizacion1.jpg\u00bb custom_padding=\u00bb10%||8%|||\u00bb locked=\u00bboff\u00bb global_colors_info=\u00bb{}\u00bb][et_pb_row use_custom_gutter=\u00bbon\u00bb gutter_width=\u00bb1&#8243; _builder_version=\u00bb4.14.7&#8243; _module_preset=\u00bbdefault\u00bb width=\u00bb100%\u00bb width_tablet=\u00bb70%\u00bb width_phone=\u00bb70%\u00bb width_last_edited=\u00bbon|desktop\u00bb max_width=\u00bb100%\u00bb max_width_tablet=\u00bb70%\u00bb max_width_phone=\u00bb70%\u00bb max_width_last_edited=\u00bbon|desktop\u00bb custom_margin=\u00bb-5%||40px||false|false\u00bb custom_margin_tablet=\u00bb||2%||false|false\u00bb custom_margin_phone=\u00bb||12%||false|false\u00bb custom_margin_last_edited=\u00bbon|phone\u00bb custom_css_main_element=\u00bbdisplay: flex;||flex-wrap: wrap;||align-content: center;\u00bb global_colors_info=\u00bb{}\u00bb][et_pb_column type=\u00bb4_4&#8243; _builder_version=\u00bb4.14.7&#8243; _module_preset=\u00bbdefault\u00bb global_colors_info=\u00bb{}\u00bb][et_pb_text _builder_version=\u00bb4.14.7&#8243; text_font=\u00bbLato|900|||||||\u00bb text_text_color=\u00bb#FFFFFF\u00bb text_font_size=\u00bb35px\u00bb text_letter_spacing=\u00bb1px\u00bb text_line_height=\u00bb1.8em\u00bb header_font=\u00bbLato|900|||||||\u00bb header_font_size=\u00bb80px\u00bb header_letter_spacing=\u00bb2px\u00bb header_line_height=\u00bb1.2em\u00bb text_orientation=\u00bbcenter\u00bb background_layout=\u00bbdark\u00bb custom_margin_tablet=\u00bb||20px||false|false\u00bb custom_margin_phone=\u00bb||0px||false|false\u00bb custom_margin_last_edited=\u00bboff|desktop\u00bb animation_style=\u00bbfold\u00bb text_font_size_tablet=\u00bb30px\u00bb text_font_size_phone=\u00bb20px\u00bb text_font_size_last_edited=\u00bbon|tablet\u00bb header_font_size_tablet=\u00bb46px\u00bb header_font_size_phone=\u00bb46px\u00bb header_font_size_last_edited=\u00bbon|tablet\u00bb text_text_shadow_style=\u00bbpreset2&#8243; locked=\u00bboff\u00bb global_colors_info=\u00bb{}\u00bb]<\/p>\n<p>M\u00e1ster Propio en Bio\u00e9tica y Humanizaci\u00f3n de la Asistencia On Line (2022-2023)<\/p>\n<p>[\/et_pb_text][\/et_pb_column][\/et_pb_row][\/et_pb_section][et_pb_section fb_built=\u00bb1&#8243; _builder_version=\u00bb4.14.7&#8243; background_color=\u00bb#8D0739&#8243; background_image=\u00bbhttp:\/\/80.36.144.146:8085\/cpaliativos\/wp-content\/uploads\/2022\/06\/cfp_maya_edificio_nb.png\u00bb background_position=\u00bbcenter_left\u00bb background_blend=\u00bbmultiply\u00bb custom_padding=\u00bb55px||100px||false|false\u00bb background_last_edited=\u00bbon|phone\u00bb background_image_tablet=\u00bbhttp:\/\/80.36.144.146:8085\/cpaliativos\/wp-content\/uploads\/2022\/06\/cfp_maya_edificio_nb.png\u00bb background_image_phone=\u00bbhttp:\/\/80.36.144.146:8085\/cpaliativos\/wp-content\/uploads\/2022\/06\/cfp_maya_edificio_nb.png\u00bb background_enable_image_tablet=\u00bbon\u00bb background_enable_image_phone=\u00bbon\u00bb locked=\u00bboff\u00bb global_colors_info=\u00bb{}\u00bb][et_pb_row use_custom_gutter=\u00bbon\u00bb gutter_width=\u00bb1&#8243; custom_padding_last_edited=\u00bbon|desktop\u00bb _builder_version=\u00bb4.14.7&#8243; background_color=\u00bb#ffffff\u00bb background_size=\u00bbinitial\u00bb background_position=\u00bbtop_left\u00bb background_repeat=\u00bbrepeat\u00bb max_width=\u00bb1440px\u00bb custom_margin=\u00bb-13%||||false|false\u00bb custom_margin_tablet=\u00bb-15%||||false|false\u00bb custom_margin_phone=\u00bb-30%||||false|false\u00bb custom_margin_last_edited=\u00bbon|desktop\u00bb custom_padding=\u00bb30px|0px|30px|0px|true|false\u00bb custom_padding_tablet=\u00bb5px||5px||true|false\u00bb custom_padding_phone=\u00bb5px|0px|5px|0px|true|false\u00bb animation_style=\u00bbslide\u00bb animation_direction=\u00bbbottom\u00bb animation_intensity_slide=\u00bb6%\u00bb animation_starting_opacity=\u00bb100%\u00bb border_radii=\u00bbon|15px|15px|15px|15px\u00bb border_color_all=\u00bb#8D0739&#8243; border_width_top=\u00bb18px\u00bb box_shadow_style=\u00bbpreset1&#8243; box_shadow_blur=\u00bb10px\u00bb box_shadow_spread=\u00bb10px\u00bb box_shadow_color=\u00bbrgba(0,0,0,0.1)\u00bb use_custom_width=\u00bbon\u00bb custom_width_px=\u00bb1440px\u00bb global_colors_info=\u00bb{}\u00bb][et_pb_column type=\u00bb4_4&#8243; _builder_version=\u00bb3.25&#8243; custom_padding=\u00bb|40px||40px\u00bb global_colors_info=\u00bb{}\u00bb custom_padding__hover=\u00bb|||\u00bb][et_pb_text _builder_version=\u00bb4.14.7&#8243; _module_preset=\u00bbdefault\u00bb text_font=\u00bb|600|||||||\u00bb text_text_color=\u00bb#8D0739&#8243; text_font_size=\u00bb13px\u00bb link_text_color=\u00bb#055169&#8243; custom_margin=\u00bb||30px||false|false\u00bb locked=\u00bboff\u00bb global_colors_info=\u00bb{}\u00bb][\/et_pb_text][et_pb_text _builder_version=\u00bb4.14.7&#8243; _module_preset=\u00bbdefault\u00bb text_text_color=\u00bb#3F3F3E\u00bb text_orientation=\u00bbjustified\u00bb global_colors_info=\u00bb{}\u00bb]<\/p>\n<p>Hoy en d\u00eda, la precisi\u00f3n de los adelantos t\u00e9cnicos y los cambios culturales han condicionado nuevos estilos de relaci\u00f3n de los profesionales de la salud y de los servicios sociales con las personas a las que atienden.<\/p>\n<p>Estas relaciones se ven influidas por criterios de asistencia en los que a la constante incorporaci\u00f3n de nuevas tecnolog\u00edas biosanitarias debe unirse una dedicaci\u00f3n profesional impregnada de elementos humanistas.<\/p>\n<p>En el centro de este escenario encontramos la Bio\u00e9tica como disciplina que promociona el derecho a una atenci\u00f3n integral y humanizada de las personas en sus problemas relacionados con la salud y la vida social.<\/p>\n<p>El Centro Universitario de Enfermer\u00eda San Juan de Dios y el Centro de Formaci\u00f3n Permanente de la Universidad de Sevilla ofrecen una formaci\u00f3n avanzada en Bio\u00e9tica con este programa universitario de postgrado que resulta imprescindible para lograr un ejercicio profesional de excelencia en el mundo de la salud.<\/p>\n<p>[\/et_pb_text][et_pb_button button_url=\u00bbhttps:\/\/cfp.us.es\/cursos\/mu\/bioetica-y-humanizacion-de-la-asistencia-online\/6504\/\u00bb url_new_window=\u00bbon\u00bb button_text=\u00bbFicha del Curso y Preinscripci\u00f3n\u00bb button_alignment=\u00bbcenter\u00bb _builder_version=\u00bb4.14.7&#8243; _module_preset=\u00bbdefault\u00bb custom_button=\u00bbon\u00bb button_text_size=\u00bb15px\u00bb button_text_color=\u00bb#FFFFFF\u00bb button_bg_color=\u00bb#8D0739&#8243; button_border_width=\u00bb0px\u00bb button_border_color=\u00bbRGBA(255,255,255,0)\u00bb button_border_radius=\u00bb5px\u00bb button_letter_spacing=\u00bb0px\u00bb button_icon=\u00bb&#x3d;||divi||400&#8243; custom_margin=\u00bb50px||||false|false\u00bb custom_margin_tablet=\u00bb40px||35px||false|false\u00bb custom_margin_phone=\u00bb30px||25px||false|false\u00bb custom_margin_last_edited=\u00bbon|phone\u00bb animation_style=\u00bbfade\u00bb locked=\u00bboff\u00bb global_colors_info=\u00bb{}\u00bb][\/et_pb_button][\/et_pb_column][\/et_pb_row][et_pb_row column_structure=\u00bb1_4,1_4,1_4,1_4&#8243; use_custom_gutter=\u00bbon\u00bb gutter_width=\u00bb1&#8243; make_equal=\u00bbon\u00bb _builder_version=\u00bb4.14.7&#8243; _module_preset=\u00bbdefault\u00bb transform_scale=\u00bb90%|90%\u00bb width=\u00bb100%\u00bb max_width=\u00bb95%\u00bb module_alignment=\u00bbcenter\u00bb custom_margin=\u00bb70px||||false|false\u00bb locked=\u00bboff\u00bb global_colors_info=\u00bb{}\u00bb][et_pb_column type=\u00bb1_4&#8243; _builder_version=\u00bb4.14.7&#8243; _module_preset=\u00bbdefault\u00bb global_colors_info=\u00bb{}\u00bb][et_pb_code _builder_version=\u00bb4.14.7&#8243; _module_preset=\u00bbdefault\u00bb transform_scale=\u00bb95%|95%\u00bb text_orientation=\u00bbcenter\u00bb link_option_url=\u00bbhttps:\/\/master.us.es\/bioetica\/index.php\/objetivos\/\u00bb hover_enabled=\u00bb0&#8243; global_colors_info=\u00bb{}\u00bb sticky_enabled=\u00bb0&#8243;]<script src=\"https:\/\/cdn.lordicon.com\/xdjxvujz.js\"><\/script><!-- [et_pb_line_break_holder] --><lord-icon<!-- [et_pb_line_break_holder] -->    src=\u00bbhttps:\/\/cdn.lordicon.com\/eykoraoo.json\u00bb<!-- [et_pb_line_break_holder] -->    trigger=\u00bbhover\u00bb<!-- [et_pb_line_break_holder] -->    colors=\u00bboutline:#ffffff,primary:#c4c4c4,secondary:#8d0739,tertiary:#8d0739&#8243;<!-- [et_pb_line_break_holder] -->    style=\u00bbwidth:250px;height:250px\u00bb><!-- [et_pb_line_break_holder] --><\/lord-icon>[\/et_pb_code][et_pb_text _builder_version=\u00bb4.14.7&#8243; text_font=\u00bbLato|900||on|||||\u00bb text_text_color=\u00bb#FFFFFF\u00bb text_font_size=\u00bb20px\u00bb text_letter_spacing=\u00bb1px\u00bb text_line_height=\u00bb0.7em\u00bb header_font=\u00bbLato|900|||||||\u00bb header_font_size=\u00bb80px\u00bb header_letter_spacing=\u00bb2px\u00bb header_line_height=\u00bb1.2em\u00bb text_orientation=\u00bbcenter\u00bb background_layout=\u00bbdark\u00bb animation_style=\u00bbfold\u00bb link_option_url=\u00bbhttps:\/\/master.us.es\/bioetica\/index.php\/objetivos\/\u00bb text_font_size_tablet=\u00bb30px\u00bb text_font_size_phone=\u00bb20px\u00bb text_font_size_last_edited=\u00bbon|tablet\u00bb header_font_size_tablet=\u00bb46px\u00bb header_font_size_phone=\u00bb46px\u00bb header_font_size_last_edited=\u00bbon|tablet\u00bb text_text_shadow_style=\u00bbpreset2&#8243; locked=\u00bboff\u00bb global_colors_info=\u00bb{}\u00bb custom_margin_last_edited=\u00bbon|phone\u00bb hover_enabled=\u00bb0&#8243; sticky_enabled=\u00bb0&#8243; custom_margin_tablet=\u00bb||20px||false|false\u00bb custom_margin_phone=\u00bb||50px||false|false\u00bb]<\/p>\n<p>Objetivos<\/p>\n<p>del Curso<\/p>\n<p>[\/et_pb_text][\/et_pb_column][et_pb_column type=\u00bb1_4&#8243; _builder_version=\u00bb4.14.7&#8243; _module_preset=\u00bbdefault\u00bb global_colors_info=\u00bb{}\u00bb][et_pb_code _builder_version=\u00bb4.14.7&#8243; _module_preset=\u00bbdefault\u00bb transform_scale=\u00bb95%|95%\u00bb text_orientation=\u00bbcenter\u00bb link_option_url=\u00bbhttps:\/\/master.us.es\/bioetica\/index.php\/competencias\/\u00bb global_colors_info=\u00bb{}\u00bb]<script src=\"https:\/\/cdn.lordicon.com\/xdjxvujz.js\"><\/script><!-- [et_pb_line_break_holder] --><lord-icon<!-- [et_pb_line_break_holder] -->    src=\u00bbhttps:\/\/cdn.lordicon.com\/gowvgfsi.json\u00bb<!-- [et_pb_line_break_holder] -->    trigger=\u00bbhover\u00bb<!-- [et_pb_line_break_holder] -->    colors=\u00bboutline:#ffffff,primary:#c4c4c4,secondary:#8d0739,tertiary:#ebe6ef\u00bb<!-- [et_pb_line_break_holder] -->    style=\u00bbwidth:250px;height:250px\u00bb><!-- [et_pb_line_break_holder] --><\/lord-icon>[\/et_pb_code][et_pb_text _builder_version=\u00bb4.14.7&#8243; text_font=\u00bbLato|900||on|||||\u00bb text_text_color=\u00bb#FFFFFF\u00bb text_font_size=\u00bb20px\u00bb text_letter_spacing=\u00bb1px\u00bb text_line_height=\u00bb0.7em\u00bb header_font=\u00bbLato|900|||||||\u00bb header_font_size=\u00bb80px\u00bb header_letter_spacing=\u00bb2px\u00bb header_line_height=\u00bb1.2em\u00bb text_orientation=\u00bbcenter\u00bb background_layout=\u00bbdark\u00bb custom_margin=\u00bb||50px||false|false\u00bb animation_style=\u00bbfold\u00bb link_option_url=\u00bbhttps:\/\/master.us.es\/bioetica\/index.php\/competencias\/\u00bb hover_enabled=\u00bb0&#8243; text_font_size_tablet=\u00bb30px\u00bb text_font_size_phone=\u00bb20px\u00bb text_font_size_last_edited=\u00bbon|tablet\u00bb header_font_size_tablet=\u00bb46px\u00bb header_font_size_phone=\u00bb46px\u00bb header_font_size_last_edited=\u00bbon|tablet\u00bb text_text_shadow_style=\u00bbpreset2&#8243; locked=\u00bboff\u00bb global_colors_info=\u00bb{}\u00bb sticky_enabled=\u00bb0&#8243;]<\/p>\n<p>Competencias<\/p>\n<p>Generales<\/p>\n<p>[\/et_pb_text][\/et_pb_column][et_pb_column type=\u00bb1_4&#8243; _builder_version=\u00bb4.14.7&#8243; _module_preset=\u00bbdefault\u00bb global_colors_info=\u00bb{}\u00bb][et_pb_code _builder_version=\u00bb4.14.7&#8243; _module_preset=\u00bbdefault\u00bb transform_scale=\u00bb95%|95%\u00bb text_orientation=\u00bbcenter\u00bb link_option_url=\u00bbhttps:\/\/master.us.es\/bioetica\/index.php\/estructura\/\u00bb global_colors_info=\u00bb{}\u00bb]<script src=\"https:\/\/cdn.lordicon.com\/xdjxvujz.js\"><\/script><!-- [et_pb_line_break_holder] --><lord-icon<!-- [et_pb_line_break_holder] -->    src=\u00bbhttps:\/\/cdn.lordicon.com\/pqxdilfs.json\u00bb<!-- [et_pb_line_break_holder] -->    trigger=\u00bbhover\u00bb<!-- [et_pb_line_break_holder] -->    colors=\u00bboutline:#ffffff,primary:#c4c4c4,secondary:#8d0739,tertiary:#ebe6ef\u00bb<!-- [et_pb_line_break_holder] -->    style=\u00bbwidth:250px;height:250px\u00bb><!-- [et_pb_line_break_holder] --><\/lord-icon>[\/et_pb_code][et_pb_text _builder_version=\u00bb4.14.7&#8243; text_font=\u00bbLato|900||on|||||\u00bb text_text_color=\u00bb#FFFFFF\u00bb text_font_size=\u00bb20px\u00bb text_letter_spacing=\u00bb1px\u00bb text_line_height=\u00bb0.7em\u00bb header_font=\u00bbLato|900|||||||\u00bb header_font_size=\u00bb80px\u00bb header_letter_spacing=\u00bb2px\u00bb header_line_height=\u00bb1.2em\u00bb text_orientation=\u00bbcenter\u00bb background_layout=\u00bbdark\u00bb custom_margin=\u00bb||50px||false|false\u00bb animation_style=\u00bbfold\u00bb link_option_url=\u00bbhttps:\/\/master.us.es\/bioetica\/index.php\/estructura\/\u00bb hover_enabled=\u00bb0&#8243; text_font_size_tablet=\u00bb30px\u00bb text_font_size_phone=\u00bb20px\u00bb text_font_size_last_edited=\u00bbon|tablet\u00bb header_font_size_tablet=\u00bb46px\u00bb header_font_size_phone=\u00bb46px\u00bb header_font_size_last_edited=\u00bbon|tablet\u00bb text_text_shadow_style=\u00bbpreset2&#8243; locked=\u00bboff\u00bb global_colors_info=\u00bb{}\u00bb sticky_enabled=\u00bb0&#8243;]<\/p>\n<p>Estructura<\/p>\n<p>del Curso<\/p>\n<p>y Duraci\u00f3n<\/p>\n<p>[\/et_pb_text][\/et_pb_column][et_pb_column type=\u00bb1_4&#8243; _builder_version=\u00bb4.14.7&#8243; _module_preset=\u00bbdefault\u00bb global_colors_info=\u00bb{}\u00bb][et_pb_code _builder_version=\u00bb4.14.7&#8243; _module_preset=\u00bbdefault\u00bb transform_scale=\u00bb95%|95%\u00bb text_orientation=\u00bbcenter\u00bb link_option_url=\u00bbhttps:\/\/master.us.es\/bioetica\/index.php\/matricula\/\u00bb global_colors_info=\u00bb{}\u00bb]<script src=\"https:\/\/cdn.lordicon.com\/xdjxvujz.js\"><\/script><!-- [et_pb_line_break_holder] --><lord-icon<!-- [et_pb_line_break_holder] -->    src=\u00bbhttps:\/\/cdn.lordicon.com\/kqcykigc.json\u00bb<!-- [et_pb_line_break_holder] -->    trigger=\u00bbhover\u00bb<!-- [et_pb_line_break_holder] -->    colors=\u00bboutline:#ffffff,primary:#92140c,secondary:#c4c4c4&#8243;<!-- [et_pb_line_break_holder] -->    style=\u00bbwidth:250px;height:250px\u00bb><!-- [et_pb_line_break_holder] --><\/lord-icon><!-- [et_pb_line_break_holder] -->[\/et_pb_code][et_pb_text _builder_version=\u00bb4.14.7&#8243; text_font=\u00bbLato|900||on|||||\u00bb text_text_color=\u00bb#FFFFFF\u00bb text_font_size=\u00bb20px\u00bb text_letter_spacing=\u00bb1px\u00bb text_line_height=\u00bb0.7em\u00bb header_font=\u00bbLato|900|||||||\u00bb header_font_size=\u00bb80px\u00bb header_letter_spacing=\u00bb2px\u00bb header_line_height=\u00bb1.2em\u00bb text_orientation=\u00bbcenter\u00bb background_layout=\u00bbdark\u00bb animation_style=\u00bbfold\u00bb link_option_url=\u00bbhttps:\/\/master.us.es\/bioetica\/index.php\/matricula\/\u00bb text_font_size_tablet=\u00bb30px\u00bb text_font_size_phone=\u00bb20px\u00bb text_font_size_last_edited=\u00bbon|tablet\u00bb header_font_size_tablet=\u00bb46px\u00bb header_font_size_phone=\u00bb46px\u00bb header_font_size_last_edited=\u00bbon|tablet\u00bb text_text_shadow_style=\u00bbpreset2&#8243; locked=\u00bboff\u00bb global_colors_info=\u00bb{}\u00bb]<\/p>\n<p>Matr\u00edcula<\/p>\n<p>[\/et_pb_text][\/et_pb_column][\/et_pb_row][\/et_pb_section]<\/p>\n","protected":false},"excerpt":{"rendered":"<p>M\u00e1ster Propio en Bio\u00e9tica y Humanizaci\u00f3n de la Asistencia On Line (2022-2023)Hoy en d\u00eda, la precisi\u00f3n de los adelantos t\u00e9cnicos y los cambios culturales han condicionado nuevos estilos de relaci\u00f3n de los profesionales de la salud y de los servicios sociales con las personas a las que atienden. Estas relaciones se ven influidas por criterios [&hellip;]<\/p>\n","protected":false},"author":1,"featured_media":0,"parent":0,"menu_order":0,"comment_status":"closed","ping_status":"closed","template":"","meta":{"_et_pb_use_builder":"on","_et_pb_old_content":"","_et_gb_content_width":"","footnotes":""},"class_list":["post-17","page","type-page","status-publish","hentry"],"_links":{"self":[{"href":"https:\/\/master.us.es\/bioetica\/index.php\/wp-json\/wp\/v2\/pages\/17","targetHints":{"allow":["GET"]}}],"collection":[{"href":"https:\/\/master.us.es\/bioetica\/index.php\/wp-json\/wp\/v2\/pages"}],"about":[{"href":"https:\/\/master.us.es\/bioetica\/index.php\/wp-json\/wp\/v2\/types\/page"}],"author":[{"embeddable":true,"href":"https:\/\/master.us.es\/bioetica\/index.php\/wp-json\/wp\/v2\/users\/1"}],"replies":[{"embeddable":true,"href":"https:\/\/master.us.es\/bioetica\/index.php\/wp-json\/wp\/v2\/comments?post=17"}],"version-history":[{"count":34,"href":"https:\/\/master.us.es\/bioetica\/index.php\/wp-json\/wp\/v2\/pages\/17\/revisions"}],"predecessor-version":[{"id":346,"href":"https:\/\/master.us.es\/bioetica\/index.php\/wp-json\/wp\/v2\/pages\/17\/revisions\/346"}],"wp:attachment":[{"href":"https:\/\/master.us.es\/bioetica\/index.php\/wp-json\/wp\/v2\/media?parent=17"}],"curies":[{"name":"wp","href":"https:\/\/api.w.org\/{rel}","templated":true}]}}