{"id":66,"date":"2022-04-18T21:27:31","date_gmt":"2022-04-18T21:27:31","guid":{"rendered":"https:\/\/master.us.es\/bioetica\/?page_id=66"},"modified":"2022-09-01T10:18:00","modified_gmt":"2022-09-01T10:18:00","slug":"modulo-1","status":"publish","type":"page","link":"https:\/\/master.us.es\/bioetica\/index.php\/modulo-1\/","title":{"rendered":"M\u00f3dulo 1"},"content":{"rendered":"<p>[et_pb_section fb_built=\u00bb1&#8243; admin_label=\u00bbHero section\u00bb _builder_version=\u00bb4.14.7&#8243; use_background_color_gradient=\u00bbon\u00bb background_color_gradient_start=\u00bbrgba(150,105,97,0.67)\u00bb background_color_gradient_end=\u00bbrgba(2,0,76,0.84)\u00bb background_color_gradient_overlays_image=\u00bbon\u00bb background_image=\u00bbhttps:\/\/master.us.es\/bioetica\/wp-content\/uploads\/2022\/06\/bioetica_y_humanizacion1.jpg\u00bb custom_padding=\u00bb10%||8%|||\u00bb locked=\u00bboff\u00bb global_colors_info=\u00bb{}\u00bb][et_pb_row use_custom_gutter=\u00bbon\u00bb gutter_width=\u00bb1&#8243; _builder_version=\u00bb4.14.7&#8243; _module_preset=\u00bbdefault\u00bb width=\u00bb100%\u00bb width_tablet=\u00bb70%\u00bb width_phone=\u00bb70%\u00bb width_last_edited=\u00bbon|desktop\u00bb max_width=\u00bb100%\u00bb max_width_tablet=\u00bb70%\u00bb max_width_phone=\u00bb70%\u00bb max_width_last_edited=\u00bbon|desktop\u00bb custom_margin=\u00bb-5%||40px||false|false\u00bb custom_margin_tablet=\u00bb||2%||false|false\u00bb custom_margin_phone=\u00bb||12%||false|false\u00bb custom_margin_last_edited=\u00bbon|phone\u00bb custom_css_main_element=\u00bbdisplay: flex;||flex-wrap: wrap;||align-content: center;\u00bb global_colors_info=\u00bb{}\u00bb][et_pb_column type=\u00bb4_4&#8243; _builder_version=\u00bb4.14.7&#8243; _module_preset=\u00bbdefault\u00bb global_colors_info=\u00bb{}\u00bb][et_pb_text _builder_version=\u00bb4.14.7&#8243; _module_preset=\u00bbdefault\u00bb text_font=\u00bbLato|900|||||||\u00bb text_text_color=\u00bb#FFFFFF\u00bb text_font_size=\u00bb35px\u00bb text_letter_spacing=\u00bb1px\u00bb text_line_height=\u00bb1.8em\u00bb header_font=\u00bbLato|900|||||||\u00bb header_font_size=\u00bb80px\u00bb header_letter_spacing=\u00bb2px\u00bb header_line_height=\u00bb1.2em\u00bb text_orientation=\u00bbcenter\u00bb background_layout=\u00bbdark\u00bb animation_style=\u00bbfold\u00bb text_font_size_tablet=\u00bb30px\u00bb text_font_size_phone=\u00bb20px\u00bb text_font_size_last_edited=\u00bbon|tablet\u00bb header_font_size_tablet=\u00bb46px\u00bb header_font_size_phone=\u00bb46px\u00bb header_font_size_last_edited=\u00bbon|tablet\u00bb text_text_shadow_style=\u00bbpreset2&#8243; locked=\u00bboff\u00bb global_colors_info=\u00bb{}\u00bb]<\/p>\n<p>M\u00f3dulo 1: \u00c9tica y Bio\u00e9tica: Historia, Teor\u00eda y M\u00e9todo<\/p>\n<p>[\/et_pb_text][\/et_pb_column][\/et_pb_row][\/et_pb_section][et_pb_section fb_built=\u00bb1&#8243; _builder_version=\u00bb4.14.7&#8243; background_color=\u00bb#8D0739&#8243; background_image=\u00bbhttps:\/\/master.us.es\/bioetica\/wp-content\/uploads\/2022\/06\/Maese-Rodrigo-fundador-de-la-Universidad-de-Sevilla.png\u00bb background_blend=\u00bbmultiply\u00bb custom_padding=\u00bb55px||170px||false|false\u00bb hover_enabled=\u00bb0&#8243; locked=\u00bboff\u00bb global_colors_info=\u00bb{}\u00bb background_last_edited=\u00bbon|phone\u00bb sticky_enabled=\u00bb0&#8243; background_enable_image_phone=\u00bboff\u00bb][et_pb_row use_custom_gutter=\u00bbon\u00bb gutter_width=\u00bb1&#8243; custom_padding_last_edited=\u00bbon|desktop\u00bb _builder_version=\u00bb4.14.7&#8243; background_color=\u00bb#ffffff\u00bb background_size=\u00bbinitial\u00bb background_position=\u00bbtop_left\u00bb background_repeat=\u00bbrepeat\u00bb max_width=\u00bb1440px\u00bb custom_margin=\u00bb-13%||||false|false\u00bb custom_margin_tablet=\u00bb-15%||||false|false\u00bb custom_margin_phone=\u00bb-30%||||false|false\u00bb custom_margin_last_edited=\u00bbon|phone\u00bb custom_padding=\u00bb40px|0px|40px|0px|true|false\u00bb custom_padding_tablet=\u00bb40px||40px||true|false\u00bb custom_padding_phone=\u00bb40px|0px|40px|0px|true|false\u00bb animation_style=\u00bbslide\u00bb animation_direction=\u00bbbottom\u00bb animation_intensity_slide=\u00bb6%\u00bb animation_starting_opacity=\u00bb100%\u00bb border_radii=\u00bbon|15px|15px|15px|15px\u00bb border_color_all=\u00bb#8D0739&#8243; border_width_top=\u00bb18px\u00bb box_shadow_style=\u00bbpreset1&#8243; box_shadow_blur=\u00bb10px\u00bb box_shadow_spread=\u00bb10px\u00bb box_shadow_color=\u00bbrgba(0,0,0,0.1)\u00bb use_custom_width=\u00bbon\u00bb custom_width_px=\u00bb1440px\u00bb global_colors_info=\u00bb{}\u00bb][et_pb_column type=\u00bb4_4&#8243; _builder_version=\u00bb3.25&#8243; custom_padding=\u00bb|40px||40px\u00bb global_colors_info=\u00bb{}\u00bb custom_padding__hover=\u00bb|||\u00bb][et_pb_text _builder_version=\u00bb4.14.7&#8243; _module_preset=\u00bbdefault\u00bb text_font=\u00bb|600|||||||\u00bb text_text_color=\u00bb#8D0739&#8243; text_font_size=\u00bb13px\u00bb link_text_color=\u00bb#055169&#8243; custom_margin=\u00bb||30px||false|false\u00bb locked=\u00bboff\u00bb global_colors_info=\u00bb{}\u00bb]<\/p>\n<p><a href=\"https:\/\/master.us.es\/bioetica\/\">Inicio<\/a>\u00a0<svg xmlns=\"http:\/\/www.w3.org\/2000\/svg\" viewbox=\"-11 -2 30 17\" width=\"15\" fill=\"currentColor\"><path d=\"M5.314 7.071l-4.95-4.95A1 1 0 0 1 1.778.707l5.657 5.657a1 1 0 0 1 0 1.414l-5.657 5.657a1 1 0 0 1-1.414-1.414l4.95-4.95z\"><\/path><\/svg> M\u00f3dulo 1<\/p>\n<p>[\/et_pb_text][et_pb_text _builder_version=\u00bb4.14.7&#8243; _module_preset=\u00bbdefault\u00bb text_text_color=\u00bb#3F3F3E\u00bb text_orientation=\u00bbjustified\u00bb text_orientation_tablet=\u00bbjustified\u00bb text_orientation_phone=\u00bbleft\u00bb text_orientation_last_edited=\u00bbon|tablet\u00bb inline_fonts=\u00bbABeeZee\u00bb global_colors_info=\u00bb{}\u00bb]<\/p>\n<p><strong>N\u00famero de cr\u00e9ditos:<\/strong><span>\u00a02,00 ECTS<\/span><br \/><strong>Modalidad de impartici\u00f3n:<\/strong><span> <\/span><span>A distancia<\/span><br \/><strong>Fechas de inicio-fin:<\/strong><span>\u00a024\/01\/2023 &#8211; 23\/02\/2023<\/span><br \/><strong>Horario:<\/strong><span>\u00a0Estudios a distancia, M\u00f3dulo\/Asignatura sin horario<\/span><\/p>\n<p>[\/et_pb_text][\/et_pb_column][\/et_pb_row][et_pb_row use_custom_gutter=\u00bbon\u00bb gutter_width=\u00bb1&#8243; make_equal=\u00bbon\u00bb _builder_version=\u00bb4.14.7&#8243; background_color=\u00bb#ffffff\u00bb background_size=\u00bbinitial\u00bb background_position=\u00bbtop_left\u00bb background_repeat=\u00bbrepeat\u00bb max_width=\u00bb1440px\u00bb custom_margin=\u00bb5%||||false|false\u00bb custom_padding=\u00bb40px|0px|40px|0px|true|false\u00bb animation_style=\u00bbslide\u00bb animation_direction=\u00bbbottom\u00bb animation_intensity_slide=\u00bb6%\u00bb animation_starting_opacity=\u00bb100%\u00bb border_radii=\u00bbon|15px|15px|15px|15px\u00bb border_color_all=\u00bb#8D0739&#8243; border_width_top=\u00bb18px\u00bb box_shadow_style=\u00bbpreset1&#8243; box_shadow_blur=\u00bb10px\u00bb box_shadow_spread=\u00bb10px\u00bb box_shadow_color=\u00bbrgba(0,0,0,0.1)\u00bb use_custom_width=\u00bbon\u00bb custom_width_px=\u00bb1440px\u00bb locked=\u00bboff\u00bb global_colors_info=\u00bb{}\u00bb][et_pb_column type=\u00bb4_4&#8243; _builder_version=\u00bb4.14.7&#8243; custom_padding=\u00bb|40px||40px\u00bb border_color_right=\u00bb#C4C4C4&#8243; global_colors_info=\u00bb{}\u00bb custom_padding__hover=\u00bb|||\u00bb][et_pb_text _builder_version=\u00bb4.14.7&#8243; _module_preset=\u00bbdefault\u00bb text_font=\u00bb|600|||on||||\u00bb text_text_color=\u00bb#8D0739&#8243; custom_margin=\u00bb10px||5px||false|false\u00bb global_colors_info=\u00bb{}\u00bb]<\/p>\n<p>Objetivos:<\/p>\n<p>[\/et_pb_text][et_pb_text _builder_version=\u00bb4.14.7&#8243; _module_preset=\u00bbdefault\u00bb text_font=\u00bbArial|||||||#3F3F3E|\u00bb text_text_color=\u00bb#3F3F3E\u00bb text_orientation=\u00bbjustified\u00bb global_colors_info=\u00bb{}\u00bb]<\/p>\n<ul>\n<li>Presentar el origen hist\u00f3rico y los motivos del nacimiento de la Bio\u00e9tica.<\/li>\n<li>Adquirir los conocimientos sobre los distintos paradigmas bio\u00e9ticos para aplicarlos a los casos cl\u00ednicos.<\/li>\n<\/ul>\n<p>[\/et_pb_text][et_pb_text _builder_version=\u00bb4.14.7&#8243; _module_preset=\u00bbdefault\u00bb text_font=\u00bb|600|||on||||\u00bb text_text_color=\u00bb#8D0739&#8243; custom_margin=\u00bb10px||5px||false|false\u00bb global_colors_info=\u00bb{}\u00bb]<\/p>\n<p>Contenidos:<\/p>\n<p>[\/et_pb_text][et_pb_text _builder_version=\u00bb4.14.7&#8243; _module_preset=\u00bbdefault\u00bb text_font=\u00bbArial|||||||#3F3F3E|\u00bb text_text_color=\u00bb#3F3F3E\u00bb text_orientation=\u00bbjustified\u00bb global_colors_info=\u00bb{}\u00bb]<\/p>\n<ul>\n<li>Historia de la Bio\u00e9tica. Razones de su nacimiento, metodolog\u00eda y desarrollo hist\u00f3rico. La Bio\u00e9tica en Europa, Espa\u00f1a y Andaluc\u00eda. Historia de las profesiones sanitarias en relaci\u00f3n con la Bio\u00e9tica.<\/li>\n<li>Hechos y valores. Procedimientos en la toma de decisiones cl\u00ednicas, en Medicina, en \u00c9tica y en Derecho: similitudes y diferencias.<\/li>\n<li>Paradigmas en Bio\u00e9tica: m\u00e9todo principialista, m\u00e9todo casu\u00edstico, m\u00e9todo cl\u00ednico, m\u00e9todos sincr\u00e9ticos y otros.<\/li>\n<\/ul>\n<p>[\/et_pb_text][\/et_pb_column][\/et_pb_row][et_pb_row use_custom_gutter=\u00bbon\u00bb gutter_width=\u00bb1&#8243; _builder_version=\u00bb4.14.7&#8243; background_color=\u00bb#ffffff\u00bb background_size=\u00bbinitial\u00bb background_position=\u00bbtop_left\u00bb background_repeat=\u00bbrepeat\u00bb max_width=\u00bb1440px\u00bb custom_margin=\u00bb5%||||false|false\u00bb custom_padding=\u00bb40px|0px|40px|0px|true|false\u00bb animation_style=\u00bbslide\u00bb animation_direction=\u00bbbottom\u00bb animation_intensity_slide=\u00bb6%\u00bb animation_starting_opacity=\u00bb100%\u00bb border_radii=\u00bbon|15px|15px|15px|15px\u00bb border_color_all=\u00bb#8D0739&#8243; border_width_top=\u00bb18px\u00bb box_shadow_style=\u00bbpreset1&#8243; box_shadow_blur=\u00bb10px\u00bb box_shadow_spread=\u00bb10px\u00bb box_shadow_color=\u00bbrgba(0,0,0,0.1)\u00bb use_custom_width=\u00bbon\u00bb custom_width_px=\u00bb1440px\u00bb global_colors_info=\u00bb{}\u00bb][et_pb_column type=\u00bb4_4&#8243; _builder_version=\u00bb3.25&#8243; custom_padding=\u00bb|40px||40px\u00bb global_colors_info=\u00bb{}\u00bb custom_padding__hover=\u00bb|||\u00bb][et_pb_text _builder_version=\u00bb4.14.7&#8243; _module_preset=\u00bbdefault\u00bb text_text_color=\u00bb#3F3F3E\u00bb text_orientation=\u00bbjustified\u00bb text_orientation_tablet=\u00bbjustified\u00bb text_orientation_phone=\u00bbleft\u00bb text_orientation_last_edited=\u00bbon|phone\u00bb inline_fonts=\u00bbABeeZee\u00bb global_colors_info=\u00bb{}\u00bb]<\/p>\n<p><strong>Descripci\u00f3n de las asignaturas del m\u00f3dulo:<\/strong><\/p>\n<ul><\/ul>\n<ul>\n<li>\u00c9tica y Bio\u00e9tica: Historia, teor\u00eda y m\u00e9todo (2 cr\u00e9ditos)<\/li>\n<\/ul>\n<p>[\/et_pb_text][\/et_pb_column][\/et_pb_row][\/et_pb_section]<\/p>\n","protected":false},"excerpt":{"rendered":"<p>M\u00f3dulo 1: \u00c9tica y Bio\u00e9tica: Historia, Teor\u00eda y M\u00e9todoInicio\u00a0 M\u00f3dulo 1N\u00famero de cr\u00e9ditos:\u00a02,00 ECTSModalidad de impartici\u00f3n: A distanciaFechas de inicio-fin:\u00a024\/01\/2023 &#8211; 23\/02\/2023Horario:\u00a0Estudios a distancia, M\u00f3dulo\/Asignatura sin horarioObjetivos: Presentar el origen hist\u00f3rico y los motivos del nacimiento de la Bio\u00e9tica. Adquirir los conocimientos sobre los distintos paradigmas bio\u00e9ticos para aplicarlos a los casos cl\u00ednicos. Contenidos: Historia [&hellip;]<\/p>\n","protected":false},"author":1,"featured_media":0,"parent":0,"menu_order":0,"comment_status":"closed","ping_status":"closed","template":"","meta":{"_et_pb_use_builder":"on","_et_pb_old_content":"<!-- wp:divi\/placeholder \/-->","_et_gb_content_width":"","footnotes":""},"class_list":["post-66","page","type-page","status-publish","hentry"],"_links":{"self":[{"href":"https:\/\/master.us.es\/bioetica\/index.php\/wp-json\/wp\/v2\/pages\/66","targetHints":{"allow":["GET"]}}],"collection":[{"href":"https:\/\/master.us.es\/bioetica\/index.php\/wp-json\/wp\/v2\/pages"}],"about":[{"href":"https:\/\/master.us.es\/bioetica\/index.php\/wp-json\/wp\/v2\/types\/page"}],"author":[{"embeddable":true,"href":"https:\/\/master.us.es\/bioetica\/index.php\/wp-json\/wp\/v2\/users\/1"}],"replies":[{"embeddable":true,"href":"https:\/\/master.us.es\/bioetica\/index.php\/wp-json\/wp\/v2\/comments?post=66"}],"version-history":[{"count":18,"href":"https:\/\/master.us.es\/bioetica\/index.php\/wp-json\/wp\/v2\/pages\/66\/revisions"}],"predecessor-version":[{"id":352,"href":"https:\/\/master.us.es\/bioetica\/index.php\/wp-json\/wp\/v2\/pages\/66\/revisions\/352"}],"wp:attachment":[{"href":"https:\/\/master.us.es\/bioetica\/index.php\/wp-json\/wp\/v2\/media?parent=66"}],"curies":[{"name":"wp","href":"https:\/\/api.w.org\/{rel}","templated":true}]}}