{"id":1533,"date":"2015-05-20T05:03:00","date_gmt":"2015-05-20T05:03:00","guid":{"rendered":"http:\/\/wordpress.templaza.net\/ethic\/?page_id=1533"},"modified":"2024-12-03T10:31:39","modified_gmt":"2024-12-03T10:31:39","slug":"novedades","status":"publish","type":"page","link":"https:\/\/master.us.es\/ecoydesa\/novedades\/","title":{"rendered":"Novedades"},"content":{"rendered":"\n<p>El pr\u00f3ximo&nbsp;<strong>marte<\/strong><strong><u>s 7 de noviembre<\/u><\/strong>&nbsp;comienzan las clases del curso acad\u00e9mico 2022-2023. Las clases tendr\u00e1n lugar en el&nbsp;<strong><u>Aula 41<\/u><\/strong>de la Facultad de CC. Econ\u00f3micas y Empresariales (4\u00aa planta).<\/p>\n\n\n\n<p>Ese mismo d\u00eda, el martes 7 de noviembre, en el\u00a0<strong><u>Aula 41<\/u><\/strong>, tendr\u00e1 lugar\u00a0<strong><u>una\u00a0reuni\u00f3n informativa a las 16:00<\/u><\/strong>, dirigida a los alumnos de nuevo ingreso, para informarles sobre el desarrollo del pr\u00f3ximo curso acad\u00e9mico.<\/p>\n\n\n\n<p><\/p>\n\n\n\n<p><\/p>\n","protected":false},"excerpt":{"rendered":"<p>El pr\u00f3ximo&nbsp;martes 7 de noviembre&nbsp;comienzan las clases del curso acad\u00e9mico 2022-2023. Las clases tendr\u00e1n lugar en el&nbsp;Aula 41de la Facultad de CC. Econ\u00f3micas y Empresariales (4\u00aa planta). Ese mismo d\u00eda, el martes 7 de noviembre, en el\u00a0Aula 41, tendr\u00e1 lugar\u00a0una\u00a0reuni\u00f3n informativa a las 16:00, dirigida a los alumnos de nuevo ingreso, para informarles sobre el [&hellip;]<\/p>\n","protected":false},"author":1,"featured_media":0,"parent":0,"menu_order":0,"comment_status":"open","ping_status":"open","template":"template-blog.php","meta":{"_bbp_topic_count":0,"_bbp_reply_count":0,"_bbp_total_topic_count":0,"_bbp_total_reply_count":0,"_bbp_voice_count":0,"_bbp_anonymous_reply_count":0,"_bbp_topic_count_hidden":0,"_bbp_reply_count_hidden":0,"_bbp_forum_subforum_count":0,"footnotes":"","_links_to":"","_links_to_target":""},"class_list":["post-1533","page","type-page","status-publish","hentry"],"_links":{"self":[{"href":"https:\/\/master.us.es\/ecoydesa\/wp-json\/wp\/v2\/pages\/1533","targetHints":{"allow":["GET"]}}],"collection":[{"href":"https:\/\/master.us.es\/ecoydesa\/wp-json\/wp\/v2\/pages"}],"about":[{"href":"https:\/\/master.us.es\/ecoydesa\/wp-json\/wp\/v2\/types\/page"}],"author":[{"embeddable":true,"href":"https:\/\/master.us.es\/ecoydesa\/wp-json\/wp\/v2\/users\/1"}],"replies":[{"embeddable":true,"href":"https:\/\/master.us.es\/ecoydesa\/wp-json\/wp\/v2\/comments?post=1533"}],"version-history":[{"count":8,"href":"https:\/\/master.us.es\/ecoydesa\/wp-json\/wp\/v2\/pages\/1533\/revisions"}],"predecessor-version":[{"id":5383,"href":"https:\/\/master.us.es\/ecoydesa\/wp-json\/wp\/v2\/pages\/1533\/revisions\/5383"}],"wp:attachment":[{"href":"https:\/\/master.us.es\/ecoydesa\/wp-json\/wp\/v2\/media?parent=1533"}],"curies":[{"name":"wp","href":"https:\/\/api.w.org\/{rel}","templated":true}]}}