{"id":3116,"date":"2015-10-15T10:10:09","date_gmt":"2015-10-15T10:10:09","guid":{"rendered":"http:\/\/masters.us.es\/ecoydesa\/?page_id=3116"},"modified":"2024-12-03T10:27:16","modified_gmt":"2024-12-03T10:27:16","slug":"objetivos","status":"publish","type":"page","link":"https:\/\/master.us.es\/ecoydesa\/objetivos\/","title":{"rendered":"Objetivos"},"content":{"rendered":"<div class=\"wpb-content-wrapper\"><p>[vc_row el_class=&#8221;espacioarriba&#8221;][vc_column width=&#8221;3\/4&#8243;][vc_single_image image=&#8221;451&#8243; img_size=&#8221;full&#8221;][vc_column_text]<\/p>\n<h3>Formamos profesionales e investigadores en el An\u00e1lisis Econ\u00f3mico y el Desarrollo<\/h3>\n<p>[\/vc_column_text][vc_column_text]<span style=\"color: #000000;\"><strong>Objetivo General:<\/strong><\/span><\/p>\n<p><span style=\"color: #000000;\">El M\u00e1ster en Econom\u00eda y Desarrollo proporciona formaci\u00f3n avanzada en herramientas anal\u00edticas, metodol\u00f3gicas y emp\u00edricas, que permiten optimizar la asignaci\u00f3n de los recursos de un pa\u00eds, con el prop\u00f3sito de dinamizar su\u00a0desarrollo econ\u00f3mico y mejorar el bienestar de su poblaci\u00f3n. Los conocimientos ofrecidos se articulan en torno a cuatro l\u00edneas en las que tienen cabida los elementos coadyuvantes y\/o determinantes del Desarrollo Econ\u00f3mico de un territorio (M\u00e9todos Cuantitativos, Funci\u00f3n Empresarial, Teor\u00eda Econ\u00f3mica y Econom\u00eda Aplicada), aplicando un enfoque multidisciplinar que favorece su aplicaci\u00f3n en los \u00e1mbitos empresarial y\/o cient\u00edfico.<\/span><\/p>\n<p><span style=\"color: #000000;\"><strong>Objetivos espec\u00edficos:<\/strong><\/span><\/p>\n<p><span style=\"color: #000000;\">Habilitar en la formulaci\u00f3n y aplicaci\u00f3n de t\u00e9cnicas econ\u00f3micas, para abordar labores profesionales y de investigaci\u00f3n. Los egresados podr\u00e1n desempe\u00f1ar tareas en el campo empresarial (an\u00e1lisis micro y macroecon\u00f3micos, investigaciones sectoriales, estudios prospectivos, evaluaciones econom\u00e9tricas) y en organismos p\u00fablicos (dise\u00f1o y control de pol\u00edticas de desarrollo, fomento de la actividad emprendedora y apoyo al tejido empresarial).<\/span><\/p>\n<p><span style=\"color: #000000;\">En el plano acad\u00e9mico, el M\u00e1ster ofrece conocimientos y competencias relativas a la investigaci\u00f3n que capacitan para el desarrollo de estudios de Doctorado. En el plano profesional, las pr\u00e1cticas ofertadas en instituciones p\u00fablicas y empresas permiten aplicar y complementar la ense\u00f1anza te\u00f3rica con experiencias reales.<\/span><\/p>\n<p><span style=\"color: #000000;\">En concreto, la formaci\u00f3n proporcionada permitir\u00e1 al estudiante alcanzar las siguientes competencias:<\/span><\/p>\n<p>&#8211; <span style=\"color: #000000;\">Desarrollar y ampliar conocimientos para resolver problemas en contextos multidisciplinares relacionados con la investigaci\u00f3n y\/o la empresa.<\/span><\/p>\n<p>&#8211;<span style=\"color: #000000;\"> Extraer y tratar con rigor la informaci\u00f3n relevante de car\u00e1cter econ\u00f3mico en datos disponibles, as\u00ed como interpretar y sintetizar los resultados obtenidos, argumentando un conjunto de conclusiones.<\/span><\/p>\n<p>&#8211; <span style=\"color: #000000;\">Desarrollar de forma aut\u00f3noma investigaciones originales que representen una contribuci\u00f3n al conocimiento en forma de publicaci\u00f3n referenciada a nivel nacional o internacional.<\/span><\/p>\n<p>&#8211; <span style=\"color: #000000;\">Transmitir adecuadamente al mundo acad\u00e9mico y empresarial, y a la sociedad en general, los resultados de los avances derivados de su trabajo.<\/span><\/p>\n<p>&#8211;<span style=\"color: #000000;\"> Incorporarse a un Programa de Doctorado en Econom\u00eda, con formaci\u00f3n especializada para afrontar el desarrollo de una tesis doctoral<\/span>.[\/vc_column_text][vc_column_text]<strong><span style=\"color: #000000;\">Destinatarios: Titulados Superiores en las Ramas de Ciencias Sociales y Jur\u00eddicas, Ingenier\u00eda, Estad\u00edstica y Matem\u00e1ticas<\/span>.<\/strong>[\/vc_column_text][\/vc_column][vc_column width=&#8221;1\/4&#8243;][vc_widget_sidebar sidebar_id=&#8221;plazart-sidebar-default&#8221;][\/vc_column][\/vc_row]<\/p>\n<p>\u00a0<\/p>\n\n\n<a class=\"twitter-timeline\" href=\"https:\/\/twitter.com\/EcoydesUS?ref_src=twsrc%5Etfw\">Tweets by EcoydesUS<\/a> <script async src=\"https:\/\/platform.twitter.com\/widgets.js\" charset=\"utf-8\"><\/script>\n<\/div>","protected":false},"excerpt":{"rendered":"<p>[vc_row el_class=&#8221;espacioarriba&#8221;][vc_column width=&#8221;3\/4&#8243;][vc_single_image image=&#8221;451&#8243; img_size=&#8221;full&#8221;][vc_column_text] Formamos profesionales e investigadores en el An\u00e1lisis Econ\u00f3mico y el Desarrollo [\/vc_column_text][vc_column_text]Objetivo General: El M\u00e1ster en Econom\u00eda y Desarrollo proporciona formaci\u00f3n avanzada en herramientas anal\u00edticas, metodol\u00f3gicas y emp\u00edricas, que permiten optimizar la asignaci\u00f3n de los recursos de un pa\u00eds, con el prop\u00f3sito de dinamizar su\u00a0desarrollo econ\u00f3mico y mejorar el bienestar [&hellip;]<\/p>\n","protected":false},"author":1,"featured_media":0,"parent":0,"menu_order":0,"comment_status":"closed","ping_status":"closed","template":"","meta":{"_bbp_topic_count":0,"_bbp_reply_count":0,"_bbp_total_topic_count":0,"_bbp_total_reply_count":0,"_bbp_voice_count":0,"_bbp_anonymous_reply_count":0,"_bbp_topic_count_hidden":0,"_bbp_reply_count_hidden":0,"_bbp_forum_subforum_count":0,"footnotes":"","_links_to":"","_links_to_target":""},"class_list":["post-3116","page","type-page","status-publish","hentry"],"_links":{"self":[{"href":"https:\/\/master.us.es\/ecoydesa\/wp-json\/wp\/v2\/pages\/3116","targetHints":{"allow":["GET"]}}],"collection":[{"href":"https:\/\/master.us.es\/ecoydesa\/wp-json\/wp\/v2\/pages"}],"about":[{"href":"https:\/\/master.us.es\/ecoydesa\/wp-json\/wp\/v2\/types\/page"}],"author":[{"embeddable":true,"href":"https:\/\/master.us.es\/ecoydesa\/wp-json\/wp\/v2\/users\/1"}],"replies":[{"embeddable":true,"href":"https:\/\/master.us.es\/ecoydesa\/wp-json\/wp\/v2\/comments?post=3116"}],"version-history":[{"count":73,"href":"https:\/\/master.us.es\/ecoydesa\/wp-json\/wp\/v2\/pages\/3116\/revisions"}],"predecessor-version":[{"id":5378,"href":"https:\/\/master.us.es\/ecoydesa\/wp-json\/wp\/v2\/pages\/3116\/revisions\/5378"}],"wp:attachment":[{"href":"https:\/\/master.us.es\/ecoydesa\/wp-json\/wp\/v2\/media?parent=3116"}],"curies":[{"name":"wp","href":"https:\/\/api.w.org\/{rel}","templated":true}]}}