{"id":3118,"date":"2015-10-15T10:10:34","date_gmt":"2015-10-15T10:10:34","guid":{"rendered":"http:\/\/masters.us.es\/ecoydesa\/?page_id=3118"},"modified":"2025-12-17T15:03:20","modified_gmt":"2025-12-17T15:03:20","slug":"tfm","status":"publish","type":"page","link":"https:\/\/master.us.es\/ecoydesa\/tfm\/","title":{"rendered":"Trabajo Fin de M\u00e1ster"},"content":{"rendered":"<div class=\"wpb-content-wrapper\"><p>[vc_row el_class=&#8221;espacioarriba&#8221; css=&#8221;.vc_custom_1637262069196{padding-bottom: 50px !important;}&#8221;][vc_column width=&#8221;3\/4&#8243;][vc_separator][vc_single_image image=&#8221;454&#8243; img_size=&#8221;full&#8221;][vc_column_text]<\/p>\r\n<div id=\"horarios\">\u00a0<\/div>\r\n<p>[\/vc_column_text][vc_column_text el_class=&#8221;tituloenlace&#8221;]<\/p>\r\n<h2>Normativa Aplicable TFM de la Facultad CCEYE<\/h2>\r\n<p>[\/vc_column_text][vc_column_text css=&#8221;.vc_custom_1572013797050{padding-left: 30px !important;}&#8221;]<\/p>\r\n<h4><span style=\"color: #000080;\"><a style=\"color: #000080;\" href=\"https:\/\/masters.us.es\/ecoydesa\/wp-content\/uploads\/2015\/10\/Normativa-TFM-Economicas2018_BOUS.pdf\" target=\"_blank\" rel=\"noopener\">Normativa TFM FCEYE<\/a><\/span><\/h4>\r\n<p>[\/vc_column_text][vc_separator][vc_column_text]<\/p>\r\n<h2>Trabajo Fin de M\u00e1ster: Propuestas y Convocatorias<\/h2>\r\n<p>[\/vc_column_text][vc_column_text css=&#8221;.vc_custom_1763631794655{padding-left: 30px !important;}&#8221;]<\/p>\r\n<h4><span style=\"color: #000080;\"><a style=\"color: #990000;\" href=\"https:\/\/master.us.es\/ecoydesa\/wp-content\/uploads\/2025\/11\/Fecha-deposito-TFM-2025-26.pdf\" target=\"_blank\" rel=\"noopener\">Convocatorias y plazos de dep\u00f3sito TFM 2025-2026<\/a><\/span><\/h4>\r\n<p>[\/vc_column_text][vc_column_text]<\/p>\r\n<h2>Trabajo Fin de M\u00e1ster: Procedimiento de dep\u00f3sito de TFM<\/h2>\r\n<p>[\/vc_column_text][vc_column_text css=&#8221;.vc_custom_1603389730409{padding-left: 30px !important;}&#8221;]<\/p>\r\n<h4><a href=\"https:\/\/masters.us.es\/ecoydesa\/wp-content\/uploads\/2024\/05\/Procedimiento-para-el-deposito-del-TFM.pdf\" target=\"_blank\" rel=\"noopener\"><span style=\"color: #000080;\">Procedimiento para el dep\u00f3sito TFM<\/span><\/a><\/h4>\r\n<p>[\/vc_column_text][vc_column_text]<\/p>\r\n<h2>Procedimiento para la asignaci\u00f3n de tutor y tema TFM al alumno<\/h2>\r\n<p>[\/vc_column_text][vc_column_text css=&#8221;.vc_custom_1540840561056{padding-left: 30px !important;}&#8221;]<\/p>\r\n<h4><span style=\"color: #000080;\">Procedimiento para la asignaci\u00f3n de tutor y tema de TFM al alumno<\/span><\/h4>\r\n<p>[\/vc_column_text][vc_separator][vc_column_text]<\/p>\r\n<h2>Trabajo Fin de M\u00e1ster: Gu\u00edas y Documentos<\/h2>\r\n<p>[\/vc_column_text][vc_column_text css=&#8221;.vc_custom_1622892112748{padding-left: 30px !important;}&#8221;]<\/p>\r\n<h4><span style=\"color: #000080;\"><a style=\"color: #000080;\" href=\"https:\/\/masters.us.es\/ecoydesa\/wp-content\/uploads\/2021\/06\/Gu\u00eda-TFM-M\u00e1ster-Universitario-en-Econom\u00eda-y-Desarrollo.pdf\">Gu\u00eda Did\u00e1ctica TFM M\u00e1ster Econom\u00eda y Desarrollo<\/a><\/span><\/h4>\r\n<p>[\/vc_column_text][vc_column_text css=&#8221;.vc_custom_1572357840559{padding-left: 30px !important;}&#8221;]<\/p>\r\n<h4><span style=\"color: #000080;\"><a style=\"color: #000080;\" href=\"https:\/\/masters.us.es\/ecoydesa\/wp-content\/uploads\/2019\/10\/Primeras-P\u00e1ginas-Normalizadas-TFM.doc\">Primeras p\u00e1ginas normalizadas Trabajo Fin de M\u00e1ster<\/a><\/span><\/h4>\r\n<p>[\/vc_column_text][vc_column_text css=&#8221;.vc_custom_1540753365295{padding-left: 30px !important;}&#8221;]<\/p>\r\n<h4><span style=\"color: #000080;\"><a style=\"color: #000080;\" href=\"https:\/\/masters.us.es\/ecoydesa\/wp-content\/uploads\/2024\/12\/Anexo-1-Acuerdo-Tutorizacion-TFM.doc\">Ficha Acuerdo Tutor-Estudiante para TFM (Anexo n\u00ba 1)<\/a><\/span><\/h4>\r\n<p>[\/vc_column_text][vc_column_text css=&#8221;.vc_custom_1540753346367{padding-left: 30px !important;}&#8221;]<\/p>\r\n<h4><span style=\"color: #000080;\"><a style=\"color: #000080;\" href=\"https:\/\/masters.us.es\/ecoydesa\/wp-content\/uploads\/2024\/12\/Anexo-no-2-Orden-de-prelacion-TFM.pdf\" target=\"_blank\" rel=\"noopener\">Orden de prelaci\u00f3n preferencias TFM (Anexo n\u00ba 2)<\/a><\/span><\/h4>\r\n<p>[\/vc_column_text][vc_column_text css=&#8221;.vc_custom_1622892238594{padding-left: 30px !important;}&#8221;]<\/p>\r\n<h4><span style=\"color: #000080;\"><a style=\"color: #000080;\" href=\"https:\/\/masters.us.es\/ecoydesa\/wp-content\/uploads\/2021\/06\/Anexo-Dep\u00f3sito-TFM.pdf\">Documento de Dep\u00f3sito TFM (Anexo n\u00ba 3)<\/a><\/span><\/h4>\r\n<p>[\/vc_column_text][vc_column_text css=&#8221;.vc_custom_1622892368199{padding-left: 30px !important;}&#8221;]<\/p>\r\n<h4><span style=\"color: #000080;\"><a style=\"color: #000080;\" href=\"https:\/\/masters.us.es\/ecoydesa\/wp-content\/uploads\/2021\/06\/Anexo-Declaraci\u00f3n-de-Autor\u00eda-y-Originalidad-TFM.pdf\">Documento de Declaraci\u00f3n de Autor\u00eda y Originalidad TFM (Anexo n\u00ba 4)<\/a><\/span><\/h4>\r\n<p>[\/vc_column_text][vc_separator][vc_column_text css=&#8221;&#8221;]<\/p>\r\n<h2><a href=\"https:\/\/master.us.es\/ecoydesa\/trabajos-fin-de-master-publicados-en-revistas-indexadas\/\" target=\"_blank\" rel=\"noopener\">Trabajos Fin de M\u00e1ster Publicados en Revistas Indexadas<\/a><\/h2>\r\n<p>[\/vc_column_text][vc_separator][\/vc_column][vc_column width=&#8221;1\/4&#8243;][vc_widget_sidebar sidebar_id=&#8221;plazart-sidebar-default&#8221; title=&#8221;Novedades&#8221;][\/vc_column][\/vc_row][vc_row][vc_column][vc_column_text]<\/p>\r\n<p>\u00a0<\/p>\r\n<p>\r\n\r\n<br \/><a class=\"twitter-timeline\" href=\"https:\/\/twitter.com\/EcoydesUS?ref_src=twsrc%5Etfw\">Tweets by EcoydesUS<\/a> <script async src=\"https:\/\/platform.twitter.com\/widgets.js\" charset=\"utf-8\"><\/script><br \/>[\/vc_column_text][\/vc_column][\/vc_row]<\/p><\/div>","protected":false},"excerpt":{"rendered":"<p>[vc_row el_class=&#8221;espacioarriba&#8221; css=&#8221;.vc_custom_1637262069196{padding-bottom: 50px !important;}&#8221;][vc_column width=&#8221;3\/4&#8243;][vc_separator][vc_single_image image=&#8221;454&#8243; img_size=&#8221;full&#8221;][vc_column_text] \u00a0 [\/vc_column_text][vc_column_text el_class=&#8221;tituloenlace&#8221;] Normativa Aplicable TFM de la Facultad CCEYE [\/vc_column_text][vc_column_text css=&#8221;.vc_custom_1572013797050{padding-left: 30px !important;}&#8221;] Normativa TFM FCEYE [\/vc_column_text][vc_separator][vc_column_text] Trabajo Fin de M\u00e1ster: Propuestas y Convocatorias [\/vc_column_text][vc_column_text css=&#8221;.vc_custom_1763631794655{padding-left: 30px !important;}&#8221;] Convocatorias y plazos de dep\u00f3sito TFM 2025-2026 [\/vc_column_text][vc_column_text] Trabajo Fin de M\u00e1ster: Procedimiento de dep\u00f3sito de TFM [\/vc_column_text][vc_column_text [&hellip;]<\/p>\n","protected":false},"author":1,"featured_media":0,"parent":0,"menu_order":0,"comment_status":"closed","ping_status":"closed","template":"","meta":{"_bbp_topic_count":0,"_bbp_reply_count":0,"_bbp_total_topic_count":0,"_bbp_total_reply_count":0,"_bbp_voice_count":0,"_bbp_anonymous_reply_count":0,"_bbp_topic_count_hidden":0,"_bbp_reply_count_hidden":0,"_bbp_forum_subforum_count":0,"footnotes":"","_links_to":"","_links_to_target":""},"class_list":["post-3118","page","type-page","status-publish","hentry"],"_links":{"self":[{"href":"https:\/\/master.us.es\/ecoydesa\/wp-json\/wp\/v2\/pages\/3118","targetHints":{"allow":["GET"]}}],"collection":[{"href":"https:\/\/master.us.es\/ecoydesa\/wp-json\/wp\/v2\/pages"}],"about":[{"href":"https:\/\/master.us.es\/ecoydesa\/wp-json\/wp\/v2\/types\/page"}],"author":[{"embeddable":true,"href":"https:\/\/master.us.es\/ecoydesa\/wp-json\/wp\/v2\/users\/1"}],"replies":[{"embeddable":true,"href":"https:\/\/master.us.es\/ecoydesa\/wp-json\/wp\/v2\/comments?post=3118"}],"version-history":[{"count":208,"href":"https:\/\/master.us.es\/ecoydesa\/wp-json\/wp\/v2\/pages\/3118\/revisions"}],"predecessor-version":[{"id":5425,"href":"https:\/\/master.us.es\/ecoydesa\/wp-json\/wp\/v2\/pages\/3118\/revisions\/5425"}],"wp:attachment":[{"href":"https:\/\/master.us.es\/ecoydesa\/wp-json\/wp\/v2\/media?parent=3118"}],"curies":[{"name":"wp","href":"https:\/\/api.w.org\/{rel}","templated":true}]}}