{"id":3128,"date":"2015-10-15T10:12:11","date_gmt":"2015-10-15T10:12:11","guid":{"rendered":"http:\/\/masters.us.es\/ecoydesa\/?page_id=3128"},"modified":"2024-12-03T10:10:13","modified_gmt":"2024-12-03T10:10:13","slug":"contacto","status":"publish","type":"page","link":"https:\/\/master.us.es\/ecoydesa\/contacto\/","title":{"rendered":"Contacto"},"content":{"rendered":"<div class=\"wpb-content-wrapper\"><p>[vc_row el_class=&#8221;espacioarriba&#8221;][vc_column width=&#8221;1\/3&#8243;][vc_column_text]<\/p>\n<h2>Personas de Contacto<\/h2>\n<p>Dr. Diego Vicente Borrero Molina<\/p>\n<p>Dra. Roc\u00edo Y\u00f1iguez Ovando<\/p>\n<p>[\/vc_column_text][\/vc_column][vc_column width=&#8221;1\/3&#8243;][vc_column_text]<\/p>\n<h2>Direcci\u00f3n Postal<\/h2>\n<p>Facultad Ciencias Econ\u00f3micas y Empresariales<\/p>\n<p>Dpto. An\u00e1lisis Econ\u00f3mico y Econom\u00eda Pol\u00edtica<\/p>\n<p>Dpto. Econom\u00eda Aplicada I<\/p>\n<p>Avda. Ramon y Cajal, n\u00ba 1<br \/>41018 Sevilla[\/vc_column_text][\/vc_column][vc_column width=&#8221;1\/3&#8243;][vc_column_text]<\/p>\n<h2>Mail<\/h2>\n<p>economiaydesarrollo@us.es<\/p>\n<h2>\u00a0<\/h2>\n<p>[\/vc_column_text][\/vc_column][\/vc_row][vc_row css=&#8221;.vc_custom_1444989521784{padding-top: 90px !important;padding-bottom: 50px !important;}&#8221;][vc_column][vc_gmaps link=&#8221;#E-8_JTNDaWZyYW1lJTIwc3JjJTNEJTIyaHR0cHMlM0ElMkYlMkZ3d3cuZ29vZ2xlLmNvbSUyRm1hcHMlMkZlbWJlZCUzRnBiJTNEJTIxMW0xNCUyMTFtOCUyMTFtMyUyMTFkNjM0MC45Mjg0ODcxNTEwNjglMjEyZC01Ljk3Njc1MyUyMTNkMzcuMzc4ODUyMDAwMDAwMDElMjEzbTIlMjExaTEwMjQlMjEyaTc2OCUyMTRmMTMuMSUyMTNtMyUyMTFtMiUyMTFzMHhkMTI2ZTk5M2QyMjgyNjElMjUzQTB4MzU5OGM2MmJhYWJjNWQyZiUyMTJzQXYuJTJCZGUlMkJSYW0lMjVDMyUyNUIzbiUyQnklMkJDYWphbCUyNTJDJTJCMSUyNTJDJTJCNDEwMTglMkJTZXZpbGxhJTI1MkMlMkJFc3BhJTI1QzMlMjVCMWElMjE1ZTAlMjEzbTIlMjExc2VzJTIxMnN1cyUyMTR2MTQ0NDk4NzIyNTE5NyUyMiUyMHdpZHRoJTNEJTIyNjAwJTIyJTIwaGVpZ2h0JTNEJTIyNDUwJTIyJTIwZnJhbWVib3JkZXIlM0QlMjIwJTIyJTIwc3R5bGUlM0QlMjJib3JkZXIlM0EwJTIyJTIwYWxsb3dmdWxsc2NyZWVuJTNFJTNDJTJGaWZyYW1lJTNF&#8221; size=&#8221;300&#8243;][\/vc_column][\/vc_row][vc_row][vc_column]\n<div class=\"wpcf7 no-js\" id=\"wpcf7-f4-o1\" lang=\"es-ES\" dir=\"ltr\" data-wpcf7-id=\"4\">\n<div class=\"screen-reader-response\"><p role=\"status\" aria-live=\"polite\" aria-atomic=\"true\"><\/p> <ul><\/ul><\/div>\n<form action=\"\/ecoydesa\/wp-json\/wp\/v2\/pages\/3128#wpcf7-f4-o1\" method=\"post\" class=\"wpcf7-form init\" aria-label=\"Formulario de contacto\" novalidate=\"novalidate\" data-status=\"init\">\n<fieldset class=\"hidden-fields-container\"><input type=\"hidden\" name=\"_wpcf7\" value=\"4\" \/><input type=\"hidden\" name=\"_wpcf7_version\" value=\"6.1.3\" \/><input type=\"hidden\" name=\"_wpcf7_locale\" value=\"es_ES\" \/><input type=\"hidden\" name=\"_wpcf7_unit_tag\" value=\"wpcf7-f4-o1\" \/><input type=\"hidden\" name=\"_wpcf7_container_post\" value=\"0\" \/><input type=\"hidden\" name=\"_wpcf7_posted_data_hash\" value=\"\" \/>\n<\/fieldset>\n<ul class=\"tz-contact-wapper\">\n\t<li>\n\t\t<p><span>\u00bfQUIERES SABER M\u00c1S?<br \/>\nENV\u00cdANOS UN CORREO<\/span>\n\t\t<\/p>\n\t<\/li>\n\t<li>\n\t\t<p><span class=\"wpcf7-form-control-wrap\" data-name=\"txtname\"><input size=\"40\" maxlength=\"400\" class=\"wpcf7-form-control wpcf7-text tz-contact-input-name\" aria-invalid=\"false\" placeholder=\"Nombre\" value=\"\" type=\"text\" name=\"txtname\" \/><\/span>\n\t\t<\/p>\n\t<\/li>\n\t<li>\n\t\t<p><span class=\"wpcf7-form-control-wrap\" data-name=\"txtemail\"><input size=\"40\" maxlength=\"400\" class=\"wpcf7-form-control wpcf7-email wpcf7-text wpcf7-validates-as-email tz-contact-input-email\" aria-invalid=\"false\" placeholder=\"Correo Electr\u00f3nico\" value=\"\" type=\"email\" name=\"txtemail\" \/><\/span>\n\t\t<\/p>\n\t<\/li>\n\t<li>\n\t\t<p><span class=\"wpcf7-form-control-wrap\" data-name=\"textarea-message\"><textarea cols=\"1\" rows=\"1\" maxlength=\"2000\" class=\"wpcf7-form-control wpcf7-textarea tz-contact-message\" aria-invalid=\"false\" placeholder=\"Mensaje\" name=\"textarea-message\"><\/textarea><\/span>\n\t\t<\/p>\n\t<\/li>\n\t<li>\n\t\t<p><i class=\"fa fa-arrows-alt\"><\/i><input class=\"wpcf7-form-control wpcf7-submit has-spinner\" type=\"submit\" value=\"ENVIAR\" \/>\n\t\t<\/p>\n\t<\/li>\n<\/ul><p style=\"display: none !important;\" class=\"akismet-fields-container\" data-prefix=\"_wpcf7_ak_\"><label>&#916;<textarea name=\"_wpcf7_ak_hp_textarea\" cols=\"45\" rows=\"8\" maxlength=\"100\"><\/textarea><\/label><input type=\"hidden\" id=\"ak_js_1\" name=\"_wpcf7_ak_js\" value=\"24\"\/><script>document.getElementById( \"ak_js_1\" ).setAttribute( \"value\", ( new Date() ).getTime() );<\/script><\/p><div class=\"wpcf7-response-output\" aria-hidden=\"true\"><\/div>\n<\/form>\n<\/div>\n[\/vc_column][\/vc_row][vc_row][vc_column][\/vc_column][\/vc_row]<\/p>\n\n\n<a class=\"twitter-timeline\" href=\"https:\/\/twitter.com\/EcoydesUS?ref_src=twsrc%5Etfw\">Tweets by EcoydesUS<\/a> <script async src=\"https:\/\/platform.twitter.com\/widgets.js\" charset=\"utf-8\"><\/script>\n<\/div>","protected":false},"excerpt":{"rendered":"<p>[vc_row el_class=&#8221;espacioarriba&#8221;][vc_column width=&#8221;1\/3&#8243;][vc_column_text] Personas de Contacto Dr. Diego Vicente Borrero Molina Dra. Roc\u00edo Y\u00f1iguez Ovando [\/vc_column_text][\/vc_column][vc_column width=&#8221;1\/3&#8243;][vc_column_text] Direcci\u00f3n Postal Facultad Ciencias Econ\u00f3micas y Empresariales Dpto. An\u00e1lisis Econ\u00f3mico y Econom\u00eda Pol\u00edtica Dpto. Econom\u00eda Aplicada I Avda. Ramon y Cajal, n\u00ba 141018 Sevilla[\/vc_column_text][\/vc_column][vc_column width=&#8221;1\/3&#8243;][vc_column_text] Mail economiaydesarrollo@us.es \u00a0 [\/vc_column_text][\/vc_column][\/vc_row][vc_row css=&#8221;.vc_custom_1444989521784{padding-top: 90px !important;padding-bottom: 50px !important;}&#8221;][vc_column][vc_gmaps link=&#8221;#E-8_JTNDaWZyYW1lJTIwc3JjJTNEJTIyaHR0cHMlM0ElMkYlMkZ3d3cuZ29vZ2xlLmNvbSUyRm1hcHMlMkZlbWJlZCUzRnBiJTNEJTIxMW0xNCUyMTFtOCUyMTFtMyUyMTFkNjM0MC45Mjg0ODcxNTEwNjglMjEyZC01Ljk3Njc1MyUyMTNkMzcuMzc4ODUyMDAwMDAwMDElMjEzbTIlMjExaTEwMjQlMjEyaTc2OCUyMTRmMTMuMSUyMTNtMyUyMTFtMiUyMTFzMHhkMTI2ZTk5M2QyMjgyNjElMjUzQTB4MzU5OGM2MmJhYWJjNWQyZiUyMTJzQXYuJTJCZGUlMkJSYW0lMjVDMyUyNUIzbiUyQnklMkJDYWphbCUyNTJDJTJCMSUyNTJDJTJCNDEwMTglMkJTZXZpbGxhJTI1MkMlMkJFc3BhJTI1QzMlMjVCMWElMjE1ZTAlMjEzbTIlMjExc2VzJTIxMnN1cyUyMTR2MTQ0NDk4NzIyNTE5NyUyMiUyMHdpZHRoJTNEJTIyNjAwJTIyJTIwaGVpZ2h0JTNEJTIyNDUwJTIyJTIwZnJhbWVib3JkZXIlM0QlMjIwJTIyJTIwc3R5bGUlM0QlMjJib3JkZXIlM0EwJTIyJTIwYWxsb3dmdWxsc2NyZWVuJTNFJTNDJTJGaWZyYW1lJTNF&#8221; size=&#8221;300&#8243;][\/vc_column][\/vc_row][vc_row][vc_column][\/vc_column][\/vc_row][vc_row][vc_column][\/vc_column][\/vc_row] Tweets by [&hellip;]<\/p>\n","protected":false},"author":1,"featured_media":0,"parent":0,"menu_order":0,"comment_status":"closed","ping_status":"closed","template":"","meta":{"_bbp_topic_count":0,"_bbp_reply_count":0,"_bbp_total_topic_count":0,"_bbp_total_reply_count":0,"_bbp_voice_count":0,"_bbp_anonymous_reply_count":0,"_bbp_topic_count_hidden":0,"_bbp_reply_count_hidden":0,"_bbp_forum_subforum_count":0,"footnotes":"","_links_to":"","_links_to_target":""},"class_list":["post-3128","page","type-page","status-publish","hentry"],"_links":{"self":[{"href":"https:\/\/master.us.es\/ecoydesa\/wp-json\/wp\/v2\/pages\/3128","targetHints":{"allow":["GET"]}}],"collection":[{"href":"https:\/\/master.us.es\/ecoydesa\/wp-json\/wp\/v2\/pages"}],"about":[{"href":"https:\/\/master.us.es\/ecoydesa\/wp-json\/wp\/v2\/types\/page"}],"author":[{"embeddable":true,"href":"https:\/\/master.us.es\/ecoydesa\/wp-json\/wp\/v2\/users\/1"}],"replies":[{"embeddable":true,"href":"https:\/\/master.us.es\/ecoydesa\/wp-json\/wp\/v2\/comments?post=3128"}],"version-history":[{"count":125,"href":"https:\/\/master.us.es\/ecoydesa\/wp-json\/wp\/v2\/pages\/3128\/revisions"}],"predecessor-version":[{"id":5368,"href":"https:\/\/master.us.es\/ecoydesa\/wp-json\/wp\/v2\/pages\/3128\/revisions\/5368"}],"wp:attachment":[{"href":"https:\/\/master.us.es\/ecoydesa\/wp-json\/wp\/v2\/media?parent=3128"}],"curies":[{"name":"wp","href":"https:\/\/api.w.org\/{rel}","templated":true}]}}