{"id":3720,"date":"2017-01-19T08:59:47","date_gmt":"2017-01-19T08:59:47","guid":{"rendered":"http:\/\/masters.us.es\/ecoydesa\/?page_id=3720"},"modified":"2024-12-03T10:28:50","modified_gmt":"2024-12-03T10:28:50","slug":"internacional","status":"publish","type":"page","link":"https:\/\/master.us.es\/ecoydesa\/internacional\/","title":{"rendered":"Internacional"},"content":{"rendered":"<p>Con el prop\u00f3sito de ofrecer la mejor formaci\u00f3n y las m\u00e1ximas posibilidades a todos nuestros alumnos, estamos haciendo un esfuerzo por alcanzar acuerdos con otras universidades para el intercambio de alumnos y otras formas de colaboraci\u00f3n.<\/p>\n<p><a href=\"http:\/\/masters.us.es\/ecoydesa\/wp-content\/uploads\/2017\/01\/Universidad-de-Lund-copia.png\"><img loading=\"lazy\" decoding=\"async\" class=\"size-full wp-image-4717 alignleft\" src=\"http:\/\/masters.us.es\/ecoydesa\/wp-content\/uploads\/2017\/01\/Universidad-de-Lund-copia.png\" alt=\"Universidad de Lund - copia\" width=\"95\" height=\"100\" \/><\/a>Acuerdo Universidad de Lund (Lund, Suecia): Existe un acuerdo con el Insitituto para la Investigaci\u00f3n en Econom\u00eda del Medioambiente (<a href=\"http:\/\/www.iiiee.lu.se\/\" target=\"_blank\" rel=\"noopener\">http:\/\/www.iiiee.lu.se\/<\/a>) para la co-tutela de los Trabajos Fin de M\u00e1ster que versen sobre esta materia.<\/p>\n<p><strong>Acuerdos de intercambio erasmus<\/strong>:<\/p>\n<p><a href=\"http:\/\/masters.us.es\/ecoydesa\/wp-content\/uploads\/2015\/10\/Poznan.jpg\"><img loading=\"lazy\" decoding=\"async\" class=\"alignnone wp-image-4049\" src=\"http:\/\/masters.us.es\/ecoydesa\/wp-content\/uploads\/2015\/10\/Poznan.jpg\" alt=\"poznan\" width=\"139\" height=\"64\" \/><\/a><\/p>\n<p>Poznan University of Economics and Business:\u00a0<a href=\"http:\/\/ue.poznan.pl\/en\/\" target=\"_blank\" rel=\"noopener\">http:\/\/ue.poznan.pl\/en\/<\/a><\/p>\n<p><a href=\"http:\/\/masters.us.es\/ecoydesa\/wp-content\/uploads\/2017\/01\/Universidad-de-Aveiro.png\"><img loading=\"lazy\" decoding=\"async\" class=\"size-full wp-image-4718 alignleft\" src=\"http:\/\/masters.us.es\/ecoydesa\/wp-content\/uploads\/2017\/01\/Universidad-de-Aveiro.png\" alt=\"Universidad de Aveiro\" width=\"137\" height=\"70\" \/><\/a><\/p>\n<p>Universidade de Aveiro:\u00a0<a href=\"https:\/\/www.ua.pt\/\" target=\"_blank\" rel=\"noopener\">https:\/\/www.ua.pt\/<\/a><\/p>\n<p><a href=\"http:\/\/masters.us.es\/ecoydesa\/wp-content\/uploads\/2017\/01\/Universidad-de-Coimbra.png\"><img loading=\"lazy\" decoding=\"async\" class=\" wp-image-4719 alignleft\" src=\"http:\/\/masters.us.es\/ecoydesa\/wp-content\/uploads\/2017\/01\/Universidad-de-Coimbra.png\" alt=\"Universidad de Coimbra\" width=\"135\" height=\"59\" \/><\/a><\/p>\n<p>Universidade de Coimbra:\u00a0<a href=\"http:\/\/www.uc.pt\/\" target=\"_blank\" rel=\"noopener\">http:\/\/www.uc.pt\/<\/a><\/p>\n<p><img loading=\"lazy\" decoding=\"async\" class=\"\" src=\"https:\/\/fyl.uniovi.es\/image\/image_gallery?uuid=9c368bd5-577e-4906-bfaa-763e653f1e8d&amp;groupId=917662&amp;t=1395399962253\" alt=\"Resultado de imagen de universidad de bochum\" width=\"144\" height=\"72\" \/><\/p>\n<p>University of R\u00fchr &#8211; Bochum:\u00a0<a href=\"http:\/\/www.ruhr-uni-bochum.de\/\" target=\"_blank\" rel=\"noopener\">http:\/\/www.ruhr-uni-bochum.de\/<\/a><\/p>\n<p><a href=\"http:\/\/masters.us.es\/ecoydesa\/wp-content\/uploads\/2017\/01\/Universidad-de-Nantes.png\"><img loading=\"lazy\" decoding=\"async\" class=\"size-full wp-image-4733 alignleft\" src=\"http:\/\/masters.us.es\/ecoydesa\/wp-content\/uploads\/2017\/01\/Universidad-de-Nantes.png\" alt=\"Universidad de Nantes\" width=\"163\" height=\"93\" \/><\/a><\/p>\n<p>Universit\u00e9 de Nantes:\u00a0<a href=\"https:\/\/www.univ-nantes.fr\" target=\"_blank\" rel=\"noopener\">https:\/\/www.univ-nantes.fr<\/a><\/p>\n<p><strong>CONVOCATORIA GENERAL DE MOVILIDAD INTERNACIONAL DE LA UNIVERSIDAD DE SEVILLA\u00a0<\/strong><\/p>\n<p>Esta convocatoria va dirigida a estudiantes que cursan Grado, M\u00e1ster o Doctorado en la Universidad de Sevilla.\u00a0Toda la informaci\u00f3n sobre plazos, requisitos y documentaci\u00f3n, en el siguiente enlace:\u00a0<a href=\"http:\/\/www.internacional.us.es\/convocatoria-general-movilidad-internacional\">http:\/\/www.internacional.us.es\/convocatoria-general-movilidad-internacional<\/a><\/p>\n<p>\u00a0<\/p>\n<p>\u00a0<\/p>\n\n\n<a class=\"twitter-timeline\" href=\"https:\/\/twitter.com\/EcoydesUS?ref_src=twsrc%5Etfw\">Tweets by EcoydesUS<\/a> <script async src=\"https:\/\/platform.twitter.com\/widgets.js\" charset=\"utf-8\"><\/script>\n","protected":false},"excerpt":{"rendered":"<p>Con el prop\u00f3sito de ofrecer la mejor formaci\u00f3n y las m\u00e1ximas posibilidades a todos nuestros alumnos, estamos haciendo un esfuerzo por alcanzar acuerdos con otras universidades para el intercambio de alumnos y otras formas de colaboraci\u00f3n. Acuerdo Universidad de Lund (Lund, Suecia): Existe un acuerdo con el Insitituto para la Investigaci\u00f3n en Econom\u00eda del Medioambiente [&hellip;]<\/p>\n","protected":false},"author":1,"featured_media":0,"parent":0,"menu_order":0,"comment_status":"closed","ping_status":"closed","template":"","meta":{"_bbp_topic_count":0,"_bbp_reply_count":0,"_bbp_total_topic_count":0,"_bbp_total_reply_count":0,"_bbp_voice_count":0,"_bbp_anonymous_reply_count":0,"_bbp_topic_count_hidden":0,"_bbp_reply_count_hidden":0,"_bbp_forum_subforum_count":0,"footnotes":"","_links_to":"","_links_to_target":""},"class_list":["post-3720","page","type-page","status-publish","hentry"],"_links":{"self":[{"href":"https:\/\/master.us.es\/ecoydesa\/wp-json\/wp\/v2\/pages\/3720","targetHints":{"allow":["GET"]}}],"collection":[{"href":"https:\/\/master.us.es\/ecoydesa\/wp-json\/wp\/v2\/pages"}],"about":[{"href":"https:\/\/master.us.es\/ecoydesa\/wp-json\/wp\/v2\/types\/page"}],"author":[{"embeddable":true,"href":"https:\/\/master.us.es\/ecoydesa\/wp-json\/wp\/v2\/users\/1"}],"replies":[{"embeddable":true,"href":"https:\/\/master.us.es\/ecoydesa\/wp-json\/wp\/v2\/comments?post=3720"}],"version-history":[{"count":23,"href":"https:\/\/master.us.es\/ecoydesa\/wp-json\/wp\/v2\/pages\/3720\/revisions"}],"predecessor-version":[{"id":5379,"href":"https:\/\/master.us.es\/ecoydesa\/wp-json\/wp\/v2\/pages\/3720\/revisions\/5379"}],"wp:attachment":[{"href":"https:\/\/master.us.es\/ecoydesa\/wp-json\/wp\/v2\/media?parent=3720"}],"curies":[{"name":"wp","href":"https:\/\/api.w.org\/{rel}","templated":true}]}}