{"id":3730,"date":"2015-10-20T15:17:13","date_gmt":"2015-10-20T15:17:13","guid":{"rendered":"http:\/\/masters.us.es\/ecoydesa\/?page_id=3730"},"modified":"2026-03-03T15:55:44","modified_gmt":"2026-03-03T15:55:44","slug":"master-2","status":"publish","type":"page","link":"https:\/\/master.us.es\/ecoydesa\/master-2\/","title":{"rendered":"El M\u00e1ster"},"content":{"rendered":"<div class=\"wpb-content-wrapper\"><p>[vc_row el_class=&#8221;espacioarriba&#8221;][vc_column width=&#8221;3\/4&#8243;][vc_single_image image=&#8221;447&#8243; img_size=&#8221;full&#8221;][vc_column_text]<\/p>\r\n<p style=\"text-align: justify;\">El M\u00e1ster en Econom\u00eda y Desarrollo proporciona formaci\u00f3n avanzada en herramientas anal\u00edticas, metodol\u00f3gicas y emp\u00edricas, que permiten optimizar la asignaci\u00f3n de los recursos de un pa\u00eds, a fin de dinamizar su desarrollo econ\u00f3mico, mejorando el bienestar de su poblaci\u00f3n. Los conocimientos y habilidades ofrecidos se articulan en cuatro l\u00edneas, (M\u00e9todos Cuantitativos, Funci\u00f3n Empresarial, Teor\u00eda Econ\u00f3mica y Econom\u00eda Aplicada), con un enfoque multidisciplinar que favorece su aplicaci\u00f3n en los \u00e1mbitos empresarial y\/o cient\u00edfico.<\/p>\r\n<p>El t\u00edtulo capacita para formular y emplear t\u00e9cnicas y modelos econ\u00f3micos relacionados con el Desarrollo Econ\u00f3mico aplicables a m\u00faltiples tareas en el campo empresarial (an\u00e1lisis micro y macroecon\u00f3mico, investigaciones sectoriales, estudios prospectivos, evaluaciones econom\u00e9tricas) y en organismos p\u00fablicos (dise\u00f1o y control de pol\u00edticas de desarrollo, programas de fomento de la actividad emprendedora o de apoyo al tejido empresarial).<\/p>\r\n<p>Los egresados est\u00e1n habilitados para: resolver problemas en contextos multidisciplinares relacionados con la investigaci\u00f3n y\/o la empresa; extraer y tratar con rigor informaci\u00f3n cuantitativa y cualitativa de car\u00e1cter econ\u00f3mico, as\u00ed como interpretar, sintetizar y exponer los resultados de los an\u00e1lisis efectuados.<\/p>\r\n<p>Respecto a las salidas profesionales, este M\u00e1ster presenta dos grandes \u00e1mbitos de proyecci\u00f3n. Por una parte, es de especial inter\u00e9s para aquellos titulados que pretendan alcanzar conocimientos y competencias en el an\u00e1lisis econ\u00f3mico al m\u00e1s elevado nivel de especializaci\u00f3n a fin de desarrollar la carrera investigadora. Asimismo, posibilita el desarrollo pr\u00e1ctico en empresas e instituciones relacionadas con las diversas dimensiones del desarrollo econ\u00f3mico.<\/p>\r\n<p>El M\u00e1ster de Econom\u00eda y Desarrollo consta de 60 cr\u00e9ditos obligatorios que se imparten, durante 3 trimestres de un curso acad\u00e9mico, por profesorado de los Departamentos de An\u00e1lisis Econ\u00f3mico y Econom\u00eda Pol\u00edtica y de Econom\u00eda Aplicada I de la Universidad de Sevilla.<\/p>\r\n<p>La docencia se estructura en la siguiente distribuci\u00f3n:[\/vc_column_text][vc_column_text css=&#8221;.vc_custom_1596477421648{padding-left: 30px !important;}&#8221; el_class=&#8221;iconoantes gris&#8221;]<\/p>\r\n<h4>Primer trimestre:<\/h4>\r\n<p>16 cr\u00e9ditos de asignaturas obligatorias, correspondientes al M\u00f3dulo General (Bloque I).[\/vc_column_text][vc_column_text css=&#8221;.vc_custom_1596477438748{padding-left: 30px !important;}&#8221; el_class=&#8221;iconoantes gris&#8221;]<\/p>\r\n<h4>Segundo trimestre:<\/h4>\r\n<p>16 cr\u00e9ditos de asignaturas obligatorias, correspondientes al M\u00f3dulo General (Bloque II).[\/vc_column_text][vc_column_text css=&#8221;.vc_custom_1596477507785{padding-left: 30px !important;}&#8221; el_class=&#8221;iconoantes gris&#8221;]<\/p>\r\n<h4>Tercer\u00a0trimestre:<\/h4>\r\n<p>16 cr\u00e9ditos optativos, a elegir entre cualquiera de las materias del M\u00f3dulo de Asignaturas Optativas. Posibilidad de realizar pr\u00e1cticas externas (car\u00e1cter optativo).<\/p>\r\n<p>12 cr\u00e9ditos del Trabajo Fin de M\u00e1ster que deber\u00e1 defenderse ante un Tribunal de evaluaci\u00f3n.[\/vc_column_text][vc_column_text css=&#8221;.vc_custom_1637259430351{margin-top: 50px !important;border-top-width: 1px !important;border-right-width: 1px !important;border-bottom-width: 1px !important;border-left-width: 1px !important;padding-top: 10px !important;padding-bottom: 10px !important;border-left-color: #999999 !important;border-left-style: solid !important;border-right-color: #999999 !important;border-right-style: solid !important;border-top-color: #999999 !important;border-top-style: solid !important;border-bottom-color: #999999 !important;border-bottom-style: solid !important;}&#8221; el_class=&#8221;gris&#8221;]<\/p>\r\n<h4 style=\"text-align: center;\"><a href=\"https:\/\/masters.us.es\/ecoydesa\/wp-content\/uploads\/2024\/09\/Folleto-Master.pdf\" target=\"_blank\" rel=\"noopener\">Descargar D\u00edptico Informativo<\/a><\/h4>\r\n<p>[\/vc_column_text][vc_column_text css=&#8221;.vc_custom_1631790841252{border-top-width: 1px !important;border-right-width: 1px !important;border-bottom-width: 1px !important;border-left-width: 1px !important;padding-top: 10px !important;padding-bottom: 10px !important;border-left-color: #999999 !important;border-left-style: solid !important;border-right-color: #999999 !important;border-right-style: solid !important;border-top-color: #999999 !important;border-top-style: solid !important;border-bottom-color: #999999 !important;border-bottom-style: solid !important;}&#8221; el_class=&#8221;gris&#8221;]<\/p>\r\n<h4 style=\"text-align: center;\"><a href=\"https:\/\/masters.us.es\/ecoydesa\/wp-content\/uploads\/2024\/09\/Plan-de-Estudios-Master.pdf\" target=\"_blank\" rel=\"noopener\">Descargar PDF Plan de Estudios<\/a><\/h4>\r\n<p>[\/vc_column_text][vc_column_text css=&#8221;.vc_custom_1772553340610{border-top-width: 1px !important;border-right-width: 1px !important;border-bottom-width: 1px !important;border-left-width: 1px !important;padding-top: 10px !important;padding-bottom: 10px !important;border-left-style: solid !important;border-right-style: solid !important;border-top-style: solid !important;border-bottom-style: solid !important;border-color: #999999 !important;}&#8221; el_class=&#8221;gris&#8221;]<\/p>\r\n<h4 style=\"text-align: center;\"><a href=\"http:\/\/master.us.es\/ecoydesa\/wp-content\/uploads\/2015\/10\/Glosario-bling\u00fce-completo-2018.pdf\" target=\"_blank\" rel=\"noopener\">Glosario biling\u00fce<\/a><\/h4>\r\n<p>[\/vc_column_text][\/vc_column][vc_column width=&#8221;1\/4&#8243;][vc_widget_sidebar sidebar_id=&#8221;plazart-sidebar-default&#8221;][\/vc_column][\/vc_row][vc_row][vc_column][vc_column_text]<\/p>\r\n<p><br \/><a class=\"twitter-timeline\" href=\"https:\/\/twitter.com\/EcoydesUS?ref_src=twsrc%5Etfw\">Tweets by EcoydesUS<\/a> <script async src=\"https:\/\/platform.twitter.com\/widgets.js\" charset=\"utf-8\"><\/script><br \/>[\/vc_column_text][\/vc_column][\/vc_row]<\/p><\/div>","protected":false},"excerpt":{"rendered":"<p>[vc_row el_class=&#8221;espacioarriba&#8221;][vc_column width=&#8221;3\/4&#8243;][vc_single_image image=&#8221;447&#8243; img_size=&#8221;full&#8221;][vc_column_text] El M\u00e1ster en Econom\u00eda y Desarrollo proporciona formaci\u00f3n avanzada en herramientas anal\u00edticas, metodol\u00f3gicas y emp\u00edricas, que permiten optimizar la asignaci\u00f3n de los recursos de un pa\u00eds, a fin de dinamizar su desarrollo econ\u00f3mico, mejorando el bienestar de su poblaci\u00f3n. Los conocimientos y habilidades ofrecidos se articulan en cuatro l\u00edneas, (M\u00e9todos [&hellip;]<\/p>\n","protected":false},"author":1,"featured_media":0,"parent":0,"menu_order":0,"comment_status":"closed","ping_status":"closed","template":"","meta":{"_bbp_topic_count":0,"_bbp_reply_count":0,"_bbp_total_topic_count":0,"_bbp_total_reply_count":0,"_bbp_voice_count":0,"_bbp_anonymous_reply_count":0,"_bbp_topic_count_hidden":0,"_bbp_reply_count_hidden":0,"_bbp_forum_subforum_count":0,"footnotes":"","_links_to":"","_links_to_target":""},"class_list":["post-3730","page","type-page","status-publish","hentry"],"_links":{"self":[{"href":"https:\/\/master.us.es\/ecoydesa\/wp-json\/wp\/v2\/pages\/3730","targetHints":{"allow":["GET"]}}],"collection":[{"href":"https:\/\/master.us.es\/ecoydesa\/wp-json\/wp\/v2\/pages"}],"about":[{"href":"https:\/\/master.us.es\/ecoydesa\/wp-json\/wp\/v2\/types\/page"}],"author":[{"embeddable":true,"href":"https:\/\/master.us.es\/ecoydesa\/wp-json\/wp\/v2\/users\/1"}],"replies":[{"embeddable":true,"href":"https:\/\/master.us.es\/ecoydesa\/wp-json\/wp\/v2\/comments?post=3730"}],"version-history":[{"count":35,"href":"https:\/\/master.us.es\/ecoydesa\/wp-json\/wp\/v2\/pages\/3730\/revisions"}],"predecessor-version":[{"id":5430,"href":"https:\/\/master.us.es\/ecoydesa\/wp-json\/wp\/v2\/pages\/3730\/revisions\/5430"}],"wp:attachment":[{"href":"https:\/\/master.us.es\/ecoydesa\/wp-json\/wp\/v2\/media?parent=3730"}],"curies":[{"name":"wp","href":"https:\/\/api.w.org\/{rel}","templated":true}]}}