{"id":4608,"date":"2020-10-31T18:42:38","date_gmt":"2020-10-31T18:42:38","guid":{"rendered":"http:\/\/masters.us.es\/ecoydesa\/?page_id=4608"},"modified":"2021-12-10T18:18:06","modified_gmt":"2021-12-10T18:18:06","slug":"presentaciones-asignaturas-optativas","status":"publish","type":"page","link":"https:\/\/master.us.es\/ecoydesa\/presentaciones-asignaturas-optativas\/","title":{"rendered":"Presentaciones Asignaturas Optativas"},"content":{"rendered":"<div class=\"wpb-content-wrapper\"><p>[vc_row][vc_column][vc_column_text]<\/p>\n<h4><span style=\"color: #000080;\"><a style=\"color: #000080;\" href=\"http:\/\/masters.us.es\/ecoydesa\/wp-content\/uploads\/2020\/10\/An\u00e1lisis-Cuantitativo-de-Datos-Econ\u00f3micos.pdf\" target=\"_blank\">&#8211; An\u00e1lisis cuantitativo de datos econ\u00f3micos<\/a><\/span><\/h4>\n<p>[\/vc_column_text][vc_column_text]<\/p>\n<h4><span style=\"color: #000080;\"><a style=\"color: #000080;\" href=\"http:\/\/masters.us.es\/ecoydesa\/wp-content\/uploads\/2020\/10\/An\u00e1lisis-del-Crecimiento-Econ\u00f3mico.pdf\" target=\"_blank\">&#8211; An\u00e1lisis del Crecimiento Econ\u00f3mico<\/a><\/span><\/h4>\n<p>[\/vc_column_text][vc_column_text]<\/p>\n<h4><span style=\"color: #000080;\"><a style=\"color: #000080;\" href=\"http:\/\/masters.us.es\/ecoydesa\/wp-content\/uploads\/2020\/10\/Econom\u00eda-del-Factor-Empresarial.pdf\" target=\"_blank\">&#8211; Econom\u00eda del Factor Empresarial<\/a><\/span><\/h4>\n<p>[\/vc_column_text][vc_column_text]<\/p>\n<h4><span style=\"color: #000080;\"><a style=\"color: #000080;\" href=\"http:\/\/masters.us.es\/ecoydesa\/wp-content\/uploads\/2021\/12\/Presentaci\u00f3n-asignatura-DESARROLLO-ECON\u00d3MICO-Y-SECTORES-ESTRAT\u00c9GICOS-1.pdf\" target=\"_blank\">&#8211; Desarrollo Econ\u00f3mico y Sectores Estrat\u00e9gicos: Transporte y Turismo\u00a0<\/a><\/span><\/h4>\n<p>[\/vc_column_text][vc_column_text]<\/p>\n<h4><span style=\"color: #000080;\"><a style=\"color: #000080;\" href=\"http:\/\/masters.us.es\/ecoydesa\/wp-content\/uploads\/2020\/10\/Econom\u00eda-Medioambiental.pdf\" target=\"_blank\">&#8211; Econom\u00eda Medioambiental<\/a><\/span><\/h4>\n<p>[\/vc_column_text][vc_column_text]<\/p>\n<h4><span style=\"color: #000080;\"><a style=\"color: #000080;\" href=\"http:\/\/masters.us.es\/ecoydesa\/wp-content\/uploads\/2020\/10\/Evaluaci\u00f3n-de-Pol\u00edticas-P\u00fablicas.pdf\" target=\"_blank\">&#8211; Evaluaci\u00f3n de Pol\u00edticas P\u00fablicas<\/a><\/span><\/h4>\n<p>[\/vc_column_text][vc_column_text]<\/p>\n<h4><span style=\"color: #000080;\"><a style=\"color: #000080;\" href=\"http:\/\/masters.us.es\/ecoydesa\/wp-content\/uploads\/2020\/10\/Medidas-de-la-Desigualdad-y-la-Pobreza.pdf\" target=\"_blank\">&#8211; Medidas de la Desigualdad y la Pobreza<\/a><\/span><\/h4>\n<p>[\/vc_column_text][vc_column_text]<\/p>\n<h4><span style=\"color: #000080;\"><a style=\"color: #000080;\" href=\"http:\/\/masters.us.es\/ecoydesa\/wp-content\/uploads\/2020\/10\/Teor\u00eda-y-Pol\u00edticas-de-las-Finanzas-Internacionales.pdf\" target=\"_blank\">&#8211; Teor\u00eda y Pol\u00edticas de las Finanzas Internacionales<\/a><\/span><\/h4>\n<p>[\/vc_column_text][\/vc_column][\/vc_row]<\/p>\n<\/div>","protected":false},"excerpt":{"rendered":"<p>[vc_row][vc_column][vc_column_text] &#8211; An\u00e1lisis cuantitativo de datos econ\u00f3micos [\/vc_column_text][vc_column_text] &#8211; An\u00e1lisis del Crecimiento Econ\u00f3mico [\/vc_column_text][vc_column_text] &#8211; Econom\u00eda del Factor Empresarial [\/vc_column_text][vc_column_text] &#8211; Desarrollo Econ\u00f3mico y Sectores Estrat\u00e9gicos: Transporte y Turismo\u00a0 [\/vc_column_text][vc_column_text] &#8211; Econom\u00eda Medioambiental [\/vc_column_text][vc_column_text] &#8211; Evaluaci\u00f3n de Pol\u00edticas P\u00fablicas [\/vc_column_text][vc_column_text] &#8211; Medidas de la Desigualdad y la Pobreza [\/vc_column_text][vc_column_text] &#8211; Teor\u00eda y Pol\u00edticas de las [&hellip;]<\/p>\n","protected":false},"author":8,"featured_media":0,"parent":0,"menu_order":0,"comment_status":"closed","ping_status":"closed","template":"","meta":{"_bbp_topic_count":0,"_bbp_reply_count":0,"_bbp_total_topic_count":0,"_bbp_total_reply_count":0,"_bbp_voice_count":0,"_bbp_anonymous_reply_count":0,"_bbp_topic_count_hidden":0,"_bbp_reply_count_hidden":0,"_bbp_forum_subforum_count":0,"footnotes":"","_links_to":"","_links_to_target":""},"class_list":["post-4608","page","type-page","status-publish","hentry"],"_links":{"self":[{"href":"https:\/\/master.us.es\/ecoydesa\/wp-json\/wp\/v2\/pages\/4608","targetHints":{"allow":["GET"]}}],"collection":[{"href":"https:\/\/master.us.es\/ecoydesa\/wp-json\/wp\/v2\/pages"}],"about":[{"href":"https:\/\/master.us.es\/ecoydesa\/wp-json\/wp\/v2\/types\/page"}],"author":[{"embeddable":true,"href":"https:\/\/master.us.es\/ecoydesa\/wp-json\/wp\/v2\/users\/8"}],"replies":[{"embeddable":true,"href":"https:\/\/master.us.es\/ecoydesa\/wp-json\/wp\/v2\/comments?post=4608"}],"version-history":[{"count":7,"href":"https:\/\/master.us.es\/ecoydesa\/wp-json\/wp\/v2\/pages\/4608\/revisions"}],"predecessor-version":[{"id":5171,"href":"https:\/\/master.us.es\/ecoydesa\/wp-json\/wp\/v2\/pages\/4608\/revisions\/5171"}],"wp:attachment":[{"href":"https:\/\/master.us.es\/ecoydesa\/wp-json\/wp\/v2\/media?parent=4608"}],"curies":[{"name":"wp","href":"https:\/\/api.w.org\/{rel}","templated":true}]}}