{"id":150,"date":"2023-05-17T17:31:28","date_gmt":"2023-05-17T15:31:28","guid":{"rendered":"http:\/\/master.us.es\/maio4you\/?page_id=150"},"modified":"2023-05-17T17:31:28","modified_gmt":"2023-05-17T15:31:28","slug":"legal-information","status":"publish","type":"page","link":"https:\/\/master.us.es\/maio4you\/legal-information\/","title":{"rendered":"Legal Information"},"content":{"rendered":"\n<h2 class=\"wp-block-heading\">Informaci\u00f3n general en relaci\u00f3n con el portal del Master in Aeronautical Industry Operations<\/h2>\n\n\n\n<p>En cumplimiento de lo previsto en la Ley 34\/2002, de 11 de julio, de Servicios de la Sociedad de la Informaci\u00f3n y de Comercio Electr\u00f3nico, as\u00ed como en otras normas de legal aplicaci\u00f3n, se pone en conocimiento de los usuarios del Portal de Internet www.us.es los siguientes datos de informaci\u00f3n general:<\/p>\n\n\n\n<ol class=\"wp-block-list\">\n<li>El presente portal constituye el Sitio Oficial en Internet de la UNIVERSIDAD DE SEVILLA. Ha sido creado y es mantenido a instancias de la \u201cUNIVERSIDAD DE SEVILLA\u201d, quien es su propietaria, as\u00ed como de aquellos nombres de dominio que a \u00e9l conducen<\/li>\n\n\n\n<li>La UNIVERSIDAD DE SEVILLA es una instituci\u00f3n p\u00fablica educativa.<\/li>\n\n\n\n<li>La UNIVERSIDAD DE SEVILLA est\u00e1 provista de C.I.F. n\u00ba Q-4118001-I<\/li>\n\n\n\n<li>La sede de la UNIVERSIDAD DE SEVILLA se encuentra en: C\/ S. Fernando, 4 (C.P. 41004) SEVILLA<br>ESPA\u00d1A<\/li>\n\n\n\n<li>Los usuarios del presente portal podr\u00e1n establecer una comunicaci\u00f3n directa y efectiva con la UNIVERSIDAD DE SEVILLA mediante comunicaci\u00f3n escrita remitida a su domicilio social, indicado en el punto 4 de los que componen esta Informaci\u00f3n General.&nbsp;<\/li>\n<\/ol>\n","protected":false},"excerpt":{"rendered":"<p>Informaci\u00f3n general en relaci\u00f3n con el portal del Master in Aeronautical Industry Operations En cumplimiento de lo previsto en la Ley 34\/2002, de 11 de julio, de Servicios de la Sociedad de la Informaci\u00f3n y de Comercio Electr\u00f3nico, as\u00ed como en otras normas de legal aplicaci\u00f3n, se pone en conocimiento de los usuarios del Portal [&hellip;]<\/p>\n","protected":false},"author":1,"featured_media":0,"parent":0,"menu_order":101,"comment_status":"closed","ping_status":"closed","template":"","meta":{"footnotes":""},"class_list":["post-150","page","type-page","status-publish","hentry"],"_links":{"self":[{"href":"https:\/\/master.us.es\/maio4you\/wp-json\/wp\/v2\/pages\/150","targetHints":{"allow":["GET"]}}],"collection":[{"href":"https:\/\/master.us.es\/maio4you\/wp-json\/wp\/v2\/pages"}],"about":[{"href":"https:\/\/master.us.es\/maio4you\/wp-json\/wp\/v2\/types\/page"}],"author":[{"embeddable":true,"href":"https:\/\/master.us.es\/maio4you\/wp-json\/wp\/v2\/users\/1"}],"replies":[{"embeddable":true,"href":"https:\/\/master.us.es\/maio4you\/wp-json\/wp\/v2\/comments?post=150"}],"version-history":[{"count":1,"href":"https:\/\/master.us.es\/maio4you\/wp-json\/wp\/v2\/pages\/150\/revisions"}],"predecessor-version":[{"id":151,"href":"https:\/\/master.us.es\/maio4you\/wp-json\/wp\/v2\/pages\/150\/revisions\/151"}],"wp:attachment":[{"href":"https:\/\/master.us.es\/maio4you\/wp-json\/wp\/v2\/media?parent=150"}],"curies":[{"name":"wp","href":"https:\/\/api.w.org\/{rel}","templated":true}]}}