{"id":6006,"date":"2021-06-22T20:24:35","date_gmt":"2021-06-22T20:24:35","guid":{"rendered":"https:\/\/homesteam.org\/?page_id=6006"},"modified":"2022-03-29T22:37:51","modified_gmt":"2022-03-29T22:37:51","slug":"enfoques-didacticos-aprendizaje-servicio-y-emprendimiento-social-dases","status":"publish","type":"page","link":"https:\/\/master.us.es\/masteracctic\/titulo-steam\/enfoques-didacticos-aprendizaje-servicio-y-emprendimiento-social-dases\/","title":{"rendered":"1-Enfoques did\u00e1cticos, Aprendizaje Servicio y Emprendimiento Social (DASES)"},"content":{"rendered":"\n<h5><a href=\"..\/titulo-steam\/\"><img decoding=\"async\" loading=\"lazy\" width=\"31\" height=\"31\" src=\"http:\/\/master.us.es\/masteracctic\/wp-content\/uploads\/2021\/06\/icon_rewind.png\" alt=\"home\"><\/a> &nbsp;&nbsp;<a href=\"..\/titulo-steam\/\"><img decoding=\"async\" loading=\"lazy\" width=\"31\" height=\"31\" src=\"http:\/\/master.us.es\/masteracctic\/wp-content\/uploads\/2021\/07\/noun_back button_3648088-e1625393285664.png\" alt=\"back\"><\/a>&nbsp;&nbsp;&nbsp;Asignatura: Enfoques did\u00e1cticos, Aprendizaje Servicio y Emprendimiento Social (DASES)&nbsp;<a href=\"..\/gamificacion-y-procesos-colaborativos-para-fomentar-las-inteligencias-computacional-y-emocional-en-los-ninos-y-adolescentes-gpc\/\"><img decoding=\"async\" loading=\"lazy\" width=\"31\" height=\"31\" src=\"http:\/\/master.us.es\/masteracctic\/wp-content\/uploads\/2021\/07\/noun_next button_3648090-e1625393306812.png\" alt=\"forward\"><\/a><\/h5>\n\n\n\n<p style=\"text-align: center;\"><iframe loading=\"lazy\" src=\"https:\/\/cdnapisec.kaltura.com\/p\/2347021\/sp\/234702100\/embedIframeJs\/uiconf_id\/43617741\/partner_id\/2347021?iframeembed=true&amp;playerId=kplayer&amp;entry_id=1_lfdyuf3m&amp;flashvars[streamerType]=auto\" width=\"100%\" height=\"395\" allowfullscreen=\"\" webkitallowfullscreen=\"\" mozallowfullscreen=\"\" allow=\"autoplay *; fullscreen *; encrypted-media *\" frameborder=\"0\"><\/iframe><\/p>\n<table style=\"border-collapse: collapse; width: 100%; height: 1331px;\" border=\"0\">\n<tbody>\n<tr style=\"height: 100%;\">\n<td style=\"width: 100%; vertical-align: top; height: 340px;\">\n<table style=\"width: 100%; border-collapse: collapse; border-style: none; margin-left: auto; margin-right: auto;\">\n<tbody>\n<tr style=\"height: 193px;\">\n<td style=\"width: 100%; height: 193px;\">&nbsp;\n<p style=\"text-align: center;\"><strong>Profesora: <\/strong>D\u00aa. Mar Prados Gallardo<\/p>\n<p style=\"text-align: center;\"><strong>N\u00famero de cr\u00e9ditos: <\/strong>2,00&nbsp;ECTS<\/p>\n<p style=\"text-align: center;\"><strong>Modalidad de impartici\u00f3n: <\/strong>100% online<\/p>\n<p style=\"text-align: center;\"><strong>Fechas: <\/strong>Mes de noviembre<\/p>\n<\/td>\n<\/tr>\n<\/tbody>\n<\/table>\n<hr>\n<p><strong>Contenido: <\/strong><\/p>\n<p>1- Enfoques did\u00e1cticos para fomentar el aprendizaje STEAM<br><br>2 &#8211; Qu\u00e9 es el Aprendizaje Servicio <br>2.1 ApS como facilitador del aprendizaje <br>2.2 Beneficio Rec\u00edproco <br>2.3 Fomentar valores en la educaci\u00f3n <br>2.4 Metodolog\u00eda del ApS <br><br>3 &#8211; ApS en el aprendizaje TIC <br>3.1 Tecnolog\u00edas con las que aplicar el ApS <br>3.2 Efecto de aplicar el ApS en el aprendizaje TIC <br>3.3 Ejemplos de aplicaci\u00f3n <br><br>4 &#8211; Introducci\u00f3n al Emprendimiento <br>4.1 \u00bfQu\u00e9 es emprender? <br>4.2 Caracter\u00edsticas Emprendedoras Personales <br>4.3 Fases del Emprendimiento <br>4.4 Casos de \u00e9xito y fracaso <br><br>5 &#8211; Emprendimiento en Educaci\u00f3n <br>5.1 Fomentar el emprendimiento en el aula <br>5.2 Educadores emprendedores <br>5.3 Iniciativas emprendedoras en Educaci\u00f3n: retos y oportunidades <br><br>6 &#8211; Emprendimiento Social <br>6.1 \u00bfQu\u00e9 es el emprendimiento Social? <br>6.2 Sentido del Emprendimiento e Innovaci\u00f3n Social en Educaci\u00f3n <br>6.3 La gran oportunidad de generar cambio <br>6.4 Casos de \u00e9xito<\/p>\n<\/td>\n<\/tr>\n<tr style=\"height: 582px;\">\n<td style=\"width: 100%; vertical-align: top;\">\n  <p>TUTOR\u00cdAS Y PR\u00c1CTICA DE EVALUACI\u00d3N CONTINUA DE LA ASIGNATURA: Tutor\u00edas online, a petici\u00f3n del alumno, con el fin de resolver dudas y completar el ejercicio final de la asignatura. <br><br>MODALIDAD: 100% online, con clases sincr\u00f3nicas dos martes por la tarde en semanas alternas (semanas 2 y 4). <br><br><\/p>\n<\/td>\n<\/tr>\n<\/tbody>\n<\/table>\n<p>&nbsp;<\/p>\n<p><br><br><br><br><\/p>\n\n\n\n<p><\/p>\n","protected":false},"excerpt":{"rendered":"<p>Asignatura Enfoques did\u00e1cticos, Aprendizaje Servicio y Emprendimiento Social (DASES)<\/p>\n","protected":false},"author":1,"featured_media":6032,"parent":5626,"menu_order":0,"comment_status":"closed","ping_status":"closed","template":"","meta":{"_uag_custom_page_level_css":""},"folder":[3],"blocksy_meta":{"styles_descriptor":{"styles":{"desktop":"","tablet":"","mobile":""},"google_fonts":[],"version":4}},"uagb_featured_image_src":{"full":["https:\/\/master.us.es\/masteracctic\/wp-content\/uploads\/2021\/06\/steam_Josemi_y_mar_DASES.png",1920,1080,false],"thumbnail":["https:\/\/master.us.es\/masteracctic\/wp-content\/uploads\/2021\/06\/steam_Josemi_y_mar_DASES-150x150.png",150,150,true],"medium":["https:\/\/master.us.es\/masteracctic\/wp-content\/uploads\/2021\/06\/steam_Josemi_y_mar_DASES-300x169.png",300,169,true],"medium_large":["https:\/\/master.us.es\/masteracctic\/wp-content\/uploads\/2021\/06\/steam_Josemi_y_mar_DASES-768x432.png",768,432,true],"large":["https:\/\/master.us.es\/masteracctic\/wp-content\/uploads\/2021\/06\/steam_Josemi_y_mar_DASES-1024x576.png",1024,576,true],"1536x1536":["https:\/\/master.us.es\/masteracctic\/wp-content\/uploads\/2021\/06\/steam_Josemi_y_mar_DASES-1536x864.png",1536,864,true],"2048x2048":["https:\/\/master.us.es\/masteracctic\/wp-content\/uploads\/2021\/06\/steam_Josemi_y_mar_DASES.png",1920,1080,false]},"uagb_author_info":{"display_name":"fewibef","author_link":"https:\/\/master.us.es\/masteracctic\/author\/fewibef\/"},"uagb_comment_info":0,"uagb_excerpt":"Asignatura Enfoques did\u00e1cticos, Aprendizaje Servicio y Emprendimiento Social (DASES)","_links":{"self":[{"href":"https:\/\/master.us.es\/masteracctic\/wp-json\/wp\/v2\/pages\/6006"}],"collection":[{"href":"https:\/\/master.us.es\/masteracctic\/wp-json\/wp\/v2\/pages"}],"about":[{"href":"https:\/\/master.us.es\/masteracctic\/wp-json\/wp\/v2\/types\/page"}],"author":[{"embeddable":true,"href":"https:\/\/master.us.es\/masteracctic\/wp-json\/wp\/v2\/users\/1"}],"replies":[{"embeddable":true,"href":"https:\/\/master.us.es\/masteracctic\/wp-json\/wp\/v2\/comments?post=6006"}],"version-history":[{"count":44,"href":"https:\/\/master.us.es\/masteracctic\/wp-json\/wp\/v2\/pages\/6006\/revisions"}],"predecessor-version":[{"id":6565,"href":"https:\/\/master.us.es\/masteracctic\/wp-json\/wp\/v2\/pages\/6006\/revisions\/6565"}],"up":[{"embeddable":true,"href":"https:\/\/master.us.es\/masteracctic\/wp-json\/wp\/v2\/pages\/5626"}],"wp:featuredmedia":[{"embeddable":true,"href":"https:\/\/master.us.es\/masteracctic\/wp-json\/wp\/v2\/media\/6032"}],"wp:attachment":[{"href":"https:\/\/master.us.es\/masteracctic\/wp-json\/wp\/v2\/media?parent=6006"}],"wp:term":[{"taxonomy":"folder","embeddable":true,"href":"https:\/\/master.us.es\/masteracctic\/wp-json\/wp\/v2\/folder?post=6006"}],"curies":[{"name":"wp","href":"https:\/\/api.w.org\/{rel}","templated":true}]}}