{"id":6118,"date":"2021-06-26T16:11:16","date_gmt":"2021-06-26T16:11:16","guid":{"rendered":"http:\/\/master.us.es\/masteracctic\/?page_id=6118"},"modified":"2022-03-29T22:42:58","modified_gmt":"2022-03-29T22:42:58","slug":"programacion-educativa-de-videojuegos-sencillos-pvs","status":"publish","type":"page","link":"https:\/\/master.us.es\/masteracctic\/titulo-steam\/programacion-educativa-de-videojuegos-sencillos-pvs\/","title":{"rendered":"4-Programaci\u00f3n educativa de Videojuegos Sencillos (PVS)"},"content":{"rendered":"\n<h5><a href=\"..\/titulo-steam\/\"><img decoding=\"async\" loading=\"lazy\" src=\"http:\/\/master.us.es\/masteracctic\/wp-content\/uploads\/2021\/06\/icon_rewind.png\" alt=\"home\" width=\"31\" height=\"31\"><\/a>\n&nbsp;&nbsp;<a href=\"..\/programacion-y-divulgacion-creativas-con-un-enfoque-de-genero-pdcg\/\"><img decoding=\"async\" loading=\"lazy\" src=\"http:\/\/master.us.es\/masteracctic\/wp-content\/uploads\/2021\/07\/noun_back button_3648088-e1625393285664.png\" alt=\"back\" width=\"31\" height=\"31\"><\/a>&nbsp;&nbsp;&nbsp;Asignatura: Programaci\u00f3n educativa de Videojuegos Sencillos (PVS)&nbsp;<a href=\"..\/inteligencia-artificial-ia\/\"><img decoding=\"async\" loading=\"lazy\" src=\"http:\/\/master.us.es\/masteracctic\/wp-content\/uploads\/2021\/07\/noun_next button_3648090-e1625393306812.png\" alt=\"forward\" width=\"31\" height=\"31\"><\/a><\/h5>\n\n\n\n<p style=\"text-align: center;\"><iframe loading=\"lazy\" src=\"https:\/\/cdnapisec.kaltura.com\/p\/2347021\/sp\/234702100\/embedIframeJs\/uiconf_id\/43617741\/partner_id\/2347021?iframeembed=true&amp;playerId=kplayer&amp;entry_id=1_h8kh9vt5&amp;flashvars[streamerType]=auto\" width=\"100%\" height=\"395\" frameborder=\"0\" allowfullscreen=\"allowfullscreen\"><\/iframe><\/p>\n<table style=\"border-collapse: collapse; width: 100%; height: 1331px;\" border=\"0\">\n<tbody>\n<tr style=\"height: 100%;\">\n<td style=\"width: 100%; vertical-align: top; height: 340px;\">\n<table style=\"width: 100%; border-collapse: collapse; border-style: none; margin-left: auto; margin-right: auto;\">\n<tbody>\n<tr style=\"height: 193px;\">\n<td style=\"width: 100%; height: 193px;\">&nbsp;\n<p style=\"text-align: center;\"><strong>Profesor: <\/strong>D. Santiago Fern\u00e1ndez-Cabaleiro P\u00e9rez.<\/p>\n<p style=\"text-align: center;\"><strong>N\u00famero de cr\u00e9ditos: <\/strong>4,00&nbsp;ECTS<\/p>\n<p style=\"text-align: center;\"><strong>Modalidad de impartici\u00f3n: <\/strong>100% online<\/p>\n<p style=\"text-align: center;\"><strong>Fechas: <\/strong>Meses de noviembre y diciembre<\/p>\n<\/td>\n<\/tr>\n<\/tbody>\n<\/table>\n<hr>\n<p><strong>Contenido: <\/strong><\/p>\n<p>1 &#8211; Aprender a Programar es cosa de ni\u00f1os<br>1.1 Pensamiento computacional y programaci\u00f3n por bloques.<br>1.2 Programando para potenciar el aprendizaje en todas las \u00e1reas.<br>1.3 Comunidades de programaci\u00f3n y recursos.<br>1.4 Conceptos generales de programaci\u00f3n. Algoritmos, Programas<br>1.5 Lenguajes de Programaci\u00f3n<br>1.6 Diagramas de flujo. An\u00e1lisis del comportamiento de un programa.<br>1.7 Sintaxis y sem\u00e1ntica. Compilaci\u00f3n. Ejecuci\u00f3n. Depuraci\u00f3n.<\/p>\n<p>2 &#8211; Snap<br>2.1 Introducci\u00f3n. Entorno, Crear y Compartir. Material adicional, gu\u00edas y ejemplos<br>2.2 Objetos y escenas.<br>2.3 Animaciones. Ejecuci\u00f3n de un programa. Movimiento de Objetos. Interacci\u00f3n y respuesta a eventos.<br>2.4 Estructuras de control de la ejecuci\u00f3n. Condicionales. Bucles.<br>2.5 Variables. Listas y procedimientos<br>2.6 Audio y v\u00eddeo.<\/p>\n<p>3 &#8211; Programaci\u00f3n de videojuegos con lenguajes textuales<br>3.1 M\u00e1s all\u00e1 de Snap\/Scratch<br>3.2 Python<br>3.3 Javascript y lenguajes web<br>3.4 p5.js o similares para programaci\u00f3n gr\u00e1fica<\/p>\n<\/td>\n<\/tr>\n<tr style=\"height: 582px;\">\n<td style=\"width: 100%; vertical-align: top;\">\n<p>TUTOR\u00cdAS Y PR\u00c1CTICA DE EVALUACI\u00d3N CONTINUA DE LA ASIGNATURA: Tutor\u00edas online, a petici\u00f3n del alumno, con el fin de resolver dudas y completar el ejercicio final de la asignatura. <br><br>MODALIDAD: 100% online, con clases sincr\u00f3nicas cuatro viernes por la tarde en semanas alternas (semanas 2, 4, 6 y 8).<br><br><\/p>\n<\/td>\n<\/tr>\n<\/tbody>\n<\/table>\n<p>&nbsp;<\/p>\n<p><br><br><br><br><\/p>\n","protected":false},"excerpt":{"rendered":"<p>Asignatura Enfoques did\u00e1cticos, Aprendizaje Servicio y Emprendimiento Social (DASES)<\/p>\n","protected":false},"author":1,"featured_media":6050,"parent":5626,"menu_order":0,"comment_status":"closed","ping_status":"closed","template":"","meta":{"_uag_custom_page_level_css":""},"folder":[3],"blocksy_meta":{"styles_descriptor":{"styles":{"desktop":"","tablet":"","mobile":""},"google_fonts":[],"version":4}},"uagb_featured_image_src":{"full":["https:\/\/master.us.es\/masteracctic\/wp-content\/uploads\/2021\/06\/STEAM_PVS_SantiagoFernandezCabaleiro.png",1920,1081,false],"thumbnail":["https:\/\/master.us.es\/masteracctic\/wp-content\/uploads\/2021\/06\/STEAM_PVS_SantiagoFernandezCabaleiro-150x150.png",150,150,true],"medium":["https:\/\/master.us.es\/masteracctic\/wp-content\/uploads\/2021\/06\/STEAM_PVS_SantiagoFernandezCabaleiro-300x169.png",300,169,true],"medium_large":["https:\/\/master.us.es\/masteracctic\/wp-content\/uploads\/2021\/06\/STEAM_PVS_SantiagoFernandezCabaleiro-768x432.png",768,432,true],"large":["https:\/\/master.us.es\/masteracctic\/wp-content\/uploads\/2021\/06\/STEAM_PVS_SantiagoFernandezCabaleiro-1024x577.png",1024,577,true],"1536x1536":["https:\/\/master.us.es\/masteracctic\/wp-content\/uploads\/2021\/06\/STEAM_PVS_SantiagoFernandezCabaleiro-1536x865.png",1536,865,true],"2048x2048":["https:\/\/master.us.es\/masteracctic\/wp-content\/uploads\/2021\/06\/STEAM_PVS_SantiagoFernandezCabaleiro.png",1920,1081,false]},"uagb_author_info":{"display_name":"fewibef","author_link":"https:\/\/master.us.es\/masteracctic\/author\/fewibef\/"},"uagb_comment_info":0,"uagb_excerpt":"Asignatura Enfoques did\u00e1cticos, Aprendizaje Servicio y Emprendimiento Social (DASES)","_links":{"self":[{"href":"https:\/\/master.us.es\/masteracctic\/wp-json\/wp\/v2\/pages\/6118"}],"collection":[{"href":"https:\/\/master.us.es\/masteracctic\/wp-json\/wp\/v2\/pages"}],"about":[{"href":"https:\/\/master.us.es\/masteracctic\/wp-json\/wp\/v2\/types\/page"}],"author":[{"embeddable":true,"href":"https:\/\/master.us.es\/masteracctic\/wp-json\/wp\/v2\/users\/1"}],"replies":[{"embeddable":true,"href":"https:\/\/master.us.es\/masteracctic\/wp-json\/wp\/v2\/comments?post=6118"}],"version-history":[{"count":9,"href":"https:\/\/master.us.es\/masteracctic\/wp-json\/wp\/v2\/pages\/6118\/revisions"}],"predecessor-version":[{"id":6570,"href":"https:\/\/master.us.es\/masteracctic\/wp-json\/wp\/v2\/pages\/6118\/revisions\/6570"}],"up":[{"embeddable":true,"href":"https:\/\/master.us.es\/masteracctic\/wp-json\/wp\/v2\/pages\/5626"}],"wp:featuredmedia":[{"embeddable":true,"href":"https:\/\/master.us.es\/masteracctic\/wp-json\/wp\/v2\/media\/6050"}],"wp:attachment":[{"href":"https:\/\/master.us.es\/masteracctic\/wp-json\/wp\/v2\/media?parent=6118"}],"wp:term":[{"taxonomy":"folder","embeddable":true,"href":"https:\/\/master.us.es\/masteracctic\/wp-json\/wp\/v2\/folder?post=6118"}],"curies":[{"name":"wp","href":"https:\/\/api.w.org\/{rel}","templated":true}]}}