{"id":6123,"date":"2021-06-26T16:26:11","date_gmt":"2021-06-26T16:26:11","guid":{"rendered":"http:\/\/master.us.es\/masteracctic\/?page_id=6123"},"modified":"2022-03-29T22:43:37","modified_gmt":"2022-03-29T22:43:37","slug":"inteligencia-artificial-ia","status":"publish","type":"page","link":"https:\/\/master.us.es\/masteracctic\/titulo-steam\/inteligencia-artificial-ia\/","title":{"rendered":"5-Inteligencia Artificial (IA)"},"content":{"rendered":"\n<h5><a href=\"..\/titulo-steam\/\"><img decoding=\"async\" loading=\"lazy\" src=\"http:\/\/master.us.es\/masteracctic\/wp-content\/uploads\/2021\/06\/icon_rewind.png\" alt=\"home\" width=\"31\" height=\"31\"><\/a>\n&nbsp;&nbsp;<a href=\"..\/programacion-educativa-de-videojuegos-sencillos-pvs\/\"><img decoding=\"async\" loading=\"lazy\" src=\"http:\/\/master.us.es\/masteracctic\/wp-content\/uploads\/2021\/07\/noun_back button_3648088-e1625393285664.png\" alt=\"back\" width=\"31\" height=\"31\"><\/a>&nbsp;&nbsp;&nbsp;Asignatura: Inteligencia Artificial (IA)&nbsp;<a href=\"..\/diseno-e-impresion-3d-di3d\/\"><img decoding=\"async\" loading=\"lazy\" src=\"http:\/\/master.us.es\/masteracctic\/wp-content\/uploads\/2021\/07\/noun_next button_3648090-e1625393306812.png\" alt=\"forward\" width=\"31\" height=\"31\"><\/a><\/h5>\n\n\n\n<p style=\"text-align: center;\"><iframe loading=\"lazy\" src=\"https:\/\/cdnapisec.kaltura.com\/p\/2347021\/sp\/234702100\/embedIframeJs\/uiconf_id\/43617741\/partner_id\/2347021?iframeembed=true&amp;playerId=kplayer&amp;entry_id=1_olhusx16&amp;flashvars[streamerType]=auto\" width=\"100%\" height=\"395\" frameborder=\"0\" allowfullscreen=\"allowfullscreen\"><\/iframe><\/p>\n<table style=\"border-collapse: collapse; width: 100%; height: 1331px;\" border=\"0\">\n<tbody>\n<tr style=\"height: 100%;\">\n<td style=\"width: 100%; vertical-align: top; height: 340px;\">\n<table style=\"width: 100%; border-collapse: collapse; border-style: none; margin-left: auto; margin-right: auto; height: 193px;\">\n<tbody>\n<tr style=\"height: 193px;\">\n<td style=\"width: 100%; height: 193px;\">&nbsp;\n<p style=\"text-align: center;\"><strong>Profesor: <\/strong>D. Agust\u00edn Riscos N\u00fa\u00f1ez.<\/p>\n<p style=\"text-align: center;\"><strong>N\u00famero de cr\u00e9ditos: <\/strong>2,00&nbsp;ECTS<\/p>\n<p style=\"text-align: center;\"><strong>Modalidad de impartici\u00f3n: <\/strong>100% online<\/p>\n<p style=\"text-align: center;\"><strong>Fechas: <\/strong>Meses de diciembre y enero<\/p>\n<\/td>\n<\/tr>\n<\/tbody>\n<\/table>\n<hr>\n<p><strong>Contenido: <\/strong><\/p>\n<p>1 &#8211; Introducci\u00f3n a la Inteligencia Artificial<br>1.1 Historia, definici\u00f3n y tipos<br>1.2 El impacto de la IA en la vida cotidiana<br>1.3 Aspectos \u00e9ticos: sesgos, opacidad, fiabilidad,&#8230;<\/p>\n<p>2 &#8211; Introducci\u00f3n al Aprendizaje Autom\u00e1tico<br>2.1 \u00bfPara qu\u00e9 sirve? \u00bfC\u00f3mo \u201caprenden\u201d las m\u00e1quinas?<br>2.2 Posibles herramientas para ense\u00f1ar IA en el aula: Scratch, Snap, Weka, Netlogo,&#8230;<br>2.3 Aprendizaje supervisado vs. no supervisado<br>2.3.1 Resoluci\u00f3n eficiente de problemas. Optimizaci\u00f3n<br>2.3.2 Asistentes a toma de decisiones<br>2.3.3 B\u00fasqueda de patrones<br>2.4 Aprendizaje Profundo<\/p>\n<p>3 \u2013 Casos pr\u00e1cticos (reconocimiento y\/o s\u00edntesis)<br>3.1 Lenguaje Natural<br>3.2 Arte generativo mediante IA:<br>3.2.1 M\u00fasica y danza<br>3.2.2 Im\u00e1genes y v\u00eddeo<\/p>\n<\/td>\n<\/tr>\n<tr style=\"height: 582px;\">\n<td style=\"width: 100%; vertical-align: top;\">\n<p>TUTOR\u00cdAS Y PR\u00c1CTICA DE EVALUACI\u00d3N CONTINUA DE LA ASIGNATURA: Tutor\u00edas online, a petici\u00f3n del alumno, con el fin de resolver dudas y completar el ejercicio final de la asignatura. <br><br>MODALIDAD: 100% online, con clases presenciales dos viernes por la tarde en semanas alternas (semanas 10 y 12).<br><br><\/p>\n<\/td>\n<\/tr>\n<\/tbody>\n<\/table>\n<p>&nbsp;<\/p>\n<p><br><br><br><br><\/p>\n\n\n\n<p><\/p>\n","protected":false},"excerpt":{"rendered":"<p>Asignatura Enfoques did\u00e1cticos, Aprendizaje Servicio y Emprendimiento Social (DASES)<\/p>\n","protected":false},"author":1,"featured_media":6046,"parent":5626,"menu_order":0,"comment_status":"closed","ping_status":"closed","template":"","meta":{"_uag_custom_page_level_css":""},"folder":[3],"blocksy_meta":{"styles_descriptor":{"styles":{"desktop":"","tablet":"","mobile":""},"google_fonts":[],"version":4}},"uagb_featured_image_src":{"full":["https:\/\/master.us.es\/masteracctic\/wp-content\/uploads\/2021\/06\/STEAM_IA_AgustinRiscos.png",1920,1083,false],"thumbnail":["https:\/\/master.us.es\/masteracctic\/wp-content\/uploads\/2021\/06\/STEAM_IA_AgustinRiscos-150x150.png",150,150,true],"medium":["https:\/\/master.us.es\/masteracctic\/wp-content\/uploads\/2021\/06\/STEAM_IA_AgustinRiscos-300x169.png",300,169,true],"medium_large":["https:\/\/master.us.es\/masteracctic\/wp-content\/uploads\/2021\/06\/STEAM_IA_AgustinRiscos-768x433.png",768,433,true],"large":["https:\/\/master.us.es\/masteracctic\/wp-content\/uploads\/2021\/06\/STEAM_IA_AgustinRiscos-1024x578.png",1024,578,true],"1536x1536":["https:\/\/master.us.es\/masteracctic\/wp-content\/uploads\/2021\/06\/STEAM_IA_AgustinRiscos-1536x866.png",1536,866,true],"2048x2048":["https:\/\/master.us.es\/masteracctic\/wp-content\/uploads\/2021\/06\/STEAM_IA_AgustinRiscos.png",1920,1083,false]},"uagb_author_info":{"display_name":"fewibef","author_link":"https:\/\/master.us.es\/masteracctic\/author\/fewibef\/"},"uagb_comment_info":0,"uagb_excerpt":"Asignatura Enfoques did\u00e1cticos, Aprendizaje Servicio y Emprendimiento Social (DASES)","_links":{"self":[{"href":"https:\/\/master.us.es\/masteracctic\/wp-json\/wp\/v2\/pages\/6123"}],"collection":[{"href":"https:\/\/master.us.es\/masteracctic\/wp-json\/wp\/v2\/pages"}],"about":[{"href":"https:\/\/master.us.es\/masteracctic\/wp-json\/wp\/v2\/types\/page"}],"author":[{"embeddable":true,"href":"https:\/\/master.us.es\/masteracctic\/wp-json\/wp\/v2\/users\/1"}],"replies":[{"embeddable":true,"href":"https:\/\/master.us.es\/masteracctic\/wp-json\/wp\/v2\/comments?post=6123"}],"version-history":[{"count":6,"href":"https:\/\/master.us.es\/masteracctic\/wp-json\/wp\/v2\/pages\/6123\/revisions"}],"predecessor-version":[{"id":6571,"href":"https:\/\/master.us.es\/masteracctic\/wp-json\/wp\/v2\/pages\/6123\/revisions\/6571"}],"up":[{"embeddable":true,"href":"https:\/\/master.us.es\/masteracctic\/wp-json\/wp\/v2\/pages\/5626"}],"wp:featuredmedia":[{"embeddable":true,"href":"https:\/\/master.us.es\/masteracctic\/wp-json\/wp\/v2\/media\/6046"}],"wp:attachment":[{"href":"https:\/\/master.us.es\/masteracctic\/wp-json\/wp\/v2\/media?parent=6123"}],"wp:term":[{"taxonomy":"folder","embeddable":true,"href":"https:\/\/master.us.es\/masteracctic\/wp-json\/wp\/v2\/folder?post=6123"}],"curies":[{"name":"wp","href":"https:\/\/api.w.org\/{rel}","templated":true}]}}