{"id":6127,"date":"2021-06-26T16:56:00","date_gmt":"2021-06-26T16:56:00","guid":{"rendered":"http:\/\/master.us.es\/masteracctic\/?page_id=6127"},"modified":"2022-03-29T22:45:31","modified_gmt":"2022-03-29T22:45:31","slug":"programacion-de-interfaces-fisicas-pif","status":"publish","type":"page","link":"https:\/\/master.us.es\/masteracctic\/titulo-steam\/programacion-de-interfaces-fisicas-pif\/","title":{"rendered":"7-Programaci\u00f3n de Interfaces F\u00edsicas (PIF)"},"content":{"rendered":"\n<h5><a href=\"..\/titulo-steam\/\"><img decoding=\"async\" loading=\"lazy\" src=\"http:\/\/master.us.es\/masteracctic\/wp-content\/uploads\/2021\/06\/icon_rewind.png\" alt=\"home\" width=\"31\" height=\"31\"><\/a>\n&nbsp;&nbsp;<a href=\"..\/diseno-e-impresion-3d-di3d\/\"><img decoding=\"async\" loading=\"lazy\" src=\"http:\/\/master.us.es\/masteracctic\/wp-content\/uploads\/2021\/07\/noun_back button_3648088-e1625393285664.png\" alt=\"back\" width=\"31\" height=\"31\"><\/a>&nbsp;&nbsp;&nbsp;Asignatura: Programaci\u00f3n de Interfaces F\u00edsicas (PIF)&nbsp;<a href=\"..\/programacion-educativa-de-apps-para-dispositivos-moviles-pam\/\"><img decoding=\"async\" loading=\"lazy\" src=\"http:\/\/master.us.es\/masteracctic\/wp-content\/uploads\/2021\/07\/noun_next button_3648090-e1625393306812.png\" alt=\"forward\" width=\"31\" height=\"31\"><\/a><\/h5>\n\n\n\n<p style=\"text-align: center;\"><iframe loading=\"lazy\" src=\"https:\/\/cdnapisec.kaltura.com\/p\/2347021\/sp\/234702100\/embedIframeJs\/uiconf_id\/43617741\/partner_id\/2347021?iframeembed=true&amp;playerId=kplayer&amp;entry_id=1_3a0uilfa&amp;flashvars[streamerType]=auto\" width=\"100%\" height=\"395\" frameborder=\"0\" allowfullscreen=\"allowfullscreen\"><\/iframe><\/p>\n<table style=\"border-collapse: collapse; width: 100%; height: 1331px;\" border=\"0\">\n<tbody>\n<tr style=\"height: 100%;\">\n<td style=\"width: 100%; vertical-align: top; height: 340px;\">\n<table style=\"width: 100%; border-collapse: collapse; border-style: none; margin-left: auto; margin-right: auto;\">\n<tbody>\n<tr style=\"height: 193px;\">\n<td style=\"width: 100%; height: 193px;\">&nbsp;\n<p style=\"text-align: center;\"><strong>Profesor: <\/strong>D. Luis Santiago S\u00e1nchez Fern\u00e1ndez.<\/p>\n<p style=\"text-align: center;\"><strong>N\u00famero de cr\u00e9ditos: <\/strong>4,00 ECTS<\/p>\n<p style=\"text-align: center;\"><strong>Modalidad de impartici\u00f3n: <\/strong>100% online<\/p>\n<p style=\"text-align: center;\"><strong>Fechas: <\/strong>Meses de enero a marzo<\/p>\n<\/td>\n<\/tr>\n<\/tbody>\n<\/table>\n<hr>\n<p><strong>Contenido: <\/strong><\/p>\n<p>1- Conectando el entorno digital y el f\u00edsico<\/p>\n<p>2- Introducci\u00f3n al concepto del Hardware Libre y sus posibilidades<\/p>\n<p>3- Sensores y actuadores<\/p>\n<p>4- Programaci\u00f3n de hardware libre:<br>4.1- Interactuar sin programar con Makey Makey o similar (Caso Pr\u00e1ctico 0).<br>4.2- Programaci\u00f3n de hardware libre con Micro:Bit o similar (Caso Pr\u00e1ctico 1).<br>4.3- Proyectos desarrollados con Micro:Bit o similar.<br>4.4- Programaci\u00f3n de hardware libre con Arduino o similar (Caso Pr\u00e1ctico 2).<br>4.5- Proyectos desarrollados con Arduino o similar.<br>4.6- Los ordenadores de bajo coste y sus posibilidades: Raspberry Pi o similar (Caso Pr\u00e1ctico 3).<br>4.7- Proyectos desarrollados con Raspberry Pi o similar.<br>5- Desarrollar una instalaci\u00f3n educativa\/creativa con dispositivos de bajo coste y hardware libre (Caso Pr\u00e1ctico 4).<br>6- Propuesta y entrega por parte del alumno de una unidad did\u00e1ctica sobre el uso del Hardware Libre, dispositivos y ordenadores de bajo coste en un proyecto integrado para una etapa educativa concreta.<\/p>\n<\/td>\n<\/tr>\n<tr style=\"height: 582px;\">\n<td style=\"width: 100%; vertical-align: top;\">\n<p>TUTOR\u00cdAS Y PR\u00c1CTICA DE EVALUACI\u00d3N CONTINUA DE LA ASIGNATURA: Tutor\u00edas online, a petici\u00f3n del alumno, con el fin de resolver dudas y completar el ejercicio final de la asignatura. <br><br>MODALIDAD: 100% online, con clases presenciales cuatro viernes por la tarde en semanas alternas (semanas 14, 16, 18 y 20).<br><br><\/p>\n<\/td>\n<\/tr>\n<\/tbody>\n<\/table>\n<p>&nbsp;<\/p>\n<p><br><br><br><br><\/p>\n","protected":false},"excerpt":{"rendered":"<p>Asignatura Enfoques did\u00e1cticos, Aprendizaje Servicio y Emprendimiento Social (DASES)<\/p>\n","protected":false},"author":1,"featured_media":6049,"parent":5626,"menu_order":0,"comment_status":"closed","ping_status":"closed","template":"","meta":{"_uag_custom_page_level_css":""},"folder":[3],"blocksy_meta":{"styles_descriptor":{"styles":{"desktop":"","tablet":"","mobile":""},"google_fonts":[],"version":4}},"uagb_featured_image_src":{"full":["https:\/\/master.us.es\/masteracctic\/wp-content\/uploads\/2021\/06\/STEAM_PIF_LuisSantiagoSanchezFernandez.png",1918,1081,false],"thumbnail":["https:\/\/master.us.es\/masteracctic\/wp-content\/uploads\/2021\/06\/STEAM_PIF_LuisSantiagoSanchezFernandez-150x150.png",150,150,true],"medium":["https:\/\/master.us.es\/masteracctic\/wp-content\/uploads\/2021\/06\/STEAM_PIF_LuisSantiagoSanchezFernandez-300x169.png",300,169,true],"medium_large":["https:\/\/master.us.es\/masteracctic\/wp-content\/uploads\/2021\/06\/STEAM_PIF_LuisSantiagoSanchezFernandez-768x433.png",768,433,true],"large":["https:\/\/master.us.es\/masteracctic\/wp-content\/uploads\/2021\/06\/STEAM_PIF_LuisSantiagoSanchezFernandez-1024x577.png",1024,577,true],"1536x1536":["https:\/\/master.us.es\/masteracctic\/wp-content\/uploads\/2021\/06\/STEAM_PIF_LuisSantiagoSanchezFernandez-1536x866.png",1536,866,true],"2048x2048":["https:\/\/master.us.es\/masteracctic\/wp-content\/uploads\/2021\/06\/STEAM_PIF_LuisSantiagoSanchezFernandez.png",1918,1081,false]},"uagb_author_info":{"display_name":"fewibef","author_link":"https:\/\/master.us.es\/masteracctic\/author\/fewibef\/"},"uagb_comment_info":0,"uagb_excerpt":"Asignatura Enfoques did\u00e1cticos, Aprendizaje Servicio y Emprendimiento Social (DASES)","_links":{"self":[{"href":"https:\/\/master.us.es\/masteracctic\/wp-json\/wp\/v2\/pages\/6127"}],"collection":[{"href":"https:\/\/master.us.es\/masteracctic\/wp-json\/wp\/v2\/pages"}],"about":[{"href":"https:\/\/master.us.es\/masteracctic\/wp-json\/wp\/v2\/types\/page"}],"author":[{"embeddable":true,"href":"https:\/\/master.us.es\/masteracctic\/wp-json\/wp\/v2\/users\/1"}],"replies":[{"embeddable":true,"href":"https:\/\/master.us.es\/masteracctic\/wp-json\/wp\/v2\/comments?post=6127"}],"version-history":[{"count":9,"href":"https:\/\/master.us.es\/masteracctic\/wp-json\/wp\/v2\/pages\/6127\/revisions"}],"predecessor-version":[{"id":6574,"href":"https:\/\/master.us.es\/masteracctic\/wp-json\/wp\/v2\/pages\/6127\/revisions\/6574"}],"up":[{"embeddable":true,"href":"https:\/\/master.us.es\/masteracctic\/wp-json\/wp\/v2\/pages\/5626"}],"wp:featuredmedia":[{"embeddable":true,"href":"https:\/\/master.us.es\/masteracctic\/wp-json\/wp\/v2\/media\/6049"}],"wp:attachment":[{"href":"https:\/\/master.us.es\/masteracctic\/wp-json\/wp\/v2\/media?parent=6127"}],"wp:term":[{"taxonomy":"folder","embeddable":true,"href":"https:\/\/master.us.es\/masteracctic\/wp-json\/wp\/v2\/folder?post=6127"}],"curies":[{"name":"wp","href":"https:\/\/api.w.org\/{rel}","templated":true}]}}