{"id":6132,"date":"2021-06-26T17:38:48","date_gmt":"2021-06-26T17:38:48","guid":{"rendered":"http:\/\/master.us.es\/masteracctic\/?page_id=6132"},"modified":"2022-03-29T22:37:05","modified_gmt":"2022-03-29T22:37:05","slug":"robotica-en-el-aula-ra","status":"publish","type":"page","link":"https:\/\/master.us.es\/masteracctic\/titulo-steam\/robotica-en-el-aula-ra\/","title":{"rendered":"9-Rob\u00f3tica en el Aula (RA)"},"content":{"rendered":"\n<h5><a href=\"..\/titulo-steam\/\"><img decoding=\"async\" loading=\"lazy\" src=\"http:\/\/master.us.es\/masteracctic\/wp-content\/uploads\/2021\/06\/icon_rewind.png\" alt=\"home\" width=\"31\" height=\"31\"><\/a>\n&nbsp;&nbsp;<a href=\"..\/programacion-educativa-de-apps-para-dispositivos-moviles-pam\/\"><img decoding=\"async\" loading=\"lazy\" src=\"http:\/\/master.us.es\/masteracctic\/wp-content\/uploads\/2021\/07\/noun_back button_3648088-e1625393285664.png\" alt=\"back\" width=\"31\" height=\"31\"><\/a>&nbsp;&nbsp;&nbsp;Asignatura: Rob\u00f3tica en el Aula (RA)&nbsp;<a href=\"..\/iot-y-smartcities-en-el-aula-iot\/\"><img decoding=\"async\" loading=\"lazy\" src=\"http:\/\/master.us.es\/masteracctic\/wp-content\/uploads\/2021\/07\/noun_next button_3648090-e1625393306812.png\" alt=\"forward\" width=\"31\" height=\"31\"><\/a><\/h5>\n\n\n\n<p style=\"text-align: center;\"><iframe loading=\"lazy\" src=\"https:\/\/cdnapisec.kaltura.com\/p\/2347021\/sp\/234702100\/embedIframeJs\/uiconf_id\/43617741\/partner_id\/2347021?iframeembed=true&amp;playerId=kplayer&amp;entry_id=1_xfbx75vv&amp;flashvars[streamerType]=auto\" width=\"100%\" height=\"395\" frameborder=\"0\" allowfullscreen=\"allowfullscreen\"><\/iframe><\/p>\n<table style=\"border-collapse: collapse; width: 100%; height: 1331px;\" border=\"0\">\n<tbody>\n<tr style=\"height: 100%;\">\n<td style=\"width: 100%; vertical-align: top; height: 340px;\">\n<table style=\"width: 100%; border-collapse: collapse; border-style: none; margin-left: auto; margin-right: auto;\">\n<tbody>\n<tr style=\"height: 193px;\">\n<td style=\"width: 100%; height: 193px;\">&nbsp;\n<p style=\"text-align: center;\"><strong>Profesoras: <\/strong>Dr Octavio Rivera Romero y Dr Pedro Real <\/p>\n<p style=\"text-align: center;\"><strong>N\u00famero de cr\u00e9ditos: <\/strong>4,00 ECTS<\/p>\n<p style=\"text-align: center;\"><strong>Modalidad de impartici\u00f3n: <\/strong>100% online<\/p>\n<p style=\"text-align: center;\"><strong>Fechas: <\/strong>Meses de marzo a mayo<\/p>\n<\/td>\n<\/tr>\n<\/tbody>\n<\/table>\n<hr>\n<p><strong>Contenido: <\/strong><\/p>\n<p>1 &#8211; Introducci\u00f3n a la Rob\u00f3tica Educativa<br>1.1 Los Robots como facilitadores del aprendizaje<br>1.2 Utilizaci\u00f3n de robots en las distintas etapas educativas: Primaria, ESO, Bachillerato<br>1.3 El Pensamiento Computacional como competencia educativa: Panorama a nivel internacional y nacional.<br>1.4 \u00bfQu\u00e9 es un robot?<\/p>\n<p>2 \u2013 Robots y sus componentes<br>2.1 Introducci\u00f3n<br>2.2 Controladores<br>2.3 Sensores<br>2.4. Actuadores<br>2.5. Parte Mec\u00e1nica<\/p>\n<p>3 \u2013 Plataformas de rob\u00f3tica en el Aula<br>3.1 Microbit, y Makeblock mBot (Docencia Presencial: Caso pr\u00e1ctico 1)<br>3.2 Beebot, Lego WeDo y\/o similares<br>3.3 Arduino y RaspBerry Pi (Docencia Presencial: Caso pr\u00e1ctico 2)<br>3.4. Otras Plataformas: Lego MindsTorm, robot NAO y similares.<\/p>\n<p>4 \u2013 Como llevar la rob\u00f3tica al aula. Metodolog\u00edas y buenas pr\u00e1cticas<br>4.1 Metodolog\u00edas (INV)<br>4.2 Dise\u00f1o del Caso Pr\u00e1ctico 3 (INV + ABP)<br>4.3 Construcci\u00f3n del robot en grupos<br>(Docencia Presencial: Caso pr\u00e1ctico 3)<br>4.4 Ejemplos de proyectos educativos (INV + ABP)<\/p>\n<\/td>\n<\/tr>\n<tr style=\"height: 582px;\">\n<td style=\"width: 100%; vertical-align: top;\">\n<p>TUTOR\u00cdAS Y PR\u00c1CTICA DE EVALUACI\u00d3N CONTINUA DE LA ASIGNATURA: Tutor\u00edas online, a petici\u00f3n del alumno, con el fin de resolver dudas y completar el ejercicio final de la asignatura. <br><br>MODALIDAD: 100% online, con clases sincr\u00f3nicas tres viernes por la tarde en semanas alternas (semanas 22 (4h), 24 (2h) y 26 (2h)).<br><br><\/p>\n<\/td>\n<\/tr>\n<\/tbody>\n<\/table>\n<p>&nbsp;<\/p>\n<p><br><br><br><br><\/p>\n","protected":false},"excerpt":{"rendered":"<p>Asignatura Enfoques did\u00e1cticos, Aprendizaje Servicio y Emprendimiento Social (DASES)<\/p>\n","protected":false},"author":1,"featured_media":6051,"parent":5626,"menu_order":0,"comment_status":"closed","ping_status":"closed","template":"","meta":{"_uag_custom_page_level_css":""},"folder":[3],"blocksy_meta":{"styles_descriptor":{"styles":{"desktop":"","tablet":"","mobile":""},"google_fonts":[],"version":4}},"uagb_featured_image_src":{"full":["https:\/\/master.us.es\/masteracctic\/wp-content\/uploads\/2021\/06\/STEAM_RA_JoseMiguelCarmona_OctavioRivera.png",1920,1079,false],"thumbnail":["https:\/\/master.us.es\/masteracctic\/wp-content\/uploads\/2021\/06\/STEAM_RA_JoseMiguelCarmona_OctavioRivera-150x150.png",150,150,true],"medium":["https:\/\/master.us.es\/masteracctic\/wp-content\/uploads\/2021\/06\/STEAM_RA_JoseMiguelCarmona_OctavioRivera-300x169.png",300,169,true],"medium_large":["https:\/\/master.us.es\/masteracctic\/wp-content\/uploads\/2021\/06\/STEAM_RA_JoseMiguelCarmona_OctavioRivera-768x432.png",768,432,true],"large":["https:\/\/master.us.es\/masteracctic\/wp-content\/uploads\/2021\/06\/STEAM_RA_JoseMiguelCarmona_OctavioRivera-1024x575.png",1024,575,true],"1536x1536":["https:\/\/master.us.es\/masteracctic\/wp-content\/uploads\/2021\/06\/STEAM_RA_JoseMiguelCarmona_OctavioRivera-1536x863.png",1536,863,true],"2048x2048":["https:\/\/master.us.es\/masteracctic\/wp-content\/uploads\/2021\/06\/STEAM_RA_JoseMiguelCarmona_OctavioRivera.png",1920,1079,false]},"uagb_author_info":{"display_name":"fewibef","author_link":"https:\/\/master.us.es\/masteracctic\/author\/fewibef\/"},"uagb_comment_info":0,"uagb_excerpt":"Asignatura Enfoques did\u00e1cticos, Aprendizaje Servicio y Emprendimiento Social (DASES)","_links":{"self":[{"href":"https:\/\/master.us.es\/masteracctic\/wp-json\/wp\/v2\/pages\/6132"}],"collection":[{"href":"https:\/\/master.us.es\/masteracctic\/wp-json\/wp\/v2\/pages"}],"about":[{"href":"https:\/\/master.us.es\/masteracctic\/wp-json\/wp\/v2\/types\/page"}],"author":[{"embeddable":true,"href":"https:\/\/master.us.es\/masteracctic\/wp-json\/wp\/v2\/users\/1"}],"replies":[{"embeddable":true,"href":"https:\/\/master.us.es\/masteracctic\/wp-json\/wp\/v2\/comments?post=6132"}],"version-history":[{"count":4,"href":"https:\/\/master.us.es\/masteracctic\/wp-json\/wp\/v2\/pages\/6132\/revisions"}],"predecessor-version":[{"id":6564,"href":"https:\/\/master.us.es\/masteracctic\/wp-json\/wp\/v2\/pages\/6132\/revisions\/6564"}],"up":[{"embeddable":true,"href":"https:\/\/master.us.es\/masteracctic\/wp-json\/wp\/v2\/pages\/5626"}],"wp:featuredmedia":[{"embeddable":true,"href":"https:\/\/master.us.es\/masteracctic\/wp-json\/wp\/v2\/media\/6051"}],"wp:attachment":[{"href":"https:\/\/master.us.es\/masteracctic\/wp-json\/wp\/v2\/media?parent=6132"}],"wp:term":[{"taxonomy":"folder","embeddable":true,"href":"https:\/\/master.us.es\/masteracctic\/wp-json\/wp\/v2\/folder?post=6132"}],"curies":[{"name":"wp","href":"https:\/\/api.w.org\/{rel}","templated":true}]}}