{"id":6139,"date":"2021-06-26T22:47:22","date_gmt":"2021-06-26T22:47:22","guid":{"rendered":"http:\/\/master.us.es\/masteracctic\/?page_id=6139"},"modified":"2022-03-29T22:52:09","modified_gmt":"2022-03-29T22:52:09","slug":"sinergia-arte-ciencia-tecnologia-sociedad-acts","status":"publish","type":"page","link":"https:\/\/master.us.es\/masteracctic\/titulo-sciart\/sinergia-arte-ciencia-tecnologia-sociedad-acts\/","title":{"rendered":"1-Sinergia Arte-Ciencia-Tecnolog\u00eda-Sociedad (ACTS)"},"content":{"rendered":"\n<h5><a href=\"..\/titulo-sciart\/\"><img decoding=\"async\" loading=\"lazy\" width=\"31\" height=\"31\" src=\"http:\/\/master.us.es\/masteracctic\/wp-content\/uploads\/2021\/06\/icon_rewind.png\" alt=\"home\"><\/a>&nbsp;&nbsp;<a href=\"javascript:history.back()\"><img decoding=\"async\" loading=\"lazy\" width=\"31\" height=\"31\" src=\"http:\/\/master.us.es\/masteracctic\/wp-content\/uploads\/2021\/07\/noun_back button_3648088-e1625393285664.png\" alt=\"back\"><\/a>&nbsp;&nbsp;Sinergia Arte-Ciencia-Tecnolog\u00eda-Sociedad (ACTS)&nbsp;&nbsp;<a href=\"..\/tecnicas-para-la-creatividad-tc\/\" data-type=\"URL\" data-id=\"..\/tecnicas-para-la-creatividad-tc\/\"><img decoding=\"async\" loading=\"lazy\" width=\"31\" height=\"31\" src=\"http:\/\/master.us.es\/masteracctic\/wp-content\/uploads\/2021\/07\/noun_next button_3648090-e1625393306812.png\" alt=\"forward\"><\/a><\/h5>\n\n\n\n<p style=\"text-align: center;\"><iframe loading=\"lazy\" src=\"https:\/\/cdnapisec.kaltura.com\/p\/2347021\/sp\/234702100\/embedIframeJs\/uiconf_id\/43617741\/partner_id\/2347021?iframeembed=true&amp;playerId=kplayer&amp;entry_id=1_632gewmx&amp;flashvars[streamerType]=auto\" width=\"100%\" height=\"395\" frameborder=\"0\" allowfullscreen=\"allowfullscreen\"><\/iframe><\/p>\n<table style=\"border-collapse: collapse; width: 100%; height: 1331px;\" border=\"0\">\n<tbody>\n<tr style=\"height: 100%;\">\n<td style=\"width: 100%; vertical-align: top; height: 340px;\">\n<table style=\"width: 100%; border-collapse: collapse; border-style: none; margin-left: auto; margin-right: auto;\">\n<tbody>\n<tr style=\"height: 193px;\">\n<td style=\"width: 100%; height: 193px;\">&nbsp;\n<p style=\"text-align: center;\"><strong>Profesora: <\/strong>Dra. Aurea Mu\u00f1\u00f3z del Amo y Dra. Roc\u00edo Garc\u00eda Robles.<\/p>\n<p style=\"text-align: center;\"><strong>N\u00famero de cr\u00e9ditos: <\/strong>2,00&nbsp;ECTS<\/p>\n<p style=\"text-align: center;\"><strong>Modalidad de impartici\u00f3n: <\/strong>100% online<\/p>\n<p style=\"text-align: center;\"><strong>Fechas: <\/strong>Mes de noviembre<\/p>\n<\/td>\n<\/tr>\n<\/tbody>\n<\/table>\n<hr>\n<p><strong>Contenido: <\/strong><\/p>\n<p>1- Sinergias y serendipias entre Arte, Ciencia, Tecnolog\u00eda y Sociedad:<br>1.1- Aportaciones de la Ciencia y la Tecnolog\u00eda al Arte.<br>1.2- Contribuciones del Arte a la Ciencia y la Tecnolog\u00eda.<\/p>\n<p>2- Est\u00e9tica de los medios digitales, cient\u00edficos y tecnol\u00f3gicos. SciArt: Est\u00e9tica transdisciplinar en la era postmedial.<\/p>\n<p>3-M\u00e9todos para explorar el mundo:<br>3.1- El m\u00e9todo cient\u00edfico.<br>3.2- Los m\u00e9todos art\u00edsticos.<\/p>\n<p>4- Sinergia entre las esferas culturales del arte y de la ciencia. Proyectos y autores ejemplares en el \u00e1mbito SciArt:<br>4.1- Mezclando discursos.<br>4.2- Explorando metodolog\u00edas sin\u00e9rgicas.<br>4.3- Compartiendo recursos.<br>4.4- La exposici\u00f3n cultural y la acci\u00f3n social como lugares de encuentro entre arte y ciencia.<br>4.5- La creaci\u00f3n art\u00edstica como ventana al conocimiento.<\/p>\n<p>5- Caso pr\u00e1ctico: Dos posibles opciones para realizar el trabajo final de la asignatura:<br>5.1- Caso pr\u00e1ctico 1: An\u00e1lisis de una producci\u00f3n SciArt y de su(s) autor(es).<br>5.2- Caso pr\u00e1ctico 2: Planteamiento de un proyecto art\u00edstico propio con un enfoque sin\u00e9rgico.<\/p>\n<\/td>\n<\/tr>\n<tr style=\"height: 582px;\">\n<td style=\"width: 100%; vertical-align: top;\">\n<p>TUTOR\u00cdAS Y PR\u00c1CTICA DE EVALUACI\u00d3N CONTINUA DE LA ASIGNATURA: Tutor\u00edas online, a petici\u00f3n del alumno, con el fin de resolver dudas y completar el ejercicio final de la asignatura. <br><br>MODALIDAD: 100% online, con clases sincr\u00f3nicas dos martes en horario de tarde (semanas 1 y 3).<br><br><\/p>\n<\/td>\n<\/tr>\n<\/tbody>\n<\/table>\n<p>&nbsp;<\/p>\n<p><br><br><br><br><\/p>\n","protected":false},"excerpt":{"rendered":"<p>Asignatura Enfoques did\u00e1cticos, Aprendizaje Servicio y Emprendimiento Social (DASES)<\/p>\n","protected":false},"author":1,"featured_media":6144,"parent":5628,"menu_order":0,"comment_status":"closed","ping_status":"closed","template":"","meta":{"_uag_custom_page_level_css":""},"folder":[5],"blocksy_meta":{"styles_descriptor":{"styles":{"desktop":"","tablet":"","mobile":""},"google_fonts":[],"version":4}},"uagb_featured_image_src":{"full":["https:\/\/master.us.es\/masteracctic\/wp-content\/uploads\/2021\/06\/SciArt_ACTS_AureaMunozAmo_RocioGarciaRobles.png",1920,1078,false],"thumbnail":["https:\/\/master.us.es\/masteracctic\/wp-content\/uploads\/2021\/06\/SciArt_ACTS_AureaMunozAmo_RocioGarciaRobles-150x150.png",150,150,true],"medium":["https:\/\/master.us.es\/masteracctic\/wp-content\/uploads\/2021\/06\/SciArt_ACTS_AureaMunozAmo_RocioGarciaRobles-300x168.png",300,168,true],"medium_large":["https:\/\/master.us.es\/masteracctic\/wp-content\/uploads\/2021\/06\/SciArt_ACTS_AureaMunozAmo_RocioGarciaRobles-768x431.png",768,431,true],"large":["https:\/\/master.us.es\/masteracctic\/wp-content\/uploads\/2021\/06\/SciArt_ACTS_AureaMunozAmo_RocioGarciaRobles-1024x575.png",1024,575,true],"1536x1536":["https:\/\/master.us.es\/masteracctic\/wp-content\/uploads\/2021\/06\/SciArt_ACTS_AureaMunozAmo_RocioGarciaRobles-1536x862.png",1536,862,true],"2048x2048":["https:\/\/master.us.es\/masteracctic\/wp-content\/uploads\/2021\/06\/SciArt_ACTS_AureaMunozAmo_RocioGarciaRobles.png",1920,1078,false]},"uagb_author_info":{"display_name":"fewibef","author_link":"https:\/\/master.us.es\/masteracctic\/author\/fewibef\/"},"uagb_comment_info":0,"uagb_excerpt":"Asignatura Enfoques did\u00e1cticos, Aprendizaje Servicio y Emprendimiento Social (DASES)","_links":{"self":[{"href":"https:\/\/master.us.es\/masteracctic\/wp-json\/wp\/v2\/pages\/6139"}],"collection":[{"href":"https:\/\/master.us.es\/masteracctic\/wp-json\/wp\/v2\/pages"}],"about":[{"href":"https:\/\/master.us.es\/masteracctic\/wp-json\/wp\/v2\/types\/page"}],"author":[{"embeddable":true,"href":"https:\/\/master.us.es\/masteracctic\/wp-json\/wp\/v2\/users\/1"}],"replies":[{"embeddable":true,"href":"https:\/\/master.us.es\/masteracctic\/wp-json\/wp\/v2\/comments?post=6139"}],"version-history":[{"count":11,"href":"https:\/\/master.us.es\/masteracctic\/wp-json\/wp\/v2\/pages\/6139\/revisions"}],"predecessor-version":[{"id":6576,"href":"https:\/\/master.us.es\/masteracctic\/wp-json\/wp\/v2\/pages\/6139\/revisions\/6576"}],"up":[{"embeddable":true,"href":"https:\/\/master.us.es\/masteracctic\/wp-json\/wp\/v2\/pages\/5628"}],"wp:featuredmedia":[{"embeddable":true,"href":"https:\/\/master.us.es\/masteracctic\/wp-json\/wp\/v2\/media\/6144"}],"wp:attachment":[{"href":"https:\/\/master.us.es\/masteracctic\/wp-json\/wp\/v2\/media?parent=6139"}],"wp:term":[{"taxonomy":"folder","embeddable":true,"href":"https:\/\/master.us.es\/masteracctic\/wp-json\/wp\/v2\/folder?post=6139"}],"curies":[{"name":"wp","href":"https:\/\/api.w.org\/{rel}","templated":true}]}}