{"id":6154,"date":"2021-06-27T21:17:19","date_gmt":"2021-06-27T21:17:19","guid":{"rendered":"http:\/\/master.us.es\/masteracctic\/?page_id=6154"},"modified":"2022-03-29T22:57:28","modified_gmt":"2022-03-29T22:57:28","slug":"tecnicas-para-la-creatividad-tc","status":"publish","type":"page","link":"https:\/\/master.us.es\/masteracctic\/titulo-sciart\/tecnicas-para-la-creatividad-tc\/","title":{"rendered":"2-T\u00e9cnicas para la Creatividad (TC)"},"content":{"rendered":"\n<h5><a href=\"..\/titulo-sciart\/\"><img decoding=\"async\" loading=\"lazy\" width=\"31\" height=\"31\" src=\"http:\/\/master.us.es\/masteracctic\/wp-content\/uploads\/2021\/06\/icon_rewind.png\" alt=\"home\"><\/a> &nbsp;&nbsp;<a href=\"..\/sinergia-arte-ciencia-tecnologia-sociedad-acts\/\"><img decoding=\"async\" loading=\"lazy\" width=\"31\" height=\"31\" src=\"http:\/\/master.us.es\/masteracctic\/wp-content\/uploads\/2021\/07\/noun_back button_3648088-e1625393285664.png\" alt=\"back\"><\/a>&nbsp;&nbsp;&nbsp;T\u00e9cnicas para la Creatividad (TC)<a href=\"..\/3-comunicando-ciencia-mediante-el-arte-cca\/\"><img decoding=\"async\" loading=\"lazy\" width=\"31\" height=\"31\" src=\"http:\/\/master.us.es\/masteracctic\/wp-content\/uploads\/2021\/07\/noun_next button_3648090-e1625393306812.png\" alt=\"forward\"><\/a><\/h5>\n\n\n\n<p style=\"text-align: center;\"><iframe loading=\"lazy\" src=\"https:\/\/cdnapisec.kaltura.com\/p\/2347021\/sp\/234702100\/embedIframeJs\/uiconf_id\/43617741\/partner_id\/2347021?iframeembed=true&amp;playerId=kplayer&amp;entry_id=1_4uqixg9p&amp;flashvars[streamerType]=auto\" width=\"100%\" height=\"395\" frameborder=\"0\" allowfullscreen=\"allowfullscreen\"><\/iframe><\/p>\n<table style=\"border-collapse: collapse; width: 100%; height: 684px;\" border=\"0\">\n<tbody>\n<tr style=\"height: 100%;\">\n<td style=\"width: 100%; vertical-align: top; height: 105px;\">\n<table style=\"width: 100%; border-collapse: collapse; border-style: none; margin-left: auto; margin-right: auto;\">\n<tbody>\n<tr style=\"height: 193px;\">\n<td style=\"width: 100%; height: 193px;\">&nbsp;\n<p style=\"text-align: center;\"><strong>Profesora: <\/strong>Dra. M\u00aa Carmen Romero Ternero.<\/p>\n<p style=\"text-align: center;\"><strong>N\u00famero de cr\u00e9ditos: <\/strong>2,00&nbsp;ECTS<\/p>\n<p style=\"text-align: center;\"><strong>Modalidad de impartici\u00f3n: <\/strong>100% online<\/p>\n<p style=\"text-align: center;\"><strong>Fechas: <\/strong>Meses de octubre y noviembre<\/p>\n<\/td>\n<\/tr>\n<\/tbody>\n<\/table>\n<hr>\n<p><strong>Contenido: <\/strong><\/p>\n<p>1. \u00bfQu\u00e9 es la creatividad?<\/p>\n<p>2. Barreras y oportunidades de la creatividad<\/p>\n<p>3. Metodolog\u00edas, t\u00e9cnicas y herramientas para la creatividad<br>3.1. Aleatorias<br>3.2. Improvisaci\u00f3n<br>3.3. Resoluci\u00f3n de problemas<\/p>\n<\/td>\n<\/tr>\n<tr style=\"height: 582px;\">\n<td style=\"width: 100%; vertical-align: top; height: 579px;\">\n<p>TUTOR\u00cdAS Y PR\u00c1CTICA DE EVALUACI\u00d3N CONTINUA DE LA ASIGNATURA: Tutor\u00edas online, a petici\u00f3n del alumno, con el fin de resolver dudas y completar el ejercicio final de la asignatura. <br><br>MODALIDAD: 100% online. Las clases sincr\u00f3nicas tendr\u00e1n lugar dos martes en horario de tarde (semanas 1 y 3). <br><br><\/p>\n<\/td>\n<\/tr>\n<\/tbody>\n<\/table>\n<p>&nbsp;<\/p>\n<p><br><br><br><br><\/p>\n","protected":false},"excerpt":{"rendered":"<p>Asignatura Enfoques did\u00e1cticos, Aprendizaje Servicio y Emprendimiento Social (DASES)<\/p>\n","protected":false},"author":1,"featured_media":6155,"parent":5628,"menu_order":0,"comment_status":"closed","ping_status":"closed","template":"","meta":{"_uag_custom_page_level_css":""},"folder":[5],"blocksy_meta":{"styles_descriptor":{"styles":{"desktop":"","tablet":"","mobile":""},"google_fonts":[],"version":4}},"uagb_featured_image_src":{"full":["https:\/\/master.us.es\/masteracctic\/wp-content\/uploads\/2021\/06\/SciArt_TC_McarmenRomero_Frame.png",3840,2160,false],"thumbnail":["https:\/\/master.us.es\/masteracctic\/wp-content\/uploads\/2021\/06\/SciArt_TC_McarmenRomero_Frame-150x150.png",150,150,true],"medium":["https:\/\/master.us.es\/masteracctic\/wp-content\/uploads\/2021\/06\/SciArt_TC_McarmenRomero_Frame-300x169.png",300,169,true],"medium_large":["https:\/\/master.us.es\/masteracctic\/wp-content\/uploads\/2021\/06\/SciArt_TC_McarmenRomero_Frame-768x432.png",768,432,true],"large":["https:\/\/master.us.es\/masteracctic\/wp-content\/uploads\/2021\/06\/SciArt_TC_McarmenRomero_Frame-1024x576.png",1024,576,true],"1536x1536":["https:\/\/master.us.es\/masteracctic\/wp-content\/uploads\/2021\/06\/SciArt_TC_McarmenRomero_Frame-1536x864.png",1536,864,true],"2048x2048":["https:\/\/master.us.es\/masteracctic\/wp-content\/uploads\/2021\/06\/SciArt_TC_McarmenRomero_Frame-2048x1152.png",2048,1152,true]},"uagb_author_info":{"display_name":"fewibef","author_link":"https:\/\/master.us.es\/masteracctic\/author\/fewibef\/"},"uagb_comment_info":0,"uagb_excerpt":"Asignatura Enfoques did\u00e1cticos, Aprendizaje Servicio y Emprendimiento Social (DASES)","_links":{"self":[{"href":"https:\/\/master.us.es\/masteracctic\/wp-json\/wp\/v2\/pages\/6154"}],"collection":[{"href":"https:\/\/master.us.es\/masteracctic\/wp-json\/wp\/v2\/pages"}],"about":[{"href":"https:\/\/master.us.es\/masteracctic\/wp-json\/wp\/v2\/types\/page"}],"author":[{"embeddable":true,"href":"https:\/\/master.us.es\/masteracctic\/wp-json\/wp\/v2\/users\/1"}],"replies":[{"embeddable":true,"href":"https:\/\/master.us.es\/masteracctic\/wp-json\/wp\/v2\/comments?post=6154"}],"version-history":[{"count":6,"href":"https:\/\/master.us.es\/masteracctic\/wp-json\/wp\/v2\/pages\/6154\/revisions"}],"predecessor-version":[{"id":6584,"href":"https:\/\/master.us.es\/masteracctic\/wp-json\/wp\/v2\/pages\/6154\/revisions\/6584"}],"up":[{"embeddable":true,"href":"https:\/\/master.us.es\/masteracctic\/wp-json\/wp\/v2\/pages\/5628"}],"wp:featuredmedia":[{"embeddable":true,"href":"https:\/\/master.us.es\/masteracctic\/wp-json\/wp\/v2\/media\/6155"}],"wp:attachment":[{"href":"https:\/\/master.us.es\/masteracctic\/wp-json\/wp\/v2\/media?parent=6154"}],"wp:term":[{"taxonomy":"folder","embeddable":true,"href":"https:\/\/master.us.es\/masteracctic\/wp-json\/wp\/v2\/folder?post=6154"}],"curies":[{"name":"wp","href":"https:\/\/api.w.org\/{rel}","templated":true}]}}