{"id":6159,"date":"2021-06-27T21:22:18","date_gmt":"2021-06-27T21:22:18","guid":{"rendered":"http:\/\/master.us.es\/masteracctic\/?page_id=6159"},"modified":"2022-03-29T23:01:01","modified_gmt":"2022-03-29T23:01:01","slug":"5-creacion-digital-multimodal-cdm","status":"publish","type":"page","link":"https:\/\/master.us.es\/masteracctic\/titulo-sciart\/5-creacion-digital-multimodal-cdm\/","title":{"rendered":"5-Creaci\u00f3n Digital Multimodal (CDM)"},"content":{"rendered":"\n<h5><a href=\"..\/titulo-sciart\/\"><img decoding=\"async\" loading=\"lazy\" src=\"http:\/\/master.us.es\/masteracctic\/wp-content\/uploads\/2021\/06\/icon_rewind.png\" alt=\"home\" width=\"31\" height=\"31\"><\/a>\n&nbsp;&nbsp;<a href=\"..\/4-arte-y-ciencia-bajo-el-paraguas-de-la-cultura-museologia-y-patrimonio-acmp\/\"><img decoding=\"async\" loading=\"lazy\" src=\"http:\/\/master.us.es\/masteracctic\/wp-content\/uploads\/2021\/07\/noun_back button_3648088-e1625393285664.png\" alt=\"back\" width=\"31\" height=\"31\"><\/a>&nbsp;&nbsp;Creaci\u00f3n Digital Multimodal (CDM)&nbsp;<a href=\"..\/6-programacion-de-videojuegos-creativos-pvc\/\"><img decoding=\"async\" loading=\"lazy\" src=\"http:\/\/master.us.es\/masteracctic\/wp-content\/uploads\/2021\/07\/noun_next button_3648090-e1625393306812.png\" alt=\"forward\" width=\"31\" height=\"31\"><\/a><\/h5>\n\n\n\n<p style=\"text-align: center;\"><iframe loading=\"lazy\" src=\"https:\/\/cdnapisec.kaltura.com\/p\/2347021\/sp\/234702100\/embedIframeJs\/uiconf_id\/43617741\/partner_id\/2347021?iframeembed=true&amp;playerId=kplayer&amp;entry_id=1_4x4c1rux&amp;flashvars[streamerType]=auto\" width=\"100%\" height=\"395\" frameborder=\"0\" allowfullscreen=\"allowfullscreen\"><\/iframe><\/p>\n<table style=\"border-collapse: collapse; width: 100%; height: 684px;\" border=\"0\">\n<tbody>\n<tr style=\"height: 100%;\">\n<td style=\"width: 100%; vertical-align: top; height: 105px;\">\n<table style=\"width: 100%; border-collapse: collapse; border-style: none; margin-left: auto; margin-right: auto;\">\n<tbody>\n<tr style=\"height: 193px;\">\n<td style=\"width: 100%; height: 193px;\">&nbsp;\n<p style=\"text-align: center;\"><strong>Profesora: <\/strong>Dra. Roc\u00edo Garc\u00eda Robles.<\/p>\n<p style=\"text-align: center;\"><strong>N\u00famero de cr\u00e9ditos: <\/strong>4,00 ECTS<\/p>\n<p style=\"text-align: center;\"><strong>Modalidad de impartici\u00f3n: <\/strong>100% online<\/p>\n<p style=\"text-align: center;\"><strong>Fechas: <\/strong>Meses de noviembre a enero<\/p>\n<\/td>\n<\/tr>\n<\/tbody>\n<\/table>\n<hr>\n<p><strong>Contenido: <\/strong><\/p>\n<p>1- Arte y Divulgaci\u00f3n mediante la Programaci\u00f3n Creativa.<br>1.1- Creando obras art\u00edsticas generativas con software libre.<br>1.2- Dise\u00f1ando instalaciones cient\u00edfico-divulgativas con software libre.<br>1.3- Lenguajes para crear Arte Generativo (tipo Processing y P5.js, VVVV, openFrameworks, NodeBox,&#8230;)<\/p>\n<p>2- Conceptos b\u00e1sicos de programaci\u00f3n<br>2.1- Diagramas de flujo.<br>2.2- Variables, contadores y acumuladores.<br>2.3- Funciones y par\u00e1metros.<br>2.4- Objetos y m\u00e9todos.<\/p>\n<p>3- Introducci\u00f3n a la Programaci\u00f3n Creativa:<br>3.1- Comenzando a programar: Entorno de desarrollo (IDE) y programas sencillos.<br>3.2- Dibujando mediante las matem\u00e1ticas.<br>3.3- Tipograf\u00eda creativa.<br>3.3.2- Interacci\u00f3n y Experiencia de Usuario.<\/p>\n<p>4- Programaci\u00f3n digital multimodal<br>4.1- Tratamiento de im\u00e1genes.<br>4.2- Tratamiento de v\u00eddeo.<br>4.3- Tratamiento de texto.<br>4.3- Tratamiento de audio.<\/p>\n<p>5- Arte basado en procesamiento de datos:<br>5.1- Visualizaci\u00f3n de datos.<br>5.2- Transformaci\u00f3n de datos.<br>5.3- Obtener y usar datos externos en una instalaci\u00f3n art\u00edstica\/divulgativa.<\/p>\n<p>6- Un proyecto para cada ocasi\u00f3n: Casos pr\u00e1cticos en entornos diversos<br>6.1- Museos (arte y ciencia), centros culturales y galer\u00edas de arte.<br>6.2- Entornos digitales.<\/p>\n<\/td>\n<\/tr>\n<tr style=\"height: 582px;\">\n<td style=\"width: 100%; vertical-align: top; height: 579px;\">\n<p>TUTOR\u00cdAS Y PR\u00c1CTICA DE EVALUACI\u00d3N CONTINUA DE LA ASIGNATURA: Tutor\u00edas online, a petici\u00f3n del alumno, con el fin de resolver dudas y completar el ejercicio final de la asignatura. <br><br>MODALIDAD: 100% online, con clases sincr\u00f3nicas cuatro viernes por la tarde (2h cada viernes), en semanas alternas (semanas 5, 7, 9 y 11).<br><br><\/p>\n<\/td>\n<\/tr>\n<\/tbody>\n<\/table>\n<p>&nbsp;<\/p>\n<p><br><br><br><br><\/p>\n","protected":false},"excerpt":{"rendered":"<p>Asignatura Enfoques did\u00e1cticos, Aprendizaje Servicio y Emprendimiento Social (DASES)<\/p>\n","protected":false},"author":1,"featured_media":6150,"parent":5628,"menu_order":0,"comment_status":"closed","ping_status":"closed","template":"","meta":{"_uag_custom_page_level_css":""},"folder":[5],"blocksy_meta":{"styles_descriptor":{"styles":{"desktop":"","tablet":"","mobile":""},"google_fonts":[],"version":4}},"uagb_featured_image_src":{"full":["https:\/\/master.us.es\/masteracctic\/wp-content\/uploads\/2021\/06\/SciArt_CMD_RocioGarciaRobles.png",1920,1081,false],"thumbnail":["https:\/\/master.us.es\/masteracctic\/wp-content\/uploads\/2021\/06\/SciArt_CMD_RocioGarciaRobles-150x150.png",150,150,true],"medium":["https:\/\/master.us.es\/masteracctic\/wp-content\/uploads\/2021\/06\/SciArt_CMD_RocioGarciaRobles-300x169.png",300,169,true],"medium_large":["https:\/\/master.us.es\/masteracctic\/wp-content\/uploads\/2021\/06\/SciArt_CMD_RocioGarciaRobles-768x432.png",768,432,true],"large":["https:\/\/master.us.es\/masteracctic\/wp-content\/uploads\/2021\/06\/SciArt_CMD_RocioGarciaRobles-1024x577.png",1024,577,true],"1536x1536":["https:\/\/master.us.es\/masteracctic\/wp-content\/uploads\/2021\/06\/SciArt_CMD_RocioGarciaRobles-1536x865.png",1536,865,true],"2048x2048":["https:\/\/master.us.es\/masteracctic\/wp-content\/uploads\/2021\/06\/SciArt_CMD_RocioGarciaRobles.png",1920,1081,false]},"uagb_author_info":{"display_name":"fewibef","author_link":"https:\/\/master.us.es\/masteracctic\/author\/fewibef\/"},"uagb_comment_info":0,"uagb_excerpt":"Asignatura Enfoques did\u00e1cticos, Aprendizaje Servicio y Emprendimiento Social (DASES)","_links":{"self":[{"href":"https:\/\/master.us.es\/masteracctic\/wp-json\/wp\/v2\/pages\/6159"}],"collection":[{"href":"https:\/\/master.us.es\/masteracctic\/wp-json\/wp\/v2\/pages"}],"about":[{"href":"https:\/\/master.us.es\/masteracctic\/wp-json\/wp\/v2\/types\/page"}],"author":[{"embeddable":true,"href":"https:\/\/master.us.es\/masteracctic\/wp-json\/wp\/v2\/users\/1"}],"replies":[{"embeddable":true,"href":"https:\/\/master.us.es\/masteracctic\/wp-json\/wp\/v2\/comments?post=6159"}],"version-history":[{"count":5,"href":"https:\/\/master.us.es\/masteracctic\/wp-json\/wp\/v2\/pages\/6159\/revisions"}],"predecessor-version":[{"id":6588,"href":"https:\/\/master.us.es\/masteracctic\/wp-json\/wp\/v2\/pages\/6159\/revisions\/6588"}],"up":[{"embeddable":true,"href":"https:\/\/master.us.es\/masteracctic\/wp-json\/wp\/v2\/pages\/5628"}],"wp:featuredmedia":[{"embeddable":true,"href":"https:\/\/master.us.es\/masteracctic\/wp-json\/wp\/v2\/media\/6150"}],"wp:attachment":[{"href":"https:\/\/master.us.es\/masteracctic\/wp-json\/wp\/v2\/media?parent=6159"}],"wp:term":[{"taxonomy":"folder","embeddable":true,"href":"https:\/\/master.us.es\/masteracctic\/wp-json\/wp\/v2\/folder?post=6159"}],"curies":[{"name":"wp","href":"https:\/\/api.w.org\/{rel}","templated":true}]}}