{"id":6160,"date":"2021-06-27T21:21:56","date_gmt":"2021-06-27T21:21:56","guid":{"rendered":"http:\/\/master.us.es\/masteracctic\/?page_id=6160"},"modified":"2022-03-30T17:23:50","modified_gmt":"2022-03-30T17:23:50","slug":"6-programacion-de-videojuegos-creativos-pvc","status":"publish","type":"page","link":"https:\/\/master.us.es\/masteracctic\/titulo-sciart\/6-programacion-de-videojuegos-creativos-pvc\/","title":{"rendered":"6-Programaci\u00f3n de Videojuegos Creativos (PVC)"},"content":{"rendered":"\n<h5><a href=\"..\/titulo-sciart\/\"><img decoding=\"async\" loading=\"lazy\" src=\"http:\/\/master.us.es\/masteracctic\/wp-content\/uploads\/2021\/06\/icon_rewind.png\" alt=\"home\" width=\"31\" height=\"31\"><\/a>\n&nbsp;&nbsp;<a href=\"..\/5-creacion-digital-multimodal-cdm\/\"><img decoding=\"async\" loading=\"lazy\" src=\"http:\/\/master.us.es\/masteracctic\/wp-content\/uploads\/2021\/07\/noun_back button_3648088-e1625393285664.png\" alt=\"back\" width=\"31\" height=\"31\"><\/a>&nbsp;&nbsp;&nbsp;Programaci\u00f3n de Videojuegos Creativos (PVC)&nbsp;<a href=\"..\/7-recursos-estilisticos-para-la-divulgacion-cientifica-redc\/\"><img decoding=\"async\" loading=\"lazy\" src=\"http:\/\/master.us.es\/masteracctic\/wp-content\/uploads\/2021\/07\/noun_next button_3648090-e1625393306812.png\" alt=\"forward\" width=\"31\" height=\"31\"><\/a><\/h5>\n\n\n\n<p style=\"text-align: center;\"><iframe loading=\"lazy\" src=\"https:\/\/cdnapisec.kaltura.com\/p\/2347021\/sp\/234702100\/embedIframeJs\/uiconf_id\/43617741\/partner_id\/2347021?iframeembed=true&amp;playerId=kplayer&amp;entry_id=1_d5do5cww&amp;flashvars[streamerType]=auto\" width=\"100%\" height=\"395\" frameborder=\"0\" allowfullscreen=\"allowfullscreen\"><\/iframe><\/p>\n<table style=\"border-collapse: collapse; width: 100%; height: 684px;\" border=\"0\">\n<tbody>\n<tr style=\"height: 100%;\">\n<td style=\"width: 100%; vertical-align: top; height: 105px;\">\n<table style=\"width: 100%; border-collapse: collapse; border-style: none; margin-left: auto; margin-right: auto;\">\n<tbody>\n<tr style=\"height: 193px;\">\n<td style=\"width: 100%; height: 193px;\">&nbsp;\n<p style=\"text-align: center;\"><strong>Profesor: <\/strong>Dr. Javier J. Salmer\u00f3n Garc\u00eda.<\/p>\n<p style=\"text-align: center;\"><strong>N\u00famero de cr\u00e9ditos: <\/strong>4,00 ECTS<\/p>\n<p style=\"text-align: center;\"><strong>Modalidad de impartici\u00f3n: <\/strong>100% online<\/p>\n<p style=\"text-align: center;\"><strong>Fechas: <\/strong>Meses de noviembre a enero<\/p>\n<\/td>\n<\/tr>\n<\/tbody>\n<\/table>\n<hr>\n<p><strong>Contenido: <\/strong><\/p>\n<p>1 &#8211; Introducci\u00f3n a la herramienta Snap (o similar)<br>1.1 Bloques y creaci\u00f3n de scripts<br>1.2 Repetici\u00f3n<br>1.3 Herramienta de dibujo<br>1.4 Sprite<\/p>\n<p>2 &#8211; Manejo de datos<br>2.1 Variables y constantes<br>2.2 Asignaci\u00f3n<br>2.3 Coordenadas<\/p>\n<p>3 &#8211; Estructuras condicionales e iterativas<br>3.1 Condicionales<br>3.2 Bucles<\/p>\n<p>4 &#8211; Comunicaci\u00f3n entre diferentes bloques<br>4.1 Broadcast<br>4.2 Wait<br>4.3 Eventos<\/p>\n<p>5 &#8211; Proceso creativo en la producci\u00f3n de un videojuego<\/p>\n<p>6 &#8211; Juegos de ejemplo<\/p>\n<p>7 &#8211; Creaci\u00f3n de un juego (preferentemente en grupo)<\/p>\n<\/td>\n<\/tr>\n<tr style=\"height: 582px;\">\n<td style=\"width: 100%; vertical-align: top; height: 579px;\">\n<p>TUTOR\u00cdAS Y PR\u00c1CTICA DE EVALUACI\u00d3N CONTINUA DE LA ASIGNATURA: Tutor\u00edas online, a petici\u00f3n del alumno, con el fin de resolver dudas y completar el ejercicio final de la asignatura. <br><br>MODALIDAD: 100% online, con clases sincr\u00f3nicas cuatro viernes por la tarde (2h cada viernes), en semanas alternas (semanas 5, 7, 9 y 11).<br><br><\/p>\n<\/td>\n<\/tr>\n<\/tbody>\n<\/table>\n<p>&nbsp;<\/p>\n<p><br><br><br><br><\/p>\n","protected":false},"excerpt":{"rendered":"<p>Asignatura Enfoques did\u00e1cticos, Aprendizaje Servicio y Emprendimiento Social (DASES)<\/p>\n","protected":false},"author":1,"featured_media":6151,"parent":5628,"menu_order":0,"comment_status":"closed","ping_status":"closed","template":"","meta":{"_uag_custom_page_level_css":""},"folder":[5],"blocksy_meta":{"styles_descriptor":{"styles":{"desktop":"","tablet":"","mobile":""},"google_fonts":[],"version":4}},"uagb_featured_image_src":{"full":["https:\/\/master.us.es\/masteracctic\/wp-content\/uploads\/2021\/06\/SciArt_PVC_JavierSalmeronGarcia.png",1920,1082,false],"thumbnail":["https:\/\/master.us.es\/masteracctic\/wp-content\/uploads\/2021\/06\/SciArt_PVC_JavierSalmeronGarcia-150x150.png",150,150,true],"medium":["https:\/\/master.us.es\/masteracctic\/wp-content\/uploads\/2021\/06\/SciArt_PVC_JavierSalmeronGarcia-300x169.png",300,169,true],"medium_large":["https:\/\/master.us.es\/masteracctic\/wp-content\/uploads\/2021\/06\/SciArt_PVC_JavierSalmeronGarcia-768x433.png",768,433,true],"large":["https:\/\/master.us.es\/masteracctic\/wp-content\/uploads\/2021\/06\/SciArt_PVC_JavierSalmeronGarcia-1024x577.png",1024,577,true],"1536x1536":["https:\/\/master.us.es\/masteracctic\/wp-content\/uploads\/2021\/06\/SciArt_PVC_JavierSalmeronGarcia-1536x866.png",1536,866,true],"2048x2048":["https:\/\/master.us.es\/masteracctic\/wp-content\/uploads\/2021\/06\/SciArt_PVC_JavierSalmeronGarcia.png",1920,1082,false]},"uagb_author_info":{"display_name":"fewibef","author_link":"https:\/\/master.us.es\/masteracctic\/author\/fewibef\/"},"uagb_comment_info":0,"uagb_excerpt":"Asignatura Enfoques did\u00e1cticos, Aprendizaje Servicio y Emprendimiento Social (DASES)","_links":{"self":[{"href":"https:\/\/master.us.es\/masteracctic\/wp-json\/wp\/v2\/pages\/6160"}],"collection":[{"href":"https:\/\/master.us.es\/masteracctic\/wp-json\/wp\/v2\/pages"}],"about":[{"href":"https:\/\/master.us.es\/masteracctic\/wp-json\/wp\/v2\/types\/page"}],"author":[{"embeddable":true,"href":"https:\/\/master.us.es\/masteracctic\/wp-json\/wp\/v2\/users\/1"}],"replies":[{"embeddable":true,"href":"https:\/\/master.us.es\/masteracctic\/wp-json\/wp\/v2\/comments?post=6160"}],"version-history":[{"count":6,"href":"https:\/\/master.us.es\/masteracctic\/wp-json\/wp\/v2\/pages\/6160\/revisions"}],"predecessor-version":[{"id":6591,"href":"https:\/\/master.us.es\/masteracctic\/wp-json\/wp\/v2\/pages\/6160\/revisions\/6591"}],"up":[{"embeddable":true,"href":"https:\/\/master.us.es\/masteracctic\/wp-json\/wp\/v2\/pages\/5628"}],"wp:featuredmedia":[{"embeddable":true,"href":"https:\/\/master.us.es\/masteracctic\/wp-json\/wp\/v2\/media\/6151"}],"wp:attachment":[{"href":"https:\/\/master.us.es\/masteracctic\/wp-json\/wp\/v2\/media?parent=6160"}],"wp:term":[{"taxonomy":"folder","embeddable":true,"href":"https:\/\/master.us.es\/masteracctic\/wp-json\/wp\/v2\/folder?post=6160"}],"curies":[{"name":"wp","href":"https:\/\/api.w.org\/{rel}","templated":true}]}}