{"id":6161,"date":"2021-06-27T21:21:37","date_gmt":"2021-06-27T21:21:37","guid":{"rendered":"http:\/\/master.us.es\/masteracctic\/?page_id=6161"},"modified":"2022-04-05T08:06:29","modified_gmt":"2022-04-05T08:06:29","slug":"7-recursos-estilisticos-para-la-divulgacion-cientifica-redc","status":"publish","type":"page","link":"https:\/\/master.us.es\/masteracctic\/titulo-sciart\/7-recursos-estilisticos-para-la-divulgacion-cientifica-redc\/","title":{"rendered":"7-Recursos Estil\u00edsticos para la Divulgaci\u00f3n Cient\u00edfica (REDC)"},"content":{"rendered":"\n<h5><a href=\"..\/titulo-sciart\/\"><img decoding=\"async\" loading=\"lazy\" src=\"http:\/\/master.us.es\/masteracctic\/wp-content\/uploads\/2021\/06\/icon_rewind.png\" alt=\"home\" width=\"31\" height=\"31\"><\/a>\n&nbsp;&nbsp;<a href=\"..\/6-programacion-de-videojuegos-creativos-pvc\/\"><img decoding=\"async\" loading=\"lazy\" src=\"http:\/\/master.us.es\/masteracctic\/wp-content\/uploads\/2021\/07\/noun_back button_3648088-e1625393285664.png\" alt=\"back\" width=\"31\" height=\"31\"><\/a>&nbsp;&nbsp;&nbsp;Recursos Estil\u00edsticos para la Divulgaci\u00f3n Cient\u00edfica (REDC)&nbsp;<a href=\"..\/8-creacion-mediante-la-interpretacion-y-la-comunicacion-oral-ci\/\"><img decoding=\"async\" loading=\"lazy\" src=\"http:\/\/master.us.es\/masteracctic\/wp-content\/uploads\/2021\/07\/noun_next button_3648090-e1625393306812.png\" alt=\"forward\" width=\"31\" height=\"31\"><\/a><\/h5>\n\n\n\n<p style=\"text-align: center;\"><iframe loading=\"lazy\" src=\"https:\/\/cdnapisec.kaltura.com\/p\/2347021\/sp\/234702100\/embedIframeJs\/uiconf_id\/43617741\/partner_id\/2347021?iframeembed=true&amp;playerId=kplayer&amp;entry_id=1_6e29dhzv&amp;flashvars[streamerType]=auto\" width=\"100%\" height=\"395\" frameborder=\"0\" allowfullscreen=\"allowfullscreen\"><\/iframe><\/p>\n<table style=\"border-collapse: collapse; width: 100%; height: 684px;\" border=\"0\">\n<tbody>\n<tr style=\"height: 100%;\">\n<td style=\"width: 100%; vertical-align: top; height: 105px;\">\n<table style=\"width: 100%; border-collapse: collapse; border-style: none; margin-left: auto; margin-right: auto;\">\n<tbody>\n<tr style=\"height: 193px;\">\n<td style=\"width: 100%; height: 193px;\">&nbsp;\n<p style=\"text-align: center;\"><strong>Profesor: <\/strong>Dr. Jos\u00e9 Manuel Higes.<\/p>\n<p style=\"text-align: center;\"><strong>N\u00famero de cr\u00e9ditos: <\/strong>2,00&nbsp;ECTS<\/p>\n<p style=\"text-align: center;\"><strong>Modalidad de impartici\u00f3n: <\/strong>100% online<\/p>\n<p style=\"text-align: center;\"><strong>Fechas: <\/strong>Meses de enero y febrero<\/p>\n<\/td>\n<\/tr>\n<\/tbody>\n<\/table>\n<hr>\n<p><strong>Contenido: <\/strong><\/p>\n<p>1. La escritura divulgativa como tipo de texto: caracter\u00edsticas y modos de lectura.<\/p>\n<p>2. Recursos ling\u00fc\u00edsticos y estil\u00edsticos para la escritura divulgativa: fuentes citativas, modos de inclusi\u00f3n de extranjerismos, pautas ortotipogr\u00e1ficas y recursos estil\u00edsticos.<\/p>\n<p>3. An\u00e1lisis de textos con finalidad divulgativa:<br>a. Tipos textuales para la difusi\u00f3n de contenidos cient\u00edficos de humanidades, tecnolog\u00eda y ciencias.<br>b. Diferencias entre el espa\u00f1ol europeo y el espa\u00f1ol americano en la difusi\u00f3n de contenidos divulgativos.<br>c. An\u00e1isis cr\u00edtico de los modos de enunciaci\u00f3n en el discurso divulgativo: punto de vista, referencias extracient\u00edficas y uso de hipertextos<br>4. Pr\u00e1cticas de creaci\u00f3n de escritos para la divulgaci\u00f3n cient\u00edfica:<br>a. Microrrelato<br>b. Monol\u00f3go<br>c. Pieza period\u00edstica<br>d. Otros<\/p>\n<\/td>\n<\/tr>\n<tr style=\"height: 582px;\">\n<td style=\"width: 100%; vertical-align: top; height: 579px;\">\n<p>TUTOR\u00cdAS Y PR\u00c1CTICA DE EVALUACI\u00d3N CONTINUA DE LA ASIGNATURA: Tutor\u00edas online, a petici\u00f3n del alumno, con el fin de resolver dudas y completar el ejercicio final de la asignatura. <br><br>MODALIDAD: 100% online, con clases sincr\u00f3nicas dos viernes por la tarde en semanas alternas (semanas 13 y 15).<br><br><\/p>\n<\/td>\n<\/tr>\n<\/tbody>\n<\/table>\n<p>&nbsp;<\/p>\n<p><br><br><br><br><\/p>\n","protected":false},"excerpt":{"rendered":"<p>Asignatura Enfoques did\u00e1cticos, Aprendizaje Servicio y Emprendimiento Social (DASES)<\/p>\n","protected":false},"author":1,"featured_media":6152,"parent":5628,"menu_order":0,"comment_status":"closed","ping_status":"closed","template":"","meta":{"_uag_custom_page_level_css":""},"folder":[5],"blocksy_meta":{"styles_descriptor":{"styles":{"desktop":"","tablet":"","mobile":""},"google_fonts":[],"version":4}},"uagb_featured_image_src":{"full":["https:\/\/master.us.es\/masteracctic\/wp-content\/uploads\/2021\/06\/SciArt_REDC_LolaPonsRodriguez.png",1920,1086,false],"thumbnail":["https:\/\/master.us.es\/masteracctic\/wp-content\/uploads\/2021\/06\/SciArt_REDC_LolaPonsRodriguez-150x150.png",150,150,true],"medium":["https:\/\/master.us.es\/masteracctic\/wp-content\/uploads\/2021\/06\/SciArt_REDC_LolaPonsRodriguez-300x170.png",300,170,true],"medium_large":["https:\/\/master.us.es\/masteracctic\/wp-content\/uploads\/2021\/06\/SciArt_REDC_LolaPonsRodriguez-768x434.png",768,434,true],"large":["https:\/\/master.us.es\/masteracctic\/wp-content\/uploads\/2021\/06\/SciArt_REDC_LolaPonsRodriguez-1024x579.png",1024,579,true],"1536x1536":["https:\/\/master.us.es\/masteracctic\/wp-content\/uploads\/2021\/06\/SciArt_REDC_LolaPonsRodriguez-1536x869.png",1536,869,true],"2048x2048":["https:\/\/master.us.es\/masteracctic\/wp-content\/uploads\/2021\/06\/SciArt_REDC_LolaPonsRodriguez.png",1920,1086,false]},"uagb_author_info":{"display_name":"fewibef","author_link":"https:\/\/master.us.es\/masteracctic\/author\/fewibef\/"},"uagb_comment_info":0,"uagb_excerpt":"Asignatura Enfoques did\u00e1cticos, Aprendizaje Servicio y Emprendimiento Social (DASES)","_links":{"self":[{"href":"https:\/\/master.us.es\/masteracctic\/wp-json\/wp\/v2\/pages\/6161"}],"collection":[{"href":"https:\/\/master.us.es\/masteracctic\/wp-json\/wp\/v2\/pages"}],"about":[{"href":"https:\/\/master.us.es\/masteracctic\/wp-json\/wp\/v2\/types\/page"}],"author":[{"embeddable":true,"href":"https:\/\/master.us.es\/masteracctic\/wp-json\/wp\/v2\/users\/1"}],"replies":[{"embeddable":true,"href":"https:\/\/master.us.es\/masteracctic\/wp-json\/wp\/v2\/comments?post=6161"}],"version-history":[{"count":6,"href":"https:\/\/master.us.es\/masteracctic\/wp-json\/wp\/v2\/pages\/6161\/revisions"}],"predecessor-version":[{"id":6590,"href":"https:\/\/master.us.es\/masteracctic\/wp-json\/wp\/v2\/pages\/6161\/revisions\/6590"}],"up":[{"embeddable":true,"href":"https:\/\/master.us.es\/masteracctic\/wp-json\/wp\/v2\/pages\/5628"}],"wp:featuredmedia":[{"embeddable":true,"href":"https:\/\/master.us.es\/masteracctic\/wp-json\/wp\/v2\/media\/6152"}],"wp:attachment":[{"href":"https:\/\/master.us.es\/masteracctic\/wp-json\/wp\/v2\/media?parent=6161"}],"wp:term":[{"taxonomy":"folder","embeddable":true,"href":"https:\/\/master.us.es\/masteracctic\/wp-json\/wp\/v2\/folder?post=6161"}],"curies":[{"name":"wp","href":"https:\/\/api.w.org\/{rel}","templated":true}]}}