{"id":6163,"date":"2021-06-27T21:20:49","date_gmt":"2021-06-27T21:20:49","guid":{"rendered":"http:\/\/master.us.es\/masteracctic\/?page_id=6163"},"modified":"2022-03-29T23:08:10","modified_gmt":"2022-03-29T23:08:10","slug":"9-creacion-audiovisual-cav","status":"publish","type":"page","link":"https:\/\/master.us.es\/masteracctic\/titulo-sciart\/9-creacion-audiovisual-cav\/","title":{"rendered":"9-Creaci\u00f3n Audiovisual (CAV)"},"content":{"rendered":"\n<h5><a href=\"..\/titulo-sciart\/\"><img decoding=\"async\" loading=\"lazy\" src=\"http:\/\/master.us.es\/masteracctic\/wp-content\/uploads\/2021\/06\/icon_rewind.png\" alt=\"home\" width=\"31\" height=\"31\"><\/a>\n&nbsp;&nbsp;<a href=\"..\/8-creacion-mediante-la-interpretacion-y-la-comunicacion-oral-ci\/\"><img decoding=\"async\" loading=\"lazy\" src=\"http:\/\/master.us.es\/masteracctic\/wp-content\/uploads\/2021\/07\/noun_back button_3648088-e1625393285664.png\" alt=\"back\" width=\"31\" height=\"31\"><\/a>&nbsp;&nbsp;&nbsp;Creaci\u00f3n Audiovisual (CAV)&nbsp;<a href=\"..\/10-creacion-de-instalaciones-mediante-hardware-libre-cihw\/\"><img decoding=\"async\" loading=\"lazy\" src=\"http:\/\/master.us.es\/masteracctic\/wp-content\/uploads\/2021\/07\/noun_next button_3648090-e1625393306812.png\" alt=\"forward\" width=\"31\" height=\"31\"><\/a><\/h5>\n\n\n\n<p style=\"text-align: center;\"><iframe loading=\"lazy\" src=\"https:\/\/cdnapisec.kaltura.com\/p\/2347021\/sp\/234702100\/embedIframeJs\/uiconf_id\/43617741\/partner_id\/2347021?iframeembed=true&amp;playerId=kplayer&amp;entry_id=1_qze4qfts&amp;flashvars[streamerType]=auto\" width=\"100%\" height=\"395\" frameborder=\"0\" allowfullscreen=\"allowfullscreen\"><\/iframe><\/p>\n<table style=\"border-collapse: collapse; width: 100%; height: 684px;\" border=\"0\">\n<tbody>\n<tr style=\"height: 100%;\">\n<td style=\"width: 100%; vertical-align: top; height: 105px;\">\n<table style=\"width: 100%; border-collapse: collapse; border-style: none; margin-left: auto; margin-right: auto;\">\n<tbody>\n<tr style=\"height: 193px;\">\n<td style=\"width: 100%; height: 193px;\">&nbsp;\n<p style=\"text-align: center;\"><strong>Profesora: <\/strong>Dra. \u00c1urea Mu\u00f1oz del Amo.<\/p>\n<p style=\"text-align: center;\"><strong>N\u00famero de cr\u00e9ditos: <\/strong>4,00&nbsp;ECTS<\/p>\n<p style=\"text-align: center;\"><strong>Modalidad de impartici\u00f3n: <\/strong>100% online<\/p>\n<p style=\"text-align: center;\"><strong>Fechas: <\/strong>Meses de febrero a abril<\/p>\n<\/td>\n<\/tr>\n<\/tbody>\n<\/table>\n<hr>\n<p><strong>Contenido: <\/strong><\/p>\n<p>1. Proyectos audiovisuales:<br>1.1. Tipos de proyectos audiovisuales<br>1.2. Materiales y equipos necesarios para desarrollar un proyecto<br>1.3. Procesos de captura, digitalizaci\u00f3n y generaci\u00f3n de im\u00e1genes: tipos de im\u00e1genes y caracter\u00edsticas t\u00e9cnicas<br>1.4. M\u00fasica y sonido: recursos disponibles en internet<br><br>2. Lenguaje y narratividad audiovisual.<br>2.1. Ideaci\u00f3n: gui\u00f3n literario, gui\u00f3n gr\u00e1fico y gui\u00f3n t\u00e9cnico<br>2.2. Planos y movimientos de c\u00e1mara<br>2.3. Composici\u00f3n y recursos expresivos<br><br>3. Desarrollo de proyectos audiovisuales.<br>3.1. Organizaci\u00f3n de material adecuado para creaciones audiovisuales: archivos de v\u00eddeo, archivos de audio e im\u00e1genes fijas.<br>3.2. Editores de v\u00eddeo: generalidades y caracter\u00edsticas t\u00e9cnicas<br>3.3. Creaci\u00f3n de un proyecto con e editor: ajustes de secuencia, importaci\u00f3n y organizaci\u00f3n del material.<br>3.4. Herramientas de edici\u00f3n de v\u00eddeo.<br>3.5. Creaci\u00f3n de t\u00edtulos y textos.<br>3.6. Transiciones y efectos de v\u00eddeo.<br>3.7. Par\u00e1metros de exportaci\u00f3n para distintos dispositivos y plataformas.<\/p>\n<\/td>\n<\/tr>\n<tr style=\"height: 582px;\">\n<td style=\"width: 100%; vertical-align: top; height: 579px;\">\n<p>TUTOR\u00cdAS Y PR\u00c1CTICA DE EVALUACI\u00d3N CONTINUA DE LA ASIGNATURA: Tutor\u00edas fundamentalmente online, a petici\u00f3n del alumno, con el fin de resolver dudas y completar el ejercicio final de la asignatura. <br><br>MODALIDAD: 100% online, con clases sincr\u00f3nicas cuatro viernes por la tarde (2h cada viernes), en semanas alternas (semanas 17, 19, 21 y 23).<br><br><\/p>\n<\/td>\n<\/tr>\n<\/tbody>\n<\/table>\n<p>&nbsp;<\/p>\n<p><br><br><br><br><\/p>\n","protected":false},"excerpt":{"rendered":"<p>Asignatura Enfoques did\u00e1cticos, Aprendizaje Servicio y Emprendimiento Social (DASES)<\/p>\n","protected":false},"author":1,"featured_media":6145,"parent":5628,"menu_order":0,"comment_status":"closed","ping_status":"closed","template":"","meta":{"_uag_custom_page_level_css":""},"folder":[5],"blocksy_meta":{"styles_descriptor":{"styles":{"desktop":"","tablet":"","mobile":""},"google_fonts":[],"version":4}},"uagb_featured_image_src":{"full":["https:\/\/master.us.es\/masteracctic\/wp-content\/uploads\/2021\/06\/SciArt_CAV_AmaliaOrtegaRodas.png",1920,1083,false],"thumbnail":["https:\/\/master.us.es\/masteracctic\/wp-content\/uploads\/2021\/06\/SciArt_CAV_AmaliaOrtegaRodas-150x150.png",150,150,true],"medium":["https:\/\/master.us.es\/masteracctic\/wp-content\/uploads\/2021\/06\/SciArt_CAV_AmaliaOrtegaRodas-300x169.png",300,169,true],"medium_large":["https:\/\/master.us.es\/masteracctic\/wp-content\/uploads\/2021\/06\/SciArt_CAV_AmaliaOrtegaRodas-768x433.png",768,433,true],"large":["https:\/\/master.us.es\/masteracctic\/wp-content\/uploads\/2021\/06\/SciArt_CAV_AmaliaOrtegaRodas-1024x578.png",1024,578,true],"1536x1536":["https:\/\/master.us.es\/masteracctic\/wp-content\/uploads\/2021\/06\/SciArt_CAV_AmaliaOrtegaRodas-1536x866.png",1536,866,true],"2048x2048":["https:\/\/master.us.es\/masteracctic\/wp-content\/uploads\/2021\/06\/SciArt_CAV_AmaliaOrtegaRodas.png",1920,1083,false]},"uagb_author_info":{"display_name":"fewibef","author_link":"https:\/\/master.us.es\/masteracctic\/author\/fewibef\/"},"uagb_comment_info":0,"uagb_excerpt":"Asignatura Enfoques did\u00e1cticos, Aprendizaje Servicio y Emprendimiento Social (DASES)","_links":{"self":[{"href":"https:\/\/master.us.es\/masteracctic\/wp-json\/wp\/v2\/pages\/6163"}],"collection":[{"href":"https:\/\/master.us.es\/masteracctic\/wp-json\/wp\/v2\/pages"}],"about":[{"href":"https:\/\/master.us.es\/masteracctic\/wp-json\/wp\/v2\/types\/page"}],"author":[{"embeddable":true,"href":"https:\/\/master.us.es\/masteracctic\/wp-json\/wp\/v2\/users\/1"}],"replies":[{"embeddable":true,"href":"https:\/\/master.us.es\/masteracctic\/wp-json\/wp\/v2\/comments?post=6163"}],"version-history":[{"count":8,"href":"https:\/\/master.us.es\/masteracctic\/wp-json\/wp\/v2\/pages\/6163\/revisions"}],"predecessor-version":[{"id":6596,"href":"https:\/\/master.us.es\/masteracctic\/wp-json\/wp\/v2\/pages\/6163\/revisions\/6596"}],"up":[{"embeddable":true,"href":"https:\/\/master.us.es\/masteracctic\/wp-json\/wp\/v2\/pages\/5628"}],"wp:featuredmedia":[{"embeddable":true,"href":"https:\/\/master.us.es\/masteracctic\/wp-json\/wp\/v2\/media\/6145"}],"wp:attachment":[{"href":"https:\/\/master.us.es\/masteracctic\/wp-json\/wp\/v2\/media?parent=6163"}],"wp:term":[{"taxonomy":"folder","embeddable":true,"href":"https:\/\/master.us.es\/masteracctic\/wp-json\/wp\/v2\/folder?post=6163"}],"curies":[{"name":"wp","href":"https:\/\/api.w.org\/{rel}","templated":true}]}}