{"id":6164,"date":"2021-06-27T21:20:17","date_gmt":"2021-06-27T21:20:17","guid":{"rendered":"http:\/\/master.us.es\/masteracctic\/?page_id=6164"},"modified":"2022-03-29T23:17:25","modified_gmt":"2022-03-29T23:17:25","slug":"10-creacion-de-instalaciones-mediante-hardware-libre-cihw","status":"publish","type":"page","link":"https:\/\/master.us.es\/masteracctic\/titulo-sciart\/10-creacion-de-instalaciones-mediante-hardware-libre-cihw\/","title":{"rendered":"10-Creaci\u00f3n de Instalaciones mediante Hardware Libre (CIHW)"},"content":{"rendered":"\n<h5><a href=\"..\/titulo-sciart\/\"><img decoding=\"async\" loading=\"lazy\" src=\"http:\/\/master.us.es\/masteracctic\/wp-content\/uploads\/2021\/06\/icon_rewind.png\" alt=\"home\" width=\"31\" height=\"31\"><\/a>\n&nbsp;&nbsp;<a href=\"..\/9-creacion-audiovisual-cav\/\"><img decoding=\"async\" loading=\"lazy\" src=\"http:\/\/master.us.es\/masteracctic\/wp-content\/uploads\/2021\/07\/noun_back button_3648088-e1625393285664.png\" alt=\"back\" width=\"31\" height=\"31\"><\/a>&nbsp;&nbsp;&nbsp;Creaci\u00f3n de Instalaciones mediante Hardware Libre (CIHW)&nbsp;<a href=\"..\/11-comunicacion-de-la-ciencia-en-redes-sociales-ccrs\/\"><img decoding=\"async\" loading=\"lazy\" src=\"http:\/\/master.us.es\/masteracctic\/wp-content\/uploads\/2021\/07\/noun_next button_3648090-e1625393306812.png\" alt=\"forward\" width=\"31\" height=\"31\"><\/a><\/h5>\n\n\n\n<p style=\"text-align: center;\"><iframe loading=\"lazy\" src=\"https:\/\/cdnapisec.kaltura.com\/p\/2347021\/sp\/234702100\/embedIframeJs\/uiconf_id\/43617741\/partner_id\/2347021?iframeembed=true&amp;playerId=kplayer&amp;entry_id=1_9c2h40iv&amp;flashvars[streamerType]=auto\" width=\"100%\" height=\"395\" frameborder=\"0\" allowfullscreen=\"allowfullscreen\"><\/iframe><\/p>\n<table style=\"border-collapse: collapse; width: 100%; height: 684px;\" border=\"0\">\n<tbody>\n<tr style=\"height: 100%;\">\n<td style=\"width: 100%; vertical-align: top; height: 105px;\">\n<table style=\"width: 100%; border-collapse: collapse; border-style: none; margin-left: auto; margin-right: auto;\">\n<tbody>\n<tr style=\"height: 193px;\">\n<td style=\"width: 100%; height: 193px;\">&nbsp;\n<p style=\"text-align: center;\"><strong>Profesor: <\/strong>Luis Santiago S\u00e1nchez Fern\u00e1ndez.<\/p>\n<p style=\"text-align: center;\"><strong>N\u00famero de cr\u00e9ditos: <\/strong>4,00&nbsp;ECTS<\/p>\n<p style=\"text-align: center;\"><strong>Modalidad de impartici\u00f3n: <\/strong>100% online<\/p>\n<p style=\"text-align: center;\"><strong>Fechas: <\/strong>Meses de febrero a abril<\/p>\n<\/td>\n<\/tr>\n<\/tbody>\n<\/table>\n<hr>\n<p><strong>Contenido: <\/strong><\/p>\n<p>1- Introducci\u00f3n al Hardware Libre para crear instalaciones art\u00edsticas y\/o cient\u00edfico-divulgativas.<\/p>\n<p>2- Conectando con el mundo que nos rodea<br>2.1- Interacci\u00f3n t\u00e1ctil con el mundo f\u00edsico (Makey Makey).<br>2.2- Interacci\u00f3n visual mediante reconocimiento de im\u00e1genes (c\u00e1maras web, Kinect o similares).<\/p>\n<p>3- Conceptos b\u00e1sicos de electr\u00f3nica y fundamentos de electr\u00f3nica digital<br>3.1- Circuitos el\u00e9ctricos en corriente continua.<br>3.2- Circuitos digitales.<\/p>\n<p>4- Sensores y actuadores.<br>4.1- Sensores digitales.<br>4.2- Sensores anal\u00f3gicos.<br>4.3- Actuadores: LEDs, zumbadores y rel\u00e9s.<br>4.4- Actuadores: Servomotores.<\/p>\n<p>5- Programaci\u00f3n con microcontroladores y ordenadores de bajo coste.<br>5.1- Placas Arduino. Programaci\u00f3n en Arduino por bloques.<br>5.2- Programaci\u00f3n de wearables (ejemplo: Lilypad,&#8230;)<br>5.3- Programaci\u00f3n con ordenadores de bajo coste (ejemplo: Raspberry Pi,&#8230;).<\/p>\n<\/td>\n<\/tr>\n<tr style=\"height: 582px;\">\n<td style=\"width: 100%; vertical-align: top; height: 579px;\">\n<p>TUTOR\u00cdAS Y PR\u00c1CTICA DE EVALUACI\u00d3N CONTINUA DE LA ASIGNATURA: Tutor\u00edas online, a petici\u00f3n del alumno, con el fin de resolver dudas y completar el ejercicio final de la asignatura. <br><br>MODALIDAD: 100% online, con clases presenciales cuatro viernes por la tarde (2h cada viernes), en semanas alternas (semanas 17, 19, 21 y 23).<br><br><\/p>\n<\/td>\n<\/tr>\n<\/tbody>\n<\/table>\n<p>&nbsp;<\/p>\n<p><br><br><br><br><\/p>\n","protected":false},"excerpt":{"rendered":"<p>Asignatura Enfoques did\u00e1cticos, Aprendizaje Servicio y Emprendimiento Social (DASES)<\/p>\n","protected":false},"author":1,"featured_media":6149,"parent":5628,"menu_order":0,"comment_status":"closed","ping_status":"closed","template":"","meta":{"_uag_custom_page_level_css":""},"folder":[5],"blocksy_meta":{"styles_descriptor":{"styles":{"desktop":"","tablet":"","mobile":""},"google_fonts":[],"version":4}},"uagb_featured_image_src":{"full":["https:\/\/master.us.es\/masteracctic\/wp-content\/uploads\/2021\/06\/SciArt_CIHW_LuisSanchezFernandez.png",1920,1082,false],"thumbnail":["https:\/\/master.us.es\/masteracctic\/wp-content\/uploads\/2021\/06\/SciArt_CIHW_LuisSanchezFernandez-150x150.png",150,150,true],"medium":["https:\/\/master.us.es\/masteracctic\/wp-content\/uploads\/2021\/06\/SciArt_CIHW_LuisSanchezFernandez-300x169.png",300,169,true],"medium_large":["https:\/\/master.us.es\/masteracctic\/wp-content\/uploads\/2021\/06\/SciArt_CIHW_LuisSanchezFernandez-768x433.png",768,433,true],"large":["https:\/\/master.us.es\/masteracctic\/wp-content\/uploads\/2021\/06\/SciArt_CIHW_LuisSanchezFernandez-1024x577.png",1024,577,true],"1536x1536":["https:\/\/master.us.es\/masteracctic\/wp-content\/uploads\/2021\/06\/SciArt_CIHW_LuisSanchezFernandez-1536x866.png",1536,866,true],"2048x2048":["https:\/\/master.us.es\/masteracctic\/wp-content\/uploads\/2021\/06\/SciArt_CIHW_LuisSanchezFernandez.png",1920,1082,false]},"uagb_author_info":{"display_name":"fewibef","author_link":"https:\/\/master.us.es\/masteracctic\/author\/fewibef\/"},"uagb_comment_info":0,"uagb_excerpt":"Asignatura Enfoques did\u00e1cticos, Aprendizaje Servicio y Emprendimiento Social (DASES)","_links":{"self":[{"href":"https:\/\/master.us.es\/masteracctic\/wp-json\/wp\/v2\/pages\/6164"}],"collection":[{"href":"https:\/\/master.us.es\/masteracctic\/wp-json\/wp\/v2\/pages"}],"about":[{"href":"https:\/\/master.us.es\/masteracctic\/wp-json\/wp\/v2\/types\/page"}],"author":[{"embeddable":true,"href":"https:\/\/master.us.es\/masteracctic\/wp-json\/wp\/v2\/users\/1"}],"replies":[{"embeddable":true,"href":"https:\/\/master.us.es\/masteracctic\/wp-json\/wp\/v2\/comments?post=6164"}],"version-history":[{"count":4,"href":"https:\/\/master.us.es\/masteracctic\/wp-json\/wp\/v2\/pages\/6164\/revisions"}],"predecessor-version":[{"id":6579,"href":"https:\/\/master.us.es\/masteracctic\/wp-json\/wp\/v2\/pages\/6164\/revisions\/6579"}],"up":[{"embeddable":true,"href":"https:\/\/master.us.es\/masteracctic\/wp-json\/wp\/v2\/pages\/5628"}],"wp:featuredmedia":[{"embeddable":true,"href":"https:\/\/master.us.es\/masteracctic\/wp-json\/wp\/v2\/media\/6149"}],"wp:attachment":[{"href":"https:\/\/master.us.es\/masteracctic\/wp-json\/wp\/v2\/media?parent=6164"}],"wp:term":[{"taxonomy":"folder","embeddable":true,"href":"https:\/\/master.us.es\/masteracctic\/wp-json\/wp\/v2\/folder?post=6164"}],"curies":[{"name":"wp","href":"https:\/\/api.w.org\/{rel}","templated":true}]}}