{"id":6165,"date":"2021-06-27T21:20:00","date_gmt":"2021-06-27T21:20:00","guid":{"rendered":"http:\/\/master.us.es\/masteracctic\/?page_id=6165"},"modified":"2022-03-29T22:55:52","modified_gmt":"2022-03-29T22:55:52","slug":"11-comunicacion-de-la-ciencia-en-redes-sociales-ccrs","status":"publish","type":"page","link":"https:\/\/master.us.es\/masteracctic\/titulo-sciart\/11-comunicacion-de-la-ciencia-en-redes-sociales-ccrs\/","title":{"rendered":"11-Comunicaci\u00f3n de la Ciencia en Redes Sociales (CCRS)"},"content":{"rendered":"\n<h5><a href=\"..\/titulo-sciart\/\"><img decoding=\"async\" loading=\"lazy\" src=\"http:\/\/master.us.es\/masteracctic\/wp-content\/uploads\/2021\/06\/icon_rewind.png\" alt=\"home\" width=\"31\" height=\"31\"><\/a>\n&nbsp;&nbsp;<a href=\"..\/10-creacion-de-instalaciones-mediante-hardware-libre-cihw\/\"><img decoding=\"async\" loading=\"lazy\" src=\"http:\/\/master.us.es\/masteracctic\/wp-content\/uploads\/2021\/07\/noun_back button_3648088-e1625393285664.png\" alt=\"back\" width=\"31\" height=\"31\"><\/a>&nbsp;&nbsp;&nbsp;Comunicaci\u00f3n de la Ciencia en Redes Sociales (CCRS)<\/h5>\n\n\n\n<p style=\"text-align: center;\"><iframe loading=\"lazy\" src=\"https:\/\/cdnapisec.kaltura.com\/p\/2347021\/sp\/234702100\/embedIframeJs\/uiconf_id\/43617741\/partner_id\/2347021?iframeembed=true&amp;playerId=kplayer&amp;entry_id=1_8onab5x4&amp;flashvars[streamerType]=auto\" width=\"100%\" height=\"395\" frameborder=\"0\" allowfullscreen=\"allowfullscreen\"><\/iframe><\/p>\n<table style=\"border-collapse: collapse; width: 100%; height: 684px;\" border=\"0\">\n<tbody>\n<tr style=\"height: 100%;\">\n<td style=\"width: 100%; vertical-align: top; height: 105px;\">\n<table style=\"width: 100%; border-collapse: collapse; border-style: none; margin-left: auto; margin-right: auto;\">\n<tbody>\n<tr style=\"height: 193px;\">\n<td style=\"width: 100%; height: 193px;\">&nbsp;\n<p style=\"text-align: center;\"><strong>Profesora: <\/strong>Dra. Hada M. S\u00e1nchez Gonz\u00e1les.<\/p>\n<p style=\"text-align: center;\"><strong>N\u00famero de cr\u00e9ditos: <\/strong>2,00&nbsp;ECTS<\/p>\n<p style=\"text-align: center;\"><strong>Modalidad de impartici\u00f3n: <\/strong>100% online<\/p>\n<p style=\"text-align: center;\"><strong>Fechas: <\/strong>Meses de abril y mayo<\/p>\n<\/td>\n<\/tr>\n<tr>\n<td style=\"width: 100%;\">&nbsp;<\/td>\n<\/tr>\n<\/tbody>\n<\/table>\n<hr>\n<p><strong>Contenido: <\/strong><\/p>\n<p>1- Redes sociales como herramientas de comunicaci\u00f3n: Tipos de redes sociales: generales, personalizadas y especializadas; consejos para divulgar la ciencia en redes sociales.<\/p>\n<p>2- Perfiles profesionales y regularizaci\u00f3n informativa en las redes sociales: calidad, credibilidad y libertad de expresi\u00f3n.<\/p>\n<p>3- C\u00f3mo escribir y dise\u00f1ar en redes sociales: estrategias de comunicaci\u00f3n para divulgar la ciencia, herramientas y recursos.<\/p>\n<p>4- Planificaci\u00f3n y gesti\u00f3n en redes sociales: conoce a tu audiencia.<\/p>\n<p>5- Medici\u00f3n en redes sociales: interacci\u00f3n, influencia y fidelizaci\u00f3n.<\/p>\n<\/td>\n<\/tr>\n<tr style=\"height: 582px;\">\n<td style=\"width: 100%; vertical-align: top; height: 579px;\">\n<p>TUTOR\u00cdAS Y PR\u00c1CTICA DE EVALUACI\u00d3N CONTINUA DE LA ASIGNATURA: Tutor\u00edas online, a petici\u00f3n del alumno, con el fin de resolver dudas y completar el ejercicio final de la asignatura. <br><br>MODALIDAD: 100% online. En esta asignatura habr\u00e1 una \u00fanica sesi\u00f3n sincr\u00f3nica, que tendr\u00e1 lugar un viernes por la tarde (4h), en la semana 25.<br><br><\/p>\n<\/td>\n<\/tr>\n<\/tbody>\n<\/table>\n<p>&nbsp;<\/p>\n<p><br><br><br><br><\/p>\n\n\n\n<p><\/p>\n","protected":false},"excerpt":{"rendered":"<p>Asignatura Enfoques did\u00e1cticos, Aprendizaje Servicio y Emprendimiento Social (DASES)<\/p>\n","protected":false},"author":1,"featured_media":6147,"parent":5628,"menu_order":0,"comment_status":"closed","ping_status":"closed","template":"","meta":{"_uag_custom_page_level_css":""},"folder":[5],"blocksy_meta":{"styles_descriptor":{"styles":{"desktop":"","tablet":"","mobile":""},"google_fonts":[],"version":4}},"uagb_featured_image_src":{"full":["https:\/\/master.us.es\/masteracctic\/wp-content\/uploads\/2021\/06\/SciArt_CCRS_HadaSanchezGonzales.png",1920,1087,false],"thumbnail":["https:\/\/master.us.es\/masteracctic\/wp-content\/uploads\/2021\/06\/SciArt_CCRS_HadaSanchezGonzales-150x150.png",150,150,true],"medium":["https:\/\/master.us.es\/masteracctic\/wp-content\/uploads\/2021\/06\/SciArt_CCRS_HadaSanchezGonzales-300x170.png",300,170,true],"medium_large":["https:\/\/master.us.es\/masteracctic\/wp-content\/uploads\/2021\/06\/SciArt_CCRS_HadaSanchezGonzales-768x435.png",768,435,true],"large":["https:\/\/master.us.es\/masteracctic\/wp-content\/uploads\/2021\/06\/SciArt_CCRS_HadaSanchezGonzales-1024x580.png",1024,580,true],"1536x1536":["https:\/\/master.us.es\/masteracctic\/wp-content\/uploads\/2021\/06\/SciArt_CCRS_HadaSanchezGonzales-1536x870.png",1536,870,true],"2048x2048":["https:\/\/master.us.es\/masteracctic\/wp-content\/uploads\/2021\/06\/SciArt_CCRS_HadaSanchezGonzales.png",1920,1087,false]},"uagb_author_info":{"display_name":"fewibef","author_link":"https:\/\/master.us.es\/masteracctic\/author\/fewibef\/"},"uagb_comment_info":0,"uagb_excerpt":"Asignatura Enfoques did\u00e1cticos, Aprendizaje Servicio y Emprendimiento Social (DASES)","_links":{"self":[{"href":"https:\/\/master.us.es\/masteracctic\/wp-json\/wp\/v2\/pages\/6165"}],"collection":[{"href":"https:\/\/master.us.es\/masteracctic\/wp-json\/wp\/v2\/pages"}],"about":[{"href":"https:\/\/master.us.es\/masteracctic\/wp-json\/wp\/v2\/types\/page"}],"author":[{"embeddable":true,"href":"https:\/\/master.us.es\/masteracctic\/wp-json\/wp\/v2\/users\/1"}],"replies":[{"embeddable":true,"href":"https:\/\/master.us.es\/masteracctic\/wp-json\/wp\/v2\/comments?post=6165"}],"version-history":[{"count":4,"href":"https:\/\/master.us.es\/masteracctic\/wp-json\/wp\/v2\/pages\/6165\/revisions"}],"predecessor-version":[{"id":6582,"href":"https:\/\/master.us.es\/masteracctic\/wp-json\/wp\/v2\/pages\/6165\/revisions\/6582"}],"up":[{"embeddable":true,"href":"https:\/\/master.us.es\/masteracctic\/wp-json\/wp\/v2\/pages\/5628"}],"wp:featuredmedia":[{"embeddable":true,"href":"https:\/\/master.us.es\/masteracctic\/wp-json\/wp\/v2\/media\/6147"}],"wp:attachment":[{"href":"https:\/\/master.us.es\/masteracctic\/wp-json\/wp\/v2\/media?parent=6165"}],"wp:term":[{"taxonomy":"folder","embeddable":true,"href":"https:\/\/master.us.es\/masteracctic\/wp-json\/wp\/v2\/folder?post=6165"}],"curies":[{"name":"wp","href":"https:\/\/api.w.org\/{rel}","templated":true}]}}