{"id":6307,"date":"2021-07-03T16:59:02","date_gmt":"2021-07-03T16:59:02","guid":{"rendered":"http:\/\/master.us.es\/masteracctic\/?page_id=6307"},"modified":"2022-03-29T22:58:01","modified_gmt":"2022-03-29T22:58:01","slug":"home","status":"publish","type":"page","link":"https:\/\/master.us.es\/masteracctic\/","title":{"rendered":"Home"},"content":{"rendered":"\n<h4>M\u00e1ster y t\u00edtulos de especializaci\u00f3n en STEAM+SciArt<\/h4>\n\n\n\n<p><strong>Modalidad 100% a distancia<\/strong> <br><\/p>\n\n\n\n<p><iframe loading=\"lazy\" src=\"https:\/\/cdnapisec.kaltura.com\/p\/2347021\/sp\/234702100\/embedIframeJs\/uiconf_id\/43617741\/partner_id\/2347021?iframeembed=true&amp;playerId=kplayer&amp;entry_id=1_cvue4t2c&amp;flashvars[streamerType]=auto\" width=\"560\" height=\"395\" allowfullscreen=\"\" webkitallowfullscreen=\"\" mozallowfullscreen=\"\" allow=\"autoplay *; fullscreen *; encrypted-media *\" frameborder=\"0\"><\/iframe><\/p>\n\n\n\n<div class=\"is-layout-flex wp-container-4 wp-block-columns\">\n<div class=\"is-layout-flow wp-block-column\">\n<div class=\"wp-block-uagb-info-box uagb-infobox__outer-wrap uagb-block-39151a2d\"><div class=\"uagb-infobox__content-wrap uagb-infobox uagb-infobox-has-image uagb-infobox-icon-below-title uagb-infobox-image-valign-top uagb-infobox-enable-border-radius \"><div class=\"uagb-ifb-left-right-wrap\"><div class=\"uagb-ifb-content\"><div class=\"uagb-ifb-title-wrap\"><span class=\"uagb-ifb-title-prefix\"><strong>M\u00e1ster ACCtic<\/strong> STEAM+SciArt<\/span><div class=\"uagb-ifb-separator-parent\"><div class=\"uagb-ifb-separator\"><\/div><\/div><h5 class=\"uagb-ifb-title\">Aprendizaje, creaci\u00f3n y comunicaci\u00f3n cient\u00edfico-art\u00edstica mediante las TIC.<\/h5><\/div><div class=\"uagb-ifb-image-icon-content uagb-ifb-imgicon-wrap\"><div class=\"uagb-ifb-image\"><div class=\"uagb-ifb-image-content\"><img decoding=\"async\" class=\"uagb-ifb-img-src\" src=\"http:\/\/master.us.es\/masteracctic\/wp-content\/uploads\/2021\/07\/ACCtic_logo-1-300x169.png\" alt=\"\"\/><\/div><\/div><\/div><div class=\"uagb-ifb-text-wrap\"><div class=\"uagb-ifb-cta uagb-infobox-cta-link-style\"><div class=\"uagb-ifb-button-wrapper\"><a href=\".\/acctic\/\" class=\"uagb-infobox-cta-link uagb-ifb-cta-button\" target=\"_self\" rel=\"noopener noreferrer\"><span class=\"uagb-ifb-button-icon uagb-ifb-align-icon-before\"><svg xmlns=\"http:\/\/www.w3.org\/2000\/svg\" viewbox=\"0 0 192 512\"><path d=\"M20 424.229h20V279.771H20c-11.046 0-20-8.954-20-20V212c0-11.046 8.954-20 20-20h112c11.046 0 20 8.954 20 20v212.229h20c11.046 0 20 8.954 20 20V492c0 11.046-8.954 20-20 20H20c-11.046 0-20-8.954-20-20v-47.771c0-11.046 8.954-20 20-20zM96 0C56.235 0 24 32.235 24 72s32.235 72 72 72 72-32.235 72-72S135.764 0 96 0z\"><\/path><\/svg><\/span><span class=\"uagb-ifb-cta-content-wrapper\"><span class=\"uagb-inline-editing \">Saber m\u00e1s<\/span><\/span><\/a><\/div><\/div><\/div><\/div><\/div><\/div><\/div>\n\n\n\n<p><\/p>\n<\/div>\n\n\n\n<div class=\"is-layout-flow wp-block-column\">\n<div class=\"wp-block-uagb-info-box uagb-infobox__outer-wrap uagb-block-53a01bb3\"><div class=\"uagb-infobox__content-wrap uagb-infobox uagb-infobox-has-image uagb-infobox-icon-below-title uagb-infobox-image-valign-top uagb-infobox-enable-border-radius \"><div class=\"uagb-ifb-left-right-wrap\"><div class=\"uagb-ifb-content\"><div class=\"uagb-ifb-title-wrap\"><span class=\"uagb-ifb-title-prefix\">T\u00edtulo <strong>STEAM<\/strong><\/span><div class=\"uagb-ifb-separator-parent\"><div class=\"uagb-ifb-separator\"><\/div><\/div><h5 class=\"uagb-ifb-title\">Aprendizaje STEAM mediante el desarrollo del Pensamiento Computacional.<\/h5><\/div><div class=\"uagb-ifb-image-icon-content uagb-ifb-imgicon-wrap\"><div class=\"uagb-ifb-image\"><div class=\"uagb-ifb-image-content\"><img decoding=\"async\" class=\"uagb-ifb-img-src\" src=\"http:\/\/master.us.es\/masteracctic\/wp-content\/uploads\/2021\/06\/STEAMl_logo.png\" alt=\"\"\/><\/div><\/div><\/div><div class=\"uagb-ifb-text-wrap\"><div class=\"uagb-ifb-cta uagb-infobox-cta-link-style\"><div class=\"uagb-ifb-button-wrapper\"><a href=\"http:\/\/master.us.es\/masteracctic\/titulo-steam\/\" class=\"uagb-infobox-cta-link uagb-ifb-cta-button\" target=\"_self\" rel=\"noopener noreferrer\"><span class=\"uagb-ifb-button-icon uagb-ifb-align-icon-before\"><svg xmlns=\"http:\/\/www.w3.org\/2000\/svg\" viewbox=\"0 0 192 512\"><path d=\"M20 424.229h20V279.771H20c-11.046 0-20-8.954-20-20V212c0-11.046 8.954-20 20-20h112c11.046 0 20 8.954 20 20v212.229h20c11.046 0 20 8.954 20 20V492c0 11.046-8.954 20-20 20H20c-11.046 0-20-8.954-20-20v-47.771c0-11.046 8.954-20 20-20zM96 0C56.235 0 24 32.235 24 72s32.235 72 72 72 72-32.235 72-72S135.764 0 96 0z\"><\/path><\/svg><\/span><span class=\"uagb-ifb-cta-content-wrapper\"><span class=\"uagb-inline-editing \">Saber m\u00e1s<\/span><\/span><\/a><\/div><\/div><\/div><\/div><\/div><\/div><\/div>\n<\/div>\n\n\n\n<div class=\"is-layout-flow wp-block-column\">\n<div class=\"wp-block-uagb-info-box uagb-infobox__outer-wrap uagb-block-85a692c0\"><div class=\"uagb-infobox__content-wrap uagb-infobox uagb-infobox-has-image uagb-infobox-icon-below-title uagb-infobox-image-valign-top uagb-infobox-enable-border-radius \"><div class=\"uagb-ifb-left-right-wrap\"><div class=\"uagb-ifb-content\"><div class=\"uagb-ifb-title-wrap\"><span class=\"uagb-ifb-title-prefix\">T\u00edtulo <strong><strong>SciArt<\/strong><\/strong><\/span><div class=\"uagb-ifb-separator-parent\"><div class=\"uagb-ifb-separator\"><\/div><\/div><h5 class=\"uagb-ifb-title\">Arte para comunicar ciencia.<br>Ciencia para crear arte.<br><br><\/h5><\/div><div class=\"uagb-ifb-image-icon-content uagb-ifb-imgicon-wrap\"><div class=\"uagb-ifb-image\"><div class=\"uagb-ifb-image-content\"><img decoding=\"async\" class=\"uagb-ifb-img-src\" src=\"http:\/\/master.us.es\/masteracctic\/wp-content\/uploads\/2021\/07\/SciArt_logo-300x169.png\" alt=\"\"\/><\/div><\/div><\/div><div class=\"uagb-ifb-text-wrap\"><div class=\"uagb-ifb-cta uagb-infobox-cta-link-style\"><div class=\"uagb-ifb-button-wrapper\"><a href=\"http:\/\/master.us.es\/masteracctic\/titulo-sciart\/\" class=\"uagb-infobox-cta-link uagb-ifb-cta-button\" target=\"_self\" rel=\"noopener noreferrer\"><span class=\"uagb-ifb-button-icon uagb-ifb-align-icon-before\"><svg xmlns=\"http:\/\/www.w3.org\/2000\/svg\" viewbox=\"0 0 192 512\"><path d=\"M20 424.229h20V279.771H20c-11.046 0-20-8.954-20-20V212c0-11.046 8.954-20 20-20h112c11.046 0 20 8.954 20 20v212.229h20c11.046 0 20 8.954 20 20V492c0 11.046-8.954 20-20 20H20c-11.046 0-20-8.954-20-20v-47.771c0-11.046 8.954-20 20-20zM96 0C56.235 0 24 32.235 24 72s32.235 72 72 72 72-32.235 72-72S135.764 0 96 0z\"><\/path><\/svg><\/span><span class=\"uagb-ifb-cta-content-wrapper\"><span class=\"uagb-inline-editing \">Saber m\u00e1s<\/span><\/span><\/a><\/div><\/div><\/div><\/div><\/div><\/div><\/div>\n<\/div>\n<\/div>\n\n\n\n<p>Los dos t\u00edtulos de especializaci\u00f3n que integran este t\u00edtulo de m\u00e1ster son complementarios entre s\u00ed, y pueden ser cursados en paralelo en un \u00fanico curso acad\u00e9mico, o bien ser cursados de forma independiente en distintos cursos acad\u00e9micos. Tambi\u00e9n se puede cursar un \u00fanico t\u00edtulo de especializaci\u00f3n, sin optar al m\u00e1ster.<\/p>\n","protected":false},"excerpt":{"rendered":"<p>Los dos t\u00edtulos de especializaci\u00f3n que integran este t\u00edtulo de m\u00e1ster son complementarios entre s\u00ed, y pueden ser cursados en paralelo en un \u00fanico curso acad\u00e9mico, o bien ser cursados de forma independiente en distintos cursos acad\u00e9micos. Tambi\u00e9n se puede cursar un \u00fanico t\u00edtulo de especializaci\u00f3n, sin optar al m\u00e1ster.<\/p>\n","protected":false},"author":1,"featured_media":0,"parent":0,"menu_order":0,"comment_status":"closed","ping_status":"closed","template":"","meta":{"_uag_custom_page_level_css":""},"folder":[6],"blocksy_meta":{"styles_descriptor":{"styles":{"desktop":"[data-prefix=\"single_page\"] .entry-header .page-title {--fontSize:32px;} [data-prefix=\"single_page\"] .entry-header .entry-meta {--fontWeight:600;--textTransform:uppercase;--fontSize:12px;--lineHeight:1.3;}","tablet":"[data-prefix=\"single_page\"] .entry-header .page-title {--fontSize:30px;}","mobile":"[data-prefix=\"single_page\"] .entry-header .page-title {--fontSize:25px;}"},"google_fonts":{"Open Sans":["n4","n6"]},"version":5},"page_title_panel":"","has_hero_section":"enabled","84e8d45a517d128dabce3ae6a81cf8f5":"","hero_section":"type-1","hero_elements":[{"id":"custom_title","enabled":false,"heading_tag":"h1","title":"Inicio","__id":"YizczD14LLzhFM7s7HiKQ"},{"id":"custom_description","enabled":true,"description_visibility":{"desktop":true,"tablet":true,"mobile":false},"__id":"UYHDJJs7oMxoZvEmIS-OI"},{"id":"custom_meta","enabled":false,"meta_elements":[{"id":"author","enabled":true,"label":"Por","has_author_avatar":"yes","avatar_size":25},{"id":"post_date","enabled":true,"label":"El","date_format_source":"default","date_format":"M j, Y"},{"id":"comments","enabled":true}],"page_meta_elements":{"joined":true,"articles_count":true,"comments":true},"__id":"4J0dEd1bSgkfHSa7ldU4Z"},{"id":"breadcrumbs","enabled":false,"__id":"6W5KTfJJ991u7fMiCnovD"}],"8afe15930ce03d3996ab59c3167fab18":"","hero_alignment1":"CT_CSS_SKIP_RULE","hero_margin":40,"hero_alignment2":"center","hero_vertical_alignment":"center","352b3a4f91bf50e711cb2f7e418615f2":"","hero_structure":"narrow","ddc1101c89e4ac924666019ec8a0b73c":"","page_title_bg_type":"featured_image","custom_hero_background":{"attachment_id":null},"parallax":{"desktop":false,"tablet":false,"mobile":false},"dfffcb50c2a0806ff624060cf3176a09":"","hero_height":"250px","pageTitleFont":{"family":"Default","variation":"Default","size":{"desktop":"32px","tablet":"30px","mobile":"25px"},"line-height":"CT_CSS_SKIP_RULE","letter-spacing":"CT_CSS_SKIP_RULE","text-transform":"CT_CSS_SKIP_RULE","text-decoration":"CT_CSS_SKIP_RULE"},"pageTitleFontColor":{"default":{"color":"CT_CSS_SKIP_RULEDEFAULT"}},"ed5318257066ef079ae4cc8f0639e54c":"","pageMetaFont":{"family":"Default","variation":"n6","size":"12px","line-height":"1.3","letter-spacing":"CT_CSS_SKIP_RULE","text-transform":"uppercase","text-decoration":"CT_CSS_SKIP_RULE"},"pageMetaFontColor":{"default":{"color":"CT_CSS_SKIP_RULEDEFAULT"},"hover":{"color":"CT_CSS_SKIP_RULEDEFAULT"}},"page_meta_button_type_font_colors":{"default":{"color":"CT_CSS_SKIP_RULEDEFAULT"},"hover":{"color":"CT_CSS_SKIP_RULEDEFAULT"}},"page_meta_button_type_background_colors":{"default":{"color":"CT_CSS_SKIP_RULEDEFAULT"},"hover":{"color":"CT_CSS_SKIP_RULEDEFAULT"}},"19e1a49e2773869be128671b3b40b36a":"","pageExcerptFont":{"family":"Default","variation":"Default","size":"CT_CSS_SKIP_RULE","line-height":"CT_CSS_SKIP_RULE","letter-spacing":"CT_CSS_SKIP_RULE","text-transform":"CT_CSS_SKIP_RULE","text-decoration":"CT_CSS_SKIP_RULE"},"pageExcerptColor":{"default":{"color":"CT_CSS_SKIP_RULEDEFAULT"}},"cdf930b0294810975b5155e7ad05eafb":"","breadcrumbsFont":{"family":"Default","variation":"n6","size":"12px","line-height":"CT_CSS_SKIP_RULE","letter-spacing":"CT_CSS_SKIP_RULE","text-transform":"uppercase","text-decoration":"CT_CSS_SKIP_RULE"},"breadcrumbsFontColor":{"default":{"color":"CT_CSS_SKIP_RULEDEFAULT"},"initial":{"color":"CT_CSS_SKIP_RULEDEFAULT"},"hover":{"color":"CT_CSS_SKIP_RULEDEFAULT"}},"1a7d07c97c50ea1861db4aa026db0867":"","pageTitleOverlay":{"default":{"color":"CT_CSS_SKIP_RULE"}},"8eba7be2115e933845c6ee37551f3d76":"","pageTitleBackground":{"background_type":"color","background_pattern":"type-1","background_image":{"attachment_id":null,"x":0,"y":0},"gradient":"linear-gradient(135deg,rgba(6,147,227,1) 0%,rgb(155,81,224) 100%)","background_repeat":"no-repeat","background_size":"auto","background_attachment":"scroll","patternColor":{"default":{"color":"#e5e7ea"}},"overlayColor":{"default":{"color":"CT_CSS_SKIP_RULE"}},"backgroundColor":{"default":{"color":"var(--paletteColor6)"}}},"b8a04bc2afe0a6126b2d1b27ece1a71a":"","pageTitlePadding":{"top":"50px","bottom":"50px","left":"auto","right":"auto","linked":true},"9ea3caf93238f28a5886162241bbed85":"","page_structure_type":"default","f2846537f528e2a3961e4c01edfa5052":"","content_style_source":"inherit","content_style":"wide","vertical_spacing_source":"inherit","content_area_spacing":"both","background":{"background_type":"color","background_pattern":"type-1","background_image":{"attachment_id":null,"x":0,"y":0},"gradient":"linear-gradient(135deg,rgba(6,147,227,1) 0%,rgb(155,81,224) 100%)","background_repeat":"no-repeat","background_size":"auto","background_attachment":"scroll","patternColor":{"default":{"color":"#e5e7ea"}},"overlayColor":{"default":{"color":"CT_CSS_SKIP_RULE"}},"backgroundColor":{"default":{"color":"CT_CSS_SKIP_RULE"}}},"content_background":{"background_type":"color","background_pattern":"type-1","background_image":{"attachment_id":null,"x":0,"y":0},"gradient":"linear-gradient(135deg,rgba(6,147,227,1) 0%,rgb(155,81,224) 100%)","background_repeat":"no-repeat","background_size":"auto","background_attachment":"scroll","patternColor":{"default":{"color":"#e5e7ea"}},"overlayColor":{"default":{"color":"CT_CSS_SKIP_RULE"}},"backgroundColor":{"default":{"color":"var(--paletteColor8)"}}},"content_boxed_shadow":{"inherit":false,"blur":18,"spread":-6,"v_offset":12,"h_offset":0,"inset":false,"enable":true,"color":{"color":"rgba(34, 56, 101, 0.04)"}},"boxed_content_spacing":{"desktop":{"top":"40px","bottom":"40px","left":"40px","right":"40px","linked":true},"tablet":{"top":"35px","bottom":"35px","left":"35px","right":"35px","linked":true},"mobile":{"top":"20px","bottom":"20px","left":"20px","right":"20px","linked":true}},"content_boxed_radius":{"top":"3px","bottom":"3px","left":"3px","right":"3px","linked":true},"67a27d9e4cb7e02509ef9aa32ec47aee":"","disable_featured_image":"no","disable_header":"no","disable_footer":"no","a2e62c549be0b67e29652729da0d96ae":"","e5d95a7bdca4a5f1e900d40d83b348bb":"","638fe574c69c8168290c46d560081a81":"","d914ccf6bab0a6d9e2942db1c874c10b":"","7b975235cb957d6cb41298bb60a19d2f":"","9e44722a36df2d35973a7a260c0fc99c":"","063125d5b189bae05ccb887a96096a09":"","f7ca6c547ddadf8cd1fc5ed79f9006c8":"","7a20cf63a930b1fbc144cc464e457dd3":"","4db9eba51ccaf2855fea2b8d1249e457":"","c25f428fd157487d088e4b1285e9ee60":"","d23108a436c9625a181baf357aa2a631":"","814d20bedb02b024722b7c34927f892d":"","4c1424d2efde29abe0d430144d5a1578":"","73ad8c9ccb0c53c19ad1f78ccd0768ee":"","07e7f1170e016629aa68b431caaa9a7c":"","bf559fee470500206b8985cfe44dc11d":"","3ae1563a01ae378a1a2c2e4f91fa0629":"","2067a843f54b874b47b4a8f1c4026eaf":"","9c0ea1d21afa4001944387c60ad0089f":"","866719c40bfac5e6f009c2e13af20e39":"","65f3745de6eb9f57951d24c789865d35":"","edca1047c375f714bf8ccf77968c6ed1":"","75c7238e8b526c61513bdcf13bb1b441":"","3195cf9dd4b2fdfb2356bde997b3ae12":"","c2bbd697ea084c0af0024f7717d50920":"","ed2346de56f60337f113d0689205aa14":"","29c13b93b561e37c96c3b54e9103d106":""},"uagb_featured_image_src":{"full":false,"thumbnail":false,"medium":false,"medium_large":false,"large":false,"1536x1536":false,"2048x2048":false},"uagb_author_info":{"display_name":"fewibef","author_link":"https:\/\/master.us.es\/masteracctic\/author\/fewibef\/"},"uagb_comment_info":0,"uagb_excerpt":"Los dos t\u00edtulos de especializaci\u00f3n que integran este t\u00edtulo de m\u00e1ster son complementarios entre s\u00ed, y pueden ser cursados en paralelo en un \u00fanico curso acad\u00e9mico, o bien ser cursados de forma independiente en distintos cursos acad\u00e9micos. Tambi\u00e9n se puede cursar un \u00fanico t\u00edtulo de especializaci\u00f3n, sin optar al m\u00e1ster.","_links":{"self":[{"href":"https:\/\/master.us.es\/masteracctic\/wp-json\/wp\/v2\/pages\/6307"}],"collection":[{"href":"https:\/\/master.us.es\/masteracctic\/wp-json\/wp\/v2\/pages"}],"about":[{"href":"https:\/\/master.us.es\/masteracctic\/wp-json\/wp\/v2\/types\/page"}],"author":[{"embeddable":true,"href":"https:\/\/master.us.es\/masteracctic\/wp-json\/wp\/v2\/users\/1"}],"replies":[{"embeddable":true,"href":"https:\/\/master.us.es\/masteracctic\/wp-json\/wp\/v2\/comments?post=6307"}],"version-history":[{"count":38,"href":"https:\/\/master.us.es\/masteracctic\/wp-json\/wp\/v2\/pages\/6307\/revisions"}],"predecessor-version":[{"id":6580,"href":"https:\/\/master.us.es\/masteracctic\/wp-json\/wp\/v2\/pages\/6307\/revisions\/6580"}],"wp:attachment":[{"href":"https:\/\/master.us.es\/masteracctic\/wp-json\/wp\/v2\/media?parent=6307"}],"wp:term":[{"taxonomy":"folder","embeddable":true,"href":"https:\/\/master.us.es\/masteracctic\/wp-json\/wp\/v2\/folder?post=6307"}],"curies":[{"name":"wp","href":"https:\/\/api.w.org\/{rel}","templated":true}]}}