{"id":1805,"date":"2022-05-29T16:51:10","date_gmt":"2022-05-29T16:51:10","guid":{"rendered":"https:\/\/master.us.es\/mimf\/?page_id=1805"},"modified":"2024-07-17T22:51:16","modified_gmt":"2024-07-17T22:51:16","slug":"acceso-preinscripcion-y-matricula","status":"publish","type":"page","link":"https:\/\/master.us.es\/mimf\/acceso-preinscripcion-y-matricula\/","title":{"rendered":"Acceso, prescripci\u00f3n y matr\u00edcula"},"content":{"rendered":"\t\t<div data-elementor-type=\"wp-page\" data-elementor-id=\"1805\" class=\"elementor elementor-1805\" data-elementor-post-type=\"page\">\n\t\t\t\t\t\t<section class=\"elementor-section elementor-top-section elementor-element elementor-element-51b26c89 elementor-section-boxed elementor-section-height-default elementor-section-height-default\" data-id=\"51b26c89\" data-element_type=\"section\">\n\t\t\t\t\t\t<div class=\"elementor-container elementor-column-gap-default\">\n\t\t\t\t\t<div class=\"elementor-column elementor-col-100 elementor-top-column elementor-element elementor-element-71cfbcb5\" data-id=\"71cfbcb5\" data-element_type=\"column\">\n\t\t\t<div class=\"elementor-widget-wrap elementor-element-populated\">\n\t\t\t\t\t\t<div class=\"elementor-element elementor-element-49e74572 elementor-widget elementor-widget-text-editor\" data-id=\"49e74572\" data-element_type=\"widget\" data-widget_type=\"text-editor.default\">\n\t\t\t\t<div class=\"elementor-widget-container\">\n\t\t\t\t\t\t\t\t\t<p class=\"art-postheader\"><strong style=\"font-size: 16px;\">ACCESO:<\/strong><span style=\"font-size: 16px;\">\u00a0<\/span><span style=\"font-size: 16px; color: var( --e-global-color-text );\">Las titulaciones que permiten el acceso al M\u00e1ster en Intervenci\u00f3n y Medici\u00f3n Familiar son Psicolog\u00eda, Trabajo Social y Educaci\u00f3n Social.<\/span><\/p>\t\t\t\t\t\t\t\t<\/div>\n\t\t\t\t<\/div>\n\t\t\t\t<div class=\"elementor-element elementor-element-78f597e elementor-widget elementor-widget-text-editor\" data-id=\"78f597e\" data-element_type=\"widget\" data-widget_type=\"text-editor.default\">\n\t\t\t\t<div class=\"elementor-widget-container\">\n\t\t\t\t\t\t\t\t\t<p class=\"art-postheader\"><strong style=\"font-size: 16px; color: var( --e-global-color-text );\">PERIODO DE PREINSCRIPCI\u00d3N:<\/strong><span style=\"font-size: 16px; color: var( --e-global-color-text );\">\u00a0<\/span><span style=\"font-size: 16px; color: var( --e-global-color-text );\">La preinscripci\u00f3n de realiza a trav\u00e9s de la\u00a0<\/span><a style=\"font-size: 16px;\" href=\"https:\/\/www.juntadeandalucia.es\/economiaconocimientoempresasyuniversidad\/sguit\/?q=masteres\">Plataforma digital del Distrito \u00danico Andaluz<\/a><span style=\"font-size: 16px; color: var( --e-global-color-text );\">\u00a0habilitada al efecto.\u00a0A partir de las solicitudes recibidas, se seleccionar\u00e1 al alumnado en funci\u00f3n de los m\u00e9ritos aportados en su CV y debidamente documentados (expediente acad\u00e9mico, experiencias investigadora y experiencia profesional).<\/span><\/p>\t\t\t\t\t\t\t\t<\/div>\n\t\t\t\t<\/div>\n\t\t\t\t<div class=\"elementor-element elementor-element-381b98a elementor-widget__width-initial elementor-widget elementor-widget-text-editor\" data-id=\"381b98a\" data-element_type=\"widget\" data-widget_type=\"text-editor.default\">\n\t\t\t\t<div class=\"elementor-widget-container\">\n\t\t\t\t\t\t\t\t\t<p><strong style=\"font-size: 16px; color: var( --e-global-color-text );\">MATR\u00cdCULA:<\/strong><span style=\"font-size: 16px; color: var( --e-global-color-text );\">&nbsp;<\/span><span style=\"font-family: 'Open Sans', sans-serif; font-size: 16px; font-style: normal; font-variant-ligatures: normal; font-variant-caps: normal; font-weight: 400; color: var( --e-global-color-text );\">Toda la informaci\u00f3n sobre la preinscripci\u00f3n y matr\u00edcula se encuentra actualizada en la&nbsp;<\/span><a style=\"font-family: 'Open Sans', sans-serif; font-size: 16px; font-style: normal; font-variant-ligatures: normal; font-variant-caps: normal; font-weight: 400;\" href=\"http:\/\/cat.us.es\/seccion\/antes-de-iniciar-los-estudios\/admision-preinscripcion\/en-master\">P\u00e1gina de Acceso de la Universidad de Sevilla<\/a><span style=\"font-family: 'Open Sans', sans-serif; font-size: 16px; font-style: normal; font-variant-ligatures: normal; font-variant-caps: normal; font-weight: 400; color: var( --e-global-color-text );\">.<\/span><\/p>\n<p><span style=\"font-size: 16px; color: var( --e-global-color-text );\">Las personas seleccionadas deber\u00e1n proceder a formalizar la matr\u00edcula conforme a la normativa vigente. Consulta la&nbsp;<\/span><a href=\"https:\/\/master.us.es\/mimf\/wp-content\/uploads\/2022\/11\/HIMat_M189.pdf\">hoja informativa de matr\u00edcula<\/a><span style=\"font-size: 16px; color: var( --e-global-color-text );\"> y revisa con detalle las siguientes instrucciones:&nbsp;<\/span><\/p>\n<p><b>El n\u00famero de cr\u00e9ditos de los que hay que matricularse son<\/b>&nbsp;<b><span style=\"background: yellow; mso-highlight: yellow;\">60 cr\u00e9ditos (o ECTS).<\/span><\/b><\/p>\n<p><b style=\"font-family: inherit; font-style: inherit; font-variant-ligatures: inherit; font-variant-caps: inherit; color: var( --e-global-color-text );\">Asignaturas obligatorias<\/b><span style=\"font-size: 16px; color: var( --e-global-color-text );\"> (24 ECTS):<\/span><\/p>\n<p>&nbsp; \u2022 Aspectos jur\u00eddico-sociales de la intervenci\u00f3n y la mediaci\u00f3n familiar (8 ECTS)<\/p>\n<p>&nbsp; \u2022 Dimensiones para el an\u00e1lisis de la calidad del contexto familiar (5 ECTS)<\/p>\n<p>&nbsp; \u2022 Mediaci\u00f3n familiar: concepto, evoluci\u00f3n, modelos (5 ECTS)<\/p>\n<p>&nbsp; \u2022 Trabajo Fin de M\u00e1ster (6 ECTS)<\/p>\n<p><b>&nbsp;<\/b><b style=\"font-family: inherit; font-style: inherit; font-variant-ligatures: inherit; font-variant-caps: inherit; color: var( --e-global-color-text );\">Asignaturas obligatorias <\/b><span style=\"font-size: 16px; color: var( --e-global-color-text );\">para el Itinerario Profesional (11 ECTS):<\/span><\/p>\n<p>&nbsp; \u2022 Instrumentos y t\u00e9cnicas de trabajo en IMF (5 ECTS)<\/p>\n<p style=\"margin-left: 18.0pt; mso-add-space: auto; text-indent: -18.0pt; mso-list: l0 level1 lfo1;\"><font face=\"Symbol\">&nbsp;&nbsp;<\/font><span style=\"font-family: &quot;Open Sans&quot;, sans-serif; font-size: 16px; font-style: normal; font-variant-ligatures: normal; font-variant-caps: normal; font-weight: 400; color: var( --e-global-color-text );\">\u2022&nbsp;<\/span><span style=\"font-size: 16px; text-indent: -18pt; color: var( --e-global-color-text );\">Pr\u00e1cticas externas supervisadas (6 ECTS)<\/span><\/p>\n<p><b>Elegir solo 5<\/b> de las siguientes <b>asignaturas optativas<\/b> (5 ECTS cada una, 25 ECTS en total):<\/p>\n<p>&nbsp; \u2022 Adopci\u00f3n y acogimiento familiar: investigaci\u00f3n e intervenci\u00f3n<\/p>\n<p>&nbsp; \u2022 Adversidad y maltrato infantil en la familia<\/p>\n<p>&nbsp; \u2022 Aspectos jur\u00eddicos y econ\u00f3micos de los conflictos familiares<\/p>\n<p>&nbsp; \u2022 Conflictos familiares: mediaci\u00f3n y terapia<\/p>\n<p>&nbsp; \u2022 Familia y adolescencia<\/p>\n<p>&nbsp; \u2022 Familia y violencia contra la mujer<\/p>\n<p>&nbsp; \u2022 Familias no convencionales como contexto de intervenci\u00f3n<\/p>\n<p>&nbsp; \u2022 La pr\u00e1ctica de la mediaci\u00f3n familiar: m\u00e9todos, etapas, estrategias<\/p>\n<p>&nbsp; \u2022 Programas de formaci\u00f3n y apoyo para madres y padres<\/p>\n<p>&nbsp; \u2022 Programas de prevenci\u00f3n y preservaci\u00f3n familiar<\/p>\n<p><b>Asignaturas optativas necesarias<\/b> para la habilitaci\u00f3n para la <b>mediaci\u00f3n intrajudicial<\/b>:<\/p>\n<p>&nbsp; \u2022 La pr\u00e1ctica de la mediaci\u00f3n familiar: m\u00e9todos, etapas, estrategias<\/p>\n<p>&nbsp; \u2022 Conflictos familiares: mediaci\u00f3n y terapia<\/p>\n<p><span style=\"font-family: &quot;Open Sans&quot;, sans-serif; font-size: 16px; font-style: normal; font-variant-ligatures: normal; font-variant-caps: normal; font-weight: 400; color: var( --e-global-color-text );\">&nbsp; \u2022<\/span><span style=\"font-size: 16px; text-indent: -18pt; color: var( --e-global-color-text );\">&nbsp;Aspectos jur\u00eddico-econ\u00f3micos de los conflictos familiares<\/span><\/p>\n<p>Para m\u00e1s informaci\u00f3n, <b>CONSULTA AT\u00c9NTAMENTE EL SIGUIENTE&nbsp;V\u00cdDEO EXPLICATIVO<\/b>. Es MUY IMPORTANTE ver el v\u00eddeo antes de realizar la matr\u00edcula.&nbsp;<b>&nbsp;<\/b><span style=\"color: var( --e-global-color-text ); font-size: 16px;\">&nbsp;<\/span><\/p>\t\t\t\t\t\t\t\t<\/div>\n\t\t\t\t<\/div>\n\t\t\t\t\t<\/div>\n\t\t<\/div>\n\t\t\t\t\t<\/div>\n\t\t<\/section>\n\t\t\t\t<section class=\"elementor-section elementor-top-section elementor-element elementor-element-bae4552 elementor-section-boxed elementor-section-height-default elementor-section-height-default\" data-id=\"bae4552\" data-element_type=\"section\">\n\t\t\t\t\t\t<div class=\"elementor-container elementor-column-gap-default\">\n\t\t\t\t\t<div class=\"elementor-column elementor-col-100 elementor-top-column elementor-element elementor-element-4b5fd19\" data-id=\"4b5fd19\" data-element_type=\"column\">\n\t\t\t<div class=\"elementor-widget-wrap elementor-element-populated\">\n\t\t\t\t\t\t<div class=\"elementor-element elementor-element-b958dcb elementor-widget elementor-widget-video\" data-id=\"b958dcb\" data-element_type=\"widget\" data-settings=\"{&quot;youtube_url&quot;:&quot;https:\\\/\\\/youtu.be\\\/ICJeeoYUgI4&quot;,&quot;video_type&quot;:&quot;youtube&quot;,&quot;controls&quot;:&quot;yes&quot;}\" data-widget_type=\"video.default\">\n\t\t\t\t<div class=\"elementor-widget-container\">\n\t\t\t\t\t\t\t<div class=\"elementor-wrapper elementor-open-inline\">\n\t\t\t<div class=\"elementor-video\"><\/div>\t\t<\/div>\n\t\t\t\t\t\t<\/div>\n\t\t\t\t<\/div>\n\t\t\t\t\t<\/div>\n\t\t<\/div>\n\t\t\t\t\t<\/div>\n\t\t<\/section>\n\t\t\t\t<\/div>\n\t\t","protected":false},"excerpt":{"rendered":"<p>ACCESO:\u00a0Las titulaciones que permiten el acceso al M\u00e1ster en Intervenci\u00f3n y Medici\u00f3n Familiar son Psicolog\u00eda, Trabajo Social y Educaci\u00f3n Social.<\/p>\n","protected":false},"author":3,"featured_media":0,"parent":0,"menu_order":0,"comment_status":"closed","ping_status":"closed","template":"","meta":{"colormag_page_layout":"default_layout","footnotes":""},"class_list":["post-1805","page","type-page","status-publish","hentry"],"_links":{"self":[{"href":"https:\/\/master.us.es\/mimf\/wp-json\/wp\/v2\/pages\/1805","targetHints":{"allow":["GET"]}}],"collection":[{"href":"https:\/\/master.us.es\/mimf\/wp-json\/wp\/v2\/pages"}],"about":[{"href":"https:\/\/master.us.es\/mimf\/wp-json\/wp\/v2\/types\/page"}],"author":[{"embeddable":true,"href":"https:\/\/master.us.es\/mimf\/wp-json\/wp\/v2\/users\/3"}],"replies":[{"embeddable":true,"href":"https:\/\/master.us.es\/mimf\/wp-json\/wp\/v2\/comments?post=1805"}],"version-history":[{"count":0,"href":"https:\/\/master.us.es\/mimf\/wp-json\/wp\/v2\/pages\/1805\/revisions"}],"wp:attachment":[{"href":"https:\/\/master.us.es\/mimf\/wp-json\/wp\/v2\/media?parent=1805"}],"curies":[{"name":"wp","href":"https:\/\/api.w.org\/{rel}","templated":true}]}}