{"id":1807,"date":"2022-05-29T16:51:10","date_gmt":"2022-05-29T16:51:10","guid":{"rendered":"https:\/\/master.us.es\/mimf\/?page_id=1807"},"modified":"2022-10-04T07:34:20","modified_gmt":"2022-10-04T07:34:20","slug":"plan-de-estudios","status":"publish","type":"page","link":"https:\/\/master.us.es\/mimf\/plan-de-estudios\/","title":{"rendered":"Plan de Estudios"},"content":{"rendered":"<h2>Estructura del Plan de Estudios: asignaturas y programas<\/h2>\n<p>El M\u00e1ster en Intervenci\u00f3n y Mediaci\u00f3n Familiar se estructura en torno a dos trayectorias curriculares: la profesional y la investigadora. Adem\u00e1s de las cuatro asignaturas obligatorias para todo el alumnado del M\u00e1ster, cada trayectoria tiene sus propias asignaturas obligatorias: dos en el caso de la profesional y dos en la investigadora. El alumnado deber\u00e1 tambi\u00e9n elegir 25 cr\u00e9ditos optativos. Consulta la\u00a0<a style=\"font-size: 16px;\" href=\"https:\/\/master.us.es\/mimf\/wp-content\/uploads\/2022\/05\/M189_M_Interv_Med_Fam_20_21.pdf\"><strong>hoja informativa\u00a0de matr\u00edcula<\/strong><\/a>\u00a0cuando vayas a realizar la matriculaci\u00f3n.<\/p>\n<p><iframe title=\"Matriculacion MIMF US\" width=\"800\" height=\"450\" src=\"https:\/\/www.youtube.com\/embed\/ICJeeoYUgI4?feature=oembed\" frameborder=\"0\" allow=\"accelerometer; autoplay; clipboard-write; encrypted-media; gyroscope; picture-in-picture\" allowfullscreen><\/iframe><\/p>\n<p>Tanto en las asignaturas obligatorias como en las optativas est\u00e1n representados los contenidos centrales del M\u00e1ster: conceptos y m\u00e9todos en investigaci\u00f3n en el contexto familiar, diversidad familiar, protecci\u00f3n a la infancia y la familia, intervenci\u00f3n en el contexto familiar y mediaci\u00f3n familiar. Todos los alumnos y alumnas deber\u00e1n realizar como \u00faltima asignatura en su formaci\u00f3n el Trabajo Fin de M\u00e1ster que representar\u00e1 6 cr\u00e9ditos en ambas especialidades.<\/p>\n<p><a href=\"https:\/\/master.us.es\/mimf\/wp-content\/uploads\/2022\/05\/Folleto_Familia_Facultad_2019.pdf\">Read the information about this Master in English<\/a><\/p>\n<h2><strong style=\"color: #333333; font-family: 'Open Sans', sans-serif; font-size: 24px;\">ASIGNATURAS Y CR\u00c9DITOS ECTS<\/strong><\/h2>\n<p>Pinchando en cada asignatura se puede consultar su programa y gu\u00eda docente &#8211; Pinchando en el icono\u00a0<img decoding=\"async\" src=\"http:\/\/master.us.es\/mimf\/images\/video.png\" alt=\"video\" width=\"28\" height=\"28\" \/>\u00a0se puede consultar un v\u00eddeo explicativo<\/p>\n<table border=\"1\">\n<tbody>\n<tr>\n<td><strong>M\u00f3dulo obligatorio: Bases de la intervenci\u00f3n y mediaci\u00f3n familiar<\/strong><\/p>\n<ul>\n<li><a href=\"https:\/\/www.us.es\/estudiar\/que-estudiar\/oferta-de-masteres\/master-universitario-en-intervencion-y-mediacion-familiar\/51890007\" target=\"_blank\" rel=\"noopener\">Dimensiones para el an\u00e1lisis de la calidad del contexto familiar<\/a>\u00a0(5 ECTS)\u00a0<a href=\"https:\/\/www.youtube.com\/watch?v=dZ-gk6EiFDI\"><img decoding=\"async\" src=\"http:\/\/master.us.es\/mimf\/images\/video.png\" alt=\"video\" width=\"18\" height=\"18\" \/><\/a><\/li>\n<li><a href=\"https:\/\/www.us.es\/estudiar\/que-estudiar\/oferta-de-masteres\/master-universitario-en-intervencion-y-mediacion-familiar\/51890004\" target=\"_blank\" rel=\"noopener\">Aspectos jur\u00eddico-sociales de la intervenci\u00f3n y la mediaci\u00f3n familiar<\/a>\u00a0(8 ECTS)<\/li>\n<li><a href=\"https:\/\/www.us.es\/estudiar\/que-estudiar\/oferta-de-masteres\/master-universitario-en-intervencion-y-mediacion-familiar\/51890014\" target=\"_blank\" rel=\"noopener\">Mediaci\u00f3n familiar: concepto, evoluci\u00f3n, modelos<\/a>\u00a0(5 ECTS)\u00a0<a href=\"https:\/\/youtu.be\/P8h8F0_6Rtc\"><img decoding=\"async\" src=\"http:\/\/master.us.es\/mimf\/images\/video.png\" alt=\"video\" width=\"18\" height=\"18\" \/><\/a><\/li>\n<\/ul>\n<\/td>\n<td>Obligatorias para todo el alumnado (18 cr\u00e9ditos obligatorios)<\/td>\n<\/tr>\n<tr>\n<td><strong>Herramientas b\u00e1sicas para la investigaci\u00f3n y la intervenci\u00f3n (todas 5 ECTS)<br \/>\n<\/strong><\/p>\n<ul>\n<li><a href=\"https:\/\/www.us.es\/estudiar\/que-estudiar\/oferta-de-masteres\/master-universitario-en-intervencion-y-mediacion-familiar\/51890003\" target=\"_blank\" rel=\"noopener\">An\u00e1lisis de datos de investigaci\u00f3n en contextos familiares<\/a>\u00a0(Itinerario investigador)\u00a0<a href=\"https:\/\/youtu.be\/IiWybVTuAdE\"><img decoding=\"async\" src=\"http:\/\/master.us.es\/mimf\/images\/video.png\" alt=\"video\" width=\"18\" height=\"18\" \/><\/a><\/li>\n<li><a href=\"https:\/\/www.us.es\/estudiar\/que-estudiar\/oferta-de-masteres\/master-universitario-en-intervencion-y-mediacion-familiar\/51890012\" target=\"_blank\" rel=\"noopener\">Instrumentos y t\u00e9cnicas de trabajo en IMF<\/a>\u00a0(Itinerario profesional)<\/li>\n<\/ul>\n<\/td>\n<td>Obligatorias seg\u00fan itinerario (5 cr\u00e9ditos obligatorios)<\/td>\n<\/tr>\n<tr>\n<td><strong>Diversidad familiar\u00a0(todas 5 ECTS)<\/strong><\/p>\n<ul>\n<li><a href=\"https:\/\/www.us.es\/estudiar\/que-estudiar\/oferta-de-masteres\/master-universitario-en-intervencion-y-mediacion-familiar\/51890011\" target=\"_blank\" rel=\"noopener\">Familias no convencionales como contexto de intervenci\u00f3n<\/a><\/li>\n<li>Familia y discapacidad<\/li>\n<li><a href=\"https:\/\/www.us.es\/estudiar\/que-estudiar\/oferta-de-masteres\/master-universitario-en-intervencion-y-mediacion-familiar\/51890008\" target=\"_blank\" rel=\"noopener\">Familia y adolescencia<\/a>\u00a0<a href=\"https:\/\/youtu.be\/qptQ3X5YxWw\"><img decoding=\"async\" src=\"http:\/\/master.us.es\/mimf\/images\/video.png\" alt=\"video\" width=\"18\" height=\"18\" \/><\/a><\/li>\n<\/ul>\n<\/td>\n<td>Optativas<\/td>\n<\/tr>\n<tr>\n<td><strong>Protecci\u00f3n de la infancia y la familia\u00a0(todas 5 ECTS)<\/strong><\/p>\n<ul>\n<li><a href=\"https:\/\/www.us.es\/estudiar\/que-estudiar\/oferta-de-masteres\/master-universitario-en-intervencion-y-mediacion-familiar\/51890002\" target=\"_blank\" rel=\"noopener\">Adversidad y maltrato infantil en la familia\u00a0<\/a><a href=\"https:\/\/youtu.be\/zNjzWNSNnl0\"><img decoding=\"async\" src=\"http:\/\/master.us.es\/mimf\/images\/video.png\" alt=\"video\" width=\"18\" height=\"18\" \/><\/a><\/li>\n<li><a href=\"https:\/\/www.us.es\/estudiar\/que-estudiar\/oferta-de-masteres\/master-universitario-en-intervencion-y-mediacion-familiar\/51890018\" target=\"_blank\" rel=\"noopener\">Programas de prevenci\u00f3n y preservaci\u00f3n familiar\u00a0<\/a><a href=\"https:\/\/youtu.be\/Uyr_-9PkC7A\"><img decoding=\"async\" src=\"http:\/\/master.us.es\/mimf\/images\/video.png\" alt=\"video\" width=\"18\" height=\"18\" \/><\/a><\/li>\n<li><a href=\"https:\/\/www.us.es\/estudiar\/que-estudiar\/oferta-de-masteres\/master-universitario-en-intervencion-y-mediacion-familiar\/51890001\" target=\"_blank\" rel=\"noopener\">Adopci\u00f3n y acogimiento familiar: investigaci\u00f3n e intervenci\u00f3n<\/a>\u00a0<a href=\"https:\/\/youtu.be\/IQf82fYpEF4\"><img decoding=\"async\" src=\"http:\/\/master.us.es\/mimf\/images\/video.png\" alt=\"video\" width=\"18\" height=\"18\" \/><\/a><\/li>\n<\/ul>\n<\/td>\n<td>Optativas<\/td>\n<\/tr>\n<tr>\n<td><strong>Intervenci\u00f3n en el contexto familiar\u00a0(todas 5 ECTS)<\/strong><\/p>\n<ul>\n<li><a href=\"https:\/\/www.us.es\/estudiar\/que-estudiar\/oferta-de-masteres\/master-universitario-en-intervencion-y-mediacion-familiar\/51890017\" target=\"_blank\" rel=\"noopener\">Programas de formaci\u00f3n y apoyo para padres y madres<\/a>\u00a0<a href=\"https:\/\/youtu.be\/YOzDYRcrV8o\"><img decoding=\"async\" src=\"http:\/\/master.us.es\/mimf\/images\/video.png\" alt=\"video\" width=\"18\" height=\"18\" \/><\/a><\/li>\n<li><a href=\"https:\/\/www.us.es\/estudiar\/que-estudiar\/oferta-de-masteres\/master-universitario-en-intervencion-y-mediacion-familiar\/51890010\" target=\"_blank\" rel=\"noopener\">Familia y violencia contra la mujer<\/a>\u00a0<a href=\"https:\/\/youtu.be\/pOcgvAbAmFg\"><img decoding=\"async\" src=\"http:\/\/master.us.es\/mimf\/images\/video.png\" alt=\"video\" width=\"18\" height=\"18\" \/><\/a><\/li>\n<\/ul>\n<\/td>\n<td>Optativas<\/td>\n<\/tr>\n<tr>\n<td><strong>Mediaci\u00f3n familiar (*)\u00a0(todas 5 ECTS)<\/strong><\/p>\n<ul>\n<li><a href=\"https:\/\/www.us.es\/estudiar\/que-estudiar\/oferta-de-masteres\/master-universitario-en-intervencion-y-mediacion-familiar\/51890013\" target=\"_blank\" rel=\"noopener\">La pr\u00e1ctica de la mediaci\u00f3n familiar: m\u00e9todos, etapas, estrategias\u00a0<\/a><a href=\"https:\/\/youtu.be\/fBqfRd-B5Cs\"><img decoding=\"async\" src=\"http:\/\/master.us.es\/mimf\/images\/video.png\" alt=\"video\" width=\"18\" height=\"18\" \/><\/a><\/li>\n<li><a href=\"https:\/\/www.us.es\/estudiar\/que-estudiar\/oferta-de-masteres\/master-universitario-en-intervencion-y-mediacion-familiar\/51890006\" target=\"_blank\" rel=\"noopener\">Conflictos familiares: mediaci\u00f3n y terapia<\/a><\/li>\n<li><a href=\"https:\/\/www.us.es\/estudiar\/que-estudiar\/oferta-de-masteres\/master-universitario-en-intervencion-y-mediacion-familiar\/51890005\" target=\"_blank\" rel=\"noopener\">Aspectos jur\u00eddico-econ\u00f3micos de los conflictos familiares<\/a><\/li>\n<\/ul>\n<\/td>\n<td>Optativas<\/td>\n<\/tr>\n<tr>\n<td>\n<ul>\n<li><strong><a href=\"https:\/\/www.us.es\/estudiar\/que-estudiar\/oferta-de-masteres\/master-universitario-en-intervencion-y-mediacion-familiar\/51890016\" target=\"_blank\" rel=\"noopener\">Pr\u00e1cticas externas supervisadas<\/a>\u00a0(Itinerario profesional)<\/strong><\/li>\n<li><strong><a href=\"https:\/\/www.us.es\/estudiar\/que-estudiar\/oferta-de-masteres\/master-universitario-en-intervencion-y-mediacion-familiar\/51890015\" target=\"_blank\" rel=\"noopener\">Pr\u00e1cticas externas: trabajo de investigaci\u00f3n<\/a>\u00a0(Itinerario investigador)<\/strong><\/li>\n<\/ul>\n<\/td>\n<td>Obligatoriedad seg\u00fan itinerario (6 cr\u00e9ditos)<\/td>\n<\/tr>\n<tr>\n<td><a href=\"https:\/\/www.us.es\/estudiar\/que-estudiar\/oferta-de-masteres\/master-universitario-en-intervencion-y-mediacion-familiar\/51890019\" target=\"_blank\" rel=\"noopener\"><strong>Trabajo fin de m\u00e1ster<\/strong><\/a><\/td>\n<td>Obligatorio (6 cr\u00e9ditos)<\/td>\n<\/tr>\n<tr>\n<td><strong>Total cr\u00e9ditos obligatorios<\/strong><\/td>\n<td>35<\/td>\n<\/tr>\n<tr>\n<td><strong>Total cr\u00e9ditos optativos<\/strong><\/td>\n<td>25 (5 asignaturas)<\/td>\n<\/tr>\n<\/tbody>\n<\/table>\n<p>(*)\u00a0Este m\u00f3dulo de \u00abMediaci\u00f3n Familiar\u00bb cumple con los requisitos que establece la\u00a0 Orden de 16 de mayo de 2013 \u2013BOJA de 22 de mayo de 2013- por la que se establecen los contenidos m\u00ednimos de la formaci\u00f3n espec\u00edfica de los profesionales que vayan a ejercer como mediadores en Andaluc\u00eda y para inscribirse en el Registro de Mediaci\u00f3n Familiar de la citada Comunidad Aut\u00f3noma.<\/p>\n<p>A lo largo de los \u00faltimos cursos acad\u00e9micos, el M\u00e1ster se ha sometido a los procesos de seguimiento a los que obliga el Sistema de Garant\u00eda de Calidad del T\u00edtulo. Toda la evidencia relativa a este proceso puede consultarse en el siguiente enlace, en la secci\u00f3n \u00abDatos del t\u00edtulo\u00bb, concretamente en el apartado \u00abSistema de garant\u00eda de calidad\u00bb:\u00a0<a href=\"https:\/\/www.us.es\/estudiar\/que-estudiar\/oferta-de-masteres\/master-universitario-en-intervencion-y-mediacion-familiar\" target=\"_blank\" rel=\"noopener\">https:\/\/www.us.es\/estudiar\/que-estudiar\/oferta-de-masteres\/master-universitario-en-intervencion-y-mediacion-familiar<\/a><\/p>\n","protected":false},"excerpt":{"rendered":"<p>Estructura del Plan de Estudios: asignaturas y programas El M\u00e1ster en Intervenci\u00f3n y Mediaci\u00f3n Familiar se estructura en torno a<\/p>\n","protected":false},"author":3,"featured_media":0,"parent":0,"menu_order":0,"comment_status":"closed","ping_status":"closed","template":"","meta":{"colormag_page_layout":"default_layout","footnotes":""},"class_list":["post-1807","page","type-page","status-publish","hentry"],"_links":{"self":[{"href":"https:\/\/master.us.es\/mimf\/wp-json\/wp\/v2\/pages\/1807","targetHints":{"allow":["GET"]}}],"collection":[{"href":"https:\/\/master.us.es\/mimf\/wp-json\/wp\/v2\/pages"}],"about":[{"href":"https:\/\/master.us.es\/mimf\/wp-json\/wp\/v2\/types\/page"}],"author":[{"embeddable":true,"href":"https:\/\/master.us.es\/mimf\/wp-json\/wp\/v2\/users\/3"}],"replies":[{"embeddable":true,"href":"https:\/\/master.us.es\/mimf\/wp-json\/wp\/v2\/comments?post=1807"}],"version-history":[{"count":0,"href":"https:\/\/master.us.es\/mimf\/wp-json\/wp\/v2\/pages\/1807\/revisions"}],"wp:attachment":[{"href":"https:\/\/master.us.es\/mimf\/wp-json\/wp\/v2\/media?parent=1807"}],"curies":[{"name":"wp","href":"https:\/\/api.w.org\/{rel}","templated":true}]}}