{"id":1809,"date":"2022-05-29T16:51:10","date_gmt":"2022-05-29T16:51:10","guid":{"rendered":"https:\/\/master.us.es\/mimf\/?page_id=1809"},"modified":"2026-02-16T09:20:16","modified_gmt":"2026-02-16T09:20:16","slug":"practicas-externas-y-actividades-complementarias","status":"publish","type":"page","link":"https:\/\/master.us.es\/mimf\/practicas-externas-y-actividades-complementarias\/","title":{"rendered":"Pr\u00e1cticas Externas y Actividades Complementarias"},"content":{"rendered":"\t\t<div data-elementor-type=\"wp-page\" data-elementor-id=\"1809\" class=\"elementor elementor-1809\" data-elementor-post-type=\"page\">\n\t\t\t\t\t\t<section class=\"elementor-section elementor-top-section elementor-element elementor-element-394ff661 elementor-section-boxed elementor-section-height-default elementor-section-height-default\" data-id=\"394ff661\" data-element_type=\"section\">\n\t\t\t\t\t\t<div class=\"elementor-container elementor-column-gap-default\">\n\t\t\t\t\t<div class=\"elementor-column elementor-col-100 elementor-top-column elementor-element elementor-element-5cbd5d22\" data-id=\"5cbd5d22\" data-element_type=\"column\">\n\t\t\t<div class=\"elementor-widget-wrap elementor-element-populated\">\n\t\t\t\t\t\t<div class=\"elementor-element elementor-element-6c25146e elementor-widget elementor-widget-text-editor\" data-id=\"6c25146e\" data-element_type=\"widget\" data-widget_type=\"text-editor.default\">\n\t\t\t\t<div class=\"elementor-widget-container\">\n\t\t\t\t\t\t\t\t\t<p class=\"art-postheader\"><span style=\"font-size: 16px;\">Consulta las directrices establecidas en el <\/span><em style=\"font-size: 16px;\">M\u00e1ster Universitario en Intervenci\u00f3n y Mediaci\u00f3n Familiar<\/em><span style=\"font-size: 16px;\">\u00a0para la\u00a0<\/span><strong style=\"font-size: 16px;\">asignaci\u00f3n y evaluaci\u00f3n de las Pr\u00e1cticas Externas<\/strong><span style=\"font-size: 16px;\">\u00a0(<\/span><a href=\"http:\/\/master.us.es\/mimf\/wp-content\/uploads\/2026\/01\/GuiaPracticas25-26.pdf\">aqu\u00ed<\/a><span style=\"font-size: 16px;\">). <\/span>Es tambi\u00e9n conveniente que revises la gu\u00eda de pr\u00e1cticas de la Facultad de Psicolog\u00eda (<a href=\"https:\/\/psicologia.us.es\/sites\/psicologia\/files\/investigacion\/Pr%C3%A1cticas%20Externas\/Guia%20Practicas.pdf\">aqu\u00ed<\/a>) y su dec\u00e1logo de buenas pr\u00e1cticas (<a href=\"https:\/\/psicologia.us.es\/sites\/psicologia\/files\/facultad\/buenas_practicas_fac_psi.pdf\">aqu\u00ed<\/a>).<\/p><div class=\"art-postcontent clearfix\"><div class=\"art-article\"><p>Adem\u00e1s de las pr\u00e1cticas en un centro externo o de investigaci\u00f3n, en el marco de la asignatura se organizan\u00a0<strong>Actividades Complementarias<\/strong>\u00a0orientadas a ofrecer al alumnado un mayor acercamiento al mundo profesional. Consulta\u00a0<a href=\"http:\/\/master.us.es\/mimf\/wp-content\/uploads\/2026\/02\/Catalogo-Actividades-Complementarias-MIMF-25-26.pdf\">aqu\u00ed<\/a> el cat\u00e1logo de actividades para el curso 2025\/2026 (actualizado a 16 de febrero de 2026).<\/p><p>Puedes encontrar m\u00e1s informaci\u00f3n sobre las pr\u00e1cticas en la web de la US (<a href=\"https:\/\/servicio.us.es\/spee\/practicas\">aqu\u00ed<\/a>) y en la de la Facultad de Psicolog\u00eda (<a href=\"https:\/\/psicologia.us.es\/estudios\/todo-sobre-practicas-externas\">aqu\u00ed<\/a>).<\/p><\/div><\/div>\t\t\t\t\t\t\t\t<\/div>\n\t\t\t\t<\/div>\n\t\t\t\t\t<\/div>\n\t\t<\/div>\n\t\t\t\t\t<\/div>\n\t\t<\/section>\n\t\t\t\t<\/div>\n\t\t","protected":false},"excerpt":{"rendered":"<p>Consulta las directrices establecidas en el M\u00e1ster Universitario en Intervenci\u00f3n y Mediaci\u00f3n Familiar\u00a0para la\u00a0asignaci\u00f3n y evaluaci\u00f3n de las Pr\u00e1cticas Externas\u00a0(aqu\u00ed).<\/p>\n","protected":false},"author":3,"featured_media":0,"parent":0,"menu_order":0,"comment_status":"closed","ping_status":"closed","template":"","meta":{"colormag_page_layout":"default_layout","footnotes":""},"class_list":["post-1809","page","type-page","status-publish","hentry"],"_links":{"self":[{"href":"https:\/\/master.us.es\/mimf\/wp-json\/wp\/v2\/pages\/1809","targetHints":{"allow":["GET"]}}],"collection":[{"href":"https:\/\/master.us.es\/mimf\/wp-json\/wp\/v2\/pages"}],"about":[{"href":"https:\/\/master.us.es\/mimf\/wp-json\/wp\/v2\/types\/page"}],"author":[{"embeddable":true,"href":"https:\/\/master.us.es\/mimf\/wp-json\/wp\/v2\/users\/3"}],"replies":[{"embeddable":true,"href":"https:\/\/master.us.es\/mimf\/wp-json\/wp\/v2\/comments?post=1809"}],"version-history":[{"count":0,"href":"https:\/\/master.us.es\/mimf\/wp-json\/wp\/v2\/pages\/1809\/revisions"}],"wp:attachment":[{"href":"https:\/\/master.us.es\/mimf\/wp-json\/wp\/v2\/media?parent=1809"}],"curies":[{"name":"wp","href":"https:\/\/api.w.org\/{rel}","templated":true}]}}