{"id":1811,"date":"2022-05-29T16:51:10","date_gmt":"2022-05-29T16:51:10","guid":{"rendered":"https:\/\/master.us.es\/mimf\/?page_id=1811"},"modified":"2026-01-14T09:31:01","modified_gmt":"2026-01-14T09:31:01","slug":"trabajo-fin-de-master","status":"publish","type":"page","link":"https:\/\/master.us.es\/mimf\/trabajo-fin-de-master\/","title":{"rendered":"Trabajo Fin de M\u00e1ster"},"content":{"rendered":"\t\t<div data-elementor-type=\"wp-page\" data-elementor-id=\"1811\" class=\"elementor elementor-1811\" data-elementor-post-type=\"page\">\n\t\t\t\t\t\t<section class=\"elementor-section elementor-top-section elementor-element elementor-element-7fa8fded elementor-section-boxed elementor-section-height-default elementor-section-height-default\" data-id=\"7fa8fded\" data-element_type=\"section\">\n\t\t\t\t\t\t<div class=\"elementor-container elementor-column-gap-default\">\n\t\t\t\t\t<div class=\"elementor-column elementor-col-100 elementor-top-column elementor-element elementor-element-6f0f3822\" data-id=\"6f0f3822\" data-element_type=\"column\">\n\t\t\t<div class=\"elementor-widget-wrap elementor-element-populated\">\n\t\t\t\t\t\t<div class=\"elementor-element elementor-element-55496906 elementor-widget elementor-widget-text-editor\" data-id=\"55496906\" data-element_type=\"widget\" data-widget_type=\"text-editor.default\">\n\t\t\t\t<div class=\"elementor-widget-container\">\n\t\t\t\t\t\t\t\t\t<p>Puedes consultar las directrices generales sobre la asignatura de TFM del curso 2025\/2026 en el siguiente <a href=\"http:\/\/master.us.es\/mimf\/wp-content\/uploads\/2026\/01\/Directrices-Evaluacion-TFM_25-26.13_01_26.pdf\" target=\"_blank\" rel=\"noopener\">documento<\/a>.<\/p><p>Las directrices generales para la elaboraci\u00f3n del TFM, los procedimientos de dep\u00f3sito, las convocatorias de defensa, las calificaciones y las comunicaciones se gestionan a trav\u00e9s de la\u00a0<a href=\"https:\/\/ev.us.es\/\" target=\"_blank\" rel=\"noopener\">Plataforma de Ense\u00f1anza Virtual<\/a>\u00a0de la Universidad de Sevilla.<\/p>\t\t\t\t\t\t\t\t<\/div>\n\t\t\t\t<\/div>\n\t\t\t\t\t<\/div>\n\t\t<\/div>\n\t\t\t\t\t<\/div>\n\t\t<\/section>\n\t\t\t\t<\/div>\n\t\t","protected":false},"excerpt":{"rendered":"<p>Puedes consultar las directrices generales sobre la asignatura de TFM del curso 2025\/2026 en el siguiente documento. Las directrices generales<\/p>\n","protected":false},"author":3,"featured_media":0,"parent":0,"menu_order":0,"comment_status":"closed","ping_status":"closed","template":"","meta":{"colormag_page_layout":"default_layout","footnotes":""},"class_list":["post-1811","page","type-page","status-publish","hentry"],"_links":{"self":[{"href":"https:\/\/master.us.es\/mimf\/wp-json\/wp\/v2\/pages\/1811","targetHints":{"allow":["GET"]}}],"collection":[{"href":"https:\/\/master.us.es\/mimf\/wp-json\/wp\/v2\/pages"}],"about":[{"href":"https:\/\/master.us.es\/mimf\/wp-json\/wp\/v2\/types\/page"}],"author":[{"embeddable":true,"href":"https:\/\/master.us.es\/mimf\/wp-json\/wp\/v2\/users\/3"}],"replies":[{"embeddable":true,"href":"https:\/\/master.us.es\/mimf\/wp-json\/wp\/v2\/comments?post=1811"}],"version-history":[{"count":0,"href":"https:\/\/master.us.es\/mimf\/wp-json\/wp\/v2\/pages\/1811\/revisions"}],"wp:attachment":[{"href":"https:\/\/master.us.es\/mimf\/wp-json\/wp\/v2\/media?parent=1811"}],"curies":[{"name":"wp","href":"https:\/\/api.w.org\/{rel}","templated":true}]}}