{"id":1816,"date":"2022-05-29T16:50:37","date_gmt":"2022-05-29T16:50:37","guid":{"rendered":"https:\/\/master.us.es\/mimf\/?page_id=1816"},"modified":"2024-02-05T13:20:37","modified_gmt":"2024-02-05T13:20:37","slug":"organigrama","status":"publish","type":"page","link":"https:\/\/master.us.es\/mimf\/organigrama\/","title":{"rendered":"Organigrama"},"content":{"rendered":"\t\t<div data-elementor-type=\"wp-page\" data-elementor-id=\"1816\" class=\"elementor elementor-1816\" data-elementor-post-type=\"page\">\n\t\t\t\t\t\t<section class=\"elementor-section elementor-top-section elementor-element elementor-element-3a83896d elementor-section-boxed elementor-section-height-default elementor-section-height-default\" data-id=\"3a83896d\" data-element_type=\"section\">\n\t\t\t\t\t\t<div class=\"elementor-container elementor-column-gap-default\">\n\t\t\t\t\t<div class=\"elementor-column elementor-col-100 elementor-top-column elementor-element elementor-element-791734cc\" data-id=\"791734cc\" data-element_type=\"column\">\n\t\t\t<div class=\"elementor-widget-wrap elementor-element-populated\">\n\t\t\t\t\t\t<div class=\"elementor-element elementor-element-1080e66e elementor-widget elementor-widget-text-editor\" data-id=\"1080e66e\" data-element_type=\"widget\" data-widget_type=\"text-editor.default\">\n\t\t\t\t<div class=\"elementor-widget-container\">\n\t\t\t\t\t\t\t\t\t<p><strong>Comisi\u00f3n acad\u00e9mica del M\u00e1ster<\/strong><\/p><ul class=\"sinVineta\" style=\"list-style-type: circle;\"><li>Dra. Maite Rom\u00e1n Rodr\u00edguez\u00a0(Coordinadora)<\/li><li>Dra. Pilar Ramos Valverde\u00a0(Coordinadora)<\/li><li>Dra. M\u00aa del Mar Gonz\u00e1lez Rodr\u00edguez<\/li><li>Dra. M\u00aa Victoria Hidalgo Garc\u00eda<\/li><li>Dra. Luc\u00eda Jim\u00e9nez Garc\u00eda<\/li><li>Dr. Jes\u00fas M. Jim\u00e9nez Morago<\/li><li>Dra. Esperanza Le\u00f3n Manso<\/li><li>Dra. M\u00aa Carmen Moreno Rodr\u00edguez<\/li><li>Dra. Beatriz Morgado Camacho<\/li><li>Dra. \u00c1gueda Parra Jim\u00e9nez<\/li><\/ul><p><strong>Sub-Comisi\u00f3n de Garant\u00eda de Calidad del T\u00edtulo<br \/><\/strong><\/p><ul><li><strong>Presidente del Centro:<\/strong><br \/><ul class=\"sinVineta\"><li>Decano de la Facultad (David Salda\u00f1a Sage)<\/li><\/ul><\/li><li><strong>\u00a0<\/strong><strong>Coordinadoras:<\/strong><br \/><ul class=\"sinVineta\"><li>Dra. Maite Rom\u00e1n Rodr\u00edguez<\/li><li>Dra. Pilar Ramos Valverde<\/li><\/ul><\/li><li><strong>Personal docente e investigador<\/strong><br \/><ul class=\"sinVineta\"><li>Dra. M\u00aa del Mar Gonz\u00e1lez Rodr\u00edguez<\/li><li>Dra. M\u00aa Victoria Hidalgo Garc\u00eda<\/li><li>Dra. Luc\u00eda Jim\u00e9nez Garc\u00eda<\/li><li>Dr. Jes\u00fas M. Jim\u00e9nez Morago<\/li><li>Dra. Esperanza Le\u00f3n Manso<\/li><li>Dra. M\u00aa Carmen Moreno Rodr\u00edguez<\/li><li>Dra. Beatriz Morgado Camacho<\/li><li>Dra. \u00c1gueda Parra Jim\u00e9nez<\/li><li>Dra. Pilar Ramos Valverde<\/li><li>Dra. Maite Rom\u00e1n Rodr\u00edguez<\/li><li>Dra. Inmaculada S\u00e1nchez Queija<\/li><\/ul><\/li><li><strong>Personal externo<\/strong><br \/><ul class=\"sinVineta\"><li>Dra. Reyes Casares Ord\u00f3\u00f1ez<\/li><\/ul><\/li><li><strong>Personal de administraci\u00f3n y servicios<\/strong><br \/><ul class=\"sinVineta\"><li>D. Ra\u00fal Barrios Rodr\u00edguez<\/li><\/ul><\/li><li><strong>Representante de estudiantes<\/strong><br \/><ul class=\"sinVineta\"><li>Representante del alumnado del t\u00edtulo<\/li><\/ul><\/li><\/ul><p>En el siguiente\u00a0<a href=\"https:\/\/master.us.es\/mimf\/wp-content\/uploads\/2024\/02\/0.-RelacionActosyAcuerdos_CGC_actualizado_012024.pdf\">enlace<\/a>\u00a0puede consultar los\u00a0<strong>Actos y Acuerdos<\/strong>\u00a0de la Sub-Comisi\u00f3n de Garant\u00eda de Calidad del T\u00edtulo<\/p>\t\t\t\t\t\t\t\t<\/div>\n\t\t\t\t<\/div>\n\t\t\t\t\t<\/div>\n\t\t<\/div>\n\t\t\t\t\t<\/div>\n\t\t<\/section>\n\t\t\t\t<\/div>\n\t\t","protected":false},"excerpt":{"rendered":"<p>Comisi\u00f3n acad\u00e9mica del M\u00e1ster Dra. Maite Rom\u00e1n Rodr\u00edguez\u00a0(Coordinadora) Dra. Pilar Ramos Valverde\u00a0(Coordinadora) Dra. M\u00aa del Mar Gonz\u00e1lez Rodr\u00edguez Dra. M\u00aa<\/p>\n","protected":false},"author":3,"featured_media":0,"parent":0,"menu_order":0,"comment_status":"closed","ping_status":"closed","template":"","meta":{"colormag_page_layout":"default_layout","footnotes":""},"class_list":["post-1816","page","type-page","status-publish","hentry"],"_links":{"self":[{"href":"https:\/\/master.us.es\/mimf\/wp-json\/wp\/v2\/pages\/1816","targetHints":{"allow":["GET"]}}],"collection":[{"href":"https:\/\/master.us.es\/mimf\/wp-json\/wp\/v2\/pages"}],"about":[{"href":"https:\/\/master.us.es\/mimf\/wp-json\/wp\/v2\/types\/page"}],"author":[{"embeddable":true,"href":"https:\/\/master.us.es\/mimf\/wp-json\/wp\/v2\/users\/3"}],"replies":[{"embeddable":true,"href":"https:\/\/master.us.es\/mimf\/wp-json\/wp\/v2\/comments?post=1816"}],"version-history":[{"count":0,"href":"https:\/\/master.us.es\/mimf\/wp-json\/wp\/v2\/pages\/1816\/revisions"}],"wp:attachment":[{"href":"https:\/\/master.us.es\/mimf\/wp-json\/wp\/v2\/media?parent=1816"}],"curies":[{"name":"wp","href":"https:\/\/api.w.org\/{rel}","templated":true}]}}