{"id":1818,"date":"2022-05-29T16:50:37","date_gmt":"2022-05-29T16:50:37","guid":{"rendered":"https:\/\/master.us.es\/mimf\/?page_id=1818"},"modified":"2024-02-03T08:01:52","modified_gmt":"2024-02-03T08:01:52","slug":"recursos-master","status":"publish","type":"page","link":"https:\/\/master.us.es\/mimf\/recursos-master\/","title":{"rendered":"Recursos M\u00e1ster"},"content":{"rendered":"\t\t<div data-elementor-type=\"wp-page\" data-elementor-id=\"1818\" class=\"elementor elementor-1818\" data-elementor-post-type=\"page\">\n\t\t\t\t\t\t<section class=\"elementor-section elementor-top-section elementor-element elementor-element-28ec4c9 elementor-section-boxed elementor-section-height-default elementor-section-height-default\" data-id=\"28ec4c9\" data-element_type=\"section\">\n\t\t\t\t\t\t<div class=\"elementor-container elementor-column-gap-default\">\n\t\t\t\t\t<div class=\"elementor-column elementor-col-100 elementor-top-column elementor-element elementor-element-11cd82a6\" data-id=\"11cd82a6\" data-element_type=\"column\">\n\t\t\t<div class=\"elementor-widget-wrap elementor-element-populated\">\n\t\t\t\t\t\t<div class=\"elementor-element elementor-element-68855569 elementor-widget elementor-widget-text-editor\" data-id=\"68855569\" data-element_type=\"widget\" data-widget_type=\"text-editor.default\">\n\t\t\t\t<div class=\"elementor-widget-container\">\n\t\t\t\t\t\t\t\t\t<div class=\"art-postcontent clearfix\"><div class=\"art-article\"><h3>Infraestructuras<strong> y equipamiento:<\/strong><\/h3><p>El Master en Intervenci\u00f3n y Mediaci\u00f3n Familiar se imparte en la Facultad de Psicolog\u00eda de la Universidad de Sevilla, utilizando por tanto los recursos y el equipamiento disponibles en la actualidad en este centro. En concreto, los recursos que se est\u00e1n empleando son los siguientes:<\/p><ul><li><strong>Seminario del Departamento de Psicolog\u00eda Evolutiva y de la Educaci\u00f3n.<\/strong><\/li><\/ul><p>Se trata de un seminario adscrito al Departamento responsable del Programa de Doctorado con Menci\u00f3n de Calidad del que surge el M\u00e1ster (Psicolog\u00eda Evolutiva y de la Educaci\u00f3n). Es un espacio adecuado y acondicionado para las clases te\u00f3ricas y para algunas actividades pr\u00e1cticas (aforo aproximado: 20 plazas). Est\u00e1 dotado de ca\u00f1\u00f3n y ordenador utilizables para distintos tipos de presentaciones audio-visuales.<\/p><ul><li><strong>Aulas de la Facultad de Psicolog\u00eda.<\/strong><\/li><\/ul><p>Dado que el Seminario del Departamento de Psicolog\u00eda Evolutiva y de la educaci\u00f3n es un espacio de uso com\u00fan para docencia de postgrado y doctorado, Consejos de departamento, reuniones de investigaci\u00f3n, etc. y que su aforo es limitado a unas 20 plazas, ha sido preciso contar con un aula de la Facultad de Psicolog\u00eda con mayor aforo, tambi\u00e9n dotada con ca\u00f1\u00f3n y ordenador utilizables para distintos tipos de presentaciones audio-visuales.<\/p><ul><li><strong>Laboratorio de Observaci\u00f3n.<\/strong><\/li><\/ul><p>Se trata de un espacio que la Facultad de Psicolog\u00eda ha acondicionado con un circuito cerrado de grabaci\u00f3n y una sala de observaci\u00f3n que se utiliza para la docencia de clases pr\u00e1cticas de primer y segundo ciclo pero que, previa petici\u00f3n, puede tambi\u00e9n ser utilizada para los cursos del M\u00e1ster. Se trata de un espacio muy bien acondicionado para la realizaci\u00f3n de ciertas actividades pr\u00e1cticas de car\u00e1cter m\u00e1s espec\u00edfico.<\/p><ul><li><strong>Biblioteca y sala de investigadores\u00a0<a href=\"http:\/\/bib.us.es\/psicologia\" target=\"_blank\" rel=\"noopener\">(http:\/\/bib.us.es\/psicologia)<\/a>.<\/strong><\/li><\/ul><p>Se trata de espacios comunes de la Facultad que son utilizados para las b\u00fasquedas bibliogr\u00e1ficas, consulta de bases de datos, etc. En colaboraci\u00f3n con el personal de la biblioteca de la Facultad, los alumnos y alumnas del M\u00e1ster pueden asistir al comienzo del curso a las sesiones formativas para la utilizaci\u00f3n de bases de datos documentales y otros recursos bibliogr\u00e1ficos.<\/p><ul><li><strong>Aulas informatizadas.<\/strong><\/li><\/ul><p>Para el desarrollo de algunas asignaturas del itinerario de investigaci\u00f3n y la realizaci\u00f3n de ciertas actividades pr\u00e1cticas es necesario utilizar alguna de las aulas informatizadas disponibles en la Facultad. Se trata de aulas dotadas de 30 puestos personales que permiten trabajar con ciertos programas inform\u00e1ticos para la codificaci\u00f3n y el an\u00e1lisis de los datos. Eventualmente, tales aulas pueden ser utilizadas para la realizaci\u00f3n de actividades formativas dirigidas al alumnado y cuya finalidad es que aprendan a utilizar la plataforma de ense\u00f1anza virtual de la Universidad de Sevilla para realizar actividades formativas no presenciales relacionadas con las asignaturas del M\u00e1ster<\/p><h3><strong>Plan de Orientaci\u00f3n y Acci\u00f3n Tutorial:<\/strong><\/h3><p>El Plan de Orientaci\u00f3n y Acci\u00f3n Tutorial (POAT) es \u00abun sistema de atenci\u00f3n a los estudiantes que se ocupa de la informaci\u00f3n, la formaci\u00f3n y la orientaci\u00f3n de forma personalizada y que centra su atenci\u00f3n en facilitar la adaptaci\u00f3n a la universidad, apoyar el proceso de aprendizaje, mejorar el rendimiento acad\u00e9mico as\u00ed como orientar en la elecci\u00f3n curricular y profesional\u00bb (Rodr\u00edguez, 2004, p. 12).<\/p><p>En la Facultad de Psicolog\u00eda en general y en el M\u00e1ster en Intervenci\u00f3n y Mediaci\u00f3n en particular cada estudiante cuenta con la orientaci\u00f3n y tutor\u00eda acad\u00e9mica propia de cada asignatura. Adem\u00e1s de las tutor\u00edas propias de cada asignatura, se cuenta con dos tutor\u00edas especializadas en el marco de dos materias en las que el proceso de orientaci\u00f3n y tutor\u00eda cobra un papel fundamental: las Pr\u00e1cticas Externas y el Trabajo Fin de Estudios. Para el resto de procesos de informaci\u00f3n y orientaci\u00f3n generales, se cuenta con la tutor\u00eda de titulaci\u00f3n, que en el M\u00e1ster en Intervenci\u00f3n y Mediaci\u00f3n Familiar corre a cargo de las coordinadoras del m\u00e1ster:\u00a0<a href=\"http:\/\/master.us.es\/mimf\/index.php\/organigrama\" target=\"_blank\" rel=\"noopener\">http:\/\/master.us.es\/mimf\/index.php\/organigrama<\/a>.<\/p><p>Puedes consultar m\u00e1s informaci\u00f3n sobre las actividades en materia de orientaci\u00f3n y tutor\u00eda previstas en la Facultad de Psicolog\u00eda en la<a href=\"https:\/\/psicologia.us.es\/estudios\/tutorizacion-y-orientacion-academica\"> web de la propia facultad<\/a>, en el manual del POAT (<a href=\"https:\/\/psicologia.us.es\/sites\/psicologia\/files\/acciontutorial\/Manual-abril-2016.pdf\">https:\/\/psicologia.us.es\/sites\/psicologia\/files\/acciontutorial\/Manual-abril-2016.pdf<\/a>) o en los <a href=\"https:\/\/master.us.es\/mimf\/wp-content\/uploads\/2023\/05\/GuiaRecursosTFE_FacultadPsicologia.docx\">siguientes recursos<\/a> abriendo los hiperv\u00ednculos.<\/p><p>Puedes consultar m\u00e1s informaci\u00f3n sobre la calendarizaci\u00f3n de las actividades espec\u00edficamente dise\u00f1adas desde el M\u00e1ster en Intervenci\u00f3n y Mediaci\u00f3n Familiar en el Cat\u00e1logo de Actividades Complementarias (<a href=\"https:\/\/master.us.es\/mimf\/wp-content\/uploads\/2023\/04\/Catalogo-Actividades-Complementarias-MIMF-22-23_12-04-23.pdf\">aqu\u00ed<\/a>)<\/p><h3><strong>Pr\u00e1cticas profesionales:<\/strong><\/h3><p>El M\u00e1ster, a trav\u00e9s de la Facultad de Psicolog\u00eda, tiene establecidos convenios de colaboraci\u00f3n con diferentes organismos y entidades p\u00fablicas y privadas, as\u00ed como con diferentes asociaciones con el fin de que el alumnado pueda realizar los cr\u00e9ditos correspondientes a las pr\u00e1cticas profesionales (pr\u00e1cticum) en actividades directamente relacionadas con los contenidos de intervenci\u00f3n y mediaci\u00f3n familiar.<\/p><h3><strong>Cat\u00e1logo de Actividades de orientaci\u00f3n acad\u00e9mico-profesional.<\/strong><\/h3><p><strong>Curso 2022-23,\u00a0<\/strong><strong style=\"font-size: 16px; color: var( --e-global-color-text );\">pinchar\u00a0<a href=\"https:\/\/master.us.es\/mimf\/wp-content\/uploads\/2023\/05\/catalogoAct.OrientacionAcademico-Prof_MIMF22-23.pdf\" target=\"_blank\" rel=\"noopener\">aqu\u00ed<\/a><\/strong><\/p><p><strong>Curso 2023-24, pinchar <a href=\"https:\/\/master.us.es\/mimf\/wp-content\/uploads\/2024\/02\/catalogoAct.OrientacionAcademico-Prof_MIMF23-24.pdf\">aqu\u00ed<\/a><\/strong><\/p><\/div><\/div>\t\t\t\t\t\t\t\t<\/div>\n\t\t\t\t<\/div>\n\t\t\t\t\t<\/div>\n\t\t<\/div>\n\t\t\t\t\t<\/div>\n\t\t<\/section>\n\t\t\t\t<\/div>\n\t\t","protected":false},"excerpt":{"rendered":"<p>Infraestructuras y equipamiento: El Master en Intervenci\u00f3n y Mediaci\u00f3n Familiar se imparte en la Facultad de Psicolog\u00eda de la Universidad<\/p>\n","protected":false},"author":3,"featured_media":0,"parent":0,"menu_order":0,"comment_status":"closed","ping_status":"closed","template":"","meta":{"colormag_page_layout":"default_layout","footnotes":""},"class_list":["post-1818","page","type-page","status-publish","hentry"],"_links":{"self":[{"href":"https:\/\/master.us.es\/mimf\/wp-json\/wp\/v2\/pages\/1818","targetHints":{"allow":["GET"]}}],"collection":[{"href":"https:\/\/master.us.es\/mimf\/wp-json\/wp\/v2\/pages"}],"about":[{"href":"https:\/\/master.us.es\/mimf\/wp-json\/wp\/v2\/types\/page"}],"author":[{"embeddable":true,"href":"https:\/\/master.us.es\/mimf\/wp-json\/wp\/v2\/users\/3"}],"replies":[{"embeddable":true,"href":"https:\/\/master.us.es\/mimf\/wp-json\/wp\/v2\/comments?post=1818"}],"version-history":[{"count":0,"href":"https:\/\/master.us.es\/mimf\/wp-json\/wp\/v2\/pages\/1818\/revisions"}],"wp:attachment":[{"href":"https:\/\/master.us.es\/mimf\/wp-json\/wp\/v2\/media?parent=1818"}],"curies":[{"name":"wp","href":"https:\/\/api.w.org\/{rel}","templated":true}]}}