{"id":1843,"date":"2022-05-29T16:50:37","date_gmt":"2022-05-29T16:50:37","guid":{"rendered":"https:\/\/master.us.es\/mimf\/?page_id=1843"},"modified":"2022-05-30T08:09:53","modified_gmt":"2022-05-30T08:09:53","slug":"becas-y-ayudas","status":"publish","type":"page","link":"https:\/\/master.us.es\/mimf\/becas-y-ayudas\/","title":{"rendered":"Becas y ayudas"},"content":{"rendered":"<h2 class=\"art-postheader\">Becas y ayudas<\/h2>\n<div class=\"art-postcontent clearfix\">\n<div class=\"art-article\">\n<ul>\n<li><a href=\"http:\/\/www.aecid.es\/es\/\" target=\"_blank\" rel=\"noopener\">Agencia Espa\u00f1ola de Cooperaci\u00f3n Internacional (MAEC)<\/a><\/li>\n<li><a href=\"http:\/\/www.mecd.gob.es\/educacion-mecd\/\" target=\"_blank\" rel=\"noopener\">Becas y ayudas al estudio<\/a><\/li>\n<li><a href=\"https:\/\/www.fundacioncarolina.es\/formacion\/posgrado\/\" target=\"_blank\" rel=\"noopener\">Fundaci\u00f3n Carolina<\/a>\u00a0<a href=\"https:\/\/www.fundacioncarolina.es\/convocatoria-de-becas-2022-2023\/\" target=\"_blank\" rel=\"noopener\">Convocatoria Becas 2022-2023<\/a><\/li>\n<li><a href=\"http:\/\/www.educacionyfp.gob.es\/servicios-al-ciudadano\/catalogo\/general\/68\/688023\/ficha\/688023-2019-novacion.html\" target=\"_blank\" rel=\"noopener\">Prestamos Renta Universidad (MEC)<\/a><\/li>\n<li><a href=\"http:\/\/www.fulbright.es\/\" target=\"_blank\" rel=\"noopener\">Programa Fulbrigth<\/a><\/li>\n<li>Programa Convivamus curso 2021-22:\u00a0<a href=\"https:\/\/sacu.us.es\/sites\/default\/files\/convocatorias\/Convivamus_Colaborador_Conv_21.pdf\" target=\"_blank\" rel=\"noopener\">https:\/\/sacu.us.es\/sites\/default\/files\/convocatorias\/Convivamus_Colaborador_Conv_21.pdf<\/a><\/li>\n<li><a href=\"https:\/\/www.fundacioncarolina.es\/iii-convocatoria-premios-universidad-conocimiento-y-agenda-2030\/\" target=\"_blank\" rel=\"noopener\">Premios Universidad, Conocimiento y Agenda 2030<\/a><\/li>\n<\/ul>\n<\/div>\n<\/div>\n","protected":false},"excerpt":{"rendered":"<p>Becas y ayudas Agencia Espa\u00f1ola de Cooperaci\u00f3n Internacional (MAEC) Becas y ayudas al estudio Fundaci\u00f3n Carolina\u00a0Convocatoria Becas 2022-2023 Prestamos Renta<\/p>\n","protected":false},"author":3,"featured_media":0,"parent":0,"menu_order":0,"comment_status":"closed","ping_status":"closed","template":"","meta":{"colormag_page_layout":"default_layout","footnotes":""},"class_list":["post-1843","page","type-page","status-publish","hentry"],"_links":{"self":[{"href":"https:\/\/master.us.es\/mimf\/wp-json\/wp\/v2\/pages\/1843","targetHints":{"allow":["GET"]}}],"collection":[{"href":"https:\/\/master.us.es\/mimf\/wp-json\/wp\/v2\/pages"}],"about":[{"href":"https:\/\/master.us.es\/mimf\/wp-json\/wp\/v2\/types\/page"}],"author":[{"embeddable":true,"href":"https:\/\/master.us.es\/mimf\/wp-json\/wp\/v2\/users\/3"}],"replies":[{"embeddable":true,"href":"https:\/\/master.us.es\/mimf\/wp-json\/wp\/v2\/comments?post=1843"}],"version-history":[{"count":0,"href":"https:\/\/master.us.es\/mimf\/wp-json\/wp\/v2\/pages\/1843\/revisions"}],"wp:attachment":[{"href":"https:\/\/master.us.es\/mimf\/wp-json\/wp\/v2\/media?parent=1843"}],"curies":[{"name":"wp","href":"https:\/\/api.w.org\/{rel}","templated":true}]}}