{"id":1847,"date":"2022-05-29T16:50:37","date_gmt":"2022-05-29T16:50:37","guid":{"rendered":"https:\/\/master.us.es\/mimf\/?page_id=1847"},"modified":"2022-07-21T16:07:06","modified_gmt":"2022-07-21T16:07:06","slug":"videos-sobre-la-familia-en-internet","status":"publish","type":"page","link":"https:\/\/master.us.es\/mimf\/videos-sobre-la-familia-en-internet\/","title":{"rendered":"V\u00eddeos sobre la familia en Internet"},"content":{"rendered":"<h2 class=\"art-postheader\">V\u00eddeos sobre el apego<\/h2>\n<p>Pr\u00f3ximamente.<\/p>\n<p>&nbsp;<\/p>\n<h2 class=\"art-postheader\">V\u00eddeos sobre el Acogimiento y Adopci\u00f3n Familiar<\/h2>\n<div style=\"width: 100%; padding-top: 64%; position: relative; border-bottom: 1px solid #aaa; display: inline-block; background: rgba(255,255,255,0.9);\">\n<p><iframe style=\"width: 100%; height: 90%; position: absolute; left: 0; top: 0; overflow: hidden; border: none; background-color: transparent;\" src=\"https:\/\/secure-embed.rtve.es\/drmn\/embed\/video\/2850614\" name=\"Volver a sonreir\" scrolling=\"no\" allowfullscreen=\"allowfullscreen\"><\/iframe><\/p>\n<div style=\"position: absolute; bottom: 0; left: 0; font-family: arial,helvetica,sans-serif; font-size: 12px; line-height: 1.833; display: inline-block; padding: 5px 0 5px 10px;\">\n<p><span style=\"float: left; margin-right: 10px;\"> <img decoding=\"async\" style=\"height: 20px; width: auto; background: transparent; padding: 0; margin: 0;\" src=\"https:\/\/img2.rtve.es\/css\/rtve.commons\/rtve.header.footer\/i\/logoRTVEes.png\" alt=\"\" \/> <\/span> <a style=\"color: #333; font-weight: bold;\" title=\"Volver a sonreir\" href=\"https:\/\/www.rtve.es\/play\/videos\/cronicas\/cronicas-volver-sonreir\/2850614\/\"> <strong>Volver a sonreir<\/strong> <\/a><\/p>\n<\/div>\n<\/div>\n<h3><\/h3>\n<h3>Del di\u00e1logo nace la soluci\u00f3n:<\/h3>\n<p><iframe title=\"YouTube video player\" src=\"https:\/\/www.youtube.com\/embed\/nGdahMB4qaY\" width=\"560\" height=\"315\" frameborder=\"0\" allowfullscreen=\"allowfullscreen\"><\/iframe><\/p>\n<h3><\/h3>\n<h3>Mediaci\u00f3n en conflictos: El cuento de los 5 conflictos:<\/h3>\n<p><iframe title=\"YouTube video player\" src=\"https:\/\/www.youtube.com\/embed\/3cOcr4UKnRg\" width=\"560\" height=\"315\" frameborder=\"0\" allowfullscreen=\"allowfullscreen\"><\/iframe><\/p>\n<h3><\/h3>\n<h3>7 pasos para resolver conflictos:<\/h3>\n<p><iframe title=\"YouTube video player\" src=\"https:\/\/www.youtube.com\/embed\/jXMmTaH6xUI\" width=\"560\" height=\"315\" frameborder=\"0\" allowfullscreen=\"allowfullscreen\"><span data-mce-type=\"bookmark\" style=\"display: inline-block; width: 0px; overflow: hidden; line-height: 0;\" class=\"mce_SELRES_start\">\ufeff<\/span><\/iframe><\/p>\n<h3><\/h3>\n<h3>\u00abRight 2 Love\u00bb (Documental)<\/h3>\n<p><iframe title=\"YouTube video player\" src=\"https:\/\/www.youtube.com\/embed\/3z6nXxmpZ6Y\" width=\"560\" height=\"315\" frameborder=\"0\" allowfullscreen=\"allowfullscreen\"><span data-mce-type=\"bookmark\" style=\"display: inline-block; width: 0px; overflow: hidden; line-height: 0;\" class=\"mce_SELRES_start\">\ufeff<\/span><\/iframe><\/p>\n<h3><\/h3>\n<h3>\u00abFamilias sin complejos\u00bb (Informe Semanal TVE)<\/h3>\n<p><iframe title=\"YouTube video player\" src=\"https:\/\/www.youtube.com\/embed\/xtsffm-uIu0\" width=\"560\" height=\"315\" frameborder=\"0\" allowfullscreen=\"allowfullscreen\"><span data-mce-type=\"bookmark\" style=\"display: inline-block; width: 0px; overflow: hidden; line-height: 0;\" class=\"mce_SELRES_start\">\ufeff<\/span><\/iframe><\/p>\n<h3><\/h3>\n<h3>\u00abTestimonio de un hijo criado por lesbianas\u00bb<\/h3>\n<p><iframe title=\"YouTube video player\" src=\"https:\/\/www.youtube.com\/embed\/48dIekteGmw\" width=\"560\" height=\"315\" frameborder=\"0\" allowfullscreen=\"allowfullscreen\"><span data-mce-type=\"bookmark\" style=\"display: inline-block; width: 0px; overflow: hidden; line-height: 0;\" class=\"mce_SELRES_start\">\ufeff<\/span><\/iframe><\/p>\n<h3><\/h3>\n<h3>\u00abMam\u00e1s y Papas\u00bb<\/h3>\n<p><iframe title=\"YouTube video player\" src=\"https:\/\/www.youtube.com\/embed\/0Y1yf1R9K5s\" width=\"560\" height=\"315\" frameborder=\"0\" allowfullscreen=\"allowfullscreen\"><span data-mce-type=\"bookmark\" style=\"display: inline-block; width: 0px; overflow: hidden; line-height: 0;\" class=\"mce_SELRES_start\">\ufeff<\/span><\/iframe><\/p>\n<h3><\/h3>\n<h3>\u00abMi hermano de la luna\u00bb<\/h3>\n<p><iframe title=\"YouTube video player\" src=\"https:\/\/www.youtube.com\/embed\/0HRD310kVOY\" width=\"560\" height=\"315\" frameborder=\"0\" allowfullscreen=\"allowfullscreen\"><span data-mce-type=\"bookmark\" style=\"display: inline-block; width: 0px; overflow: hidden; line-height: 0;\" class=\"mce_SELRES_start\">\ufeff<\/span><\/iframe><\/p>\n","protected":false},"excerpt":{"rendered":"<p>V\u00eddeos sobre el apego Pr\u00f3ximamente. &nbsp; V\u00eddeos sobre el Acogimiento y Adopci\u00f3n Familiar Volver a sonreir Del di\u00e1logo nace la<\/p>\n","protected":false},"author":3,"featured_media":0,"parent":0,"menu_order":0,"comment_status":"closed","ping_status":"closed","template":"","meta":{"colormag_page_layout":"default_layout","footnotes":""},"class_list":["post-1847","page","type-page","status-publish","hentry"],"_links":{"self":[{"href":"https:\/\/master.us.es\/mimf\/wp-json\/wp\/v2\/pages\/1847","targetHints":{"allow":["GET"]}}],"collection":[{"href":"https:\/\/master.us.es\/mimf\/wp-json\/wp\/v2\/pages"}],"about":[{"href":"https:\/\/master.us.es\/mimf\/wp-json\/wp\/v2\/types\/page"}],"author":[{"embeddable":true,"href":"https:\/\/master.us.es\/mimf\/wp-json\/wp\/v2\/users\/3"}],"replies":[{"embeddable":true,"href":"https:\/\/master.us.es\/mimf\/wp-json\/wp\/v2\/comments?post=1847"}],"version-history":[{"count":0,"href":"https:\/\/master.us.es\/mimf\/wp-json\/wp\/v2\/pages\/1847\/revisions"}],"wp:attachment":[{"href":"https:\/\/master.us.es\/mimf\/wp-json\/wp\/v2\/media?parent=1847"}],"curies":[{"name":"wp","href":"https:\/\/api.w.org\/{rel}","templated":true}]}}