{"id":1855,"date":"2022-05-29T16:50:37","date_gmt":"2022-05-29T16:50:37","guid":{"rendered":"https:\/\/master.us.es\/mimf\/?page_id=1855"},"modified":"2022-07-20T07:39:22","modified_gmt":"2022-07-20T07:39:22","slug":"buzon-de-quejas-sugerencias-y-felicitaciones","status":"publish","type":"page","link":"https:\/\/master.us.es\/mimf\/buzon-de-quejas-sugerencias-y-felicitaciones\/","title":{"rendered":"Buz\u00f3n de quejas, sugerencias y felicitaciones"},"content":{"rendered":"<h2 class=\"art-postheader\">Quejas, sugerencias y felicitaciones:<\/h2>\n<div class=\"art-postcontent clearfix\">\n<div class=\"art-article\">\n<p>Para hacer llegar quejas, sugerencias o felicitaciones, se pueden seguir cualquiera de estas v\u00edas:<\/p>\n<ul>\n<li>Contactar personalmente con la coordinaci\u00f3n del M\u00e1ster o con alg\u00fan miembro de la Comisi\u00f3n Acad\u00e9mica (ver Organigrama).<\/li>\n<li>Entregar el escrito en el buz\u00f3n del Departamento de Psicolog\u00eda Evolutiva y de la Educaci\u00f3n (a la atenci\u00f3n de la Comisi\u00f3n Acad\u00e9mica del M\u00e1ster).<\/li>\n<li>Enviar un e-mail a\u00a0<a href=\"mailto:mimf@us.es\">mimf@us.es<\/a><\/li>\n<\/ul>\n<\/div>\n<\/div>\n","protected":false},"excerpt":{"rendered":"<p>Quejas, sugerencias y felicitaciones: Para hacer llegar quejas, sugerencias o felicitaciones, se pueden seguir cualquiera de estas v\u00edas: Contactar personalmente<\/p>\n","protected":false},"author":3,"featured_media":0,"parent":0,"menu_order":0,"comment_status":"closed","ping_status":"closed","template":"","meta":{"colormag_page_layout":"default_layout","footnotes":""},"class_list":["post-1855","page","type-page","status-publish","hentry"],"_links":{"self":[{"href":"https:\/\/master.us.es\/mimf\/wp-json\/wp\/v2\/pages\/1855","targetHints":{"allow":["GET"]}}],"collection":[{"href":"https:\/\/master.us.es\/mimf\/wp-json\/wp\/v2\/pages"}],"about":[{"href":"https:\/\/master.us.es\/mimf\/wp-json\/wp\/v2\/types\/page"}],"author":[{"embeddable":true,"href":"https:\/\/master.us.es\/mimf\/wp-json\/wp\/v2\/users\/3"}],"replies":[{"embeddable":true,"href":"https:\/\/master.us.es\/mimf\/wp-json\/wp\/v2\/comments?post=1855"}],"version-history":[{"count":0,"href":"https:\/\/master.us.es\/mimf\/wp-json\/wp\/v2\/pages\/1855\/revisions"}],"wp:attachment":[{"href":"https:\/\/master.us.es\/mimf\/wp-json\/wp\/v2\/media?parent=1855"}],"curies":[{"name":"wp","href":"https:\/\/api.w.org\/{rel}","templated":true}]}}