{"id":1886,"date":"2022-05-29T16:57:28","date_gmt":"2022-05-29T16:57:28","guid":{"rendered":"https:\/\/master.us.es\/mimf\/?page_id=1886"},"modified":"2022-05-30T08:04:02","modified_gmt":"2022-05-30T08:04:02","slug":"asociaciones-que-trabajan-con-menores-y-familias","status":"publish","type":"page","link":"https:\/\/master.us.es\/mimf\/asociaciones-que-trabajan-con-menores-y-familias\/","title":{"rendered":"Asociaciones que trabajan con menores y familias"},"content":{"rendered":"<h3>ADOPCI\u00d3N:<\/h3>\n<ul>\n<li><strong>Asociaci\u00f3n Atlas:<\/strong><a title=\"Asociaci\u00f3n Atlas\" href=\"http:\/\/www.asatlas.org\/\" target=\"_blank\" rel=\"noopener\">http:\/\/www.asatlas.org\/<\/a><\/li>\n<li><strong>Asociaci\u00f3n de Familias Adoptantes en China:<\/strong><a title=\"Asociaci\u00f3n de Familias Adoptantes en China\" href=\"http:\/\/www.afac.info\/\" target=\"_blank\" rel=\"noopener\">http:\/\/www.afac.info\/<\/a><\/li>\n<li><strong>Asociaci\u00f3n LLAR:<\/strong><a title=\"Asociaci\u00f3n LLAR\" href=\"http:\/\/www.asociacionllar.org\/\" target=\"_blank\" rel=\"noopener\">http:\/\/www.asociacionllar.org\/<\/a><\/li>\n<li><strong>Coordinadora de Asociaciones en Defensa de la Adopci\u00f3n y el Acogimiento:<\/strong><a title=\"Coordinadora de Asociaciones en Defensa de la Adopci\u00f3n y el Acogimiento\" href=\"http:\/\/www.coraenlared.org\/\" target=\"_blank\" rel=\"noopener\">http:\/\/www.coraenlared.org\/<\/a><\/li>\n<li><strong>Fundaci\u00f3n Adoptados:<\/strong><a title=\"Fundaci\u00f3n Adoptados\" href=\"http:\/\/fundacionadoptados.org\/\" target=\"_blank\" rel=\"noopener\">http:\/\/fundacionadoptados.org\/<\/a><\/li>\n<li><strong>Uni\u00f3n de Asociaciones por la Adopci\u00f3n y el Acogimiento:<\/strong><a title=\"Uni\u00f3n de Asociaciones por la Adopci\u00f3n y el Acogimiento\" href=\"http:\/\/www.unionlaluna.org\/\" target=\"_blank\" rel=\"noopener\">http:\/\/www.unionlaluna.org\/<\/a><\/li>\n<\/ul>\n<h3>ACOGIMIENTO FAMILIAR:<\/h3>\n<ul>\n<li><strong>Asociaci\u00f3n Alcores:<\/strong><a title=\"Asociaci\u00f3n Alcores\" href=\"http:\/\/www.asociacionalcores.org\/\" target=\"_blank\" rel=\"noopener\">http:\/\/www.asociacionalcores.org\/<\/a><\/li>\n<li><strong>Asociaci\u00f3n Andaluza de Apoyo a la Infancia:<\/strong><a title=\"Asociaci\u00f3n Andaluza de Apoyo a la Infancia\" href=\"http:\/\/www.aldaima.org\/\" target=\"_blank\" rel=\"noopener\">http:\/\/www.aldaima.org\/<\/a><\/li>\n<li><strong>Asociaci\u00f3n Hogar Abierto:<\/strong><a title=\"Asociaci\u00f3n Hogar Abierto\" href=\"http:\/\/www.hogarabierto.org\/\" target=\"_blank\" rel=\"noopener\">http:\/\/www.hogarabierto.org\/<\/a><\/li>\n<li><strong>Asociaci\u00f3n Infancia:<\/strong><a title=\"Asociaci\u00f3n Infancia\" href=\"http:\/\/www.infania.org\/\" target=\"_blank\" rel=\"noopener\">http:\/\/www.infania.org\/<\/a><\/li>\n<li><strong>Asociaci\u00f3n para la Promoci\u00f3n del Acogimiento en Andaluc\u00eda:<\/strong><a title=\"Asociaci\u00f3n para la Promoci\u00f3n del Acogimiento en Andaluc\u00eda\" href=\"http:\/\/www.apraf.com\/\" target=\"_blank\" rel=\"noopener\">http:\/\/www.apraf.com\/<\/a><\/li>\n<li><strong>Asociaci\u00f3n Voluntarios de Acci\u00f3n Social:<\/strong>\u00a0\u00a0<a title=\"Asociaci\u00f3n Voluntarios de Acci\u00f3n Social\" href=\"http:\/\/www.avaspuentegenil.com\/\" target=\"_blank\" rel=\"noopener\">www.avaspuentegenil.com<\/a><\/li>\n<li><strong>Coordinadora de Asociaciones en Defensa de la Adopci\u00f3n y el Acogimiento:<\/strong><a title=\"Coordinadora de Asociaciones en Defensa de la Adopci\u00f3n y el Acogimiento\" href=\"http:\/\/www.coraenlared.org\/\" target=\"_blank\" rel=\"noopener\">http:\/\/www.coraenlared.org\/<\/a><\/li>\n<li><strong>Drecera SCCL:<\/strong><a href=\"http:\/\/www.drecera.org\/web\" target=\"_blank\" rel=\"noopener\">http:\/\/www.drecera.org\/web<\/a><\/li>\n<li><b>Familias para la acogida:<\/b><a href=\"http:\/\/www.familias-acogida.es\/index.php\/esl\" target=\"_blank\" rel=\"noopener\">http:\/\/www.familias-acogida.es\/index.php\/esl<\/a><\/li>\n<li><strong>Fundaci\u00f3n Aproni:<\/strong><a title=\"Fundaci\u00f3n Aproni\" href=\"http:\/\/www.aproni.org\/site\/index.php\" target=\"_blank\" rel=\"noopener\">http:\/\/www.aproni.org\/site\/index.php<\/a><\/li>\n<li><strong>Fundaci\u00f3n M\u00e1rgenes y V\u00ednculos:<\/strong><a title=\"Fundaci\u00f3n M\u00e1rgenes y V\u00ednculos\" href=\"http:\/\/www.fmyv.es\/\" target=\"_blank\" rel=\"noopener\">www.fmyv.es<\/a><\/li>\n<li><strong>Uni\u00f3n de Asociaciones por la Adopci\u00f3n y el Acogimiento:<\/strong><a title=\"Uni\u00f3n de Asociaciones por la Adopci\u00f3n y el Acogimiento\" href=\"http:\/\/www.unionlaluna.org\/\" target=\"_blank\" rel=\"noopener\">http:\/\/www.unionlaluna.org\/<\/a><\/li>\n<\/ul>\n<h3>MALTRATO INFANTIL:<\/h3>\n<ul>\n<li><strong>ADIMA:<\/strong><a title=\"ADIMA\" href=\"http:\/\/www.adima.com.es\/\" target=\"_blank\" rel=\"noopener\">http:\/\/www.adima.com.es\/<\/a><\/li>\n<li><strong>Asociaci\u00f3n Contra los Abusos Sexuales en la Infancia:<\/strong><a title=\"Asociaci\u00f3n Contra los Abusos Sexuales en la Infancia\" href=\"http:\/\/www.acasi.org\/web\/es\" target=\"_blank\" rel=\"noopener\">http:\/\/www.acasi.org\/web\/es<\/a><\/li>\n<li><strong>Asociaci\u00f3n Madrile\u00f1a para la Prevenci\u00f3n del Maltrato Infantil:<\/strong><a title=\"Asociaci\u00f3n Madrile\u00f1a para la Prevenci\u00f3n del Maltrato Infantil\" href=\"http:\/\/www.apimm.org\/\" target=\"_blank\" rel=\"noopener\">http:\/\/www.apimm.org\/<\/a><\/li>\n<li><strong>Asociaci\u00f3n para la Sanaci\u00f3n y Prevenci\u00f3n de Abusos Sexuales en la Infancia:<\/strong><a title=\"Asociaci\u00f3n para la Sanaci\u00f3n y Prevenci\u00f3n de Abusos Sexuales en la Infancia\" href=\"http:\/\/www.aspasi.org\/\" target=\"_blank\" rel=\"noopener\">http:\/\/www.aspasi.org\/<\/a><\/li>\n<li><strong>Asociaci\u00f3n para el Tratamiento del Abuso y el Maltrato en la Infancia:<\/strong><a title=\"Asociaci\u00f3n para el Tratamiento del Abuso y el Maltrato en la Infancia\" href=\"http:\/\/www.garaitza.org\/\" target=\"_blank\" rel=\"noopener\">http:\/\/www.garaitza.org\/<\/a><\/li>\n<li><strong>Federaci\u00f3n de asociaciones para la prevenci\u00f3n del maltrato infantil:<\/strong><a title=\"Federaci\u00f3n de asociaciones para la prevenci\u00f3n del maltrato infantil\" href=\"http:\/\/fapmi.es\/\" target=\"_blank\" rel=\"noopener\">http:\/\/fapmi.es\/<\/a><\/li>\n<li><strong>Fundaci\u00f3n ANAR (Ayuda a ni\u00f1os y Adolescentes en Riesgo):<\/strong><a title=\"Fundaci\u00f3n ANAR (Ayuda a ni\u00f1os y Adolescentes en Riesgo)\" href=\"http:\/\/www.anar.org\/\" target=\"_blank\" rel=\"noopener\">http:\/\/www.anar.org\/<\/a><\/li>\n<li><strong>Fundaci\u00f3n Azulado:<\/strong><a title=\"Fundaci\u00f3n Azulado\" href=\"http:\/\/www.fundacionazulado.org\/\" target=\"_blank\" rel=\"noopener\">http:\/\/www.fundacionazulado.org\/<\/a><\/li>\n<li><strong>Fundaci\u00f3n en Pantalla Contra la Violencia Infantil:<\/strong><a title=\"Fundaci\u00f3n en Pantalla Contra la Violencia Infantil\" href=\"http:\/\/www.fundacionenpantalla.org\/\" target=\"_blank\" rel=\"noopener\">http:\/\/www.fundacionenpantalla.org\/<\/a><\/li>\n<li><strong>El Mundo de los ASI:<\/strong><a href=\"http:\/\/www.elmundodelosasi.org\/\" target=\"_blank\" rel=\"noopener\">http:\/\/www.elmundodelosasi.org\/<\/a><\/li>\n<li><strong>Save the Children:\u00a0<\/strong><a href=\"http:\/\/www.savethechildren.es\/\" target=\"_blank\" rel=\"noopener\">http:\/\/www.savethechildren.es\/<\/a><\/li>\n<\/ul>\n<h3>FAMILIAS NO CONVENCIONALES:<\/h3>\n<ul>\n<li><strong>Asociaci\u00f3n de Gays, Lesbianas, Transexuales y Bisexuales de Cantabr\u00eda:<\/strong><a title=\"Asociaci\u00f3n de Gays, Lesbianas, Transexuales y Bisexuales de Cantabr\u00ed\" href=\"http:\/\/www.alega.org\/grupos-familias-homoparentales.php\" target=\"_blank\" rel=\"noopener\">http:\/\/www.alega.org\/grupos-familias-homoparentales.php<\/a><\/li>\n<li><strong>Asociaci\u00f3n de Madres Solas:<\/strong><a title=\"Asociaci\u00f3n de Madres Solas\" href=\"http:\/\/www.amasol.es\/\" target=\"_blank\" rel=\"noopener\">http:\/\/www.amasol.es\/<\/a><\/li>\n<li><strong>Asociaci\u00f3n de Solidaridad con Madres Solteras:<\/strong><a title=\"Asociaci\u00f3n de Solidaridad con Madres Solteras\" href=\"http:\/\/madresolteras.org\/\" target=\"_blank\" rel=\"noopener\">http:\/\/madresolteras.org\/<\/a><\/li>\n<li><strong>Asociaci\u00f3n de Familias Homoparentales:<\/strong><a title=\"Asociaci\u00f3n de Familias Homoparentales\" href=\"http:\/\/www.galehi.org\/\" target=\"_blank\" rel=\"noopener\">http:\/\/www.galehi.org\/<\/a><\/li>\n<li><strong>Asociaci\u00f3n de Familias Lesbianas y Gays:<\/strong><a title=\"Asociaci\u00f3n de Familias Lesbianas y Gays\" href=\"http:\/\/www.familieslg.org\/cas\/\" target=\"_blank\" rel=\"noopener\">http:\/\/www.familieslg.org\/cas\/<\/a><\/li>\n<li><strong>Federaci\u00f3n de Asociaciones de Madres Solteras:<\/strong><a title=\"Federaci\u00f3n de Asociaciones de Madres Solteras\" href=\"http:\/\/www.federacionmadresolteras.org\/\" target=\"_blank\" rel=\"noopener\">http:\/\/www.federacionmadresolteras.org\/<\/a><\/li>\n<li><strong>Fundaci\u00f3n de Familias Monoparentales Isadora Duncan:<\/strong><a title=\"Fundaci\u00f3n de Familias Monoparentales Isadora Duncan\" href=\"http:\/\/www.isadoraduncan.es\/\" target=\"_blank\" rel=\"noopener\">http:\/\/www.isadoraduncan.es\/<\/a><\/li>\n<li><strong>Network of European LGBT Families Associations:<\/strong><a title=\"Network of European LGBT Families Associations\" href=\"http:\/\/www.nelfa.org\/\" target=\"_blank\" rel=\"noopener\">http:\/\/www.nelfa.org\/<\/a><\/li>\n<li><strong>Uni\u00f3n de asociaciones familiares:<\/strong><a title=\"Uni\u00f3n de asociaciones familiares\" href=\"http:\/\/unaf.org\/\" target=\"_blank\" rel=\"noopener\">http:\/\/unaf.org\/<\/a><\/li>\n<\/ul>\n<h3>FAMILIA Y DISCAPACIDAD:<\/h3>\n<ul>\n<li><strong>Asociaci\u00f3n Aragonesa de Entidades para Personas con Discapacidad Intelectual o del Desarrollo y sus Familias:<\/strong><a title=\"Asociaci\u00f3n Aragonesa de Entidades para Personas con Discapacidad Intelectual o del Desarrollo y sus Familias\" href=\"http:\/\/www.feapsaragon.com\/index.php\" target=\"_blank\" rel=\"noopener\">http:\/\/www.feapsaragon.com\/index.php<\/a><\/li>\n<li><strong>Asociaci\u00f3n Espa\u00f1ola de Padres y Madres de Sordociegos:<\/strong><a title=\"Asociaci\u00f3n Espa\u00f1ola de Padres y Madres de Sordociegos\" href=\"http:\/\/www.apascide.org\/\" target=\"_blank\" rel=\"noopener\">http:\/\/www.apascide.org\/<\/a><\/li>\n<li><strong>Asociaci\u00f3n Familiar Pro Discapacitados Intelectuales de Tenerife:<\/strong><a title=\"Asociaci\u00f3n Familiar Pro Discapacitados Intelectuales de Tenerife\" href=\"http:\/\/www.aspronte.com\/\" target=\"_blank\" rel=\"noopener\">http:\/\/www.aspronte.com\/<\/a><\/li>\n<li><strong>Asociaci\u00f3n de Familias de Personas Sordas de Burgos:<\/strong><a title=\"Asociaci\u00f3n de Familias de Personas Sordas de Burgos\" href=\"http:\/\/www.aransbur.org\/\" target=\"_blank\" rel=\"noopener\">http:\/\/www.aransbur.org\/<\/a><\/li>\n<li><strong>Asociaci\u00f3n de Familias para la Ayuda al Discapacitado:<\/strong><a title=\"Asociaci\u00f3n de Familias para la Ayuda al Discapacitado\" href=\"http:\/\/www.afadi.es\/afadi.aspx\" target=\"_blank\" rel=\"noopener\">http:\/\/www.afadi.es\/afadi.aspx<\/a><\/li>\n<li><strong>Asociaci\u00f3n a Favor de las Personas con Discapacidad Intelectual y sus Familias:<\/strong><a title=\"Asociaci\u00f3n a Favor de las Personas con Discapacidad Intelectual y sus Familias\" href=\"http:\/\/www.placeat.org\/\" target=\"_blank\" rel=\"noopener\">http:\/\/www.placeat.org\/<\/a><\/li>\n<li><strong>Confederaci\u00f3n Espa\u00f1ola de Familias de Personas Sordas:<\/strong><a title=\"Confederaci\u00f3n Espa\u00f1ola de Familias de Personas Sordas\" href=\"http:\/\/www.fiapas.es\/FIAPAS\/index.html\" target=\"_blank\" rel=\"noopener\">http:\/\/www.fiapas.es\/FIAPAS\/index.html<\/a><\/li>\n<li><strong>Federaci\u00f3n Madrile\u00f1a de Asociaciones de Padres y Madres de Sordos:<\/strong><a title=\"Federaci\u00f3n Madrile\u00f1a de Asociaciones de Padres y Madres de Sordos\" href=\"http:\/\/www.femapas.org\/d1\/home.php\" target=\"_blank\" rel=\"noopener\">http:\/\/www.femapas.org\/d1\/home.php<\/a><\/li>\n<li><strong>Fundaci\u00f3n Mapfre: Mi hijo con S\u00edndrome de Down:<\/strong><a title=\"Fundaci\u00f3n Mapfre: Mi hijo con S\u00edndrome de Down\" href=\"http:\/\/www.mihijodown.com\/\" target=\"_blank\" rel=\"noopener\">http:\/\/www.mihijodown.com\/<\/a><\/li>\n<li><strong>Fundaci\u00f3n Mapfre: Mi hijo Sordo:<\/strong><a title=\"Fundaci\u00f3n Mapfre: Mi hijo Sordo\" href=\"http:\/\/www.mihijosordo.org\/\" target=\"_blank\" rel=\"noopener\">http:\/\/www.mihijosordo.org\/<\/a><\/li>\n<li><strong>Fundaci\u00f3n Mapfre: Joven Sordo:<\/strong><a href=\"http:\/\/www.jovensordo.org\/\" target=\"_blank\" rel=\"noopener\">http:\/\/www.jovensordo.org\/<\/a><\/li>\n<li><strong>SAFGROUP: asociaci\u00f3n formada por familias con hijos e hijas con TEAF (Trastorno del Espectro Alcoh\u00f3lico Fetal):<\/strong><a href=\"https:\/\/www.safgroup.org\/\" target=\"_blank\" rel=\"noopener\">https:\/\/www.safgroup.org\/<\/a><\/li>\n<li>\n<h3>FAMILIA Y RIESGO PSICOSOCIAL:<\/h3>\n<\/li>\n<li><strong>Asociaci\u00f3n \u00abEntre Amigos\u00bb:\u00a0<\/strong><a href=\"http:\/\/www.asociacionentreamigos.com\/\" target=\"_blank\" rel=\"noopener\">http:\/\/www.asociacionentreamigos.com\/<\/a><\/li>\n<li><strong>Asociaci\u00f3n de personas con problemas de salud mental, familiares y allegados, ASEMFA:<\/strong>\u00a0<a href=\"http:\/\/www.asemfa.es\/asemfa-sevilla\/\" target=\"_blank\" rel=\"noopener\">http:\/\/www.asemfa.es\/asemfa-sevilla\/<\/a><\/li>\n<li><strong>Fundaci\u00f3n ATENEA<\/strong>:\u00a0<a href=\"http:\/\/fundacionatenea.org\/\" target=\"_blank\" rel=\"noopener\">http:\/\/fundacionatenea.org\/<\/a><\/li>\n<li><strong>Fundaci\u00f3n Proyecto Don Bosco:\u00a0<\/strong><a href=\"http:\/\/www.proyectodonbosco.com\/\" target=\"_blank\" rel=\"noopener\">http:\/\/www.proyectodonbosco.com\/<\/a><\/li>\n<li><strong>FEANSAL Sociedades laborales de Andaluc\u00eda:\u00a0<\/strong><a href=\"http:\/\/www.feansal.es\/\" target=\"_blank\" rel=\"noopener\">http:\/\/www.feansal.es\/<\/a><\/li>\n<li><strong>Fundaci\u00f3n Secretariado Gitano:\u00a0<\/strong><a href=\"http:\/\/www.gitanos.org\/\" target=\"_blank\" rel=\"noopener\">http:\/\/www.gitanos.org\/<\/a><\/li>\n<\/ul>\n<h3>FAMILIA Y ADOLESCENCIA:<\/h3>\n<ul>\n<li><strong>Asociaci\u00f3n de Familias por la Convivencia:<\/strong><a title=\"Asociaci\u00f3n de Familias por la Convivencia\" href=\"http:\/\/afasc.org\/\" target=\"_blank\" rel=\"noopener\">http:\/\/afasc.org<\/a><\/li>\n<\/ul>\n<h3>MEDIACI\u00d3N FAMILIAR:<\/h3>\n<ul>\n<li><strong>Asociaci\u00f3n Familia y Pareja (FayPa):<\/strong><a title=\"Asociaci\u00f3n Familia y Pareja (FayPa)\" href=\"http:\/\/mediacionfaypa.es\/\" target=\"_blank\" rel=\"noopener\">http:\/\/mediacionfaypa.es\/<\/a><\/li>\n<li><strong>Asociaci\u00f3n Andaluza de Mediaci\u00f3n Familiar AMEFA:<\/strong><a title=\"Asociaci\u00f3n Andaluza de Mediaci\u00f3n Familiar AMEFA\" href=\"http:\/\/mediacionandalucia.es\/amefa\/\" target=\"_blank\" rel=\"noopener\">http:\/\/mediacionandalucia.es\/amefa\/<\/a><\/li>\n<li><strong>Asociaci\u00f3n Alcores:<\/strong><a title=\"Asociaci\u00f3n Alcores\" href=\"http:\/\/www.asociacionalcores.org\/\" target=\"_blank\" rel=\"noopener\">http:\/\/www.asociacionalcores.org\/<\/a><\/li>\n<li><strong>Asociaci\u00f3n Cordobesa de Mediaci\u00f3n Familiar:<\/strong><a title=\"Asociaci\u00f3n Cordobesa de Mediaci\u00f3n Familiar\" href=\"http:\/\/www.mediacioncordoba.es\/index.html\" target=\"_blank\" rel=\"noopener\">http:\/\/www.mediacioncordoba.es\/index.html<\/a><\/li>\n<li><strong>Asociaci\u00f3n DELGOMAR:<\/strong><a title=\"Asociaci\u00f3n DELGOMAR\" href=\"http:\/\/asociaciondelgomar.com\/#intro\" target=\"_blank\" rel=\"noopener\">http:\/\/asociaciondelgomar.com\/#intro<\/a><\/li>\n<li><strong>Asociaci\u00f3n de Mediaci\u00f3n para la Soluci\u00f3n de Conflictos:<\/strong><a title=\"Asociaci\u00f3n de Mediaci\u00f3n para la Soluci\u00f3n de Conflictos\" href=\"http:\/\/www.mediacionsoluciona.com\/\" target=\"_blank\" rel=\"noopener\">http:\/\/www.mediacionsoluciona.com\/<\/a><\/li>\n<li><strong>Asociaci\u00f3n Profesional de Expertos en Mediaci\u00f3n Familiar:<\/strong><a title=\"Asociaci\u00f3n Profesional de Expertos en Mediaci\u00f3n Familiar\" href=\"http:\/\/www.mediadoresdecastillayleon.org\/\" target=\"_blank\" rel=\"noopener\">http:\/\/www.mediadoresdecastillayleon.org\/<\/a><\/li>\n<li><strong>Asociaci\u00f3n de Profesionales de Mediaci\u00f3n:<\/strong><a title=\"Asociaci\u00f3n de Profesionales de Mediaci\u00f3n\" href=\"http:\/\/www.apromedia.org\/\" target=\"_blank\" rel=\"noopener\">http:\/\/www.apromedia.org\/<\/a><\/li>\n<li><strong>Fundaci\u00f3n ATYME:<\/strong><a title=\"Fundaci\u00f3n ATYME\" href=\"http:\/\/www.fundacionsignum.org\/es\/\" target=\"_blank\" rel=\"noopener\">http:\/\/www.fundacionsignum.org\/es\/<\/a><\/li>\n<li><strong>Fundaci\u00f3n AFIME:<\/strong><\/li>\n<li><strong>Medialmer:<\/strong><a title=\"Medialmer\" href=\"http:\/\/www.medialmer.org\/spip.php?article=111\" target=\"_blank\" rel=\"noopener\">http:\/\/www.medialmer.org\/spip.php?article=111<\/a><\/li>\n<li><strong>Mediara:<\/strong><a title=\"Mediara\" href=\"http:\/\/fundacionmediara.com\/index.php\/mediacion\/familiar\/en-andalucia\" target=\"_blank\" rel=\"noopener\">http:\/\/fundacionmediara.com\/index.php\/mediacion\/familiar\/en-andalucia<\/a><\/li>\n<\/ul>\n<h3>VIOLENCIA CONTRA LA MUJER:<\/h3>\n<ul>\n<li><strong>Asociaci\u00f3n Adavas:<\/strong><a title=\"Asociaci\u00f3n Adavas\" href=\"http:\/\/www.adavas.org\/\" target=\"_blank\" rel=\"noopener\">http:\/\/www.adavas.org\/<\/a><\/li>\n<li><strong>Asociaci\u00f3n Amuvi:<\/strong><a title=\"Asociaci\u00f3n Amuvi\" href=\"http:\/\/www.amuvi.org\/\" target=\"_blank\" rel=\"noopener\">http:\/\/www.amuvi.org\/<\/a><\/li>\n<li><strong>Fundaci\u00f3n Ana Bella (Violencia contra la mujer):<\/strong><a title=\"Fundaci\u00f3n Ana Bella (Violencia contra la mujer)\" href=\"http:\/\/www.fundacionanabella.org\/\" target=\"_blank\" rel=\"noopener\">http:\/\/www.fundacionanabella.org\/<\/a><\/li>\n<li><strong>Asociaci\u00f3n Aprodemm:<\/strong><a title=\"Asociaci\u00f3n Aprodemm\" href=\"http:\/\/www.aprodemm.es\/\" target=\"_blank\" rel=\"noopener\">http:\/\/www.aprodemm.es\/<\/a><\/li>\n<li><strong>Asociaci\u00f3n Miriadas:<\/strong><a title=\"Asociaci\u00f3n Miriadas\" href=\"http:\/\/www.miriadas.es\/index.php\" target=\"_blank\" rel=\"noopener\">http:\/\/www.miriadas.es\/index.php<\/a><\/li>\n<li><strong>Fundaci\u00f3n Mujeres. Observatorio de la Violencia de G\u00e9nero:<\/strong><a title=\"Fundaci\u00f3n Mujeres. Observatorio de la Violencia de G\u00e9nero\" href=\"http:\/\/www.observatorioviolencia.org\/\" target=\"_blank\" rel=\"noopener\">http:\/\/www.observatorioviolencia.org\/<\/a><\/li>\n<\/ul>\n","protected":false},"excerpt":{"rendered":"<p>ADOPCI\u00d3N: Asociaci\u00f3n Atlas:http:\/\/www.asatlas.org\/ Asociaci\u00f3n de Familias Adoptantes en China:http:\/\/www.afac.info\/ Asociaci\u00f3n LLAR:http:\/\/www.asociacionllar.org\/ Coordinadora de Asociaciones en Defensa de la Adopci\u00f3n y<\/p>\n","protected":false},"author":3,"featured_media":0,"parent":0,"menu_order":0,"comment_status":"closed","ping_status":"closed","template":"","meta":{"colormag_page_layout":"default_layout","footnotes":""},"class_list":["post-1886","page","type-page","status-publish","hentry"],"_links":{"self":[{"href":"https:\/\/master.us.es\/mimf\/wp-json\/wp\/v2\/pages\/1886","targetHints":{"allow":["GET"]}}],"collection":[{"href":"https:\/\/master.us.es\/mimf\/wp-json\/wp\/v2\/pages"}],"about":[{"href":"https:\/\/master.us.es\/mimf\/wp-json\/wp\/v2\/types\/page"}],"author":[{"embeddable":true,"href":"https:\/\/master.us.es\/mimf\/wp-json\/wp\/v2\/users\/3"}],"replies":[{"embeddable":true,"href":"https:\/\/master.us.es\/mimf\/wp-json\/wp\/v2\/comments?post=1886"}],"version-history":[{"count":0,"href":"https:\/\/master.us.es\/mimf\/wp-json\/wp\/v2\/pages\/1886\/revisions"}],"wp:attachment":[{"href":"https:\/\/master.us.es\/mimf\/wp-json\/wp\/v2\/media?parent=1886"}],"curies":[{"name":"wp","href":"https:\/\/api.w.org\/{rel}","templated":true}]}}