{"id":2006,"date":"2022-06-07T08:30:25","date_gmt":"2022-06-07T08:30:25","guid":{"rendered":"https:\/\/master.us.es\/mimf\/?page_id=2006"},"modified":"2022-06-07T08:30:25","modified_gmt":"2022-06-07T08:30:25","slug":"objetivos","status":"publish","type":"page","link":"https:\/\/master.us.es\/mimf\/objetivos\/","title":{"rendered":"Objetivos"},"content":{"rendered":"<h3>Objetivos generales<\/h3>\n<p>Como parte del postgrado en Psicolog\u00eda, el M\u00e1ster en Intervenci\u00f3n y Mediaci\u00f3n Familiar ofrece una formaci\u00f3n tendente a capacitar para el conocimiento, la intervenci\u00f3n profesional y la investigaci\u00f3n cient\u00edfica en algunos de los temas m\u00e1s importantes que afectan a la familia actual.<\/p>\n<p>En l\u00ednea con los descriptores de Dubl\u00edn, el postgrado se propone que los egresados sean capaces de integrar conocimientos, formular juicios profesionales y desarrollar actuaciones adecuadas en torno a la amplia tem\u00e1tica que abarcan la intervenci\u00f3n y la mediaci\u00f3n familiar. Como formaci\u00f3n universitaria de postgrado, se propone tambi\u00e9n capacitar para la generaci\u00f3n de conocimiento a trav\u00e9s de la investigaci\u00f3n, particularmente en el caso de quienes se propongan desarrollar una tesis de doctorado.<\/p>\n<p>Siguiendo los acuerdos de Bolonia que organizan el espacio europeo de educaci\u00f3n superior, el M\u00e1ster en Intervenci\u00f3n y Mediaci\u00f3n Familiar ofrece dos itinerarios formativos, uno orientado a la profesionalizaci\u00f3n y el otro hacia la investigaci\u00f3n. Ambos conducen a la obtenci\u00f3n del t\u00edtulo de M\u00e1ster. El itinerario de investigaci\u00f3n tiene luego continuidad con la elaboraci\u00f3n de una tesis de doctorado (Ver apartado Estructura). El antiguo programa de doctorado \u00abProcesos de desarrollo e intervenci\u00f3n familiar\u00bb ha pasado a formar parte del actual postgrado.<\/p>\n<h3>Objetivos espec\u00edficos<\/h3>\n<p>Los objetivos que se tratan de alcanzar ata\u00f1en tanto a la profesionalizaci\u00f3n como a la formaci\u00f3n investigadora en relaci\u00f3n con la familia, sus transiciones, sus crisis y la diversidad de problemas que afronta en las cada vez m\u00e1s diversas circunstancias en que funciona y se desarrolla.<\/p>\n<p><strong>Objetivos conceptuales:<\/strong><\/p>\n<p>1. Proporcionar una formaci\u00f3n interdisciplinar en el estudio de los procesos de desarrollo a lo largo de la vida en distintos contextos familiares<\/p>\n<p>2. Acercarse a la diversidad familiar como realidad social y como fuente de necesidades que deben ser atendidas a trav\u00e9s de la intervenci\u00f3n profesional y entendidas a trav\u00e9s de la investigaci\u00f3n.<\/p>\n<p>3. Proporcionar las bases conceptuales y metodol\u00f3gicas para una comprensi\u00f3n de los procesos de intervenci\u00f3n y mediaci\u00f3n familiar tanto en situaciones o condiciones convencionales, como en otras no convencionales y de riesgo.<\/p>\n<p>4. Aprender a evaluar las necesidades de las familias, la calidad de los recursos disponibles y a reconocer la importancia del dise\u00f1o, planificaci\u00f3n y coordinaci\u00f3n de los servicios dirigidos a la familia.<\/p>\n<p><strong>Objetivos de profesionalizaci\u00f3n:<\/strong><\/p>\n<p>1. Conocer estrategias de intervenci\u00f3n y programas para la optimizaci\u00f3n, la prevenci\u00f3n y la resoluci\u00f3n de conflictos en el entorno familiar.<\/p>\n<p>2. Contribuir a la realizaci\u00f3n y difusi\u00f3n de buenas pr\u00e1cticas profesionales en el \u00e1mbito del asesoramiento, la orientaci\u00f3n, la intervenci\u00f3n y la mediaci\u00f3n familiar.<\/p>\n<p>3. Conocer y perfeccionar los protocolos de actuaci\u00f3n y toma de decisiones que se siguen<br \/>\nen diversos organismos y servicios destinados a satisfacer las necesidades del menor y de la familia en diversas circunstancias y ante distintos problemas.<\/p>\n<p>4. Aprender a evaluar las necesidades de las familias, la calidad de los recursos disponibles y a reconocer la importancia del dise\u00f1o, planificaci\u00f3n y coordinaci\u00f3n de los servicios dirigidos a la familia.<\/p>\n<p><strong>Objetivos metodol\u00f3gicos:<\/strong><\/p>\n<p>1. Profundizar en las herramientas de an\u00e1lisis de problem\u00e1ticas asociadas a contextos familiares convencionales, no convencionales, con necesidades especiales y de riesgo y sus principales consecuencias en los miembros de la familia.<\/p>\n<p>2. Conocer y aplicar instrumentos de evaluaci\u00f3n de los procesos de desarrollo a lo largo de la vida, del ambiente educativo familiar y de la calidad de las relaciones interpersonales en la familia desde un punto de vista ecol\u00f3gico-sist\u00e9mico.<\/p>\n<p>3. Ilustrar la aplicaci\u00f3n de los m\u00e9todos, t\u00e9cnicas y utilizaci\u00f3n de instrumentos de evaluaci\u00f3n con datos obtenidos en los trabajos desarrollados por los equipos de investigaci\u00f3n que respaldan esta propuesta formativa.<\/p>\n<p>4. Conocer programas e intervenciones profesionales que implican buenas pr\u00e1cticas profesionales, analizando la metodolog\u00eda seguida tanto en su elaboraci\u00f3n como en su desarrollo y puesta en pr\u00e1ctica.<\/p>\n","protected":false},"excerpt":{"rendered":"<p>Objetivos generales Como parte del postgrado en Psicolog\u00eda, el M\u00e1ster en Intervenci\u00f3n y Mediaci\u00f3n Familiar ofrece una formaci\u00f3n tendente a<\/p>\n","protected":false},"author":3,"featured_media":0,"parent":0,"menu_order":0,"comment_status":"closed","ping_status":"closed","template":"","meta":{"colormag_page_layout":"default_layout","footnotes":""},"class_list":["post-2006","page","type-page","status-publish","hentry"],"_links":{"self":[{"href":"https:\/\/master.us.es\/mimf\/wp-json\/wp\/v2\/pages\/2006","targetHints":{"allow":["GET"]}}],"collection":[{"href":"https:\/\/master.us.es\/mimf\/wp-json\/wp\/v2\/pages"}],"about":[{"href":"https:\/\/master.us.es\/mimf\/wp-json\/wp\/v2\/types\/page"}],"author":[{"embeddable":true,"href":"https:\/\/master.us.es\/mimf\/wp-json\/wp\/v2\/users\/3"}],"replies":[{"embeddable":true,"href":"https:\/\/master.us.es\/mimf\/wp-json\/wp\/v2\/comments?post=2006"}],"version-history":[{"count":0,"href":"https:\/\/master.us.es\/mimf\/wp-json\/wp\/v2\/pages\/2006\/revisions"}],"wp:attachment":[{"href":"https:\/\/master.us.es\/mimf\/wp-json\/wp\/v2\/media?parent=2006"}],"curies":[{"name":"wp","href":"https:\/\/api.w.org\/{rel}","templated":true}]}}