{"id":31,"date":"2022-03-14T11:03:28","date_gmt":"2022-03-14T11:03:28","guid":{"rendered":"https:\/\/master.us.es\/mimf\/?page_id=31"},"modified":"2022-05-30T09:10:51","modified_gmt":"2022-05-30T09:10:51","slug":"politica-de-cookies","status":"publish","type":"page","link":"https:\/\/master.us.es\/mimf\/politica-de-cookies\/","title":{"rendered":"Pol\u00edtica de cookies"},"content":{"rendered":"<p>Esta Pol\u00edtica de Gesti\u00f3n de cookies explica c\u00f3mo se usan las cookies en <a href=\"https:\/\/master.us.es\/mimf\/\" target=\"_blank\" rel=\"noopener\">https:\/\/master.us.es\/mimf\/<\/a>\u00a0y c\u00f3mo se pueden habilitar y deshabilitar.<\/p>\n<p><strong>No recopilaremos informaci\u00f3n personal sobre ti sin tu consentimiento.<\/strong><\/p>\n<p><strong>\u00bfQu\u00e9 es una cookie?<\/strong><\/p>\n<p>Una cookie es informaci\u00f3n\u00a0<strong>an\u00f3nima\u00a0<\/strong>que<strong>\u00a0<\/strong>se almacena en un ordenador, tablet o m\u00f3vil cuando navegas por internet permitiendo reconocer el equipo que est\u00e1s utilizando.<\/p>\n<p>Cuando navegas por <a href=\"https:\/\/master.us.es\/mimf\/\" target=\"_blank\" rel=\"noopener\">https:\/\/master.us.es\/mimf\/<\/a>,\u00a0el sitio puede tener \u00abcookies\u00bb.<\/p>\n<p>Las cookies graban informaci\u00f3n de forma an\u00f3nima y\u00a0<strong>no da\u00f1an tu equipo.<\/strong><\/p>\n<p><strong>\u00bfQu\u00e9 son las cookies que utiliza <a href=\"https:\/\/master.us.es\/mimf\/\" target=\"_blank\" rel=\"noopener\">https:\/\/master.us.es\/mimf\/<\/a><\/strong>?<\/p>\n<table>\n<tbody>\n<tr>\n<td><strong>Tipo de cookies<\/strong><\/td>\n<td><strong>Finalidad de la cookie<\/strong><\/td>\n<td><strong>Consecuencia de deshabilitar la cookie<\/strong><\/td>\n<\/tr>\n<tr>\n<td><strong>Fundamental<\/strong><\/td>\n<td>Estas cookies b\u00e1sicas son imprescindibles para garantizar que tengas una visita sin incidencias: permiten que la p\u00e1gina web te reconozca y deje tu sesi\u00f3n abierta. Adem\u00e1s, facilitan que uses otras herramientas b\u00e1sicas.<\/td>\n<td>La p\u00e1gina web no funciona correctamente sin estas cookies, por lo que deben estar siempre activas. De lo contrario, puede que algunos accesos queden bloqueados.<\/td>\n<\/tr>\n<tr>\n<td><strong>Funcional<\/strong><\/td>\n<td>Estas cookies ayudan a mejorar tu experiencia y te permiten usar el contenido comparti\u00e9ndolo en twitter, facebook, instagram\u2026<\/td>\n<td>Sin estas cookies, puede que tengas acceso restringido a algunos contenidos y herramientas.<\/td>\n<\/tr>\n<tr>\n<td><strong>An\u00e1lisis<\/strong><\/td>\n<td>Estas cookies de an\u00e1lisis recopilan informaci\u00f3n en relaci\u00f3n con el uso de nuestra web que nos permite elaborar estad\u00edsticas de nuestras visitas a la web y as\u00ed realizar los cambios pertinentes para mejorar la experiencia online.<\/td>\n<td>Sin esta informaci\u00f3n, no podremos mejorar nuestra web en base a tu experiencia online, conocer las estad\u00edsticas globales y an\u00f3nimas del tr\u00e1fico web, etc. .<\/td>\n<\/tr>\n<\/tbody>\n<\/table>\n<p>En tu primera visita a nuestra web aparecer\u00e1 un banner informativo en el que podr\u00e1s dar tu consentimiento para el uso de cookies con fines publicitarios.<\/p>\n<p>Al pinchar aqu\u00ed podr\u00e1s controlar el registro de cookies y personalizar los ajustes.<\/p>\n<p><strong>\u00bfQui\u00e9n tiene acceso a tus cookies?<\/strong><\/p>\n<p>Las p\u00e1ginas de internet solo pueden acceder a las cookies que han almacenado en tu equipo. Por ejemplo, si la empresa X guarda una cookie en tu navegador, X podr\u00e1 acceder a su propia cookie pero no a aquellas de otra empresa.<\/p>\n","protected":false},"excerpt":{"rendered":"<p>Esta Pol\u00edtica de Gesti\u00f3n de cookies explica c\u00f3mo se usan las cookies en https:\/\/master.us.es\/mimf\/\u00a0y c\u00f3mo se pueden habilitar y deshabilitar.<\/p>\n","protected":false},"author":1,"featured_media":0,"parent":0,"menu_order":0,"comment_status":"closed","ping_status":"closed","template":"","meta":{"colormag_page_layout":"default_layout","footnotes":""},"class_list":["post-31","page","type-page","status-publish","hentry"],"_links":{"self":[{"href":"https:\/\/master.us.es\/mimf\/wp-json\/wp\/v2\/pages\/31","targetHints":{"allow":["GET"]}}],"collection":[{"href":"https:\/\/master.us.es\/mimf\/wp-json\/wp\/v2\/pages"}],"about":[{"href":"https:\/\/master.us.es\/mimf\/wp-json\/wp\/v2\/types\/page"}],"author":[{"embeddable":true,"href":"https:\/\/master.us.es\/mimf\/wp-json\/wp\/v2\/users\/1"}],"replies":[{"embeddable":true,"href":"https:\/\/master.us.es\/mimf\/wp-json\/wp\/v2\/comments?post=31"}],"version-history":[{"count":0,"href":"https:\/\/master.us.es\/mimf\/wp-json\/wp\/v2\/pages\/31\/revisions"}],"wp:attachment":[{"href":"https:\/\/master.us.es\/mimf\/wp-json\/wp\/v2\/media?parent=31"}],"curies":[{"name":"wp","href":"https:\/\/api.w.org\/{rel}","templated":true}]}}