{"id":38,"date":"2023-06-27T10:16:19","date_gmt":"2023-06-27T08:16:19","guid":{"rendered":"https:\/\/master.us.es\/mumiaus\/?page_id=38"},"modified":"2023-11-17T21:14:52","modified_gmt":"2023-11-17T20:14:52","slug":"acceso-y-admision","status":"publish","type":"page","link":"https:\/\/master.us.es\/mumiaus\/acceso-y-admision\/","title":{"rendered":"Acceso y Admisi\u00f3n"},"content":{"rendered":"\t\t<div data-elementor-type=\"wp-page\" data-elementor-id=\"38\" class=\"elementor elementor-38\">\n\t\t\t\t\t\t<section class=\"elementor-section elementor-top-section elementor-element elementor-element-1f8096d elementor-section-height-min-height elementor-section-boxed elementor-section-height-default elementor-section-items-middle\" data-id=\"1f8096d\" data-element_type=\"section\" data-settings=\"{&quot;background_background&quot;:&quot;classic&quot;}\">\n\t\t\t\t\t\t<div class=\"elementor-container elementor-column-gap-default\">\n\t\t\t\t\t<div class=\"elementor-column elementor-col-100 elementor-top-column elementor-element elementor-element-01941fb\" data-id=\"01941fb\" data-element_type=\"column\">\n\t\t\t<div class=\"elementor-widget-wrap elementor-element-populated\">\n\t\t\t\t\t\t<div class=\"elementor-element elementor-element-90447b1 elementor-widget elementor-widget-heading\" data-id=\"90447b1\" data-element_type=\"widget\" data-widget_type=\"heading.default\">\n\t\t\t\t<div class=\"elementor-widget-container\">\n\t\t\t<style>\/*! elementor - v3.19.0 - 28-02-2024 *\/\n.elementor-heading-title{padding:0;margin:0;line-height:1}.elementor-widget-heading .elementor-heading-title[class*=elementor-size-]>a{color:inherit;font-size:inherit;line-height:inherit}.elementor-widget-heading .elementor-heading-title.elementor-size-small{font-size:15px}.elementor-widget-heading .elementor-heading-title.elementor-size-medium{font-size:19px}.elementor-widget-heading .elementor-heading-title.elementor-size-large{font-size:29px}.elementor-widget-heading .elementor-heading-title.elementor-size-xl{font-size:39px}.elementor-widget-heading .elementor-heading-title.elementor-size-xxl{font-size:59px}<\/style><h1 class=\"elementor-heading-title elementor-size-xl\">Acceso y Admisi\u00f3n<\/h1>\t\t<\/div>\n\t\t\t\t<\/div>\n\t\t\t\t\t<\/div>\n\t\t<\/div>\n\t\t\t\t\t<\/div>\n\t\t<\/section>\n\t\t\t\t<section class=\"elementor-section elementor-top-section elementor-element elementor-element-b2b9536 elementor-section-boxed elementor-section-height-default elementor-section-height-default\" data-id=\"b2b9536\" data-element_type=\"section\">\n\t\t\t\t\t\t<div class=\"elementor-container elementor-column-gap-default\">\n\t\t\t\t\t<div class=\"elementor-column elementor-col-50 elementor-top-column elementor-element elementor-element-c8957fd\" data-id=\"c8957fd\" data-element_type=\"column\">\n\t\t\t<div class=\"elementor-widget-wrap elementor-element-populated\">\n\t\t\t\t\t\t<div class=\"elementor-element elementor-element-23cd0eb elementor-widget elementor-widget-text-editor\" data-id=\"23cd0eb\" data-element_type=\"widget\" data-widget_type=\"text-editor.default\">\n\t\t\t\t<div class=\"elementor-widget-container\">\n\t\t\t<style>\/*! elementor - v3.19.0 - 28-02-2024 *\/\n.elementor-widget-text-editor.elementor-drop-cap-view-stacked .elementor-drop-cap{background-color:#69727d;color:#fff}.elementor-widget-text-editor.elementor-drop-cap-view-framed .elementor-drop-cap{color:#69727d;border:3px solid;background-color:transparent}.elementor-widget-text-editor:not(.elementor-drop-cap-view-default) .elementor-drop-cap{margin-top:8px}.elementor-widget-text-editor:not(.elementor-drop-cap-view-default) .elementor-drop-cap-letter{width:1em;height:1em}.elementor-widget-text-editor .elementor-drop-cap{float:left;text-align:center;line-height:1;font-size:50px}.elementor-widget-text-editor .elementor-drop-cap-letter{display:inline-block}<\/style>\t\t\t\t<p>De acuerdo con lo previsto en el art\u00edculo 18 del Real Decreto 822\/2021, de 28 de septiembre, por el que se establece la organizaci\u00f3n de las ense\u00f1anzas universitarias y del procedimiento de aseguramiento de su calidad, con car\u00e1cter general podr\u00e1n acceder a ense\u00f1anzas oficiales de M\u00e1ster quienes re\u00fanan los requisitos exigidos:<\/p><ul><li>La posesi\u00f3n de un t\u00edtulo universitario oficial de Graduada o Graduado espa\u00f1ol o equivalente es condici\u00f3n para acceder a un M\u00e1ster Universitario, o en su caso disponer de otro t\u00edtulo de M\u00e1ster Universitario, o t\u00edtulos del mismo nivel que el t\u00edtulo espa\u00f1ol de Grado o M\u00e1ster expedidos por universidades e instituciones de educaci\u00f3n superior de un pa\u00eds del EEES que en dicho pa\u00eds permita el acceso a los estudios de M\u00e1ster.<\/li><\/ul><p>\u00a0<\/p><ul><li>\u00a0De igual modo, podr\u00e1n acceder a un M\u00e1ster Universitario del sistema universitario espa\u00f1ol personas en posesi\u00f3n de t\u00edtulos procedentes de sistemas educativos que no formen parte del EEES, que equivalgan al t\u00edtulo de Grado, sin necesidad de homologaci\u00f3n del t\u00edtulo, pero s\u00ed de comprobaci\u00f3n por parte de la universidad del nivel de formaci\u00f3n que implican, siempre y cuando en el pa\u00eds donde se haya expedido dicho t\u00edtulo permita acceder a estudios de nivel de postgrado universitario. En ning\u00fan caso el acceso por esta v\u00eda implicar\u00e1 la homologaci\u00f3n del t\u00edtulo previo del que dispon\u00eda la persona interesada ni su reconocimiento a otros efectos que el de realizar los estudios de M\u00e1ster.<\/li><\/ul><p>\u00a0<\/p><ul><li>\u00a0Las universidades podr\u00e1n excepcionalmente establecer, a partir de normativas espec\u00edficas aprobadas por sus \u00f3rganos de Gobierno, procedimientos de matr\u00edcula condicionada para el acceso a un M\u00e1ster Universitario. Esta consistir\u00e1 en permitir que un o una estudiante de Grado al que le reste por superar el TFG y como m\u00e1ximo hasta 9 cr\u00e9ditos ECTS, podr\u00e1 acceder y matricularse en un M\u00e1ster Universitario, si bien en ning\u00fan caso podr\u00e1 obtener el t\u00edtulo de M\u00e1ster si previamente no ha obtenido el t\u00edtulo de Grado. Las universidades garantizar\u00e1n la prioridad en la matr\u00edcula de los y las estudiantes que dispongan del t\u00edtulo universitario oficial de Graduada o Graduado. En este procedimiento podr\u00e1n ser tenidos en cuenta los cr\u00e9ditos pendientes de reconocimiento o transferencia en el t\u00edtulo de Grado, o la exigencia de superaci\u00f3n de un determinado nivel de conocimiento de un idioma extranjero para la obtenci\u00f3n del t\u00edtulo.<\/li><\/ul><h2>\u00a0<\/h2><h2>Procedimiento y criterios de Admisi\u00f3n<\/h2><p>El art\u00edculo 18 del RD 822\/2021, de 28 de septiembre, regula el acceso y la admisi\u00f3n a las ense\u00f1anzas oficiales de M\u00e1ster. A nivel auton\u00f3mico, seg\u00fan el art\u00edculo 75 de la Ley 15\/2003 Andaluza de Universidades, a los \u00fanicos efectos del ingreso en los centros universitarios, todas las Universidades p\u00fablicas andaluzas se constituyen en un distrito \u00fanico. En consecuencia, los procesos de admisi\u00f3n de alumnos se realizan de acuerdo con los criterios que establezca la Comisi\u00f3n de Distrito \u00danico Andaluz, consider\u00e1ndose en los mismos la existencia de estudiantes con necesidades educativas espec\u00edficas derivadas de discapacidad. Seg\u00fan las disposiciones del Distrito \u00danico Universitario de Andaluc\u00eda por las que se establece el procedimiento para el ingreso en los M\u00e1steres universitarios, el criterio de prelaci\u00f3n en la adjudicaci\u00f3n de plazas tendr\u00e1 en cuenta \u201clos requisitos de admisi\u00f3n y los criterios en el orden de preferencia que para cada M\u00e1ster se haya establecido en la correspondiente memoria de implantaci\u00f3n, o en su defecto, por la comisi\u00f3n Acad\u00e9mica correspondiente\u201d. En todo caso, el procedimiento de ingreso se ajustar\u00e1 a la normativa vigente en cada momento, en particular a los acuerdos de la Comisi\u00f3n del Distrito \u00danico Universitario de Andaluc\u00eda, publicados anualmente por la Direcci\u00f3n General de Universidades.<\/p><p>Toda la informaci\u00f3n sobre acceso y admisi\u00f3n a los estudios de la Universidad de Sevilla se encuentra permanentemente actualizada en la direcci\u00f3n: <span style=\"text-decoration: underline;\"><a href=\"https:\/\/www.us.es\/estudiar\/acceso-matricula\" target=\"_blank\" rel=\"noopener\"><span style=\"color: #008000; text-decoration: underline;\">Matr\u00edcula de acceso<\/span><\/a><\/span><\/p><p>La Comisi\u00f3n Acad\u00e9mica del M\u00e1ster establecer\u00e1 y aplicar\u00e1 los criterios de selecci\u00f3n, siempre respetando los principios de m\u00e9rito e igualdad de oportunidades. Las titulaciones preferentes como criterio de admisi\u00f3n ser\u00e1n:<\/p><p>&#8211; Marketing e Investigaci\u00f3n de Mercados. <br \/>&#8211; Administraci\u00f3n y Direcci\u00f3n de Empresas. <br \/>&#8211; Turismo. <br \/>&#8211; Ciencias Econ\u00f3micas y Empresariales. <br \/>&#8211; Econom\u00eda. <br \/>&#8211; Finanzas y Contabilidad. <br \/>&#8211; Publicidad y Relaciones P\u00fablicas. <br \/>&#8211; Comunicaci\u00f3n Audiovisual. <br \/>&#8211; Psicolog\u00eda. <br \/>&#8211; Sociolog\u00eda. <br \/>&#8211; Estad\u00edstica. <br \/>&#8211; Ingenier\u00eda Inform\u00e1tica. <br \/>&#8211; Ingenier\u00eda de Tecnolog\u00edas de la Telecomunicaci\u00f3n. <br \/>&#8211; Ingenier\u00eda de Organizaci\u00f3n Industrial.<br \/>&#8211; Ingenier\u00eda en Dise\u00f1o Industrial y Desarrollo del Producto.<br \/>&#8211; Matem\u00e1ticas.<\/p><p>Las asignaturas de:<\/p><p>Estrategias de marketing y direcci\u00f3n comercial (Optativa, C1, 4, espa\u00f1ol)<br \/>Investigaci\u00f3n de marketing (Optativa, C1, 4, espa\u00f1ol)<br \/>Creaci\u00f3n de empresas e Innovaci\u00f3n (Optativa, C1, 4, espa\u00f1ol)<\/p><p>Se establecen como Complementos formativos para aquellos estudiantes cuya formaci\u00f3n inicial no provenga del \u00e1mbito de conocimiento al que se adscribe el t\u00edtulo, por lo que tendr\u00e1n para ellos el car\u00e1cter de asignaturas obligatorias.<\/p><p>En caso de estudiantes extranjeros con lengua materna distinta al espa\u00f1ol, ser\u00e1 necesario acreditar el nivel m\u00ednimo de B2 en castellano.<\/p><p>\u00a0<\/p><p>Las fechas m\u00e1s relevantes del proceso se pueden encontrar en\u00a0este enlace:<br \/><span style=\"color: #008000;\"><a style=\"color: #008000;\" href=\"https:\/\/www.juntadeandalucia.es\/economiaconocimientoempresasyuniversidad\/sguit\/?q=masteres&amp;d=mo_calendario.php\" target=\"_blank\" rel=\"noopener\">Fechas del proceso de preinscripci\u00f3n<\/a><\/span><\/p><p><br \/>Las distintas fases del procedimiento de admisi\u00f3n (Fase 1: cupo de extranjeros; Fase 2: cupo general y Fase 3: cupo general) y el proceso de matr\u00edcula se puede consultar:<\/p><p class=\"titulo-dua\"><span style=\"color: #008000;\"><a style=\"color: #008000;\" href=\"https:\/\/www.juntadeandalucia.es\/economiaconocimientoempresasyuniversidad\/sguit\/?q=masteres&amp;d=mo_requisitos_procedimiento.php\" target=\"_blank\" rel=\"noopener\">Requisitos de acceso y procedimiento de admisi\u00f3n<\/a><\/span><\/p><div id=\"accordion\" role=\"tablist\"><div class=\"card border-info mb-2\"><div id=\"heading1\" class=\"card-header\" role=\"tab\">\u00a0<\/div><\/div><\/div>\t\t\t\t\t\t<\/div>\n\t\t\t\t<\/div>\n\t\t\t\t\t<\/div>\n\t\t<\/div>\n\t\t\t\t<div class=\"elementor-column elementor-col-50 elementor-top-column elementor-element elementor-element-7e9d3f2\" data-id=\"7e9d3f2\" data-element_type=\"column\">\n\t\t\t<div class=\"elementor-widget-wrap elementor-element-populated\">\n\t\t\t\t\t\t<div class=\"elementor-element elementor-element-a3ad97f elementor-widget elementor-widget-heading\" data-id=\"a3ad97f\" data-element_type=\"widget\" data-widget_type=\"heading.default\">\n\t\t\t\t<div class=\"elementor-widget-container\">\n\t\t\t<h3 class=\"elementor-heading-title elementor-size-default\">Plan de estudios<\/h3>\t\t<\/div>\n\t\t\t\t<\/div>\n\t\t\t\t<div class=\"elementor-element elementor-element-d3399e1 hfe-nav-menu__breakpoint-none hfe-nav-menu__align-left hfe-submenu-icon-arrow hfe-link-redirect-child elementor-widget elementor-widget-navigation-menu\" data-id=\"d3399e1\" data-element_type=\"widget\" data-settings=\"{&quot;padding_vertical_menu_item&quot;:{&quot;unit&quot;:&quot;px&quot;,&quot;size&quot;:20,&quot;sizes&quot;:[]},&quot;menu_space_between&quot;:{&quot;unit&quot;:&quot;px&quot;,&quot;size&quot;:0,&quot;sizes&quot;:[]},&quot;padding_horizontal_menu_item&quot;:{&quot;unit&quot;:&quot;px&quot;,&quot;size&quot;:15,&quot;sizes&quot;:[]},&quot;padding_horizontal_menu_item_widescreen&quot;:{&quot;unit&quot;:&quot;px&quot;,&quot;size&quot;:&quot;&quot;,&quot;sizes&quot;:[]},&quot;padding_horizontal_menu_item_tablet&quot;:{&quot;unit&quot;:&quot;px&quot;,&quot;size&quot;:&quot;&quot;,&quot;sizes&quot;:[]},&quot;padding_horizontal_menu_item_mobile&quot;:{&quot;unit&quot;:&quot;px&quot;,&quot;size&quot;:&quot;&quot;,&quot;sizes&quot;:[]},&quot;padding_vertical_menu_item_widescreen&quot;:{&quot;unit&quot;:&quot;px&quot;,&quot;size&quot;:&quot;&quot;,&quot;sizes&quot;:[]},&quot;padding_vertical_menu_item_tablet&quot;:{&quot;unit&quot;:&quot;px&quot;,&quot;size&quot;:&quot;&quot;,&quot;sizes&quot;:[]},&quot;padding_vertical_menu_item_mobile&quot;:{&quot;unit&quot;:&quot;px&quot;,&quot;size&quot;:&quot;&quot;,&quot;sizes&quot;:[]},&quot;menu_space_between_widescreen&quot;:{&quot;unit&quot;:&quot;px&quot;,&quot;size&quot;:&quot;&quot;,&quot;sizes&quot;:[]},&quot;menu_space_between_tablet&quot;:{&quot;unit&quot;:&quot;px&quot;,&quot;size&quot;:&quot;&quot;,&quot;sizes&quot;:[]},&quot;menu_space_between_mobile&quot;:{&quot;unit&quot;:&quot;px&quot;,&quot;size&quot;:&quot;&quot;,&quot;sizes&quot;:[]},&quot;dropdown_border_radius&quot;:{&quot;unit&quot;:&quot;px&quot;,&quot;top&quot;:&quot;&quot;,&quot;right&quot;:&quot;&quot;,&quot;bottom&quot;:&quot;&quot;,&quot;left&quot;:&quot;&quot;,&quot;isLinked&quot;:true},&quot;dropdown_border_radius_widescreen&quot;:{&quot;unit&quot;:&quot;px&quot;,&quot;top&quot;:&quot;&quot;,&quot;right&quot;:&quot;&quot;,&quot;bottom&quot;:&quot;&quot;,&quot;left&quot;:&quot;&quot;,&quot;isLinked&quot;:true},&quot;dropdown_border_radius_tablet&quot;:{&quot;unit&quot;:&quot;px&quot;,&quot;top&quot;:&quot;&quot;,&quot;right&quot;:&quot;&quot;,&quot;bottom&quot;:&quot;&quot;,&quot;left&quot;:&quot;&quot;,&quot;isLinked&quot;:true},&quot;dropdown_border_radius_mobile&quot;:{&quot;unit&quot;:&quot;px&quot;,&quot;top&quot;:&quot;&quot;,&quot;right&quot;:&quot;&quot;,&quot;bottom&quot;:&quot;&quot;,&quot;left&quot;:&quot;&quot;,&quot;isLinked&quot;:true},&quot;padding_horizontal_dropdown_item&quot;:{&quot;unit&quot;:&quot;px&quot;,&quot;size&quot;:&quot;&quot;,&quot;sizes&quot;:[]},&quot;padding_horizontal_dropdown_item_widescreen&quot;:{&quot;unit&quot;:&quot;px&quot;,&quot;size&quot;:&quot;&quot;,&quot;sizes&quot;:[]},&quot;padding_horizontal_dropdown_item_tablet&quot;:{&quot;unit&quot;:&quot;px&quot;,&quot;size&quot;:&quot;&quot;,&quot;sizes&quot;:[]},&quot;padding_horizontal_dropdown_item_mobile&quot;:{&quot;unit&quot;:&quot;px&quot;,&quot;size&quot;:&quot;&quot;,&quot;sizes&quot;:[]},&quot;padding_vertical_dropdown_item&quot;:{&quot;unit&quot;:&quot;px&quot;,&quot;size&quot;:15,&quot;sizes&quot;:[]},&quot;padding_vertical_dropdown_item_widescreen&quot;:{&quot;unit&quot;:&quot;px&quot;,&quot;size&quot;:&quot;&quot;,&quot;sizes&quot;:[]},&quot;padding_vertical_dropdown_item_tablet&quot;:{&quot;unit&quot;:&quot;px&quot;,&quot;size&quot;:&quot;&quot;,&quot;sizes&quot;:[]},&quot;padding_vertical_dropdown_item_mobile&quot;:{&quot;unit&quot;:&quot;px&quot;,&quot;size&quot;:&quot;&quot;,&quot;sizes&quot;:[]},&quot;distance_from_menu&quot;:{&quot;unit&quot;:&quot;px&quot;,&quot;size&quot;:&quot;&quot;,&quot;sizes&quot;:[]},&quot;distance_from_menu_widescreen&quot;:{&quot;unit&quot;:&quot;px&quot;,&quot;size&quot;:&quot;&quot;,&quot;sizes&quot;:[]},&quot;distance_from_menu_tablet&quot;:{&quot;unit&quot;:&quot;px&quot;,&quot;size&quot;:&quot;&quot;,&quot;sizes&quot;:[]},&quot;distance_from_menu_mobile&quot;:{&quot;unit&quot;:&quot;px&quot;,&quot;size&quot;:&quot;&quot;,&quot;sizes&quot;:[]},&quot;toggle_size&quot;:{&quot;unit&quot;:&quot;px&quot;,&quot;size&quot;:&quot;&quot;,&quot;sizes&quot;:[]},&quot;toggle_size_widescreen&quot;:{&quot;unit&quot;:&quot;px&quot;,&quot;size&quot;:&quot;&quot;,&quot;sizes&quot;:[]},&quot;toggle_size_tablet&quot;:{&quot;unit&quot;:&quot;px&quot;,&quot;size&quot;:&quot;&quot;,&quot;sizes&quot;:[]},&quot;toggle_size_mobile&quot;:{&quot;unit&quot;:&quot;px&quot;,&quot;size&quot;:&quot;&quot;,&quot;sizes&quot;:[]},&quot;toggle_border_width&quot;:{&quot;unit&quot;:&quot;px&quot;,&quot;size&quot;:&quot;&quot;,&quot;sizes&quot;:[]},&quot;toggle_border_width_widescreen&quot;:{&quot;unit&quot;:&quot;px&quot;,&quot;size&quot;:&quot;&quot;,&quot;sizes&quot;:[]},&quot;toggle_border_width_tablet&quot;:{&quot;unit&quot;:&quot;px&quot;,&quot;size&quot;:&quot;&quot;,&quot;sizes&quot;:[]},&quot;toggle_border_width_mobile&quot;:{&quot;unit&quot;:&quot;px&quot;,&quot;size&quot;:&quot;&quot;,&quot;sizes&quot;:[]},&quot;toggle_border_radius&quot;:{&quot;unit&quot;:&quot;px&quot;,&quot;size&quot;:&quot;&quot;,&quot;sizes&quot;:[]},&quot;toggle_border_radius_widescreen&quot;:{&quot;unit&quot;:&quot;px&quot;,&quot;size&quot;:&quot;&quot;,&quot;sizes&quot;:[]},&quot;toggle_border_radius_tablet&quot;:{&quot;unit&quot;:&quot;px&quot;,&quot;size&quot;:&quot;&quot;,&quot;sizes&quot;:[]},&quot;toggle_border_radius_mobile&quot;:{&quot;unit&quot;:&quot;px&quot;,&quot;size&quot;:&quot;&quot;,&quot;sizes&quot;:[]}}\" data-widget_type=\"navigation-menu.default\">\n\t\t\t\t<div class=\"elementor-widget-container\">\n\t\t\t\t\t\t<div class=\"hfe-nav-menu hfe-layout-vertical hfe-nav-menu-layout vertical\" data-layout=\"vertical\">\n\t\t\t\t<div role=\"button\" class=\"hfe-nav-menu__toggle elementor-clickable\">\n\t\t\t\t\t<span class=\"screen-reader-text\">Men\u00fa<\/span>\n\t\t\t\t\t<div class=\"hfe-nav-menu-icon\">\n\t\t\t\t\t\t\t\t\t\t\t<\/div>\n\t\t\t\t<\/div>\n\t\t\t\t<nav class=\"hfe-nav-menu__layout-vertical hfe-nav-menu__submenu-arrow\" data-toggle-icon=\"\" data-close-icon=\"\" data-full-width=\"\">\n\t\t\t\t\t<ul id=\"menu-1-d3399e1\" class=\"hfe-nav-menu\"><li id=\"menu-item-317\" class=\"menu-item menu-item-type-post_type menu-item-object-page parent hfe-creative-menu\"><a href=\"https:\/\/master.us.es\/mumiaus\/objetivos-formativos\/\" class = \"hfe-menu-item\">Objetivos formativos<\/a><\/li>\n<li id=\"menu-item-315\" class=\"menu-item menu-item-type-post_type menu-item-object-page parent hfe-creative-menu\"><a href=\"https:\/\/master.us.es\/mumiaus\/estructura-del-plan-de-estudios\/\" class = \"hfe-menu-item\">Estructura del plan de estudios<\/a><\/li>\n<li id=\"menu-item-311\" class=\"menu-item menu-item-type-post_type menu-item-object-page parent hfe-creative-menu\"><a href=\"https:\/\/master.us.es\/mumiaus\/calendario-y-horario\/\" class = \"hfe-menu-item\">Calendario y horario<\/a><\/li>\n<li id=\"menu-item-314\" class=\"menu-item menu-item-type-post_type menu-item-object-page parent hfe-creative-menu\"><a href=\"https:\/\/master.us.es\/mumiaus\/practicas-externas\/\" class = \"hfe-menu-item\">Pr\u00e1cticas externas<\/a><\/li>\n<li id=\"menu-item-313\" class=\"menu-item menu-item-type-post_type menu-item-object-page parent hfe-creative-menu\"><a href=\"https:\/\/master.us.es\/mumiaus\/sistema-interno-de-garantia-de-calidad\/\" class = \"hfe-menu-item\">Sistema interno de garant\u00eda de calidad<\/a><\/li>\n<li id=\"menu-item-316\" class=\"menu-item menu-item-type-post_type menu-item-object-page parent hfe-creative-menu\"><a href=\"https:\/\/master.us.es\/mumiaus\/perfiles-de-ingreso\/\" class = \"hfe-menu-item\">Perfiles de egreso<\/a><\/li>\n<li id=\"menu-item-312\" class=\"menu-item menu-item-type-post_type menu-item-object-page parent hfe-creative-menu\"><a href=\"https:\/\/master.us.es\/mumiaus\/comision-academica\/\" class = \"hfe-menu-item\">Comisi\u00f3n acad\u00e9mica<\/a><\/li>\n<\/ul> \n\t\t\t\t<\/nav>\n\t\t\t<\/div>\n\t\t\t\t\t<\/div>\n\t\t\t\t<\/div>\n\t\t\t\t\t<\/div>\n\t\t<\/div>\n\t\t\t\t\t<\/div>\n\t\t<\/section>\n\t\t\t\t<\/div>\n\t\t","protected":false},"excerpt":{"rendered":"<p>De acuerdo con lo previsto en el art\u00edculo 18 del Real Decreto 822\/2021, de 28 de septiembre, por el que se establece la organizaci\u00f3n de las ense\u00f1anzas universitarias y del procedimiento de aseguramiento de su calidad, con car\u00e1cter general podr\u00e1n acceder a ense\u00f1anzas oficiales de M\u00e1ster quienes re\u00fanan los requisitos exigidos: La posesi\u00f3n de un [&hellip;]<\/p>\n","protected":false},"author":2,"featured_media":0,"parent":0,"menu_order":0,"comment_status":"closed","ping_status":"closed","template":"","meta":{"footnotes":""},"class_list":["post-38","page","type-page","status-publish","hentry"],"_links":{"self":[{"href":"https:\/\/master.us.es\/mumiaus\/wp-json\/wp\/v2\/pages\/38","targetHints":{"allow":["GET"]}}],"collection":[{"href":"https:\/\/master.us.es\/mumiaus\/wp-json\/wp\/v2\/pages"}],"about":[{"href":"https:\/\/master.us.es\/mumiaus\/wp-json\/wp\/v2\/types\/page"}],"author":[{"embeddable":true,"href":"https:\/\/master.us.es\/mumiaus\/wp-json\/wp\/v2\/users\/2"}],"replies":[{"embeddable":true,"href":"https:\/\/master.us.es\/mumiaus\/wp-json\/wp\/v2\/comments?post=38"}],"version-history":[{"count":30,"href":"https:\/\/master.us.es\/mumiaus\/wp-json\/wp\/v2\/pages\/38\/revisions"}],"predecessor-version":[{"id":887,"href":"https:\/\/master.us.es\/mumiaus\/wp-json\/wp\/v2\/pages\/38\/revisions\/887"}],"wp:attachment":[{"href":"https:\/\/master.us.es\/mumiaus\/wp-json\/wp\/v2\/media?parent=38"}],"curies":[{"name":"wp","href":"https:\/\/api.w.org\/{rel}","templated":true}]}}