{"id":46,"date":"2023-06-27T10:16:59","date_gmt":"2023-06-27T08:16:59","guid":{"rendered":"https:\/\/master.us.es\/mumiaus\/?page_id=46"},"modified":"2023-11-17T21:18:46","modified_gmt":"2023-11-17T20:18:46","slug":"enlaces-de-interes","status":"publish","type":"page","link":"https:\/\/master.us.es\/mumiaus\/enlaces-de-interes\/","title":{"rendered":"Enlaces de inter\u00e9s"},"content":{"rendered":"\t\t<div data-elementor-type=\"wp-page\" data-elementor-id=\"46\" class=\"elementor elementor-46\">\n\t\t\t\t\t\t<section class=\"elementor-section elementor-top-section elementor-element elementor-element-766dab0 elementor-section-height-min-height elementor-section-boxed elementor-section-height-default elementor-section-items-middle\" data-id=\"766dab0\" data-element_type=\"section\" data-settings=\"{&quot;background_background&quot;:&quot;classic&quot;}\">\n\t\t\t\t\t\t<div class=\"elementor-container elementor-column-gap-default\">\n\t\t\t\t\t<div class=\"elementor-column elementor-col-100 elementor-top-column elementor-element elementor-element-78b292d\" data-id=\"78b292d\" data-element_type=\"column\">\n\t\t\t<div class=\"elementor-widget-wrap elementor-element-populated\">\n\t\t\t\t\t\t<div class=\"elementor-element elementor-element-34c1287 elementor-widget elementor-widget-heading\" data-id=\"34c1287\" data-element_type=\"widget\" data-widget_type=\"heading.default\">\n\t\t\t\t<div class=\"elementor-widget-container\">\n\t\t\t<style>\/*! elementor - v3.19.0 - 28-02-2024 *\/\n.elementor-heading-title{padding:0;margin:0;line-height:1}.elementor-widget-heading .elementor-heading-title[class*=elementor-size-]>a{color:inherit;font-size:inherit;line-height:inherit}.elementor-widget-heading .elementor-heading-title.elementor-size-small{font-size:15px}.elementor-widget-heading .elementor-heading-title.elementor-size-medium{font-size:19px}.elementor-widget-heading .elementor-heading-title.elementor-size-large{font-size:29px}.elementor-widget-heading .elementor-heading-title.elementor-size-xl{font-size:39px}.elementor-widget-heading .elementor-heading-title.elementor-size-xxl{font-size:59px}<\/style><h1 class=\"elementor-heading-title elementor-size-default\">Enlaces de inter\u00e9s<\/h1>\t\t<\/div>\n\t\t\t\t<\/div>\n\t\t\t\t\t<\/div>\n\t\t<\/div>\n\t\t\t\t\t<\/div>\n\t\t<\/section>\n\t\t\t\t<section class=\"elementor-section elementor-top-section elementor-element elementor-element-fa12cd7 elementor-section-boxed elementor-section-height-default elementor-section-height-default\" data-id=\"fa12cd7\" data-element_type=\"section\">\n\t\t\t\t\t\t<div class=\"elementor-container elementor-column-gap-default\">\n\t\t\t\t\t<div class=\"elementor-column elementor-col-50 elementor-top-column elementor-element elementor-element-2e6c20e\" data-id=\"2e6c20e\" data-element_type=\"column\">\n\t\t\t<div class=\"elementor-widget-wrap elementor-element-populated\">\n\t\t\t\t\t\t<div class=\"elementor-element elementor-element-cbfdfe3 elementor-widget elementor-widget-text-editor\" data-id=\"cbfdfe3\" data-element_type=\"widget\" data-widget_type=\"text-editor.default\">\n\t\t\t\t<div class=\"elementor-widget-container\">\n\t\t\t<style>\/*! elementor - v3.19.0 - 28-02-2024 *\/\n.elementor-widget-text-editor.elementor-drop-cap-view-stacked .elementor-drop-cap{background-color:#69727d;color:#fff}.elementor-widget-text-editor.elementor-drop-cap-view-framed .elementor-drop-cap{color:#69727d;border:3px solid;background-color:transparent}.elementor-widget-text-editor:not(.elementor-drop-cap-view-default) .elementor-drop-cap{margin-top:8px}.elementor-widget-text-editor:not(.elementor-drop-cap-view-default) .elementor-drop-cap-letter{width:1em;height:1em}.elementor-widget-text-editor .elementor-drop-cap{float:left;text-align:center;line-height:1;font-size:50px}.elementor-widget-text-editor .elementor-drop-cap-letter{display:inline-block}<\/style>\t\t\t\t<p><span style=\"color: #339966;\"><a style=\"color: #339966;\" href=\"https:\/\/www.us.es\/\" target=\"_blank\" rel=\"noopener\">Portal Universidad de Sevilla<\/a><\/span><\/p><p><span style=\"color: #339966;\"><a style=\"color: #339966;\" href=\"https:\/\/www.us.es\/internacional\/oficina-welcome\/vivir-la-us\" target=\"_blank\" rel=\"noopener\">Vivir la US<\/a><\/span><\/p><p><span style=\"color: #339966;\"><a style=\"color: #339966;\" href=\"https:\/\/fceye.us.es\/\" target=\"_blank\" rel=\"noopener\">Facultad de Ciencias Econ\u00f3micas y Empresariales de la US<\/a><\/span><\/p><p><span style=\"color: #339966;\"><a style=\"color: #339966;\" href=\"https:\/\/www.us.es\/sites\/default\/files\/inline-files\/RESOLUCI%C3%93N%20RECTORAL%205-7-22%20NORMAS%20DE%20MATR%C3%8DCULA%202022-23%20F.pdf\" target=\"_blank\" rel=\"noopener\">Normas Reguladores en Estudios de M\u00e1ster Universitario<\/a>\u00a0<\/span><\/p><p><span style=\"color: #339966;\"><a style=\"color: #339966;\" href=\"http:\/\/guiadeestudiantes.us.es\/\" target=\"_blank\" rel=\"noopener\">Gu\u00eda del Estudiante de la US<\/a><\/span><\/p><p><span style=\"color: #339966;\"><a style=\"color: #339966;\" href=\"https:\/\/cat.us.es\/\" target=\"_blank\" rel=\"noopener\">Centro de Atenci\u00f3n al Estudiante (CAT)<\/a><\/span><\/p><p><span style=\"color: #339966;\"><a style=\"color: #339966;\" href=\"https:\/\/internacional.us.es\/welcome-us\" target=\"_blank\" rel=\"noopener\">Informaci\u00f3n para estudiantes extranjeros<\/a><\/span><\/p><p><span style=\"color: #339966;\"><a style=\"color: #339966;\" href=\"https:\/\/www.us.es\/estudiar\/becas-ayudas\" target=\"_blank\" rel=\"noopener\">Becas y Ayudas<\/a><\/span><\/p><p><span style=\"color: #339966;\"><a style=\"color: #339966;\" href=\"https:\/\/www.us.es\/internacional\/movilidad\" target=\"_blank\" rel=\"noopener\">Movilidad Internacional<\/a><\/span><\/p><p><span style=\"color: #339966;\"><a style=\"color: #339966;\" href=\"https:\/\/www.us.es\/internacional\/oficina-welcome\/centro-internacional\" target=\"_blank\" rel=\"noopener\">Centro Internacional<\/a><\/span><\/p><p><span style=\"color: #339966;\"><a style=\"color: #339966;\" href=\"https:\/\/sevius.us.es\/\" target=\"_blank\" rel=\"noopener\">Secretar\u00eda Virtual<\/a><\/span><\/p><p><span style=\"color: #339966;\"><a style=\"color: #339966;\" href=\"https:\/\/ev.us.es\/\" target=\"_blank\" rel=\"noopener\">Ense\u00f1anza Virtual<\/a><\/span><\/p><p><span style=\"color: #339966;\"><a style=\"color: #339966;\" href=\"https:\/\/bib.us.es\/economicas\/\" target=\"_blank\" rel=\"noopener\">Biblioteca US<\/a><\/span><\/p><p><span style=\"color: #339966;\"><a style=\"color: #339966;\" href=\"https:\/\/institucional.us.es\/vrelinstitu\/node\/99\" target=\"_blank\" rel=\"noopener\">Carnet Universitario<\/a><\/span><\/p><p><span style=\"color: #339966;\"><a style=\"color: #339966;\" href=\"https:\/\/cicus.us.es\/\" target=\"_blank\" rel=\"noopener\">Centro de Iniciativas Culturales de la US (CICUS)<\/a><\/span><\/p><p><span style=\"color: #339966;\"><a style=\"color: #339966;\" href=\"https:\/\/www.sadus.us.es\/\" target=\"_blank\" rel=\"noopener\">Actividades Deportivas (SADUS)<\/a><\/span><\/p><p><span style=\"color: #339966;\"><a style=\"color: #339966;\" href=\"https:\/\/servicio.us.es\/spee\/practicas\" target=\"_blank\" rel=\"noopener\">Secretariado de Pr\u00e1cticas en Empresas y Empleo<\/a><\/span><\/p><p><span style=\"color: #339966;\"><a style=\"color: #339966;\" href=\"https:\/\/sacu.us.es\/\" target=\"_blank\" rel=\"noopener\">Servicio de Asistencia a la Comunidad Universitaria (SACU)<\/a><\/span><\/p><ul><li><span style=\"color: #339966;\"><a style=\"color: #339966;\" href=\"https:\/\/sacu.us.es\/spp-prestaciones\" target=\"_blank\" rel=\"noopener\">Asesoramiento US<\/a><\/span><\/li><li><span style=\"color: #339966;\"><a style=\"color: #339966;\" href=\"https:\/\/sacu.us.es\/spp-servicios-alojamiento\" target=\"_blank\" rel=\"noopener\">Bolsa de Alojamiento y Viviendas<\/a><\/span><\/li><li><span style=\"color: #339966;\"><a style=\"color: #339966;\" href=\"https:\/\/sacu.us.es\/spp-servicios-comedores\" target=\"_blank\" rel=\"noopener\">Comedores Universitarios<\/a><\/span><\/li><li><span style=\"color: #339966;\"><a style=\"color: #339966;\" href=\"https:\/\/sacu.us.es\/spp-servicios-intercambio\" target=\"_blank\" rel=\"noopener\">Intercambio ling\u00fc\u00edstico<\/a><\/span><\/li><li><span style=\"color: #339966;\"><a style=\"color: #339966;\" href=\"http:\/\/igualdad.us.es\/\" target=\"_blank\" rel=\"noopener\">Unidad para la Igualdad<\/a><\/span><\/li><li><span style=\"color: #339966;\"><a style=\"color: #339966;\" href=\"https:\/\/sacu.us.es\/spp-prestaciones-voluntariado\" target=\"_blank\" rel=\"noopener\">Voluntariado<\/a><\/span><\/li><li><span style=\"color: #339966;\"><a style=\"color: #339966;\" href=\"https:\/\/www.us.es\/internacional\/oficina-welcome\/vivir-en-sevilla\" target=\"_blank\" rel=\"noopener\">Vivir en Sevilla<\/a><\/span><\/li><\/ul>\t\t\t\t\t\t<\/div>\n\t\t\t\t<\/div>\n\t\t\t\t\t<\/div>\n\t\t<\/div>\n\t\t\t\t<div class=\"elementor-column elementor-col-50 elementor-top-column elementor-element elementor-element-78a6893\" data-id=\"78a6893\" data-element_type=\"column\">\n\t\t\t<div class=\"elementor-widget-wrap elementor-element-populated\">\n\t\t\t\t\t\t<div class=\"elementor-element elementor-element-e5590ea elementor-widget elementor-widget-heading\" data-id=\"e5590ea\" data-element_type=\"widget\" data-widget_type=\"heading.default\">\n\t\t\t\t<div class=\"elementor-widget-container\">\n\t\t\t<h3 class=\"elementor-heading-title elementor-size-default\">Plan de estudios<\/h3>\t\t<\/div>\n\t\t\t\t<\/div>\n\t\t\t\t<div class=\"elementor-element elementor-element-4477b9b hfe-nav-menu__breakpoint-none hfe-nav-menu__align-left hfe-submenu-icon-arrow hfe-link-redirect-child elementor-widget elementor-widget-navigation-menu\" data-id=\"4477b9b\" data-element_type=\"widget\" data-settings=\"{&quot;padding_vertical_menu_item&quot;:{&quot;unit&quot;:&quot;px&quot;,&quot;size&quot;:20,&quot;sizes&quot;:[]},&quot;menu_space_between&quot;:{&quot;unit&quot;:&quot;px&quot;,&quot;size&quot;:0,&quot;sizes&quot;:[]},&quot;padding_horizontal_menu_item&quot;:{&quot;unit&quot;:&quot;px&quot;,&quot;size&quot;:15,&quot;sizes&quot;:[]},&quot;padding_horizontal_menu_item_widescreen&quot;:{&quot;unit&quot;:&quot;px&quot;,&quot;size&quot;:&quot;&quot;,&quot;sizes&quot;:[]},&quot;padding_horizontal_menu_item_tablet&quot;:{&quot;unit&quot;:&quot;px&quot;,&quot;size&quot;:&quot;&quot;,&quot;sizes&quot;:[]},&quot;padding_horizontal_menu_item_mobile&quot;:{&quot;unit&quot;:&quot;px&quot;,&quot;size&quot;:&quot;&quot;,&quot;sizes&quot;:[]},&quot;padding_vertical_menu_item_widescreen&quot;:{&quot;unit&quot;:&quot;px&quot;,&quot;size&quot;:&quot;&quot;,&quot;sizes&quot;:[]},&quot;padding_vertical_menu_item_tablet&quot;:{&quot;unit&quot;:&quot;px&quot;,&quot;size&quot;:&quot;&quot;,&quot;sizes&quot;:[]},&quot;padding_vertical_menu_item_mobile&quot;:{&quot;unit&quot;:&quot;px&quot;,&quot;size&quot;:&quot;&quot;,&quot;sizes&quot;:[]},&quot;menu_space_between_widescreen&quot;:{&quot;unit&quot;:&quot;px&quot;,&quot;size&quot;:&quot;&quot;,&quot;sizes&quot;:[]},&quot;menu_space_between_tablet&quot;:{&quot;unit&quot;:&quot;px&quot;,&quot;size&quot;:&quot;&quot;,&quot;sizes&quot;:[]},&quot;menu_space_between_mobile&quot;:{&quot;unit&quot;:&quot;px&quot;,&quot;size&quot;:&quot;&quot;,&quot;sizes&quot;:[]},&quot;dropdown_border_radius&quot;:{&quot;unit&quot;:&quot;px&quot;,&quot;top&quot;:&quot;&quot;,&quot;right&quot;:&quot;&quot;,&quot;bottom&quot;:&quot;&quot;,&quot;left&quot;:&quot;&quot;,&quot;isLinked&quot;:true},&quot;dropdown_border_radius_widescreen&quot;:{&quot;unit&quot;:&quot;px&quot;,&quot;top&quot;:&quot;&quot;,&quot;right&quot;:&quot;&quot;,&quot;bottom&quot;:&quot;&quot;,&quot;left&quot;:&quot;&quot;,&quot;isLinked&quot;:true},&quot;dropdown_border_radius_tablet&quot;:{&quot;unit&quot;:&quot;px&quot;,&quot;top&quot;:&quot;&quot;,&quot;right&quot;:&quot;&quot;,&quot;bottom&quot;:&quot;&quot;,&quot;left&quot;:&quot;&quot;,&quot;isLinked&quot;:true},&quot;dropdown_border_radius_mobile&quot;:{&quot;unit&quot;:&quot;px&quot;,&quot;top&quot;:&quot;&quot;,&quot;right&quot;:&quot;&quot;,&quot;bottom&quot;:&quot;&quot;,&quot;left&quot;:&quot;&quot;,&quot;isLinked&quot;:true},&quot;padding_horizontal_dropdown_item&quot;:{&quot;unit&quot;:&quot;px&quot;,&quot;size&quot;:&quot;&quot;,&quot;sizes&quot;:[]},&quot;padding_horizontal_dropdown_item_widescreen&quot;:{&quot;unit&quot;:&quot;px&quot;,&quot;size&quot;:&quot;&quot;,&quot;sizes&quot;:[]},&quot;padding_horizontal_dropdown_item_tablet&quot;:{&quot;unit&quot;:&quot;px&quot;,&quot;size&quot;:&quot;&quot;,&quot;sizes&quot;:[]},&quot;padding_horizontal_dropdown_item_mobile&quot;:{&quot;unit&quot;:&quot;px&quot;,&quot;size&quot;:&quot;&quot;,&quot;sizes&quot;:[]},&quot;padding_vertical_dropdown_item&quot;:{&quot;unit&quot;:&quot;px&quot;,&quot;size&quot;:15,&quot;sizes&quot;:[]},&quot;padding_vertical_dropdown_item_widescreen&quot;:{&quot;unit&quot;:&quot;px&quot;,&quot;size&quot;:&quot;&quot;,&quot;sizes&quot;:[]},&quot;padding_vertical_dropdown_item_tablet&quot;:{&quot;unit&quot;:&quot;px&quot;,&quot;size&quot;:&quot;&quot;,&quot;sizes&quot;:[]},&quot;padding_vertical_dropdown_item_mobile&quot;:{&quot;unit&quot;:&quot;px&quot;,&quot;size&quot;:&quot;&quot;,&quot;sizes&quot;:[]},&quot;distance_from_menu&quot;:{&quot;unit&quot;:&quot;px&quot;,&quot;size&quot;:&quot;&quot;,&quot;sizes&quot;:[]},&quot;distance_from_menu_widescreen&quot;:{&quot;unit&quot;:&quot;px&quot;,&quot;size&quot;:&quot;&quot;,&quot;sizes&quot;:[]},&quot;distance_from_menu_tablet&quot;:{&quot;unit&quot;:&quot;px&quot;,&quot;size&quot;:&quot;&quot;,&quot;sizes&quot;:[]},&quot;distance_from_menu_mobile&quot;:{&quot;unit&quot;:&quot;px&quot;,&quot;size&quot;:&quot;&quot;,&quot;sizes&quot;:[]},&quot;toggle_size&quot;:{&quot;unit&quot;:&quot;px&quot;,&quot;size&quot;:&quot;&quot;,&quot;sizes&quot;:[]},&quot;toggle_size_widescreen&quot;:{&quot;unit&quot;:&quot;px&quot;,&quot;size&quot;:&quot;&quot;,&quot;sizes&quot;:[]},&quot;toggle_size_tablet&quot;:{&quot;unit&quot;:&quot;px&quot;,&quot;size&quot;:&quot;&quot;,&quot;sizes&quot;:[]},&quot;toggle_size_mobile&quot;:{&quot;unit&quot;:&quot;px&quot;,&quot;size&quot;:&quot;&quot;,&quot;sizes&quot;:[]},&quot;toggle_border_width&quot;:{&quot;unit&quot;:&quot;px&quot;,&quot;size&quot;:&quot;&quot;,&quot;sizes&quot;:[]},&quot;toggle_border_width_widescreen&quot;:{&quot;unit&quot;:&quot;px&quot;,&quot;size&quot;:&quot;&quot;,&quot;sizes&quot;:[]},&quot;toggle_border_width_tablet&quot;:{&quot;unit&quot;:&quot;px&quot;,&quot;size&quot;:&quot;&quot;,&quot;sizes&quot;:[]},&quot;toggle_border_width_mobile&quot;:{&quot;unit&quot;:&quot;px&quot;,&quot;size&quot;:&quot;&quot;,&quot;sizes&quot;:[]},&quot;toggle_border_radius&quot;:{&quot;unit&quot;:&quot;px&quot;,&quot;size&quot;:&quot;&quot;,&quot;sizes&quot;:[]},&quot;toggle_border_radius_widescreen&quot;:{&quot;unit&quot;:&quot;px&quot;,&quot;size&quot;:&quot;&quot;,&quot;sizes&quot;:[]},&quot;toggle_border_radius_tablet&quot;:{&quot;unit&quot;:&quot;px&quot;,&quot;size&quot;:&quot;&quot;,&quot;sizes&quot;:[]},&quot;toggle_border_radius_mobile&quot;:{&quot;unit&quot;:&quot;px&quot;,&quot;size&quot;:&quot;&quot;,&quot;sizes&quot;:[]}}\" data-widget_type=\"navigation-menu.default\">\n\t\t\t\t<div class=\"elementor-widget-container\">\n\t\t\t\t\t\t<div class=\"hfe-nav-menu hfe-layout-vertical hfe-nav-menu-layout vertical\" data-layout=\"vertical\">\n\t\t\t\t<div role=\"button\" class=\"hfe-nav-menu__toggle elementor-clickable\">\n\t\t\t\t\t<span class=\"screen-reader-text\">Men\u00fa<\/span>\n\t\t\t\t\t<div class=\"hfe-nav-menu-icon\">\n\t\t\t\t\t\t\t\t\t\t\t<\/div>\n\t\t\t\t<\/div>\n\t\t\t\t<nav class=\"hfe-nav-menu__layout-vertical hfe-nav-menu__submenu-arrow\" data-toggle-icon=\"\" data-close-icon=\"\" data-full-width=\"\">\n\t\t\t\t\t<ul id=\"menu-1-4477b9b\" class=\"hfe-nav-menu\"><li id=\"menu-item-317\" class=\"menu-item menu-item-type-post_type menu-item-object-page parent hfe-creative-menu\"><a href=\"https:\/\/master.us.es\/mumiaus\/objetivos-formativos\/\" class = \"hfe-menu-item\">Objetivos formativos<\/a><\/li>\n<li id=\"menu-item-315\" class=\"menu-item menu-item-type-post_type menu-item-object-page parent hfe-creative-menu\"><a href=\"https:\/\/master.us.es\/mumiaus\/estructura-del-plan-de-estudios\/\" class = \"hfe-menu-item\">Estructura del plan de estudios<\/a><\/li>\n<li id=\"menu-item-311\" class=\"menu-item menu-item-type-post_type menu-item-object-page parent hfe-creative-menu\"><a href=\"https:\/\/master.us.es\/mumiaus\/calendario-y-horario\/\" class = \"hfe-menu-item\">Calendario y horario<\/a><\/li>\n<li id=\"menu-item-314\" class=\"menu-item menu-item-type-post_type menu-item-object-page parent hfe-creative-menu\"><a href=\"https:\/\/master.us.es\/mumiaus\/practicas-externas\/\" class = \"hfe-menu-item\">Pr\u00e1cticas externas<\/a><\/li>\n<li id=\"menu-item-313\" class=\"menu-item menu-item-type-post_type menu-item-object-page parent hfe-creative-menu\"><a href=\"https:\/\/master.us.es\/mumiaus\/sistema-interno-de-garantia-de-calidad\/\" class = \"hfe-menu-item\">Sistema interno de garant\u00eda de calidad<\/a><\/li>\n<li id=\"menu-item-316\" class=\"menu-item menu-item-type-post_type menu-item-object-page parent hfe-creative-menu\"><a href=\"https:\/\/master.us.es\/mumiaus\/perfiles-de-ingreso\/\" class = \"hfe-menu-item\">Perfiles de egreso<\/a><\/li>\n<li id=\"menu-item-312\" class=\"menu-item menu-item-type-post_type menu-item-object-page parent hfe-creative-menu\"><a href=\"https:\/\/master.us.es\/mumiaus\/comision-academica\/\" class = \"hfe-menu-item\">Comisi\u00f3n acad\u00e9mica<\/a><\/li>\n<\/ul> \n\t\t\t\t<\/nav>\n\t\t\t<\/div>\n\t\t\t\t\t<\/div>\n\t\t\t\t<\/div>\n\t\t\t\t\t<\/div>\n\t\t<\/div>\n\t\t\t\t\t<\/div>\n\t\t<\/section>\n\t\t\t\t<\/div>\n\t\t","protected":false},"excerpt":{"rendered":"<p>Enlaces de inter\u00e9s Portal Universidad de Sevilla Vivir la US Facultad de Ciencias Econ\u00f3micas y Empresariales de la US Normas Reguladores en Estudios de M\u00e1ster Universitario\u00a0 Gu\u00eda del Estudiante de la US Centro de Atenci\u00f3n al Estudiante (CAT) Informaci\u00f3n para estudiantes extranjeros Becas y Ayudas Movilidad Internacional Centro Internacional Secretar\u00eda Virtual Ense\u00f1anza Virtual Biblioteca US [&hellip;]<\/p>\n","protected":false},"author":2,"featured_media":0,"parent":0,"menu_order":0,"comment_status":"closed","ping_status":"closed","template":"","meta":{"footnotes":""},"class_list":["post-46","page","type-page","status-publish","hentry"],"_links":{"self":[{"href":"https:\/\/master.us.es\/mumiaus\/wp-json\/wp\/v2\/pages\/46","targetHints":{"allow":["GET"]}}],"collection":[{"href":"https:\/\/master.us.es\/mumiaus\/wp-json\/wp\/v2\/pages"}],"about":[{"href":"https:\/\/master.us.es\/mumiaus\/wp-json\/wp\/v2\/types\/page"}],"author":[{"embeddable":true,"href":"https:\/\/master.us.es\/mumiaus\/wp-json\/wp\/v2\/users\/2"}],"replies":[{"embeddable":true,"href":"https:\/\/master.us.es\/mumiaus\/wp-json\/wp\/v2\/comments?post=46"}],"version-history":[{"count":24,"href":"https:\/\/master.us.es\/mumiaus\/wp-json\/wp\/v2\/pages\/46\/revisions"}],"predecessor-version":[{"id":892,"href":"https:\/\/master.us.es\/mumiaus\/wp-json\/wp\/v2\/pages\/46\/revisions\/892"}],"wp:attachment":[{"href":"https:\/\/master.us.es\/mumiaus\/wp-json\/wp\/v2\/media?parent=46"}],"curies":[{"name":"wp","href":"https:\/\/api.w.org\/{rel}","templated":true}]}}