{"id":5696,"date":"2017-06-28T09:29:23","date_gmt":"2017-06-28T09:29:23","guid":{"rendered":"http:\/\/forall.es\/mgeni\/?page_id=5696"},"modified":"2017-06-28T09:32:17","modified_gmt":"2017-06-28T09:32:17","slug":"master","status":"publish","type":"page","link":"https:\/\/master.us.es\/pdgeni\/master\/","title":{"rendered":"Master"},"content":{"rendered":"<p>El Master en \u00abGesti\u00f3n Estrat\u00e9gica y Negocios Internacionales\u00bb de la Facultad de Ciencias Econ\u00f3micas y  Empresariales de la Universidad de Sevilla, nace de la transformaci\u00f3n del programa de doctorado \u00abGesti\u00f3n de la  Globalizaci\u00f3n y Adaptaci\u00f3n al cambio\u00bb, programa que ha recibido la menci\u00f3n de calidad del Ministerio de Educaci\u00f3n y  Ciencia (MEC) desde el curso 2005-2006. Dicho master est\u00e1 orientado a lograr una especializaci\u00f3n en el campo de la  gesti\u00f3n de las empresas y de la direcci\u00f3n de los negocios internacionales. Para ello, persigue alcanzar la capacitaci\u00f3n  necesaria para ejercer tareas de gesti\u00f3n, analizando detalladamente las t\u00e9cnicas y herramientas especializadas en  este campo, as\u00ed como desarrollar las competencias personales necesarias que permita afrontar los nuevos retos en la  organizaci\u00f3n, como el desarrollo de nuevas e innovadoras ideas de negocios. La gesti\u00f3n estrat\u00e9gica de la empresa y  de los negocios internacionales se trata de una actividad que implica el desarrollo de habilidades y actitudes para  afrontar con \u00e9xito la resoluci\u00f3n de determinados problemas. Los directivos de empresas deben ser capaces de  enfrentarse a los cambios, ser resolutivos, con capacidades para la toma de decisiones, la negociaci\u00f3n y el trabajo en  equipo, con iniciativa y creatividad. En otro orden de cosas, los directivos empresariales deben com\u00fanmente asumir  roles de liderazgo, comunicaci\u00f3n efectiva de sus ideas y objetivos, tanto internamente como de cara al exterior de la  empresa, deben saber analizar el entorno interno y externo a su empresa y trazar planes de cara al futuro, saber  detectar recursos y capacidades valiosos de su empresa y ponerlos en valor a trav\u00e9s de la estrategia.  <\/p>\n<p>Los conocimientos propios que se adquieren en el master en \u00abGesti\u00f3n Estrat\u00e9gica y Negocios Internacionales\u00bb est\u00e1n  ligados a una profundizaci\u00f3n de las habilidades que permitir\u00e1n a los directivos de las empresas gestionar los  diferentes aspectos econ\u00f3micos, sociales y culturales que influyen en su actividad profesional internacional; esto es,  proporcionar al directivo las habilidades de comunicaci\u00f3n y negociaci\u00f3n necesarias para su constante interacci\u00f3n con  otros pa\u00edses, y tambi\u00e9n los conocimientos, herramientas y t\u00e9cnicas necesarias para llevar a cabo las acciones de  presencia y consolidaci\u00f3n de la empresa en los diferentes mercados. <\/p>\n<p>En este contexto, el Master en Gesti\u00f3n Estrat\u00e9gica y Negocios Internacionales surge del continuo esfuerzo del  Departamento de Administraci\u00f3n de Empresas y Marketing de la Universidad de Sevilla por lograr el mejor ajuste  posible a las necesidades reales y potenciales del mercado laboral. Con ello se pretende dar respuesta a la demanda  de numerosas empresas andaluzas que compiten en mercados internacionales, y que solicitan la formaci\u00f3n de  especialistas en este \u00e1mbito. En este sentido, destacar que la internacionalizaci\u00f3n es uno de los objetivos prioritarios  de la Junta de Andaluc\u00eda (PAI). Tambi\u00e9n obedece a una petici\u00f3n expresa que hace la Agencia Andaluza EXTENDA  (responsable de impulsar la promoci\u00f3n exterior de las empresas y productos andaluces). De igual modo, debemos  resaltar que esta tem\u00e1tica es considerada una de las \u00c1reas Prioritarias del Plan Nacional de Investigaci\u00f3n Cient\u00edfica y  Desarrollo e Innovaci\u00f3n Tecnol\u00f3gica 2004-2007. <\/p>\n<p>Finalmente, se\u00f1alar que el M\u00e1ster en Gesti\u00f3n Estrat\u00e9gica y Negocios Internacionales tambi\u00e9n puede generar  demanda entre los profesionales de las empresas andaluzas internacionalizadas, que seg\u00fan la Confederaci\u00f3n de Empresarios de Andaluc\u00eda asciende a un total de 745 empresas.Empresarios de Andaluc\u00eda asciende a un total de 745 empresas.<\/p>\n","protected":false},"excerpt":{"rendered":"<p>El Master en \u00abGesti\u00f3n Estrat\u00e9gica y Negocios Internacionales\u00bb de la Facultad de Ciencias Econ\u00f3micas y Empresariales de la Universidad de Sevilla, nace de la transformaci\u00f3n del programa de doctorado \u00abGesti\u00f3n de la Globalizaci\u00f3n y Adaptaci\u00f3n al cambio\u00bb, programa que ha recibido la menci\u00f3n de calidad del Ministerio de Educaci\u00f3n y Ciencia (MEC) desde el curso &hellip;<\/p>\n","protected":false},"author":1,"featured_media":0,"parent":0,"menu_order":0,"comment_status":"closed","ping_status":"closed","template":"","meta":{"_acf_changed":false,"footnotes":""},"class_list":["post-5696","page","type-page","status-publish","hentry"],"acf":[],"_links":{"self":[{"href":"https:\/\/master.us.es\/pdgeni\/wp-json\/wp\/v2\/pages\/5696","targetHints":{"allow":["GET"]}}],"collection":[{"href":"https:\/\/master.us.es\/pdgeni\/wp-json\/wp\/v2\/pages"}],"about":[{"href":"https:\/\/master.us.es\/pdgeni\/wp-json\/wp\/v2\/types\/page"}],"author":[{"embeddable":true,"href":"https:\/\/master.us.es\/pdgeni\/wp-json\/wp\/v2\/users\/1"}],"replies":[{"embeddable":true,"href":"https:\/\/master.us.es\/pdgeni\/wp-json\/wp\/v2\/comments?post=5696"}],"version-history":[{"count":1,"href":"https:\/\/master.us.es\/pdgeni\/wp-json\/wp\/v2\/pages\/5696\/revisions"}],"predecessor-version":[{"id":5697,"href":"https:\/\/master.us.es\/pdgeni\/wp-json\/wp\/v2\/pages\/5696\/revisions\/5697"}],"wp:attachment":[{"href":"https:\/\/master.us.es\/pdgeni\/wp-json\/wp\/v2\/media?parent=5696"}],"curies":[{"name":"wp","href":"https:\/\/api.w.org\/{rel}","templated":true}]}}