{"id":5698,"date":"2017-06-28T09:31:24","date_gmt":"2017-06-28T09:31:24","guid":{"rendered":"http:\/\/forall.es\/mgeni\/?page_id=5698"},"modified":"2017-11-06T11:36:38","modified_gmt":"2017-11-06T11:36:38","slug":"objetivos","status":"publish","type":"page","link":"https:\/\/master.us.es\/pdgeni\/master\/objetivos\/","title":{"rendered":"Objetivos y Competencias"},"content":{"rendered":"<p>La gesti\u00f3n estrat\u00e9gica de la empresa y de los negocios internacionales se trata de una actividad que implica el desarrollo de habilidades y actitudes para afrontar con \u00e9xito la resoluci\u00f3n de problemas. Los directivos deben ser capaces de enfrentarse a los cambios, ser resolutivos, \u00e1giles en la toma de decisiones, preparados para la negociaci\u00f3n y el trabajo en equipo y con grandes dotes de iniciativa y creatividad. En otro orden de cosas, los directivos empresariales deben com\u00fanmente asumir roles de liderazgo, comunicaci\u00f3n efectiva de sus ideas y objetivos, tanto internamente como de cara al exterior de la empresa, deben saber analizar el entorno interno y externo y trazar planes de cara al futuro, saber detectar recursos y capacidades valiosos de su empresa y ponerlos en valor a trav\u00e9s de la estrategia.<\/p>\n<p>&nbsp;<\/p>\n<p>Las distintas asignaturas y actividades que conforman el m\u00e1ster GENI US est\u00e1n orientadas al desarrollo de todas estas habilidades, as\u00ed como a proporcionar los conocimientos, herramientas y t\u00e9cnicas necesarias para llevar a cabo las acciones de presencia y consolidaci\u00f3n de la empresa en los diferentes mercados internacionales. Asimismo, el master GENI US habilita a todos aqu\u00e9llos que desean continuar su formaci\u00f3n en el campo de la investigaci\u00f3n para acceder al Programa de Doctorado de la US de igual denominaci\u00f3n (enlace web doctorado (<a href=\"https:\/\/institucional.us.es\/docgestra\/\">consultar web propia doctorado <\/a>).<\/p>\n<p>&nbsp;<\/p>\n<p>Entre los objetivos generales de este m\u00e1ster destacan los siguientes:<\/p>\n<ul>\n<li>Proporcionar una visi\u00f3n de la empresa desde una \u00f3ptica directiva, realizando una menci\u00f3n especial a las estrategias necesarias para el desarrollo de los negocios internacionales.<\/li>\n<li>Obtener un conocimiento exhaustivo del proceso estrat\u00e9gico de la empresa, as\u00ed como de las herramientas y metodolog\u00edas de gesti\u00f3n avanzadas utilizadas por las empresas que desean adaptarse a un entorno tan din\u00e1mico y competitivo como el actual.<\/li>\n<li>Desarrollar las capacidades claves para la gesti\u00f3n empresarial tales como el trabajo en equipo, la comunicaci\u00f3n, la direcci\u00f3n de personas o la creatividad.<\/li>\n<li>Potenciar el desarrollo de una mentalidad abierta e innovadora, adaptada a un entorno empresarial globalizado y en continuo cambio.<\/li>\n<li>Favorecer las actitudes emprendedoras.<\/li>\n<li>Estimular en los equipos directivos, el respeto a la \u00e9tica y el factor humano.<\/li>\n<li>Profundizar sobre las estrategias de internacionalizaci\u00f3n y los modos de entrada en nuevos mercados<\/li>\n<\/ul>\n<p>&nbsp;<\/p>\n<p>Al finalizar el m\u00e1ster, quienes lo hayan cursado deber\u00e1n haber adquirido las competencias que les permitan situarse conceptual y pr\u00e1cticamente ante la diversidad de realidades, relaciones y necesidades que ocurren en el \u00e1mbito empresarial. Entre estas competencias, destacan las siguientes:<\/p>\n<ul>\n<li>Capacidad de an\u00e1lisis y s\u00edntesis<\/li>\n<li>Capacidad de organizar y planificar<\/li>\n<li>Solidez en los conocimientos b\u00e1sicos de la gesti\u00f3n internacional<\/li>\n<li>Habilidades para recuperar y analizar informaci\u00f3n de varias fuentes<\/li>\n<li>Resoluci\u00f3n de problemas<\/li>\n<li>Toma de decisiones<\/li>\n<li>Capacidad de cr\u00edtica y autocr\u00edtica<\/li>\n<li>Trabajo en equipo<\/li>\n<li>Habilidades en las relaciones interpersonales<\/li>\n<li>Capacidad para aplicar la teor\u00eda a la pr\u00e1ctica<\/li>\n<li>Capacidad de aprender<\/li>\n<li>Capacidad de adaptaci\u00f3n a nuevas situaciones<\/li>\n<li>Capacidad de generar nuevas ideas (creatividad)<\/li>\n<li>Habilidad para trabajar de forma aut\u00f3noma<\/li>\n<\/ul>\n","protected":false},"excerpt":{"rendered":"<p>La gesti\u00f3n estrat\u00e9gica de la empresa y de los negocios internacionales se trata de una actividad que implica el desarrollo de habilidades y actitudes para afrontar con \u00e9xito la resoluci\u00f3n de problemas. Los directivos deben ser capaces de enfrentarse a los cambios, ser resolutivos, \u00e1giles en la toma de decisiones, preparados para la negociaci\u00f3n y &hellip;<\/p>\n","protected":false},"author":1,"featured_media":0,"parent":5696,"menu_order":0,"comment_status":"closed","ping_status":"closed","template":"","meta":{"_acf_changed":false,"footnotes":""},"class_list":["post-5698","page","type-page","status-publish","hentry"],"acf":[],"_links":{"self":[{"href":"https:\/\/master.us.es\/pdgeni\/wp-json\/wp\/v2\/pages\/5698","targetHints":{"allow":["GET"]}}],"collection":[{"href":"https:\/\/master.us.es\/pdgeni\/wp-json\/wp\/v2\/pages"}],"about":[{"href":"https:\/\/master.us.es\/pdgeni\/wp-json\/wp\/v2\/types\/page"}],"author":[{"embeddable":true,"href":"https:\/\/master.us.es\/pdgeni\/wp-json\/wp\/v2\/users\/1"}],"replies":[{"embeddable":true,"href":"https:\/\/master.us.es\/pdgeni\/wp-json\/wp\/v2\/comments?post=5698"}],"version-history":[{"count":6,"href":"https:\/\/master.us.es\/pdgeni\/wp-json\/wp\/v2\/pages\/5698\/revisions"}],"predecessor-version":[{"id":6084,"href":"https:\/\/master.us.es\/pdgeni\/wp-json\/wp\/v2\/pages\/5698\/revisions\/6084"}],"up":[{"embeddable":true,"href":"https:\/\/master.us.es\/pdgeni\/wp-json\/wp\/v2\/pages\/5696"}],"wp:attachment":[{"href":"https:\/\/master.us.es\/pdgeni\/wp-json\/wp\/v2\/media?parent=5698"}],"curies":[{"name":"wp","href":"https:\/\/api.w.org\/{rel}","templated":true}]}}