{"id":5707,"date":"2017-06-28T09:45:52","date_gmt":"2017-06-28T09:45:52","guid":{"rendered":"http:\/\/forall.es\/mgeni\/?page_id=5707"},"modified":"2025-09-25T15:55:22","modified_gmt":"2025-09-25T15:55:22","slug":"estructura-curricular","status":"publish","type":"page","link":"https:\/\/master.us.es\/pdgeni\/master\/estructura-curricular\/","title":{"rendered":"Estructura curricular"},"content":{"rendered":"<div id=\"pl-5707\"  class=\"panel-layout\" ><div id=\"pg-5707-0\"  class=\"panel-grid panel-no-style\" ><div id=\"pgc-5707-0-0\"  class=\"panel-grid-cell\" ><div id=\"panel-5707-0-0-0\" class=\"so-panel widget widget_pw_brochure_box widget-brochure-box panel-first-child panel-last-child\" data-index=\"0\" ><h3 class=\"widget-title\"><span class=\"widget-title__inline\">Gu\u00eda Detallada del M\u00e1ster GENI 2025-2026<\/span><\/h3>\r\n\t<a class=\"brochure-box\" href=\"https:\/\/master.us.es\/pdgeni\/wp-content\/uploads\/2025\/09\/Guia-GENI-2025-2026.pdf\" target=\"_blank\">\r\n\t\t<span class=\"brochure-box__icon\"><i class=\"fa  fa-file-pdf-o\"><\/i><\/span>\r\n\t\t<h5 class=\"brochure-box__text\">DESCARGAR Gu\u00eda del M\u00e1ster 2025-2026 -----  Contiene la descripci\u00f3n detallada del t\u00edtulo, as\u00ed como de cada una de las asignaturas que lo integran, detall\u00e1ndose contenidos, metodolog\u00edas docentes, bibliograf\u00eda recomendada y sistemas de evaluaci\u00f3n.<\/h5>\r\n\t<\/a>\r\n\r\n<\/div><\/div><\/div><div id=\"pg-5707-1\"  class=\"panel-grid panel-no-style\" ><div id=\"pgc-5707-1-0\"  class=\"panel-grid-cell\" ><div id=\"panel-5707-1-0-0\" class=\"so-panel widget widget_sow-editor panel-first-child panel-last-child\" data-index=\"1\" ><div\n\t\t\t\n\t\t\tclass=\"so-widget-sow-editor so-widget-sow-editor-base\"\n\t\t\t\n\t\t>\n<div class=\"siteorigin-widget-tinymce textwidget\">\n\t<div class=\"accordion__panel panel panel-default\">\n<div id=\"collapse-widget-26-0-0-1\" class=\"accordion__content panel-collapse collapse\" style=\"height: 0px;\" role=\"tabpanel\" aria-labelledby=\"heading-widget-26-0-0-1\" aria-expanded=\"false\">\n<div class=\"panel-body\">\n<p>&nbsp;<\/p>\n<\/div>\n<\/div>\n<\/div>\n<hr \/>\n<p><strong>La estructura curricular del M\u00e1ster se recoge en la Gu\u00eda detallada del t\u00edtulo<\/strong><\/p>\n<p>&nbsp;<\/p>\n<p>&nbsp;<\/p>\n<\/div>\n<\/div><\/div><\/div><\/div><\/div>","protected":false},"excerpt":{"rendered":"<p>&nbsp; La estructura curricular del M\u00e1ster se recoge en la Gu\u00eda detallada del t\u00edtulo &nbsp; &nbsp;<\/p>\n","protected":false},"author":1,"featured_media":0,"parent":5696,"menu_order":0,"comment_status":"closed","ping_status":"closed","template":"","meta":{"_acf_changed":false,"footnotes":""},"class_list":["post-5707","page","type-page","status-publish","hentry"],"acf":[],"_links":{"self":[{"href":"https:\/\/master.us.es\/pdgeni\/wp-json\/wp\/v2\/pages\/5707","targetHints":{"allow":["GET"]}}],"collection":[{"href":"https:\/\/master.us.es\/pdgeni\/wp-json\/wp\/v2\/pages"}],"about":[{"href":"https:\/\/master.us.es\/pdgeni\/wp-json\/wp\/v2\/types\/page"}],"author":[{"embeddable":true,"href":"https:\/\/master.us.es\/pdgeni\/wp-json\/wp\/v2\/users\/1"}],"replies":[{"embeddable":true,"href":"https:\/\/master.us.es\/pdgeni\/wp-json\/wp\/v2\/comments?post=5707"}],"version-history":[{"count":103,"href":"https:\/\/master.us.es\/pdgeni\/wp-json\/wp\/v2\/pages\/5707\/revisions"}],"predecessor-version":[{"id":6717,"href":"https:\/\/master.us.es\/pdgeni\/wp-json\/wp\/v2\/pages\/5707\/revisions\/6717"}],"up":[{"embeddable":true,"href":"https:\/\/master.us.es\/pdgeni\/wp-json\/wp\/v2\/pages\/5696"}],"wp:attachment":[{"href":"https:\/\/master.us.es\/pdgeni\/wp-json\/wp\/v2\/media?parent=5707"}],"curies":[{"name":"wp","href":"https:\/\/api.w.org\/{rel}","templated":true}]}}