{"id":5715,"date":"2017-06-28T09:47:55","date_gmt":"2017-06-28T09:47:55","guid":{"rendered":"http:\/\/forall.es\/mgeni\/?page_id=5715"},"modified":"2025-09-25T15:50:04","modified_gmt":"2025-09-25T15:50:04","slug":"estructura-del-master","status":"publish","type":"page","link":"https:\/\/master.us.es\/pdgeni\/master\/estructura-del-master\/","title":{"rendered":"Estructura del Master"},"content":{"rendered":"<p>El master GENI US tiene una duraci\u00f3n prevista de 60 cr\u00e9ditos ECTS. Su docencia presencial se estructura en dos bloques de asignaturas con la distribuci\u00f3n que se muestra a continuaci\u00f3n:<\/p>\n<ul>\n<li>Asignaturas obligatorias: 32 cr\u00e9ditos (8 asignaturas de 4 cr\u00e9ditos cada una) que se imparten de Octubre a Enero de cada curso acad\u00e9mico.<\/li>\n<li>Asignaturas optativas: 18 cr\u00e9ditos (6 asignaturas de 3 cr\u00e9ditos cada una a elegir por el estudiante) que se imparten de Febrero a Mayo de cada curso acad\u00e9mico.<\/li>\n<\/ul>\n<p>El master concluye con la elaboraci\u00f3n del \u2018Trabajo Fin de Master\u2019 (TFM) de 10 cr\u00e9ditos de duraci\u00f3n.<\/p>\n<p>El alumnado puede libremente combinar las asignaturas optativas en funci\u00f3n de sus preferencias.<\/p>\n","protected":false},"excerpt":{"rendered":"<p>El master GENI US tiene una duraci\u00f3n prevista de 60 cr\u00e9ditos ECTS. Su docencia presencial se estructura en dos bloques de asignaturas con la distribuci\u00f3n que se muestra a continuaci\u00f3n: Asignaturas obligatorias: 32 cr\u00e9ditos (8 asignaturas de 4 cr\u00e9ditos cada una) que se imparten de Octubre a Enero de cada curso acad\u00e9mico. Asignaturas optativas: 18 &hellip;<\/p>\n","protected":false},"author":1,"featured_media":0,"parent":5696,"menu_order":0,"comment_status":"closed","ping_status":"closed","template":"","meta":{"_acf_changed":false,"footnotes":""},"class_list":["post-5715","page","type-page","status-publish","hentry"],"acf":[],"_links":{"self":[{"href":"https:\/\/master.us.es\/pdgeni\/wp-json\/wp\/v2\/pages\/5715","targetHints":{"allow":["GET"]}}],"collection":[{"href":"https:\/\/master.us.es\/pdgeni\/wp-json\/wp\/v2\/pages"}],"about":[{"href":"https:\/\/master.us.es\/pdgeni\/wp-json\/wp\/v2\/types\/page"}],"author":[{"embeddable":true,"href":"https:\/\/master.us.es\/pdgeni\/wp-json\/wp\/v2\/users\/1"}],"replies":[{"embeddable":true,"href":"https:\/\/master.us.es\/pdgeni\/wp-json\/wp\/v2\/comments?post=5715"}],"version-history":[{"count":6,"href":"https:\/\/master.us.es\/pdgeni\/wp-json\/wp\/v2\/pages\/5715\/revisions"}],"predecessor-version":[{"id":6714,"href":"https:\/\/master.us.es\/pdgeni\/wp-json\/wp\/v2\/pages\/5715\/revisions\/6714"}],"up":[{"embeddable":true,"href":"https:\/\/master.us.es\/pdgeni\/wp-json\/wp\/v2\/pages\/5696"}],"wp:attachment":[{"href":"https:\/\/master.us.es\/pdgeni\/wp-json\/wp\/v2\/media?parent=5715"}],"curies":[{"name":"wp","href":"https:\/\/api.w.org\/{rel}","templated":true}]}}