{"id":5717,"date":"2017-06-28T09:48:12","date_gmt":"2017-06-28T09:48:12","guid":{"rendered":"http:\/\/forall.es\/mgeni\/?page_id=5717"},"modified":"2017-11-06T11:37:35","modified_gmt":"2017-11-06T11:37:35","slug":"practicas-profesionales","status":"publish","type":"page","link":"https:\/\/master.us.es\/pdgeni\/master\/practicas-profesionales\/","title":{"rendered":"Pr\u00e1cticas Profesionales"},"content":{"rendered":"<p>El M\u00e1ster en \u201c<strong>Gesti\u00f3n Estrat\u00e9gica y Negocios Internacionales<\/strong>\u201d fomenta permanentemente las pr\u00e1cticas profesionales de sus alumnos a pesar de que \u00e9stas no se contemplan en su estructura curricular. Son numerosos los convenios espec\u00edficos de colaboraci\u00f3n con empresas para este fin.\u00a0 Estas pr\u00e1cticas se gestionan a trav\u00e9s del <a href=\"http:\/\/servicio.us.es\/spee\/node\/32\">Secretariado de Pr\u00e1cticas en Empresa y Empleo de la US<\/a>.<\/p>\n<p><span lang=\"ES\">\u00a0<\/span><\/p>\n","protected":false},"excerpt":{"rendered":"<p>El M\u00e1ster en \u201cGesti\u00f3n Estrat\u00e9gica y Negocios Internacionales\u201d fomenta permanentemente las pr\u00e1cticas profesionales de sus alumnos a pesar de que \u00e9stas no se contemplan en su estructura curricular. Son numerosos los convenios espec\u00edficos de colaboraci\u00f3n con empresas para este fin.\u00a0 Estas pr\u00e1cticas se gestionan a trav\u00e9s del Secretariado de Pr\u00e1cticas en Empresa y Empleo de &hellip;<\/p>\n","protected":false},"author":1,"featured_media":0,"parent":5696,"menu_order":0,"comment_status":"closed","ping_status":"closed","template":"","meta":{"_acf_changed":false,"footnotes":""},"class_list":["post-5717","page","type-page","status-publish","hentry"],"acf":[],"_links":{"self":[{"href":"https:\/\/master.us.es\/pdgeni\/wp-json\/wp\/v2\/pages\/5717","targetHints":{"allow":["GET"]}}],"collection":[{"href":"https:\/\/master.us.es\/pdgeni\/wp-json\/wp\/v2\/pages"}],"about":[{"href":"https:\/\/master.us.es\/pdgeni\/wp-json\/wp\/v2\/types\/page"}],"author":[{"embeddable":true,"href":"https:\/\/master.us.es\/pdgeni\/wp-json\/wp\/v2\/users\/1"}],"replies":[{"embeddable":true,"href":"https:\/\/master.us.es\/pdgeni\/wp-json\/wp\/v2\/comments?post=5717"}],"version-history":[{"count":3,"href":"https:\/\/master.us.es\/pdgeni\/wp-json\/wp\/v2\/pages\/5717\/revisions"}],"predecessor-version":[{"id":6085,"href":"https:\/\/master.us.es\/pdgeni\/wp-json\/wp\/v2\/pages\/5717\/revisions\/6085"}],"up":[{"embeddable":true,"href":"https:\/\/master.us.es\/pdgeni\/wp-json\/wp\/v2\/pages\/5696"}],"wp:attachment":[{"href":"https:\/\/master.us.es\/pdgeni\/wp-json\/wp\/v2\/media?parent=5717"}],"curies":[{"name":"wp","href":"https:\/\/api.w.org\/{rel}","templated":true}]}}