{"id":5719,"date":"2017-06-28T09:48:32","date_gmt":"2017-06-28T09:48:32","guid":{"rendered":"http:\/\/forall.es\/mgeni\/?page_id=5719"},"modified":"2025-09-25T16:09:26","modified_gmt":"2025-09-25T16:09:26","slug":"coordinacion-academica","status":"publish","type":"page","link":"https:\/\/master.us.es\/pdgeni\/master\/coordinacion-academica\/","title":{"rendered":"Coordinaci\u00f3n Acad\u00e9mica"},"content":{"rendered":"<div class=\"content clearfix\">\n<p>La coordinaci\u00f3n acad\u00e9mica del M\u00e1ster en \u201c<strong>Gesti\u00f3n Estrat\u00e9gica y Negocios Internacionales<\/strong>\u201d est\u00e1 integrada por los siguientes profesores.<\/p>\n<p>Prof\u00aa. Dr\u00aa.\u00a0Isabel Mar\u00eda Rosa D\u00edaz (Coordinadora)<\/p>\n<p>Prof\u00aa. Dr\u00aa.\u00a0Carmen Barroso Castro<\/p>\n<p>Prof. Dr. Ignacio Castro Abancens<\/p>\n<p>Prof. Dr\u00aa. Silvia Martelo Landroguez<\/p>\n<p>Prof. Dr\u00aa. M\u00aa de los \u00c1ngeles Rodr\u00edguez Serrano<\/p>\n<\/div>\n","protected":false},"excerpt":{"rendered":"<p>La coordinaci\u00f3n acad\u00e9mica del M\u00e1ster en \u201cGesti\u00f3n Estrat\u00e9gica y Negocios Internacionales\u201d est\u00e1 integrada por los siguientes profesores. Prof\u00aa. Dr\u00aa.\u00a0Isabel Mar\u00eda Rosa D\u00edaz (Coordinadora) Prof\u00aa. Dr\u00aa.\u00a0Carmen Barroso Castro Prof. Dr. Ignacio Castro Abancens Prof. Dr\u00aa. Silvia Martelo Landroguez Prof. Dr\u00aa. M\u00aa de los \u00c1ngeles Rodr\u00edguez Serrano<\/p>\n","protected":false},"author":1,"featured_media":0,"parent":5696,"menu_order":0,"comment_status":"closed","ping_status":"closed","template":"","meta":{"_acf_changed":false,"footnotes":""},"class_list":["post-5719","page","type-page","status-publish","hentry"],"acf":[],"_links":{"self":[{"href":"https:\/\/master.us.es\/pdgeni\/wp-json\/wp\/v2\/pages\/5719","targetHints":{"allow":["GET"]}}],"collection":[{"href":"https:\/\/master.us.es\/pdgeni\/wp-json\/wp\/v2\/pages"}],"about":[{"href":"https:\/\/master.us.es\/pdgeni\/wp-json\/wp\/v2\/types\/page"}],"author":[{"embeddable":true,"href":"https:\/\/master.us.es\/pdgeni\/wp-json\/wp\/v2\/users\/1"}],"replies":[{"embeddable":true,"href":"https:\/\/master.us.es\/pdgeni\/wp-json\/wp\/v2\/comments?post=5719"}],"version-history":[{"count":6,"href":"https:\/\/master.us.es\/pdgeni\/wp-json\/wp\/v2\/pages\/5719\/revisions"}],"predecessor-version":[{"id":6727,"href":"https:\/\/master.us.es\/pdgeni\/wp-json\/wp\/v2\/pages\/5719\/revisions\/6727"}],"up":[{"embeddable":true,"href":"https:\/\/master.us.es\/pdgeni\/wp-json\/wp\/v2\/pages\/5696"}],"wp:attachment":[{"href":"https:\/\/master.us.es\/pdgeni\/wp-json\/wp\/v2\/media?parent=5719"}],"curies":[{"name":"wp","href":"https:\/\/api.w.org\/{rel}","templated":true}]}}