{"id":5774,"date":"2017-10-17T08:36:39","date_gmt":"2017-10-17T08:36:39","guid":{"rendered":"http:\/\/forall.es\/mgeni\/?page_id=5774"},"modified":"2025-05-14T12:49:36","modified_gmt":"2025-05-14T12:49:36","slug":"calendario-y-horario","status":"publish","type":"page","link":"https:\/\/master.us.es\/pdgeni\/master\/calendario-y-horario\/","title":{"rendered":"Calendario y Horario"},"content":{"rendered":"<p>El Master en Gesti\u00f3n Estrat\u00e9gica y Negocios Internacionales tiene una duraci\u00f3n de 60 cr\u00e9ditos ECTS que se desarrollan en modalidad presencial en sus asignaturas troncales y optativas <a href=\"https:\/\/master.us.es\/pdgeni\/horarios-master-geni-curso-2025-2026\/\">HORARIOS MASTER GENI CURSO 2025-2026<\/a><\/p>\n<p>En cuanto a su trabajo fin de master (TFM), que puede ser realizado tanto de manera presencial como <em>online, <\/em>ofrece la posibilidad de desarrollar cualquier estudio o propuesta de mejora para una empresa internacional, as\u00ed como el desarrollo de innovadoras ideas de negocios.<\/p>\n<p>El calendario de clases presenciales se extiende cada curso desde Octubre a Mayo. Concluidas las asignaturas troncales, se lleva a cabo la asignaci\u00f3n de tutores para el inicio y desarrollo de los trabajos \u2018Fin de M\u00e1ster\u2019 (TFM). Estos trabajos deben ser presentados un mes antes de su defensa p\u00fablica. El acto p\u00fablico de defensa del TFM cuenta con las siguientes convocatorias: Enero, Junio, Julio y Octubre de cada curso acad\u00e9mico. Las fechas de celebraci\u00f3n se comunican con suficiente antelaci\u00f3n a los tutores y estudiantes implicados y est\u00e1n en consonancia con las fechas establecidas por el centro.<\/p>\n","protected":false},"excerpt":{"rendered":"<p>El Master en Gesti\u00f3n Estrat\u00e9gica y Negocios Internacionales tiene una duraci\u00f3n de 60 cr\u00e9ditos ECTS que se desarrollan en modalidad presencial en sus asignaturas troncales y optativas HORARIOS MASTER GENI CURSO 2025-2026 En cuanto a su trabajo fin de master (TFM), que puede ser realizado tanto de manera presencial como online, ofrece la posibilidad de &hellip;<\/p>\n","protected":false},"author":1,"featured_media":0,"parent":5696,"menu_order":0,"comment_status":"closed","ping_status":"closed","template":"","meta":{"_acf_changed":false,"footnotes":""},"class_list":["post-5774","page","type-page","status-publish","hentry"],"acf":[],"_links":{"self":[{"href":"https:\/\/master.us.es\/pdgeni\/wp-json\/wp\/v2\/pages\/5774","targetHints":{"allow":["GET"]}}],"collection":[{"href":"https:\/\/master.us.es\/pdgeni\/wp-json\/wp\/v2\/pages"}],"about":[{"href":"https:\/\/master.us.es\/pdgeni\/wp-json\/wp\/v2\/types\/page"}],"author":[{"embeddable":true,"href":"https:\/\/master.us.es\/pdgeni\/wp-json\/wp\/v2\/users\/1"}],"replies":[{"embeddable":true,"href":"https:\/\/master.us.es\/pdgeni\/wp-json\/wp\/v2\/comments?post=5774"}],"version-history":[{"count":20,"href":"https:\/\/master.us.es\/pdgeni\/wp-json\/wp\/v2\/pages\/5774\/revisions"}],"predecessor-version":[{"id":5813,"href":"https:\/\/master.us.es\/pdgeni\/wp-json\/wp\/v2\/pages\/5774\/revisions\/5813"}],"up":[{"embeddable":true,"href":"https:\/\/master.us.es\/pdgeni\/wp-json\/wp\/v2\/pages\/5696"}],"wp:attachment":[{"href":"https:\/\/master.us.es\/pdgeni\/wp-json\/wp\/v2\/media?parent=5774"}],"curies":[{"name":"wp","href":"https:\/\/api.w.org\/{rel}","templated":true}]}}