{"id":5780,"date":"2017-10-17T08:39:26","date_gmt":"2017-10-17T08:39:26","guid":{"rendered":"http:\/\/forall.es\/mgeni\/?page_id=5780"},"modified":"2025-05-14T12:52:50","modified_gmt":"2025-05-14T12:52:50","slug":"trabajo-fin-de-master","status":"publish","type":"page","link":"https:\/\/master.us.es\/pdgeni\/trabajo-fin-de-master\/","title":{"rendered":"Trabajo Fin de M\u00e1ster"},"content":{"rendered":"<p><strong>Asignaci\u00f3n de Tutores para el TFM<\/strong><\/p>\n<p>Una vez concluida la docencia y evaluaci\u00f3n de las asignaturas troncales, se inicia el proceso para la asignaci\u00f3n de tutores encargados de dirigir los Trabajos Fin de Master (TFM). En esta asignaci\u00f3n, se persigue una distribuci\u00f3n id\u00f3nea entre tutores y alumnos que facilite el desarrollo de la asignatura.<\/p>\n<p>&nbsp;<\/p>\n<p>A tal fin, la comisi\u00f3n acad\u00e9mica del Master recoge las preferencias de los estudiantes con relaci\u00f3n a los temas de trabajo que les gustar\u00eda desarrollar, llevando a cabo una asignaci\u00f3n en la que, si es necesario,\u00a0 se utilizan las calificaciones obtenidas en las asignaturas troncales.<\/p>\n<p><strong>\u00a0<\/strong><\/p>\n<p><a href=\"https:\/\/fceye.us.es\/estudios\/trabajo-fin-de-master\"><strong>Normativa TFM<\/strong><\/a><\/p>\n<p>&nbsp;<\/p>\n<p><a href=\"https:\/\/master.us.es\/pdgeni\/guia-tfm-master-geni-2024-2025\/\">Gu\u00eda TFM M\u00e1ster GENI 2024-2025<\/a><\/p>\n<p>&nbsp;<\/p>\n<p><strong>Consulta de Trabajos Fin de M\u00e1ster defendidos:<\/strong><\/p>\n<p><a href=\"https:\/\/fama.us.es\/discovery\/search?query=any,contains,%22TFM%20Master%20en%20Gesti%C3%B3n%20Estrat%C3%A9gica%20y%20Negocios%20Internacionales%22&amp;tab=all_data_not_idus&amp;search_scope=all_data_not_idus&amp;vid=34CBUA_US:VU1&amp;offset=40\">Trabajos Fin de M\u00e1ster GENI desde 2010-20211 hasta 2019-2020 (Consulta en Biblioteca f\u00edsica)<\/a><\/p>\n<p><a href=\"https:\/\/fama.us.es\/discovery\/search?query=any,contains,%22TFM%20Master%20en%20Gesti%C3%B3n%20Estrat%C3%A9gica%20y%20Negocios%20Internacionales%22&amp;tab=all_data_not_idus&amp;search_scope=all_data_not_idus&amp;vid=34CBUA_US:VU1&amp;facet=tlevel,include,online_resources&amp;offset=0\">Trabajos Fin de M\u00e1ster GENI a partir de 2020 (Consulta en l\u00ednea)<\/a><\/p>\n<p>&nbsp;<\/p>\n","protected":false},"excerpt":{"rendered":"<p>Asignaci\u00f3n de Tutores para el TFM Una vez concluida la docencia y evaluaci\u00f3n de las asignaturas troncales, se inicia el proceso para la asignaci\u00f3n de tutores encargados de dirigir los Trabajos Fin de Master (TFM). En esta asignaci\u00f3n, se persigue una distribuci\u00f3n id\u00f3nea entre tutores y alumnos que facilite el desarrollo de la asignatura. &nbsp; &hellip;<\/p>\n","protected":false},"author":1,"featured_media":0,"parent":0,"menu_order":0,"comment_status":"closed","ping_status":"closed","template":"","meta":{"_acf_changed":false,"footnotes":""},"class_list":["post-5780","page","type-page","status-publish","hentry"],"acf":[],"_links":{"self":[{"href":"https:\/\/master.us.es\/pdgeni\/wp-json\/wp\/v2\/pages\/5780","targetHints":{"allow":["GET"]}}],"collection":[{"href":"https:\/\/master.us.es\/pdgeni\/wp-json\/wp\/v2\/pages"}],"about":[{"href":"https:\/\/master.us.es\/pdgeni\/wp-json\/wp\/v2\/types\/page"}],"author":[{"embeddable":true,"href":"https:\/\/master.us.es\/pdgeni\/wp-json\/wp\/v2\/users\/1"}],"replies":[{"embeddable":true,"href":"https:\/\/master.us.es\/pdgeni\/wp-json\/wp\/v2\/comments?post=5780"}],"version-history":[{"count":19,"href":"https:\/\/master.us.es\/pdgeni\/wp-json\/wp\/v2\/pages\/5780\/revisions"}],"predecessor-version":[{"id":6710,"href":"https:\/\/master.us.es\/pdgeni\/wp-json\/wp\/v2\/pages\/5780\/revisions\/6710"}],"wp:attachment":[{"href":"https:\/\/master.us.es\/pdgeni\/wp-json\/wp\/v2\/media?parent=5780"}],"curies":[{"name":"wp","href":"https:\/\/api.w.org\/{rel}","templated":true}]}}